{"id":49,"date":"2018-11-07T17:38:29","date_gmt":"2018-11-07T17:38:29","guid":{"rendered":"https:\/\/estudiosdeldesarrollo.mx\/observatoriodeldesarrollo\/?page_id=49"},"modified":"2022-03-28T17:54:54","modified_gmt":"2022-03-28T17:54:54","slug":"evaluacion-por-pares","status":"publish","type":"page","link":"https:\/\/estudiosdeldesarrollo.mx\/observatoriodeldesarrollo\/evaluacion-por-pares\/","title":{"rendered":"Evaluaci\u00f3n por pares"},"content":{"rendered":"<p>Los art\u00edculos entregados a la revista atraviesan tres momentos de revisi\u00f3n: Primero, una revisi\u00f3n t\u00e9cnica que pretende asegurar que los textos cumplan con las especificaciones se\u00f1aladas en las normas de recepci\u00f3n para los autores. Segundo, una revisi\u00f3n por parte del Comit\u00e9 Editorial que eval\u00faa la pertinencia del art\u00edculo propuesto para la revista, considerando su enfoque cr\u00edtico en el \u00e1rea de los estudios de desarrollo. Tercero, una revisi\u00f3n por pares mediante el sistema doble ciego con la participaci\u00f3n de dos a tres dictaminadores expertos en el tema.<\/p>\n","protected":false},"excerpt":{"rendered":"<p>Los art\u00edculos entregados a la revista atraviesan tres momentos de revisi\u00f3n: Primero, una revisi\u00f3n t\u00e9cnica que pretende asegurar que los textos cumplan con las especificaciones se\u00f1aladas en las normas de recepci\u00f3n para los autores. Segundo, una revisi\u00f3n por parte del<\/p>\n","protected":false},"author":2,"featured_media":0,"parent":0,"menu_order":0,"comment_status":"closed","ping_status":"closed","template":"","meta":{"footnotes":""},"class_list":["post-49","page","type-page","status-publish","hentry"],"_links":{"self":[{"href":"https:\/\/estudiosdeldesarrollo.mx\/observatoriodeldesarrollo\/wp-json\/wp\/v2\/pages\/49","targetHints":{"allow":["GET"]}}],"collection":[{"href":"https:\/\/estudiosdeldesarrollo.mx\/observatoriodeldesarrollo\/wp-json\/wp\/v2\/pages"}],"about":[{"href":"https:\/\/estudiosdeldesarrollo.mx\/observatoriodeldesarrollo\/wp-json\/wp\/v2\/types\/page"}],"author":[{"embeddable":true,"href":"https:\/\/estudiosdeldesarrollo.mx\/observatoriodeldesarrollo\/wp-json\/wp\/v2\/users\/2"}],"replies":[{"embeddable":true,"href":"https:\/\/estudiosdeldesarrollo.mx\/observatoriodeldesarrollo\/wp-json\/wp\/v2\/comments?post=49"}],"version-history":[{"count":2,"href":"https:\/\/estudiosdeldesarrollo.mx\/observatoriodeldesarrollo\/wp-json\/wp\/v2\/pages\/49\/revisions"}],"predecessor-version":[{"id":1641,"href":"https:\/\/estudiosdeldesarrollo.mx\/observatoriodeldesarrollo\/wp-json\/wp\/v2\/pages\/49\/revisions\/1641"}],"wp:attachment":[{"href":"https:\/\/estudiosdeldesarrollo.mx\/observatoriodeldesarrollo\/wp-json\/wp\/v2\/media?parent=49"}],"curies":[{"name":"wp","href":"https:\/\/api.w.org\/{rel}","templated":true}]}}