{"id":466,"date":"2018-11-28T16:06:57","date_gmt":"2018-11-28T16:06:57","guid":{"rendered":"https:\/\/estudiosdeldesarrollo.mx\/observatoriodeldesarrollo\/?page_id=466"},"modified":"2022-05-05T18:28:28","modified_gmt":"2022-05-05T18:28:28","slug":"numero-20","status":"publish","type":"page","link":"https:\/\/estudiosdeldesarrollo.mx\/observatoriodeldesarrollo\/numero-20\/","title":{"rendered":"N\u00famero 20"},"content":{"rendered":"<div id=\"contenedor30\">\n<div style=\"float: left;\">\n<div>\n<p><img loading=\"lazy\" decoding=\"async\" class=\"alignnone size-full wp-image-1011\" src=\"https:\/\/estudiosdeldesarrollo.mx\/observatoriodeldesarrollo\/wp-content\/uploads\/2019\/05\/OD-20.jpg\" alt=\"\" width=\"387\" height=\"500\" \/><\/p>\n<p><span style=\"color: #6d2900;\"><strong><em>Observatorio del Desarrollo. Investigaci\u00f3n, reflexi\u00f3n y an\u00e1lisis<\/em>, volumen 7, n\u00famero 20, mayo-agosto 2018<\/strong><\/span>, es una publicaci\u00f3n cuatrimestral editada por la Universidad Aut\u00f3noma de Zacatecas \u00abFrancisco Garc\u00eda Salinas\u00bb, a trav\u00e9s de la Unidad Acad\u00e9mica en Estudios del Desarrollo, Jard\u00edn Ju\u00e1rez 147, colonia Centro, Zacatecas, C.P. 98000, Tel. (01492) 922 91 09, www.uaz.edu.mx, www.estudiosdeldesarrollo.mx, revistaod@uaz.edu.mx. <em>Editor responsable<\/em>: Humberto M\u00e1rquez Covarrubias. Reserva de Derechos al Uso Exclusivo V\u00eda Red C\u00f3mputo No. 04-2015-060212180900-203. ISSN: 2594-0902, ambos otorgados por el Instituto Nacional del Derecho de Autor. <em>Responsable de \u00faltima actualizaci\u00f3n:<\/em> Israel David Pi\u00f1a Garc\u00eda, Unidad Acad\u00e9mica en Estudios del Desarrollo, Campus Universitario II, avenida Preparatoria s\/n, fraccionamiento Progreso, Zacatecas, C.P. 98065. <em>Fecha de la \u00faltima modificaci\u00f3n,<\/em> julio de 2018.<\/p>\n<p>Las opiniones expresadas por los autores no necesariamente reflejan la postura del editor de la publicaci\u00f3n. Queda estrictamente prohibida la reproducci\u00f3n total o parcial de los contenidos e im\u00e1genes de la publicaci\u00f3n sin previa autorizaci\u00f3n de la Universidad Aut\u00f3noma de Zacatecas \u00abFrancisco Garc\u00eda Salinas\u00bb a trav\u00e9s de la Unidad Acad\u00e9mica en Estudios del Desarrollo.<br \/>\n<a style=\"color: #999999;\" href=\"https:\/\/doi.org\/10.35533\/od.numero20\" target=\"_blank\" rel=\"noopener noreferrer\">https:\/\/doi.org\/10.35533\/od.numero20<\/a><\/p>\n<\/div>\n<\/div>\n<div><\/div>\n<div><\/div>\n<div><\/div>\n<div><\/div>\n<div style=\"float: left; background-color: #f2f2f2; padding: 10px; width: 100%;\">\n<h4 style=\"color: #6d2900;\"><b>Editorial<\/b><\/h4>\n<p><a href=\"https:\/\/estudiosdeldesarrollo.mx\/observatoriodeldesarrollo\/wp-content\/uploads\/2019\/05\/OD20-1.pdf\" target=\"_blank\" rel=\"noopener noreferrer\"><big><span style=\"color: #000000;\">La encrucijada electoral en M\u00e9xico 2018: entre la continuidad y la expectativa de cambio<\/span><\/big><\/a><\/p>\n<h4 style=\"color: #407f01;\"><span style=\"color: #6d2900;\"><b>Debate<\/b><\/span><\/h4>\n<p><a href=\"https:\/\/estudiosdeldesarrollo.mx\/observatoriodeldesarrollo\/wp-content\/uploads\/2019\/05\/OD20-2.pdf\" target=\"_blank\" rel=\"noopener noreferrer\"><big><span style=\"color: #000000;\">\u00bfHacia una transici\u00f3n urbana sustentable en Am\u00e9rica Latina?<\/span><\/big><\/a><br \/>\n<span style=\"color: #808080;\"><b>Gian Carlo Delgado Ramos<\/b><\/span><br \/>\n<a style=\"color: #999999;\" href=\"https:\/\/doi.org\/10.35533\/od.0720.gcdr\" target=\"_blank\" rel=\"noopener noreferrer\">https:\/\/doi.org\/10.35533\/od.0720.gcdr<\/a><br \/>\n<big><\/big><\/p>\n<p><a href=\"https:\/\/estudiosdeldesarrollo.mx\/observatoriodeldesarrollo\/wp-content\/uploads\/2019\/05\/OD20-3.pdf\" target=\"_blank\" rel=\"noopener noreferrer\"><big><span style=\"color: #000000;\">Cartograf\u00edas del presente: alternativas frente a la debacle nacional<\/span><\/big><\/a><br \/>\n<span style=\"color: #808080;\"><strong>Sigifredo Esquivel Mar\u00edn<\/strong><\/span><br \/>\n<a style=\"color: #999999;\" href=\"https:\/\/doi.org\/10.35533\/od.0720.sem\" target=\"_blank\" rel=\"noopener noreferrer\">https:\/\/doi.org\/10.35533\/od.0720.sem<\/a><br \/>\n<big><\/big><\/p>\n<p><a href=\"https:\/\/estudiosdeldesarrollo.mx\/observatoriodeldesarrollo\/wp-content\/uploads\/2019\/05\/OD20-4.pdf\" target=\"_blank\" rel=\"noopener noreferrer\"><big><span style=\"color: #000000;\">Distop\u00eda neoliberal en M\u00e9xico. Trama sociopol\u00edtica del poder y resistencia social<\/span><\/big><\/a><br \/>\n<span style=\"color: #808080;\"><strong>Humberto M\u00e1rquez Covarrubias<\/strong><\/span><br \/>\n<a style=\"color: #999999;\" href=\"https:\/\/doi.org\/10.35533\/od.0720.hmc\" target=\"_blank\" rel=\"noopener noreferrer\">https:\/\/doi.org\/10.35533\/od.0720.hmc<\/a><br \/>\n<big><\/big><\/p>\n<p><a href=\"https:\/\/estudiosdeldesarrollo.mx\/observatoriodeldesarrollo\/wp-content\/uploads\/2019\/05\/OD20-5.pdf\" target=\"_blank\" rel=\"noopener noreferrer\"><big><span style=\"color: #000000;\">Precursores pol\u00edticos de la violencia. Una mirada desde el proceso descivilizatorio<\/span><\/big><\/a><br \/>\n<span style=\"color: #808080;\"><strong>Silvestre Licea Dorantes | Dulce Mar\u00eda Quintero Romero<\/strong><\/span><br \/>\n<a style=\"color: #999999;\" href=\"https:\/\/doi.org\/10.35533\/od.0720.sld.dmqr\" target=\"_blank\" rel=\"noopener noreferrer\">https:\/\/doi.org\/10.35533\/od.0720.sld.dmqr<\/a><br \/>\n<big><\/big><\/p>\n<p><a href=\"https:\/\/estudiosdeldesarrollo.mx\/observatoriodeldesarrollo\/wp-content\/uploads\/2019\/05\/OD20-6.pdf\" target=\"_blank\" rel=\"noopener noreferrer\"><big><span style=\"color: #000000;\">M\u00e1s all\u00e1 del derecho humano: desplazamiento interno forzado en M\u00e9xico<\/span><\/big><\/a><br \/>\n<span style=\"color: #808080;\"><strong>Guadalupe Margarita Gonz\u00e1lez Hern\u00e1ndez | Dulce Mar\u00eda Quintero Romero<br \/>\n<\/strong><\/span><a style=\"color: #999999;\" href=\"https:\/\/doi.org\/10.35533\/od.0720.gmgh.dmqr\" target=\"_blank\" rel=\"noopener noreferrer\">https:\/\/doi.org\/10.35533\/od.0720.gmgh.dmqr<\/a><\/p>\n<p><a href=\"https:\/\/estudiosdeldesarrollo.mx\/observatoriodeldesarrollo\/wp-content\/uploads\/2019\/05\/OD20-7.pdf\" target=\"_blank\" rel=\"noopener noreferrer\"><big><span style=\"color: #000000;\">Acumulaci\u00f3n minera por extracci\u00f3n de derechos humanos en M\u00e9xico<\/span><\/big><\/a><br \/>\n<span style=\"color: #808080;\"><strong>Federico Guzm\u00e1n L\u00f3pez<br \/>\n<\/strong><\/span><a style=\"color: #999999;\" href=\"https:\/\/doi.org\/10.35533\/od.0720.fgl\" target=\"_blank\" rel=\"noopener noreferrer\">https:\/\/doi.org\/10.35533\/od.0720.fgl<\/a><\/p>\n<h4><span style=\"color: #6d2900;\"><b>Apuntes de coyuntura<br \/>\n<\/b><\/span><\/h4>\n<p><a href=\"https:\/\/estudiosdeldesarrollo.mx\/observatoriodeldesarrollo\/wp-content\/uploads\/2019\/05\/OD20-8.pdf\" target=\"_blank\" rel=\"noopener noreferrer\"><big><span style=\"color: #000000;\">Votaciones en M\u00e9xico 2018: la trama del teatro electoral o la reproducci\u00f3n del sistema de poder<\/span><\/big><\/a><br \/>\n<span style=\"color: #808080;\"><strong>Humberto M\u00e1rquez Covarrubias<\/strong><\/span><br \/>\n<a style=\"color: #999999;\" href=\"https:\/\/doi.org\/10.35533\/od.0720.hmc2\" target=\"_blank\" rel=\"noopener noreferrer\">https:\/\/doi.org\/10.35533\/od.0720.hmc2<\/a><\/p>\n<\/div>\n<\/div>\n","protected":false},"excerpt":{"rendered":"<p>Observatorio del Desarrollo. Investigaci\u00f3n, reflexi\u00f3n y an\u00e1lisis, volumen 7, n\u00famero 20, mayo-agosto 2018, es una publicaci\u00f3n cuatrimestral editada por la Universidad Aut\u00f3noma de Zacatecas \u00abFrancisco Garc\u00eda Salinas\u00bb, a trav\u00e9s de la Unidad Acad\u00e9mica en Estudios del Desarrollo, Jard\u00edn Ju\u00e1rez 147,<\/p>\n","protected":false},"author":2,"featured_media":0,"parent":0,"menu_order":0,"comment_status":"closed","ping_status":"closed","template":"","meta":{"footnotes":""},"class_list":["post-466","page","type-page","status-publish","hentry"],"_links":{"self":[{"href":"https:\/\/estudiosdeldesarrollo.mx\/observatoriodeldesarrollo\/wp-json\/wp\/v2\/pages\/466","targetHints":{"allow":["GET"]}}],"collection":[{"href":"https:\/\/estudiosdeldesarrollo.mx\/observatoriodeldesarrollo\/wp-json\/wp\/v2\/pages"}],"about":[{"href":"https:\/\/estudiosdeldesarrollo.mx\/observatoriodeldesarrollo\/wp-json\/wp\/v2\/types\/page"}],"author":[{"embeddable":true,"href":"https:\/\/estudiosdeldesarrollo.mx\/observatoriodeldesarrollo\/wp-json\/wp\/v2\/users\/2"}],"replies":[{"embeddable":true,"href":"https:\/\/estudiosdeldesarrollo.mx\/observatoriodeldesarrollo\/wp-json\/wp\/v2\/comments?post=466"}],"version-history":[{"count":5,"href":"https:\/\/estudiosdeldesarrollo.mx\/observatoriodeldesarrollo\/wp-json\/wp\/v2\/pages\/466\/revisions"}],"predecessor-version":[{"id":1699,"href":"https:\/\/estudiosdeldesarrollo.mx\/observatoriodeldesarrollo\/wp-json\/wp\/v2\/pages\/466\/revisions\/1699"}],"wp:attachment":[{"href":"https:\/\/estudiosdeldesarrollo.mx\/observatoriodeldesarrollo\/wp-json\/wp\/v2\/media?parent=466"}],"curies":[{"name":"wp","href":"https:\/\/api.w.org\/{rel}","templated":true}]}}