{"id":45,"date":"2018-11-07T17:37:58","date_gmt":"2018-11-07T17:37:58","guid":{"rendered":"https:\/\/estudiosdeldesarrollo.mx\/observatoriodeldesarrollo\/?page_id=45"},"modified":"2022-03-28T17:54:07","modified_gmt":"2022-03-28T17:54:07","slug":"tematica-y-alcance","status":"publish","type":"page","link":"https:\/\/estudiosdeldesarrollo.mx\/observatoriodeldesarrollo\/tematica-y-alcance\/","title":{"rendered":"Tem\u00e1tica y alcance"},"content":{"rendered":"<p>La revista intenta llegar no solamente a los lectores universitarios (estudiantes e investigadores), sino tambi\u00e9n a los integrantes de los movimientos sociales, a los diversos actores pol\u00edticos y a la sociedad civil en general, a partir de sus aportaciones en los estudios cr\u00edticos del desarrollo.<\/p>\n","protected":false},"excerpt":{"rendered":"<p>La revista intenta llegar no solamente a los lectores universitarios (estudiantes e investigadores), sino tambi\u00e9n a los integrantes de los movimientos sociales, a los diversos actores pol\u00edticos y a la sociedad civil en general, a partir de sus aportaciones en<\/p>\n","protected":false},"author":2,"featured_media":0,"parent":0,"menu_order":0,"comment_status":"closed","ping_status":"closed","template":"","meta":{"footnotes":""},"class_list":["post-45","page","type-page","status-publish","hentry"],"_links":{"self":[{"href":"https:\/\/estudiosdeldesarrollo.mx\/observatoriodeldesarrollo\/wp-json\/wp\/v2\/pages\/45","targetHints":{"allow":["GET"]}}],"collection":[{"href":"https:\/\/estudiosdeldesarrollo.mx\/observatoriodeldesarrollo\/wp-json\/wp\/v2\/pages"}],"about":[{"href":"https:\/\/estudiosdeldesarrollo.mx\/observatoriodeldesarrollo\/wp-json\/wp\/v2\/types\/page"}],"author":[{"embeddable":true,"href":"https:\/\/estudiosdeldesarrollo.mx\/observatoriodeldesarrollo\/wp-json\/wp\/v2\/users\/2"}],"replies":[{"embeddable":true,"href":"https:\/\/estudiosdeldesarrollo.mx\/observatoriodeldesarrollo\/wp-json\/wp\/v2\/comments?post=45"}],"version-history":[{"count":5,"href":"https:\/\/estudiosdeldesarrollo.mx\/observatoriodeldesarrollo\/wp-json\/wp\/v2\/pages\/45\/revisions"}],"predecessor-version":[{"id":1639,"href":"https:\/\/estudiosdeldesarrollo.mx\/observatoriodeldesarrollo\/wp-json\/wp\/v2\/pages\/45\/revisions\/1639"}],"wp:attachment":[{"href":"https:\/\/estudiosdeldesarrollo.mx\/observatoriodeldesarrollo\/wp-json\/wp\/v2\/media?parent=45"}],"curies":[{"name":"wp","href":"https:\/\/api.w.org\/{rel}","templated":true}]}}