{"id":37,"date":"2018-11-07T17:36:44","date_gmt":"2018-11-07T17:36:44","guid":{"rendered":"https:\/\/estudiosdeldesarrollo.mx\/observatoriodeldesarrollo\/?page_id=37"},"modified":"2024-05-16T18:34:27","modified_gmt":"2024-05-16T18:34:27","slug":"normas-de-recepcion","status":"publish","type":"page","link":"https:\/\/estudiosdeldesarrollo.mx\/observatoriodeldesarrollo\/normas-de-recepcion\/","title":{"rendered":"Normas de recepci\u00f3n"},"content":{"rendered":"<h4>Recepci\u00f3n de art\u00edculos<\/h4>\n<p>Los trabajos propuestos para su publicaci\u00f3n deben ser textos in\u00e9ditos que sean resultados de investigaci\u00f3n o ensayos fundamentados acad\u00e9micamente. Los derechos de publicaci\u00f3n de los art\u00edculos que sean recibidos y publicados ser\u00e1n propiedad de la revista y para publicarse en otras revistas u otros medios ser\u00e1 necesario solicitar permiso a los editores.<\/p>\n<h4>Env\u00edo de art\u00edculos<\/h4>\n<p>El env\u00edo de un trabajo supone la obligaci\u00f3n del autor responsable de no someterlo simult\u00e1neamente a la consideraci\u00f3n de otras publicaciones en espa\u00f1ol. Asimismo, los autores conceden a la revista el permiso autom\u00e1tico para que su material se difunda en antolog\u00edas y medios electr\u00f3nicos.\u00a0Las colaboraciones deben ajustarse a los lineamientos que se enlistan a continuaci\u00f3n, de no cumplirse no ser\u00e1n tomados en cuenta para su publicaci\u00f3n.<\/p>\n<ol>\n<li style=\"list-style-type: none;\">\n<ol>\n<li>\n<p>Los textos deber\u00e1n incluir la siguiente informaci\u00f3n:<br \/><em>a)<\/em> T\u00edtulo del trabajo claro y conciso en espa\u00f1ol y en ingl\u00e9s.<br \/><em>b) <\/em>Resumen de alrededor de 80 palabras, as\u00ed como el abstract y tres palabras clave.<br \/><em>c)<\/em> Nombre, nacionalidad y una breve semblanza acad\u00e9mica del autor.<br \/><em>d)<\/em> Domicilio, tel\u00e9fono, correo electr\u00f3nico y otros datos que permitan entablar comunicaci\u00f3n con el autor responsable.<\/p>\n<\/li>\n<li>\n<p>Enviar el art\u00edculo por correo electr\u00f3nico en formato Word, letra Times New Roman 12 puntos, interlineado 1.5, sin corte de palabras.<\/p>\n<\/li>\n<li>\n<p>Los trabajos dirigidos a la secci\u00f3n \u00abDebate\u00bb tendr\u00e1n una extensi\u00f3n de entre 20 y 25 cuartillas; a la secci\u00f3n\u00a0\u00abTemas cr\u00edticos\u00bb, entre 8 y 10 cuartillas; a la secci\u00f3n \u00abCircunvalaciones\u00bb, entre 5 y 7 cuartillas; y a la secci\u00f3n \u00abRese\u00f1a\u00bb, entre 3 y 5 cuartillas.<\/p>\n<\/li>\n<li>\n<p>Los textos que contengan cuadros, gr\u00e1ficas e im\u00e1genes deber\u00e1n presentar estos elementos en un archivo aparte, en formato Word o Excel e indicar el lugar donde se insertar\u00e1n. Los cuadros y gr\u00e1ficas se explicitar\u00e1n por s\u00ed solos sin necesidad de recurrir al contenido para su comprensi\u00f3n; asimismo, se\u00f1alar las unidades e incluir fuentes completas sin abreviaturas. Las im\u00e1genes y fotograf\u00edas se mandar\u00e1n en archivos independientes en formato .jpg en alta resoluci\u00f3n.<\/p>\n<\/li>\n<li>\n<p>Es indispensable que todos los art\u00edculos cuenten con bibliograf\u00eda, la cual se indicar\u00e1 en el texto principal con super\u00edndice y desplegada en las notas a pie de p\u00e1gina, seg\u00fan el siguiente formato:<\/p>\n<p>Libro<br \/>Nombre y Apellido del autor, <em>T\u00edtulo del libro<\/em>, Ciudad de publicaci\u00f3n, Editorial, a\u00f1o, p\u00e1gina.<\/p>\n<p><em>Ejemplo<br \/><\/em>Piers Blaikie y Harold Brookfield, <em>Land degradation and society<\/em>, Londres y Nueva York, Metheun, 1987, p. 17.<\/p>\n<p>Cap\u00edtulo de libro<br \/>Nombre y Apellido del autor, \u00abT\u00edtulo del cap\u00edtulo\u00bb, en Autor(es) del libro, <em>T\u00edtulo del libro<\/em>, Ciudad de publicaci\u00f3n, Editorial, a\u00f1o, p\u00e1gina.<\/p>\n<p><em>Ejemplo<br \/><\/em>Theotonio Dos Santos, \u00abCrisis estructural y crisis de coyuntura en el capitalismo contempor\u00e1neo\u00bb, en Julio Gambia (coord.), <em>La crisis capitalista y sus alternativas. Una mirada desde Am\u00e9rica Latina y el Caribe<\/em>, Buenos Aires, CLACSO, 2010, pp. 24 y 28.<\/p>\n<p>Art\u00edculo de revista<br \/>Nombre y Apellido del autor, \u00abT\u00edtulo del art\u00edculo\u00bb, <em>T\u00edtulo de la Revista<\/em>, volumen, n\u00famero, a\u00f1o, p\u00e1ginas.<\/p>\n<p><em>Ejemplo<br \/><\/em>Henry Veltmeyer, \u00abUS Imperialism in Latin America: then and now, here and there\u00bb, <em>Estudios Cr\u00edticos del Desarrollo<\/em>, vol. I, n\u00fam. 1, 2011, pp. 89-90.<\/p>\n<\/li>\n<li>\n<p>Deber\u00e1 escribirse el significado completo de siglas, acr\u00f3nimos y abreviaturas la primera vez que se utilicen.<\/p>\n<\/li>\n<li>\n<p><em>Observatorio del Desarrollo. Investigaci\u00f3n, reflexi\u00f3n y an\u00e1lisis <\/em>se reserva el derecho de hacer los cambios editoriales que considere. No se devuelven los originales.<\/p>\n<\/li>\n<\/ol>\n<\/li>\n<\/ol>\n<p>Los art\u00edculos deber\u00e1n enviarse a <em>revistaod@uaz.edu.mx<\/em><\/p>\n\n\n<p><\/p>\n","protected":false},"excerpt":{"rendered":"<p>Recepci\u00f3n de art\u00edculos Los trabajos propuestos para su publicaci\u00f3n deben ser textos in\u00e9ditos que sean resultados de investigaci\u00f3n o ensayos fundamentados acad\u00e9micamente. Los derechos de publicaci\u00f3n de los art\u00edculos que sean recibidos y publicados ser\u00e1n propiedad de la revista y<\/p>\n","protected":false},"author":2,"featured_media":0,"parent":0,"menu_order":0,"comment_status":"closed","ping_status":"closed","template":"","meta":{"footnotes":""},"class_list":["post-37","page","type-page","status-publish","hentry"],"_links":{"self":[{"href":"https:\/\/estudiosdeldesarrollo.mx\/observatoriodeldesarrollo\/wp-json\/wp\/v2\/pages\/37","targetHints":{"allow":["GET"]}}],"collection":[{"href":"https:\/\/estudiosdeldesarrollo.mx\/observatoriodeldesarrollo\/wp-json\/wp\/v2\/pages"}],"about":[{"href":"https:\/\/estudiosdeldesarrollo.mx\/observatoriodeldesarrollo\/wp-json\/wp\/v2\/types\/page"}],"author":[{"embeddable":true,"href":"https:\/\/estudiosdeldesarrollo.mx\/observatoriodeldesarrollo\/wp-json\/wp\/v2\/users\/2"}],"replies":[{"embeddable":true,"href":"https:\/\/estudiosdeldesarrollo.mx\/observatoriodeldesarrollo\/wp-json\/wp\/v2\/comments?post=37"}],"version-history":[{"count":5,"href":"https:\/\/estudiosdeldesarrollo.mx\/observatoriodeldesarrollo\/wp-json\/wp\/v2\/pages\/37\/revisions"}],"predecessor-version":[{"id":1869,"href":"https:\/\/estudiosdeldesarrollo.mx\/observatoriodeldesarrollo\/wp-json\/wp\/v2\/pages\/37\/revisions\/1869"}],"wp:attachment":[{"href":"https:\/\/estudiosdeldesarrollo.mx\/observatoriodeldesarrollo\/wp-json\/wp\/v2\/media?parent=37"}],"curies":[{"name":"wp","href":"https:\/\/api.w.org\/{rel}","templated":true}]}}