{"id":35,"date":"2018-11-07T17:36:24","date_gmt":"2018-11-07T17:36:24","guid":{"rendered":"https:\/\/estudiosdeldesarrollo.mx\/observatoriodeldesarrollo\/?page_id=35"},"modified":"2022-03-28T17:53:21","modified_gmt":"2022-03-28T17:53:21","slug":"equipo-editorial","status":"publish","type":"page","link":"https:\/\/estudiosdeldesarrollo.mx\/observatoriodeldesarrollo\/equipo-editorial\/","title":{"rendered":"Equipo editorial"},"content":{"rendered":"<p style=\"text-align: center;\"><big>Humberto M\u00e1rquez Covarrubias<\/big><br \/>\n<span style=\"font-size: 75%;\"> <strong>DIRECTOR<br \/>\n<\/strong><\/span><\/p>\n<p style=\"text-align: center;\">Guadalupe Margarita Gonz\u00e1lez Hern\u00e1ndez<br \/>\nDarcy Tetreault<br \/>\n<span style=\"font-size: 75%;\"> <strong>COORDINADORES EDITORIALES<\/strong><\/span><\/p>\n<p style=\"text-align: center;\">Georgia Aral\u00fa Gonz\u00e1lez P\u00e9rez<br \/>\nIsrael David Pi\u00f1a Garc\u00eda<br \/>\nSelene Carrillo Carlos<br \/>\nJonat\u00e1n Aar\u00f3n Pi\u00f1a Garc\u00eda<br \/>\n<span style=\"font-size: 75%;\"><strong>EDICI\u00d3N<\/strong><\/span><\/p>\n<p style=\"text-align: center;\">James Cypher<br \/>\nRa\u00fal Delgado Wise<br \/>\nJos\u00e9 D\u00e9niz Espin\u00f3s<br \/>\nRodolfo Garc\u00eda Zamora<br \/>\nV\u00edctor L\u00f3pez Villafa\u00f1e<br \/>\nCarlos Mallorqu\u00edn<br \/>\nGerardo Otero<br \/>\nRoberto Soto Esquivel<br \/>\nHenry Veltmeyer<br \/>\nEdgar Z\u00e1yago Lau<br \/>\n| Universidad Aut\u00f3noma de Zacatecas |<br \/>\n<span style=\"font-size: 75%;\"> <strong>CONSEJO EDITORIAL<\/strong><\/span><\/p>\n","protected":false},"excerpt":{"rendered":"<p>Humberto M\u00e1rquez Covarrubias DIRECTOR Guadalupe Margarita Gonz\u00e1lez Hern\u00e1ndez Darcy Tetreault COORDINADORES EDITORIALES Georgia Aral\u00fa Gonz\u00e1lez P\u00e9rez Israel David Pi\u00f1a Garc\u00eda Selene Carrillo Carlos Jonat\u00e1n Aar\u00f3n Pi\u00f1a Garc\u00eda EDICI\u00d3N James Cypher Ra\u00fal Delgado Wise Jos\u00e9 D\u00e9niz Espin\u00f3s Rodolfo Garc\u00eda Zamora V\u00edctor<\/p>\n","protected":false},"author":2,"featured_media":0,"parent":0,"menu_order":0,"comment_status":"closed","ping_status":"closed","template":"","meta":{"footnotes":""},"class_list":["post-35","page","type-page","status-publish","hentry"],"_links":{"self":[{"href":"https:\/\/estudiosdeldesarrollo.mx\/observatoriodeldesarrollo\/wp-json\/wp\/v2\/pages\/35","targetHints":{"allow":["GET"]}}],"collection":[{"href":"https:\/\/estudiosdeldesarrollo.mx\/observatoriodeldesarrollo\/wp-json\/wp\/v2\/pages"}],"about":[{"href":"https:\/\/estudiosdeldesarrollo.mx\/observatoriodeldesarrollo\/wp-json\/wp\/v2\/types\/page"}],"author":[{"embeddable":true,"href":"https:\/\/estudiosdeldesarrollo.mx\/observatoriodeldesarrollo\/wp-json\/wp\/v2\/users\/2"}],"replies":[{"embeddable":true,"href":"https:\/\/estudiosdeldesarrollo.mx\/observatoriodeldesarrollo\/wp-json\/wp\/v2\/comments?post=35"}],"version-history":[{"count":5,"href":"https:\/\/estudiosdeldesarrollo.mx\/observatoriodeldesarrollo\/wp-json\/wp\/v2\/pages\/35\/revisions"}],"predecessor-version":[{"id":1647,"href":"https:\/\/estudiosdeldesarrollo.mx\/observatoriodeldesarrollo\/wp-json\/wp\/v2\/pages\/35\/revisions\/1647"}],"wp:attachment":[{"href":"https:\/\/estudiosdeldesarrollo.mx\/observatoriodeldesarrollo\/wp-json\/wp\/v2\/media?parent=35"}],"curies":[{"name":"wp","href":"https:\/\/api.w.org\/{rel}","templated":true}]}}