{"id":327,"date":"2018-11-20T19:33:58","date_gmt":"2018-11-20T19:33:58","guid":{"rendered":"https:\/\/estudiosdeldesarrollo.mx\/observatoriodeldesarrollo\/?page_id=327"},"modified":"2021-10-12T17:03:39","modified_gmt":"2021-10-12T17:03:39","slug":"numero-10","status":"publish","type":"page","link":"https:\/\/estudiosdeldesarrollo.mx\/observatoriodeldesarrollo\/numero-10\/","title":{"rendered":"N\u00famero 10"},"content":{"rendered":"<div id=\"contenedor30\">\n<div style=\"float: left;\">\n<div>\n<p><img loading=\"lazy\" decoding=\"async\" class=\"alignnone size-full wp-image-1011\" src=\"https:\/\/estudiosdeldesarrollo.mx\/observatoriodeldesarrollo\/wp-content\/uploads\/2019\/05\/OD-10.jpg\" alt=\"\" width=\"387\" height=\"500\" \/><\/p>\n<p><span style=\"color: #304ea6;\"><strong><em>Observatorio del Desarrollo. Investigaci\u00f3n, reflexi\u00f3n y an\u00e1lisis<\/em>, volumen 3, n\u00famero 10, abril-junio de 2014<\/strong><\/span>, es una publicaci\u00f3n cuatrimestral editada por la Universidad Aut\u00f3noma de Zacatecas \u00abFrancisco Garc\u00eda Salinas\u00bb, a trav\u00e9s de la Unidad Acad\u00e9mica en Estudios del Desarrollo, Jard\u00edn Ju\u00e1rez 147, colonia Centro, Zacatecas, C.P. 98000, Tel. (01492) 922 91 09, www.uaz.edu.mx, www.estudiosdeldesarrollo.mx, revistaod@uaz.edu.mx. <em>Editor responsable<\/em>: Humberto M\u00e1rquez Covarrubias. Reserva de Derechos al Uso Exclusivo V\u00eda Red C\u00f3mputo No. 04-2015-060212180900-203. ISSN: 2594-0902, ambos otorgados por el Instituto Nacional del Derecho de Autor. <em>Responsable de \u00faltima actualizaci\u00f3n:<\/em> Israel David Pi\u00f1a Garc\u00eda, Unidad Acad\u00e9mica en Estudios del Desarrollo, Campus Universitario II, avenida Preparatoria s\/n, fraccionamiento Progreso, Zacatecas, C.P. 98065. <em>Fecha de la \u00faltima modificaci\u00f3n,<\/em> junio de 2014.<\/p>\n<p>Las opiniones expresadas por los autores no necesariamente reflejan la postura del editor de la publicaci\u00f3n. Queda estrictamente prohibida la reproducci\u00f3n total o parcial de los contenidos e im\u00e1genes de la publicaci\u00f3n sin previa autorizaci\u00f3n de la Universidad Aut\u00f3noma de Zacatecas \u00abFrancisco Garc\u00eda Salinas\u00bb a trav\u00e9s de la Unidad Acad\u00e9mica en Estudios del Desarrollo.<br \/>\n<a style=\"color: #999999;\" href=\"https:\/\/doi.org\/10.35533\/od.numero10\" target=\"_blank\" rel=\"noopener noreferrer\">https:\/\/doi.org\/10.35533\/od.numero10<\/a><\/p>\n<\/div>\n<\/div>\n<div style=\"float: left; background-color: #f2f2f2; padding: 10px; width: 100%;\"><a href=\"https:\/\/estudiosdeldesarrollo.mx\/observatoriodeldesarrollo\/wp-content\/uploads\/2019\/05\/OD10-ed.pdf\" target=\"_blank\" rel=\"noopener noreferrer\"><br \/>\n<\/a><\/p>\n<h4 style=\"color: #304ea6;\"><span style=\"color: #304ea6;\"><a style=\"color: #304ea6;\" href=\"https:\/\/estudiosdeldesarrollo.mx\/observatoriodeldesarrollo\/wp-content\/uploads\/2019\/05\/OD10-ed.pdf\" target=\"_blank\" rel=\"noopener noreferrer\"><b>Editorial<\/b><\/a><\/span><\/h4>\n<h4 style=\"color: #304ea6;\"><b>Debate<\/b><\/h4>\n<p><a href=\"https:\/\/estudiosdeldesarrollo.mx\/observatoriodeldesarrollo\/wp-content\/uploads\/2019\/05\/OD10-1.pdf\" target=\"_blank\" rel=\"noopener noreferrer\"><big><span style=\"color: #000000;\">La otra toma de Zacatecas&#8230; por el capital corporativo<\/span><\/big><\/a><br \/>\n<span style=\"color: #808080;\"><b>Humberto M\u00e1rquez Covarrubias<\/b><\/span><br \/>\n<a style=\"color: #999999;\" href=\"https:\/\/doi.org\/10.35533\/od.0310.hmc\" target=\"_blank\" rel=\"noopener noreferrer\">https:\/\/doi.org\/10.35533\/od.0310.hmc<\/a><br \/>\n<big><\/big><\/p>\n<p><a href=\"https:\/\/estudiosdeldesarrollo.mx\/observatoriodeldesarrollo\/wp-content\/uploads\/2019\/05\/OD10-2.pdf\" target=\"_blank\" rel=\"noopener noreferrer\"><big><span style=\"color: #000000;\">La toma del agua zacatecana<\/span><\/big><\/a><br \/>\n<span style=\"color: #808080;\"><strong>Darcy Tetreault<\/strong><\/span><br \/>\n<a style=\"color: #999999;\" href=\"https:\/\/doi.org\/10.35533\/od.0310.dt\" target=\"_blank\" rel=\"noopener noreferrer\">https:\/\/doi.org\/10.35533\/od.0310.dt<\/a><br \/>\n<big><\/big><\/p>\n<p><a href=\"https:\/\/estudiosdeldesarrollo.mx\/observatoriodeldesarrollo\/wp-content\/uploads\/2019\/05\/OD10-3.pdf\" target=\"_blank\" rel=\"noopener noreferrer\"><big><span style=\"color: #000000;\">Zacatecas, entre la vor\u00e1gine de las violencias y el despojo<\/span><\/big><\/a><br \/>\n<span style=\"color: #808080;\"><strong>Jorge Alejandro V\u00e1zquez Valdez<\/strong><\/span><br \/>\n<a style=\"color: #999999;\" href=\"https:\/\/doi.org\/10.35533\/od.0310.javv\" target=\"_blank\" rel=\"noopener noreferrer\">https:\/\/doi.org\/10.35533\/od.0310.javv<\/a><br \/>\n<big><\/big><\/p>\n<p><a href=\"https:\/\/estudiosdeldesarrollo.mx\/observatoriodeldesarrollo\/wp-content\/uploads\/2019\/05\/OD10-4.pdf\" target=\"_blank\" rel=\"noopener noreferrer\"><big><span style=\"color: #000000;\">Zacatecas: violencia, inseguridad y crimen organizado en el siglo XXI<\/span><\/big><\/a><br \/>\n<span style=\"color: #808080;\"><strong>Ramiro Villasana Villalobos<\/strong><\/span><br \/>\n<a style=\"color: #999999;\" href=\"https:\/\/doi.org\/10.35533\/od.0310.rvv\" target=\"_blank\" rel=\"noopener noreferrer\">https:\/\/doi.org\/10.35533\/od.0310.rvv<\/a><br \/>\n<big><\/big><\/p>\n<h4 style=\"color: #304ea6;\"><b>Temas cr\u00edticos<\/b><\/h4>\n<p><a href=\"https:\/\/estudiosdeldesarrollo.mx\/observatoriodeldesarrollo\/wp-content\/uploads\/2019\/05\/OD10-5.pdf\" target=\"_blank\" rel=\"noopener noreferrer\"><big><span style=\"color: #000000;\">La Batalla de Zacatecas por los distritos regionales innovadores. Una opci\u00f3n de desarrollo integral para el estado<\/span><\/big><\/a><br \/>\n<span style=\"color: #808080;\"><strong>Rodolfo Garc\u00eda Zamora | Juan Manuel Padilla<br \/>\n<\/strong><\/span><a style=\"color: #999999;\" href=\"https:\/\/doi.org\/10.35533\/od.0310.rgz.jmp\" target=\"_blank\" rel=\"noopener noreferrer\">https:\/\/doi.org\/10.35533\/od.0310.rgz.jmp<\/a><\/p>\n<p><a href=\"https:\/\/estudiosdeldesarrollo.mx\/observatoriodeldesarrollo\/wp-content\/uploads\/2019\/05\/OD10-6.pdf\" target=\"_blank\" rel=\"noopener noreferrer\"><big><span style=\"color: #000000;\">Numeralia del subdesarrollo en Zacatecas: el mayor despojo en la regi\u00f3n centro-norte<\/span><\/big><\/a><br \/>\n<span style=\"color: #808080;\"><strong>Federico Guzm\u00e1n L\u00f3pez<br \/>\n<\/strong><\/span><a style=\"color: #999999;\" href=\"https:\/\/doi.org\/10.35533\/od.0310.fgl\" target=\"_blank\" rel=\"noopener noreferrer\">https:\/\/doi.org\/10.35533\/od.0310.fgl<\/a><\/p>\n<p><a href=\"https:\/\/estudiosdeldesarrollo.mx\/observatoriodeldesarrollo\/wp-content\/uploads\/2019\/05\/OD10-7.pdf\" target=\"_blank\" rel=\"noopener noreferrer\"><big><span style=\"color: #000000;\">El dilema del desarrollo en una zona de alta migraci\u00f3n en Zacatecas<\/span><\/big><\/a><br \/>\n<span style=\"color: #808080;\"><strong>Elivier Reyes Rivas | Luz Evelia Padilla Bernal | Jos\u00e9 Roberto Gonz\u00e1lez Hern\u00e1ndez<\/strong><\/span><br \/>\n<a style=\"color: #999999;\" href=\"https:\/\/doi.org\/10.35533\/od.0310.err.lepb.jrgh\" target=\"_blank\" rel=\"noopener noreferrer\">https:\/\/doi.org\/10.35533\/od.0310.err.lepb.jrgh<\/a><\/p>\n<p><a href=\"https:\/\/estudiosdeldesarrollo.mx\/observatoriodeldesarrollo\/wp-content\/uploads\/2019\/05\/OD10-8.pdf\" target=\"_blank\" rel=\"noopener noreferrer\"><big><span style=\"color: #000000;\">Zacatecas: gobiernos divididos y funci\u00f3n presupuestaria<\/span><\/big><\/a><br \/>\n<span style=\"color: #808080;\"><strong>Jos\u00e9 Said S\u00e1nchez Mart\u00ednez<br \/>\n<\/strong><\/span><a style=\"color: #999999;\" href=\"https:\/\/doi.org\/10.35533\/od.0310.jssm\" target=\"_blank\" rel=\"noopener noreferrer\">https:\/\/doi.org\/10.35533\/od.0310.jssm<\/a><\/p>\n<h4 style=\"color: #304ea6;\"><b>Foro acad\u00e9mico<\/b><\/h4>\n<p><a href=\"https:\/\/estudiosdeldesarrollo.mx\/observatoriodeldesarrollo\/wp-content\/uploads\/2019\/06\/OD10-9.pdf\" target=\"_blank\" rel=\"noopener noreferrer\"><big><span style=\"color: #000000;\">Las razones del castor. Plan de acci\u00f3n de la mega miner\u00eda canadiense en el mundo<\/span><\/big><\/a><br \/>\n<span style=\"color: #808080;\"><strong>Alfredo Valadez Rodr\u00edguez<br \/>\n<\/strong><\/span><a style=\"color: #999999;\" href=\"https:\/\/doi.org\/10.35533\/od.0310.avr\" target=\"_blank\" rel=\"noopener noreferrer\">https:\/\/doi.org\/10.35533\/od.0310.avr<\/a><\/p>\n<\/div>\n<\/div>\n","protected":false},"excerpt":{"rendered":"<p>Observatorio del Desarrollo. Investigaci\u00f3n, reflexi\u00f3n y an\u00e1lisis, volumen 3, n\u00famero 10, abril-junio de 2014, es una publicaci\u00f3n cuatrimestral editada por la Universidad Aut\u00f3noma de Zacatecas \u00abFrancisco Garc\u00eda Salinas\u00bb, a trav\u00e9s de la Unidad Acad\u00e9mica en Estudios del Desarrollo, Jard\u00edn Ju\u00e1rez<\/p>\n","protected":false},"author":2,"featured_media":0,"parent":0,"menu_order":0,"comment_status":"closed","ping_status":"closed","template":"","meta":{"footnotes":""},"class_list":["post-327","page","type-page","status-publish","hentry"],"_links":{"self":[{"href":"https:\/\/estudiosdeldesarrollo.mx\/observatoriodeldesarrollo\/wp-json\/wp\/v2\/pages\/327","targetHints":{"allow":["GET"]}}],"collection":[{"href":"https:\/\/estudiosdeldesarrollo.mx\/observatoriodeldesarrollo\/wp-json\/wp\/v2\/pages"}],"about":[{"href":"https:\/\/estudiosdeldesarrollo.mx\/observatoriodeldesarrollo\/wp-json\/wp\/v2\/types\/page"}],"author":[{"embeddable":true,"href":"https:\/\/estudiosdeldesarrollo.mx\/observatoriodeldesarrollo\/wp-json\/wp\/v2\/users\/2"}],"replies":[{"embeddable":true,"href":"https:\/\/estudiosdeldesarrollo.mx\/observatoriodeldesarrollo\/wp-json\/wp\/v2\/comments?post=327"}],"version-history":[{"count":7,"href":"https:\/\/estudiosdeldesarrollo.mx\/observatoriodeldesarrollo\/wp-json\/wp\/v2\/pages\/327\/revisions"}],"predecessor-version":[{"id":1583,"href":"https:\/\/estudiosdeldesarrollo.mx\/observatoriodeldesarrollo\/wp-json\/wp\/v2\/pages\/327\/revisions\/1583"}],"wp:attachment":[{"href":"https:\/\/estudiosdeldesarrollo.mx\/observatoriodeldesarrollo\/wp-json\/wp\/v2\/media?parent=327"}],"curies":[{"name":"wp","href":"https:\/\/api.w.org\/{rel}","templated":true}]}}