{"id":31,"date":"2018-11-07T17:35:55","date_gmt":"2018-11-07T17:35:55","guid":{"rendered":"https:\/\/estudiosdeldesarrollo.mx\/observatoriodeldesarrollo\/?page_id=31"},"modified":"2022-03-28T17:52:43","modified_gmt":"2022-03-28T17:52:43","slug":"historia","status":"publish","type":"page","link":"https:\/\/estudiosdeldesarrollo.mx\/observatoriodeldesarrollo\/historia\/","title":{"rendered":"Historia"},"content":{"rendered":"<p>La revista <em>Observatorio del Desarrollo. Investigaci\u00f3n, reflexi\u00f3n y an\u00e1lisis<\/em> surge en 2012 como un proyecto editorial universitario interesado en promover el an\u00e1lisis de la realidad social contempor\u00e1nea, a partir de un enfoque cr\u00edtico e interdisciplinario sin soslayar el rigor de la investigaci\u00f3n acad\u00e9mica y, paralelamente, con la intencionalidad de elaborar textos accesibles para lectores de las m\u00e1s diversas formaciones acad\u00e9micas y procedencias sociales.<\/p>\n<p>En esa tesitura, se inscribe dentro de la tradici\u00f3n latinoamericana del pensamiento cr\u00edtico que busca indagar acerca de los t\u00f3picos cruciales del acontecer desde tres perspectivas: <em>hist\u00f3rica, <\/em>para entender el devenir de los hechos sustentado en sus grandes tendencias, contradicciones y problem\u00e1ticas; <em>presente, <\/em>para descifrar c\u00f3mo se manifiestan los fen\u00f3menos en la actualidad y en el mundo cotidiano, con el cometido de develar sus relaciones, mecanismos y l\u00f3gica de funcionamiento dentro de la intrincada trama de relaciones sociales; <em>con miras al futuro, <\/em>para detectar posibles derroteros de los problemas analizados con la finalidad de hallar maneras de incidencia en los procesos de transformaci\u00f3n social.<\/p>\n<p>El desarrollo del capitalismo se desmenuza en varios planos y niveles: comienza en su configuraci\u00f3n mundial capitalista, atraviesa por las formas nacionales y regionales, hasta arribar a los \u00e1mbitos locales. Destaca, sin embargo, la \u00f3ptica visible en los \u00e1mbitos de las llamadas periferias del sistema mundial capitalista o en los pa\u00edses subdesarrollados o dependientes que persiguen v\u00edas de desarrollo social. En ese af\u00e1n, se convoca la participaci\u00f3n de analistas procedentes de diferentes \u00e1reas del conocimiento de las ciencias sociales, las ciencias naturales y las humanidades, a la vez que se incentiva la colaboraci\u00f3n de investigadores reconocidos y en proceso de formaci\u00f3n adscritos a universidades y centros de investigaci\u00f3n de diferentes partes del mundo.<\/p>\n<p>Debido a la complejidad de los asuntos abordados en la publicaci\u00f3n, se pretende la mayor claridad posible en su exposici\u00f3n y en la concreci\u00f3n de las cuestiones abordadas. De ah\u00ed que, entre otras materias, a lo largo de su trayectoria sobresalgan m\u00faltiples temas cr\u00edticos: crisis de capitalismo, violencia, migraci\u00f3n, extractivismo, conflictos ambientales, pobreza, ciencia, tecnolog\u00eda, educaci\u00f3n, cultura, educaci\u00f3n superior, universidad, pol\u00edtica, Estado, procesos electorales, formaci\u00f3n de gobiernos, desarrollo urbano, ciudades, pandemia, salud p\u00fablica, etc\u00e9tera. Los colaboradores habituales proceden de Am\u00e9rica Latina y el Caribe, y Norteam\u00e9rica.<\/p>\n<p>En 2022, la revista cumple sus primeros diez a\u00f1os de existencia y renueva sus br\u00edos editoriales para contribuir al estudio cr\u00edtico de los grandes temas del desarrollo. Es editada por Ediciones Estudios del Desarrollo de la Universidad Aut\u00f3noma de Zacatecas \u00abFrancisco Garc\u00eda Salinas\u00bb, y busca ser fiel a su esencia universitaria\u00ad\u00ad y al compromiso con la sociedad.<\/p>\n","protected":false},"excerpt":{"rendered":"<p>La revista Observatorio del Desarrollo. Investigaci\u00f3n, reflexi\u00f3n y an\u00e1lisis surge en 2012 como un proyecto editorial universitario interesado en promover el an\u00e1lisis de la realidad social contempor\u00e1nea, a partir de un enfoque cr\u00edtico e interdisciplinario sin soslayar el rigor de<\/p>\n","protected":false},"author":2,"featured_media":0,"parent":0,"menu_order":0,"comment_status":"closed","ping_status":"closed","template":"","meta":{"footnotes":""},"class_list":["post-31","page","type-page","status-publish","hentry"],"_links":{"self":[{"href":"https:\/\/estudiosdeldesarrollo.mx\/observatoriodeldesarrollo\/wp-json\/wp\/v2\/pages\/31","targetHints":{"allow":["GET"]}}],"collection":[{"href":"https:\/\/estudiosdeldesarrollo.mx\/observatoriodeldesarrollo\/wp-json\/wp\/v2\/pages"}],"about":[{"href":"https:\/\/estudiosdeldesarrollo.mx\/observatoriodeldesarrollo\/wp-json\/wp\/v2\/types\/page"}],"author":[{"embeddable":true,"href":"https:\/\/estudiosdeldesarrollo.mx\/observatoriodeldesarrollo\/wp-json\/wp\/v2\/users\/2"}],"replies":[{"embeddable":true,"href":"https:\/\/estudiosdeldesarrollo.mx\/observatoriodeldesarrollo\/wp-json\/wp\/v2\/comments?post=31"}],"version-history":[{"count":4,"href":"https:\/\/estudiosdeldesarrollo.mx\/observatoriodeldesarrollo\/wp-json\/wp\/v2\/pages\/31\/revisions"}],"predecessor-version":[{"id":1677,"href":"https:\/\/estudiosdeldesarrollo.mx\/observatoriodeldesarrollo\/wp-json\/wp\/v2\/pages\/31\/revisions\/1677"}],"wp:attachment":[{"href":"https:\/\/estudiosdeldesarrollo.mx\/observatoriodeldesarrollo\/wp-json\/wp\/v2\/media?parent=31"}],"curies":[{"name":"wp","href":"https:\/\/api.w.org\/{rel}","templated":true}]}}