{"id":208,"date":"2018-11-08T17:18:05","date_gmt":"2018-11-08T17:18:05","guid":{"rendered":"https:\/\/estudiosdeldesarrollo.mx\/observatoriodeldesarrollo\/?page_id=208"},"modified":"2026-02-20T21:35:05","modified_gmt":"2026-02-20T21:35:05","slug":"inicio","status":"publish","type":"page","link":"https:\/\/estudiosdeldesarrollo.mx\/observatoriodeldesarrollo\/","title":{"rendered":"Inicio"},"content":{"rendered":"<div id=\"contenedorpresentacion\">\n<div style=\"float: left; padding: 8px; align: center;\"><a href=\"https:\/\/estudiosdeldesarrollo.mx\/observatoriodeldesarrollo\/numero-40\"><img loading=\"lazy\" decoding=\"async\" class=\"wp-image-111 alignnone\" src=\"https:\/\/estudiosdeldesarrollo.mx\/observatoriodeldesarrollo\/wp-content\/uploads\/2025\/10\/OD40portada.jpg\" alt=\"\" width=\"220\" height=\"300\" \/><\/a><\/p>\n<h5><a href=\"https:\/\/estudiosdeldesarrollo.mx\/observatoriodeldesarrollo\/numero-40\"><span style=\"color: #000000;\"><b><big><span style=\"color: #000000;\">\u00daltimo n\u00famero<\/span><\/big><\/b><\/span><\/a><\/h5>\n<div><span style=\"color: #000000;\">Volumen 14, n\u00famero 40<\/span><br \/>\n<span style=\"color: #000000;\">enero-abril 2025<\/span><br \/>\n<span style=\"color: #000000;\">ISSN electr\u00f3nico: 2594-0902<\/span><br \/>\n<span style=\"color: #000000;\">ISSN impreso: 2448-5039<br \/>\nDOI: <a style=\"color: #000000;\" href=\"https:\/\/doi.org\/10.35533\/od2012\">https:\/\/doi.org\/10.35533\/od2012<\/a><\/span><\/div>\n<div style=\"float: left; padding: 8px; align: center; background-color: #f2f2f2;\">\n<p style=\"text-align: center;\">\n<\/div>\n<div style=\"float: left; background-color: #f2f2f2; padding: 10px;\">\n<p>La revista se edita en los formatos impreso y digital en los idiomas espa\u00f1ol e ingl\u00e9s. Contribuye a la construcci\u00f3n del pensamiento cr\u00edtico en las Ciencias Sociales y en las Humanidades a partir de la minuciosa selecci\u00f3n de manuscritos que son evaluados por pares acad\u00e9micos mediante el sistema doble ciego y que se organizan en tres secciones: <em>Debate<\/em>, trabajos in\u00e9ditos y traducciones al espa\u00f1ol;<em> Temas cr\u00edticos, <\/em>ensayos breves sobre temas de actualidad; y <em>Circunvalaciones<\/em>, proyectos e iniciativas de la comunidad migrante (declaraciones, entrevistas, manifiestos, comunicados, principios, acuerdos, protocolos, entre otros).\u00a0 Se publican textos con rigor cient\u00edfico y anal\u00edtico, con metodolog\u00edas y t\u00e9cnicas de investigaci\u00f3n creativas e innovadoras.<\/p>\n<\/div>\n<\/div>\n<\/div>\n","protected":false},"excerpt":{"rendered":"<p>\u00daltimo n\u00famero Volumen 14, n\u00famero 40 enero-abril 2025 ISSN electr\u00f3nico: 2594-0902 ISSN impreso: 2448-5039 DOI: https:\/\/doi.org\/10.35533\/od2012 La revista se edita en los formatos impreso y digital en los idiomas espa\u00f1ol e ingl\u00e9s. Contribuye a la construcci\u00f3n del pensamiento cr\u00edtico en<\/p>\n","protected":false},"author":2,"featured_media":0,"parent":0,"menu_order":0,"comment_status":"closed","ping_status":"closed","template":"page-templates\/page-builder.php","meta":{"footnotes":""},"class_list":["post-208","page","type-page","status-publish","hentry"],"_links":{"self":[{"href":"https:\/\/estudiosdeldesarrollo.mx\/observatoriodeldesarrollo\/wp-json\/wp\/v2\/pages\/208","targetHints":{"allow":["GET"]}}],"collection":[{"href":"https:\/\/estudiosdeldesarrollo.mx\/observatoriodeldesarrollo\/wp-json\/wp\/v2\/pages"}],"about":[{"href":"https:\/\/estudiosdeldesarrollo.mx\/observatoriodeldesarrollo\/wp-json\/wp\/v2\/types\/page"}],"author":[{"embeddable":true,"href":"https:\/\/estudiosdeldesarrollo.mx\/observatoriodeldesarrollo\/wp-json\/wp\/v2\/users\/2"}],"replies":[{"embeddable":true,"href":"https:\/\/estudiosdeldesarrollo.mx\/observatoriodeldesarrollo\/wp-json\/wp\/v2\/comments?post=208"}],"version-history":[{"count":5,"href":"https:\/\/estudiosdeldesarrollo.mx\/observatoriodeldesarrollo\/wp-json\/wp\/v2\/pages\/208\/revisions"}],"predecessor-version":[{"id":2030,"href":"https:\/\/estudiosdeldesarrollo.mx\/observatoriodeldesarrollo\/wp-json\/wp\/v2\/pages\/208\/revisions\/2030"}],"wp:attachment":[{"href":"https:\/\/estudiosdeldesarrollo.mx\/observatoriodeldesarrollo\/wp-json\/wp\/v2\/media?parent=208"}],"curies":[{"name":"wp","href":"https:\/\/api.w.org\/{rel}","templated":true}]}}