{"id":2039,"date":"2026-02-27T18:02:00","date_gmt":"2026-02-27T18:02:00","guid":{"rendered":"https:\/\/estudiosdeldesarrollo.mx\/observatoriodeldesarrollo\/?page_id=2039"},"modified":"2026-03-24T16:58:00","modified_gmt":"2026-03-24T16:58:00","slug":"numero-41-mayo-agosto-2025","status":"publish","type":"page","link":"https:\/\/estudiosdeldesarrollo.mx\/observatoriodeldesarrollo\/numero-41-mayo-agosto-2025\/","title":{"rendered":"N\u00famero 41 | mayo-agosto 2025"},"content":{"rendered":"<div id=\"contenedor30\">\n<div style=\"float: left;\">\n<div>\n<p><img loading=\"lazy\" decoding=\"async\" class=\"alignnone  wp-image-1011\" src=\"https:\/\/estudiosdeldesarrollo.mx\/observatoriodeldesarrollo\/wp-content\/uploads\/2026\/02\/OD41Portada.jpg\" alt=\"\" width=\"450\" height=\"583\" \/><\/p>\n<\/div>\n<\/div>\n<div style=\"float: left; background-color: #f2f2f2; padding: 10px; width: 100%;\">\n<h4 style=\"color: #61483d;\"><span style=\"color: #55272b;\"><b>Editorial<\/b><\/span><\/h4>\n<p><span style=\"color: #999999;\"><span style=\"font-size: 19px;\">Desarrollo deformado; violencia, criminalidad y corrupci\u00f3n<\/span><\/span><\/p>\n<h4 style=\"color: #61483d;\"><span style=\"color: #55272b;\"><b>Temas cr\u00edticos<\/b><\/span><\/h4>\n<p><span style=\"color: #000000;\"><span style=\"font-size: 19px;\">El fin de la \u00e9poca de alimentos baratos. Causas estructurales del encarecimiento de los alimentos. Un debate abierto<\/span><\/span><br \/>\n<span style=\"color: #808080;\"><b>Lenin Vladimir Contreras Pi\u00f1a<\/b><\/span><br \/>\n<big><\/big><\/p>\n<p><span style=\"color: #000000;\"><span style=\"font-size: 19px;\">La autosuficiencia alimentaria en tiempos de la cuarta transformaci\u00f3n: un balance de la pol\u00edtica agropecuaria obradorista (2019-2024)<\/span><\/span><br \/>\n<span style=\"color: #808080;\"><strong>Fleur Gouttefanjat<\/strong><\/span><br \/>\n<big><\/big><\/p>\n<p><big><span style=\"color: #000000; font-size: 19px;\">Revalorizar la praxis docente en la construcci\u00f3n del conocimiento: apuntes para una discusi\u00f3n en Uruguay<\/span><\/big><br \/>\n<span style=\"color: #808080;\"><b>Oscar Ma\u00f1\u00e1n | Ver\u00f3nica Ardisoni | Katherine Pose | Paula Coronel | Andrea Chaves<\/b><\/span><\/p>\n<h4 style=\"color: #61483d;\"><span style=\"color: #55272b;\"><b>Debate<\/b><\/span><\/h4>\n<p><big><span style=\"color: #000000; font-size: 19px;\">Zacatecas en las redes de la geocriminalidad: enclave criminal de tercera generaci\u00f3n<\/span><\/big><br \/>\n<span style=\"color: #808080;\"><b>Humberto M\u00e1rquez Covarrubias<\/b><\/span><\/p>\n<p><a href=\"https:\/\/estudiosdeldesarrollo.mx\/observatoriodeldesarrollo\/wp-content\/uploads\/2026\/03\/OD41-ceballos.pdf\" target=\"_blank\" rel=\"noopener\"><big><span style=\"color: #000000; font-size: 19px;\">El proyecto cultural tur\u00edstico de Guadalupe ante el modelo hegem\u00f3nico del Centro Hist\u00f3rico de Zacatecas<\/span><\/big><\/a><br \/>\n<span style=\"color: #808080;\"><b>Octavio Ceballos P\u00e9rez<\/b><\/span><\/p>\n<p><a href=\"https:\/\/estudiosdeldesarrollo.mx\/observatoriodeldesarrollo\/wp-content\/uploads\/2026\/03\/OD41-Chavez.pdf\" target=\"_blank\" rel=\"noopener\"><big><span style=\"color: #000000; font-size: 19px;\">La industria cinematogr\u00e1fica como potencial de desarrollo econ\u00f3mico y tur\u00edstico en el estado de Zacatecas<\/span><\/big><\/a><br \/>\n<span style=\"color: #808080;\"><b>Cynthia Elizabeth Ch\u00e1vez Ceja | V\u00edctor Jes\u00fas Avelar Mart\u00ednez<\/b><\/span><\/p>\n<h4 style=\"color: #61483d;\"><span style=\"color: #55272b;\"><b>Circunvalaciones<\/b><\/span><\/h4>\n<p><a href=\"https:\/\/estudiosdeldesarrollo.mx\/observatoriodeldesarrollo\/wp-content\/uploads\/2026\/03\/OD41-Gamboa.pdf\" target=\"_blank\" rel=\"noopener\"><big><span style=\"color: #000000; font-size: 19px;\">Identidad y multiculturalismo en la obra art\u00edstica de Alfonso L\u00f3pez Monreal<\/span><\/big><\/a><br \/>\n<span style=\"color: #808080;\"><b>Sof\u00eda Gamboa<\/b><\/span><\/p>\n<div style=\"background-color: #55272b; padding: 10px; width: 100%;\"><\/div>\n<div style=\"background-color: #55272b; padding: 10px; width: 100%;\"><span style=\"color: #ffffff;\"><strong><em>Observatorio del Desarrollo. Investigaci\u00f3n, reflexi\u00f3n y an\u00e1lisis<\/em>, volumen 14, n\u00famero 41, mayo-agosto 2025<\/strong>, es una publicaci\u00f3n cuatrimestral editada por la Universidad Aut\u00f3noma de Zacatecas \u00abFrancisco Garc\u00eda Salinas\u00bb, a trav\u00e9s de la Unidad Acad\u00e9mica en Estudios del Desarrollo, Jard\u00edn Ju\u00e1rez 147, colonia Centro, Zacatecas, C.P. 98000, Tel. (01492) 922 91 09, www.uaz.edu.mx, www.estudiosdeldesarrollo.mx, revistaod@uaz.edu.mx. <em>Editor responsable<\/em>: Humberto M\u00e1rquez Covarrubias. Reserva de Derechos al Uso Exclusivo V\u00eda Red C\u00f3mputo No. 04-2015-060212180900-203. ISSN: 2594-0902, ambos otorgados por el Instituto Nacional del Derecho de Autor. <em>Responsable de \u00faltima actualizaci\u00f3n:<\/em> Israel David Pi\u00f1a Garc\u00eda, Unidad Acad\u00e9mica en Estudios del Desarrollo, Campus Universitario II, avenida Preparatoria s\/n, fraccionamiento Progreso, Zacatecas, C.P. 98065. <em>Fecha de la \u00faltima modificaci\u00f3n,<\/em> septiembre de 2025.<\/span><\/div>\n<div style=\"background-color: #a26900; padding: 10px; width: 100%;\"><span style=\"color: #ffffff;\">Las opiniones expresadas por los autores no necesariamente reflejan la postura del editor de la publicaci\u00f3n. Queda estrictamente prohibida la reproducci\u00f3n total o parcial de los contenidos e im\u00e1genes de la publicaci\u00f3n sin previa autorizaci\u00f3n de la Universidad Aut\u00f3noma de Zacatecas \u00abFrancisco Garc\u00eda Salinas\u00bb a trav\u00e9s de la Unidad Acad\u00e9mica en Estudios del Desarrollo.<\/span><br \/>\n<span style=\"color: #ffffff;\"><a style=\"color: #ffffff;\" href=\"https:\/\/doi.org\/10.35533\/od.numero40\" target=\"_blank\" rel=\"noopener noreferrer\">https:\/\/doi.org\/10.35533\/od.numero40<\/a><\/span><\/div>\n<\/div>\n<\/div>\n","protected":false},"excerpt":{"rendered":"<p>Editorial Desarrollo deformado; violencia, criminalidad y corrupci\u00f3n Temas cr\u00edticos El fin de la \u00e9poca de alimentos baratos. Causas estructurales del encarecimiento de los alimentos. Un debate abierto Lenin Vladimir Contreras Pi\u00f1a La autosuficiencia alimentaria en tiempos de la cuarta transformaci\u00f3n:<\/p>\n","protected":false},"author":2,"featured_media":0,"parent":0,"menu_order":0,"comment_status":"closed","ping_status":"closed","template":"","meta":{"footnotes":""},"class_list":["post-2039","page","type-page","status-publish","hentry"],"_links":{"self":[{"href":"https:\/\/estudiosdeldesarrollo.mx\/observatoriodeldesarrollo\/wp-json\/wp\/v2\/pages\/2039","targetHints":{"allow":["GET"]}}],"collection":[{"href":"https:\/\/estudiosdeldesarrollo.mx\/observatoriodeldesarrollo\/wp-json\/wp\/v2\/pages"}],"about":[{"href":"https:\/\/estudiosdeldesarrollo.mx\/observatoriodeldesarrollo\/wp-json\/wp\/v2\/types\/page"}],"author":[{"embeddable":true,"href":"https:\/\/estudiosdeldesarrollo.mx\/observatoriodeldesarrollo\/wp-json\/wp\/v2\/users\/2"}],"replies":[{"embeddable":true,"href":"https:\/\/estudiosdeldesarrollo.mx\/observatoriodeldesarrollo\/wp-json\/wp\/v2\/comments?post=2039"}],"version-history":[{"count":5,"href":"https:\/\/estudiosdeldesarrollo.mx\/observatoriodeldesarrollo\/wp-json\/wp\/v2\/pages\/2039\/revisions"}],"predecessor-version":[{"id":2067,"href":"https:\/\/estudiosdeldesarrollo.mx\/observatoriodeldesarrollo\/wp-json\/wp\/v2\/pages\/2039\/revisions\/2067"}],"wp:attachment":[{"href":"https:\/\/estudiosdeldesarrollo.mx\/observatoriodeldesarrollo\/wp-json\/wp\/v2\/media?parent=2039"}],"curies":[{"name":"wp","href":"https:\/\/api.w.org\/{rel}","templated":true}]}}