{"id":1956,"date":"2024-12-18T22:00:29","date_gmt":"2024-12-18T22:00:29","guid":{"rendered":"https:\/\/estudiosdeldesarrollo.mx\/observatoriodeldesarrollo\/?page_id=1956"},"modified":"2026-02-27T18:10:46","modified_gmt":"2026-02-27T18:10:46","slug":"numero-39","status":"publish","type":"page","link":"https:\/\/estudiosdeldesarrollo.mx\/observatoriodeldesarrollo\/numero-39\/","title":{"rendered":"N\u00famero 39"},"content":{"rendered":"<div id=\"contenedor30\">\n<div style=\"float: left;\">\n<div>\n<p><img loading=\"lazy\" decoding=\"async\" class=\"alignnone  wp-image-1011\" src=\"https:\/\/estudiosdeldesarrollo.mx\/observatoriodeldesarrollo\/wp-content\/uploads\/2026\/02\/OD39portada.jpeg\" alt=\"\" width=\"450\" height=\"583\" \/><\/p>\n<\/div>\n<\/div>\n<div style=\"float: left; background-color: #f2f2f2; padding: 10px; width: 100%;\">\n<h4 style=\"color: #61483d;\"><span style=\"color: #61483d;\"><b>Editorial<\/b><\/span><\/h4>\n<p><span style=\"color: #000000;\"><span style=\"font-size: 19px;\">Necrocapitalismo: geopol\u00edtica, guerras, invasiones y conflictos<\/span><\/span><\/p>\n<h4 style=\"color: #61483d;\"><span style=\"color: #61483d;\"><b>Temas cr\u00edticos<\/b><\/span><\/h4>\n<p><big><span style=\"color: #000000; font-size: 19px;\">Neoliberalismo, pobreza e impacto social<\/span><\/big><br \/>\n<span style=\"color: #808080;\"><b>Nydia Mar\u00eda Castillo P\u00e9rez<\/b><\/span><br \/>\n<big><\/big><\/p>\n<p><a href=\"https:\/\/estudiosdeldesarrollo.mx\/observatoriodeldesarrollo\/wp-content\/uploads\/2025\/10\/Bonilla-OD39.pdf\" target=\"_blank\" rel=\"noopener\"><span style=\"color: #000000;\"><span style=\"font-size: 19px;\">Despojo y concentraci\u00f3n de la tierra: guerra y acumulaci\u00f3n de capital en Colombia<\/span><\/span><\/a><br \/>\n<span style=\"color: #808080;\"><strong>V\u00edctor Enrique Bonilla Castillo<\/strong><\/span><br \/>\n<big><\/big><\/p>\n<p><span style=\"color: #000000;\"><span style=\"font-size: 19px;\">Nuestros datos son la materia prima en el capitalismo digital<\/span><\/span><br \/>\n<span style=\"color: #808080;\"><strong>Nadia Beatriz Olivares Lozano<\/strong><\/span><br \/>\n<big><\/big><\/p>\n<p><big><span style=\"color: #000000; font-size: 19px;\">Coordenadas geopol\u00edticas del capitalismo: mercado mundial, guerras y valor global<\/span><\/big><br \/>\n<span style=\"color: #808080;\"><b>Humberto M\u00e1rquez Covarrubias<\/b><\/span><\/p>\n<p><big><span style=\"color: #000000; font-size: 19px;\">Movimientos sociales<\/span><\/big><br \/>\n<span style=\"color: #808080;\"><b>Henry Veltmeyer | Edgar Z\u00e1yago Lau<\/b><\/span><\/p>\n<h4 style=\"color: #61483d;\"><span style=\"color: #61483d;\"><b>Debate<\/b><\/span><\/h4>\n<p><span style=\"color: #000000; font-size: 19px;\">La territorialidad de la enfermedad en M\u00e9xico: el v\u00ednculo entre territorios contaminados por aguas residuales y cuerpos enfermados por insuficiencia renal cr\u00f3nica<\/span><br \/>\n<span style=\"color: #808080;\"><b>Josemanuel Luna-Nemecio<\/b><\/span><\/p>\n<p><a href=\"https:\/\/estudiosdeldesarrollo.mx\/observatoriodeldesarrollo\/wp-content\/uploads\/2026\/02\/OD39-Atayde.pdf\" target=\"_blank\" rel=\"noopener\"><big><span style=\"color: #000000; font-size: 19px;\">Parteras de Chiapas y lactancia. Desde sus voces<\/span><\/big><\/a><br \/>\n<span style=\"color: #808080;\"><b>Karina X\u00f3chitl Atayde-Manr\u00edquez | Georgina S\u00e1nchez Ram\u00edrez<\/b><\/span><\/p>\n<p>&nbsp;<\/p>\n<div style=\"background-color: #61483d; padding: 10px; width: 100%;\"><span style=\"color: #ffffff;\"><strong><em>Observatorio del Desarrollo. Investigaci\u00f3n, reflexi\u00f3n y an\u00e1lisis<\/em>, volumen 13, n\u00famero 39, septiembre-diciembre 2024<\/strong>, es una publicaci\u00f3n cuatrimestral editada por la Universidad Aut\u00f3noma de Zacatecas \u00abFrancisco Garc\u00eda Salinas\u00bb, a trav\u00e9s de la Unidad Acad\u00e9mica en Estudios del Desarrollo, Jard\u00edn Ju\u00e1rez 147, colonia Centro, Zacatecas, C.P. 98000, Tel. (01492) 922 91 09, www.uaz.edu.mx, www.estudiosdeldesarrollo.mx, revistaod@uaz.edu.mx. <em>Editor responsable<\/em>: Humberto M\u00e1rquez Covarrubias. Reserva de Derechos al Uso Exclusivo V\u00eda Red C\u00f3mputo No. 04-2015-060212180900-203. ISSN: 2594-0902, ambos otorgados por el Instituto Nacional del Derecho de Autor. <em>Responsable de \u00faltima actualizaci\u00f3n:<\/em> Israel David Pi\u00f1a Garc\u00eda, Unidad Acad\u00e9mica en Estudios del Desarrollo, Campus Universitario II, avenida Preparatoria s\/n, fraccionamiento Progreso, Zacatecas, C.P. 98065. <em>Fecha de la \u00faltima modificaci\u00f3n,<\/em> 10 de diciembre de 2024.<\/span><\/div>\n<div style=\"background-color: #61483d; padding: 10px; width: 100%;\"><span style=\"color: #ffffff;\">Las opiniones expresadas por los autores no necesariamente reflejan la postura del editor de la publicaci\u00f3n. Queda estrictamente prohibida la reproducci\u00f3n total o parcial de los contenidos e im\u00e1genes de la publicaci\u00f3n sin previa autorizaci\u00f3n de la Universidad Aut\u00f3noma de Zacatecas \u00abFrancisco Garc\u00eda Salinas\u00bb a trav\u00e9s de la Unidad Acad\u00e9mica en Estudios del Desarrollo.<\/span><br \/>\n<span style=\"color: #ffffff;\"><a style=\"color: #ffffff;\" href=\"https:\/\/doi.org\/10.35533\/od.numero39\" target=\"_blank\" rel=\"noopener noreferrer\">https:\/\/doi.org\/10.35533\/od.numero39<\/a><\/span><\/div>\n<\/div>\n<\/div>\n","protected":false},"excerpt":{"rendered":"<p>Editorial Necrocapitalismo: geopol\u00edtica, guerras, invasiones y conflictos Temas cr\u00edticos Neoliberalismo, pobreza e impacto social Nydia Mar\u00eda Castillo P\u00e9rez Despojo y concentraci\u00f3n de la tierra: guerra y acumulaci\u00f3n de capital en Colombia V\u00edctor Enrique Bonilla Castillo Nuestros datos son la materia<\/p>\n","protected":false},"author":2,"featured_media":0,"parent":0,"menu_order":0,"comment_status":"closed","ping_status":"closed","template":"","meta":{"footnotes":""},"class_list":["post-1956","page","type-page","status-publish","hentry"],"_links":{"self":[{"href":"https:\/\/estudiosdeldesarrollo.mx\/observatoriodeldesarrollo\/wp-json\/wp\/v2\/pages\/1956","targetHints":{"allow":["GET"]}}],"collection":[{"href":"https:\/\/estudiosdeldesarrollo.mx\/observatoriodeldesarrollo\/wp-json\/wp\/v2\/pages"}],"about":[{"href":"https:\/\/estudiosdeldesarrollo.mx\/observatoriodeldesarrollo\/wp-json\/wp\/v2\/types\/page"}],"author":[{"embeddable":true,"href":"https:\/\/estudiosdeldesarrollo.mx\/observatoriodeldesarrollo\/wp-json\/wp\/v2\/users\/2"}],"replies":[{"embeddable":true,"href":"https:\/\/estudiosdeldesarrollo.mx\/observatoriodeldesarrollo\/wp-json\/wp\/v2\/comments?post=1956"}],"version-history":[{"count":5,"href":"https:\/\/estudiosdeldesarrollo.mx\/observatoriodeldesarrollo\/wp-json\/wp\/v2\/pages\/1956\/revisions"}],"predecessor-version":[{"id":2049,"href":"https:\/\/estudiosdeldesarrollo.mx\/observatoriodeldesarrollo\/wp-json\/wp\/v2\/pages\/1956\/revisions\/2049"}],"wp:attachment":[{"href":"https:\/\/estudiosdeldesarrollo.mx\/observatoriodeldesarrollo\/wp-json\/wp\/v2\/media?parent=1956"}],"curies":[{"name":"wp","href":"https:\/\/api.w.org\/{rel}","templated":true}]}}