{"id":1954,"date":"2024-12-18T21:54:47","date_gmt":"2024-12-18T21:54:47","guid":{"rendered":"https:\/\/estudiosdeldesarrollo.mx\/observatoriodeldesarrollo\/?page_id=1954"},"modified":"2025-06-26T20:09:07","modified_gmt":"2025-06-26T20:09:07","slug":"numero-38","status":"publish","type":"page","link":"https:\/\/estudiosdeldesarrollo.mx\/observatoriodeldesarrollo\/numero-38\/","title":{"rendered":"N\u00famero 38"},"content":{"rendered":"<div id=\"contenedor30\">\n<div style=\"float: left;\">\n<div>\n<p><img loading=\"lazy\" decoding=\"async\" class=\"alignnone  wp-image-1011\" src=\"https:\/\/estudiosdeldesarrollo.mx\/observatoriodeldesarrollo\/wp-content\/uploads\/2024\/12\/OD38portada.jpg\" alt=\"\" width=\"450\" height=\"583\" \/><\/p>\n<\/div>\n<\/div>\n<div style=\"float: left; background-color: #f2f2f2; padding: 10px; width: 100%;\">\n<h4 style=\"color: #80a2ab;\"><span style=\"color: #80a2ab;\"><b>Editorial<\/b><\/span><\/h4>\n<p><span style=\"color: #000000;\"><span style=\"font-size: 19px;\">La trama del capitalismo 4.0: interfaces tecno-cient\u00edficas y econ\u00f3mico-pol\u00edticas<\/span><\/span><\/p>\n<h4 style=\"color: #80a2ab;\"><span style=\"color: #80a2ab;\"><b>Temas cr\u00edticos<\/b><\/span><\/h4>\n<p><a href=\"https:\/\/estudiosdeldesarrollo.mx\/observatoriodeldesarrollo\/wp-content\/uploads\/2025\/06\/Berrio-OD38.pdf\" target=\"_blank\" rel=\"noopener\"><big><span style=\"color: #000000; font-size: 19px;\">La geopol\u00edtica de los datos y la informaci\u00f3n en la Amazonia: reflexiones desde el \u00absur\u00bb del Sur global<\/span><\/big><\/a><br \/>\n<span style=\"color: #808080;\"><b>Cristian Berr\u00edo-Zapata | Rossana Coely de Oliveira Moura | Luciana Rodrigues Ferreira<\/b><\/span><br \/>\n<big><\/big><\/p>\n<p><a href=\"https:\/\/estudiosdeldesarrollo.mx\/observatoriodeldesarrollo\/wp-content\/uploads\/2025\/05\/Olivares-OD38.pdf\" target=\"_blank\" rel=\"noopener\"><span style=\"color: #000000;\"><span style=\"font-size: 19px;\">Colonialismo inform\u00e1tico en tiempos de covid-19<\/span><\/span><\/a><br \/>\n<span style=\"color: #808080;\"><strong>Nadia Beatriz Olivares Lozano<\/strong><\/span><br \/>\n<big><\/big><\/p>\n<p><a href=\"https:\/\/estudiosdeldesarrollo.mx\/observatoriodeldesarrollo\/wp-content\/uploads\/2025\/05\/Copertari-OD38.pdf\" target=\"_blank\" rel=\"noopener\"><big><span style=\"color: #000000; font-size: 19px;\">Teor\u00eda del valor de la mano de obra humana en contraposici\u00f3n a la artificial como fin \u00faltimo de la econom\u00eda en el siglo XXI<\/span><\/big><\/a><br \/>\n<span style=\"color: #808080;\"><b>Luis F. Copertari<\/b><\/span><\/p>\n<p><a href=\"https:\/\/estudiosdeldesarrollo.mx\/observatoriodeldesarrollo\/wp-content\/uploads\/2025\/06\/Diaz-OD38.pdf\" target=\"_blank\" rel=\"noopener\"><span style=\"color: #000000; font-size: 19px;\">Net-art: origen, significado y evoluci\u00f3n<\/span><\/a><br \/>\n<span style=\"color: #808080;\"><b>Celeste D\u00edaz Mu\u00f1oz<\/b><\/span><\/p>\n<p><big><span style=\"color: #000000; font-size: 19px;\">Capitalismo digital: mitos y realidades de una revoluci\u00f3n tecnol\u00f3gica en ciernes<\/span><\/big><br \/>\n<span style=\"color: #808080;\"><b>Humberto M\u00e1rquez Covarrubias<\/b><\/span><\/p>\n<div style=\"background-color: #80a2ab; padding: 10px; width: 100%;\"><span style=\"color: #ffffff;\"><strong><em>Observatorio del Desarrollo. Investigaci\u00f3n, reflexi\u00f3n y an\u00e1lisis<\/em>, volumen 14, n\u00famero 38, mayo-agosto 2024<\/strong>, es una publicaci\u00f3n cuatrimestral editada por la Universidad Aut\u00f3noma de Zacatecas \u00abFrancisco Garc\u00eda Salinas\u00bb, a trav\u00e9s de la Unidad Acad\u00e9mica en Estudios del Desarrollo, Jard\u00edn Ju\u00e1rez 147, colonia Centro, Zacatecas, C.P. 98000, Tel. (01492) 922 91 09, www.uaz.edu.mx, www.estudiosdeldesarrollo.mx, revistaod@uaz.edu.mx. <em>Editor responsable<\/em>: Humberto M\u00e1rquez Covarrubias. Reserva de Derechos al Uso Exclusivo V\u00eda Red C\u00f3mputo No. 04-2015-060212180900-203. ISSN: 2594-0902, ambos otorgados por el Instituto Nacional del Derecho de Autor. <em>Responsable de \u00faltima actualizaci\u00f3n:<\/em> Israel David Pi\u00f1a Garc\u00eda, Unidad Acad\u00e9mica en Estudios del Desarrollo, Campus Universitario II, avenida Preparatoria s\/n, fraccionamiento Progreso, Zacatecas, C.P. 98065. <em>Fecha de la \u00faltima modificaci\u00f3n,<\/em> julio de 2024.<\/span><\/div>\n<div style=\"background-color: #80a2ab; padding: 10px; width: 100%;\"><span style=\"color: #ffffff;\">Las opiniones expresadas por los autores no necesariamente reflejan la postura del editor de la publicaci\u00f3n. Queda estrictamente prohibida la reproducci\u00f3n total o parcial de los contenidos e im\u00e1genes de la publicaci\u00f3n sin previa autorizaci\u00f3n de la Universidad Aut\u00f3noma de Zacatecas \u00abFrancisco Garc\u00eda Salinas\u00bb a trav\u00e9s de la Unidad Acad\u00e9mica en Estudios del Desarrollo.<\/span><br \/>\n<span style=\"color: #ffffff;\"><a style=\"color: #ffffff;\" href=\"https:\/\/doi.org\/10.35533\/od.numero38\" target=\"_blank\" rel=\"noopener noreferrer\">https:\/\/doi.org\/10.35533\/od.numero38<\/a><\/span><\/div>\n<\/div>\n<\/div>\n","protected":false},"excerpt":{"rendered":"<p>Editorial La trama del capitalismo 4.0: interfaces tecno-cient\u00edficas y econ\u00f3mico-pol\u00edticas Temas cr\u00edticos La geopol\u00edtica de los datos y la informaci\u00f3n en la Amazonia: reflexiones desde el \u00absur\u00bb del Sur global Cristian Berr\u00edo-Zapata | Rossana Coely de Oliveira Moura | Luciana<\/p>\n","protected":false},"author":2,"featured_media":0,"parent":0,"menu_order":0,"comment_status":"closed","ping_status":"closed","template":"","meta":{"footnotes":""},"class_list":["post-1954","page","type-page","status-publish","hentry"],"_links":{"self":[{"href":"https:\/\/estudiosdeldesarrollo.mx\/observatoriodeldesarrollo\/wp-json\/wp\/v2\/pages\/1954","targetHints":{"allow":["GET"]}}],"collection":[{"href":"https:\/\/estudiosdeldesarrollo.mx\/observatoriodeldesarrollo\/wp-json\/wp\/v2\/pages"}],"about":[{"href":"https:\/\/estudiosdeldesarrollo.mx\/observatoriodeldesarrollo\/wp-json\/wp\/v2\/types\/page"}],"author":[{"embeddable":true,"href":"https:\/\/estudiosdeldesarrollo.mx\/observatoriodeldesarrollo\/wp-json\/wp\/v2\/users\/2"}],"replies":[{"embeddable":true,"href":"https:\/\/estudiosdeldesarrollo.mx\/observatoriodeldesarrollo\/wp-json\/wp\/v2\/comments?post=1954"}],"version-history":[{"count":5,"href":"https:\/\/estudiosdeldesarrollo.mx\/observatoriodeldesarrollo\/wp-json\/wp\/v2\/pages\/1954\/revisions"}],"predecessor-version":[{"id":1994,"href":"https:\/\/estudiosdeldesarrollo.mx\/observatoriodeldesarrollo\/wp-json\/wp\/v2\/pages\/1954\/revisions\/1994"}],"wp:attachment":[{"href":"https:\/\/estudiosdeldesarrollo.mx\/observatoriodeldesarrollo\/wp-json\/wp\/v2\/media?parent=1954"}],"curies":[{"name":"wp","href":"https:\/\/api.w.org\/{rel}","templated":true}]}}