{"id":1882,"date":"2024-05-16T20:00:00","date_gmt":"2024-05-16T20:00:00","guid":{"rendered":"https:\/\/estudiosdeldesarrollo.mx\/observatoriodeldesarrollo\/?page_id=1882"},"modified":"2026-02-25T19:09:42","modified_gmt":"2026-02-25T19:09:42","slug":"numero-37","status":"publish","type":"page","link":"https:\/\/estudiosdeldesarrollo.mx\/observatoriodeldesarrollo\/numero-37\/","title":{"rendered":"N\u00famero 37"},"content":{"rendered":"<div id=\"contenedor30\">\n<div style=\"float: left;\">\n<div>\n<p><img loading=\"lazy\" decoding=\"async\" class=\"alignnone  wp-image-1011\" src=\"https:\/\/estudiosdeldesarrollo.mx\/observatoriodeldesarrollo\/wp-content\/uploads\/2024\/05\/OD37portada.png\" alt=\"\" width=\"450\" height=\"583\" \/><\/p>\n<\/div>\n<\/div>\n<div style=\"float: left; background-color: #f2f2f2; padding: 10px; width: 100%;\">\n<h4 style=\"color: #ad0027;\"><span style=\"color: #ad0027;\"><b>Editorial<\/b><\/span><\/h4>\n<p><span style=\"color: #000000;\"><span style=\"font-size: 19px;\">Glosa del gobierno de la denominada cuarta transformaci\u00f3n<\/span><\/span><\/p>\n<h4 style=\"color: #ad0027;\"><span style=\"color: #ad0027;\"><b>Temas cr\u00edticos<\/b><\/span><\/h4>\n<p><a href=\"https:\/\/estudiosdeldesarrollo.mx\/observatoriodeldesarrollo\/wp-content\/uploads\/2024\/09\/OD37g.pdf\" target=\"_blank\" rel=\"noopener\"><big><span style=\"color: #000000; font-size: 19px;\">Fin del sexenio del gobierno de AMLO y los giros de la econom\u00eda-mundo en la primera mitad del siglo XXI<\/span><\/big><\/a><br \/>\n<span style=\"color: #808080;\"><b>V\u00edctor L\u00f3pez Villafa\u00f1e\u00a0<\/b><\/span><br \/>\n<a style=\"color: #999999;\" href=\"https:\/\/doi.org\/10.35533\/od.1337.vlv\" target=\"_blank\" rel=\"noopener noreferrer\">https:\/\/doi.org\/10.35533\/od.1337.vlv<\/a><br \/>\n<big><\/big><\/p>\n<p><a href=\"https:\/\/estudiosdeldesarrollo.mx\/observatoriodeldesarrollo\/wp-content\/uploads\/2024\/05\/OD37c.pdf\" target=\"_blank\" rel=\"noopener\"><span style=\"color: #000000;\"><span style=\"font-size: 19px;\">El TLCAN a los 30 a\u00f1os: las clases trabajadoras han salido perdiendo<\/span><\/span><\/a><br \/>\n<span style=\"color: #808080;\"><strong>Gerardo Otero<\/strong><\/span><br \/>\n<a style=\"color: #999999;\" href=\"https:\/\/doi.org\/10.35533\/od.1337.go\" target=\"_blank\" rel=\"noopener noreferrer\">https:\/\/doi.org\/10.35533\/od.1337.go<\/a><br \/>\n<big><\/big><\/p>\n<p><a href=\"https:\/\/estudiosdeldesarrollo.mx\/observatoriodeldesarrollo\/wp-content\/uploads\/2024\/06\/OD37f.pdf\" target=\"_blank\" rel=\"noopener\"><big><span style=\"color: #000000; font-size: 19px;\">Reflexiones sobre el capitalismo mexicano durante el sexenio de L\u00f3pez Obrador<\/span><\/big><\/a><br \/>\n<span style=\"color: #808080;\"><b>Rogelio G\u00f3mez Moya<\/b><\/span><br \/>\n<a style=\"color: #999999;\" href=\"https:\/\/doi.org\/10.35533\/od.1337.rgm\" target=\"_blank\" rel=\"noopener noreferrer\">https:\/\/doi.org\/10.35533\/od.1337.rgm<\/a><\/p>\n<p><a href=\"https:\/\/estudiosdeldesarrollo.mx\/observatoriodeldesarrollo\/wp-content\/uploads\/2024\/05\/OD37b.pdf\" target=\"_blank\" rel=\"noopener\"><span style=\"color: #000000; font-size: 19px;\">Apuntes para trascender el modelo exportador de fuerza de trabajo imperante en M\u00e9xico<\/span><\/a><br \/>\n<span style=\"color: #808080;\"><b>Ra\u00fal Delgado Wise<\/b><\/span><br \/>\n<a style=\"color: #999999;\" href=\"https:\/\/doi.org\/10.35533\/od.1337.rdw\" target=\"_blank\" rel=\"noopener noreferrer\">https:\/\/doi.org\/10.35533\/od.1337.rdw<\/a><\/p>\n<p><big><span style=\"color: #000000; font-size: 19px;\">M\u00e9xico en vilo: problemas del desarrollo y desvar\u00edos del gobierno de la cuarta transformaci\u00f3n<\/span><\/big><br \/>\n<span style=\"color: #808080;\"><b>Humberto M\u00e1rquez Covarrubias<\/b><\/span><\/p>\n<p><a href=\"https:\/\/estudiosdeldesarrollo.mx\/observatoriodeldesarrollo\/wp-content\/uploads\/2024\/06\/OD37e.pdf\" target=\"_blank\" rel=\"noopener\"><big><span style=\"color: #000000; font-size: 19px;\">Casi al final del camino&#8230;<\/span><\/big><\/a><br \/>\n<span style=\"color: #808080;\"><b>Carlos Otto V\u00e1zquez Salazar<\/b><\/span><br \/>\n<a style=\"color: #999999;\" href=\"https:\/\/doi.org\/10.35533\/od.1337.covs\" target=\"_blank\" rel=\"noopener noreferrer\">https:\/\/doi.org\/10.35533\/od.1337.covs<\/a><\/p>\n<h4 style=\"color: #ad0027;\"><span style=\"color: #ad0027;\"><b>Debate<\/b><\/span><\/h4>\n<p><span style=\"color: #000000;\"><span style=\"font-size: 19px;\">M\u00e9xico, Am\u00e9rica Latina y la debacle de la pol\u00edtica<\/span><\/span><br \/>\n<span style=\"color: #808080;\"><b>Sigifredo Esquivel Mar\u00edn<\/b><\/span><\/p>\n<p><a href=\"https:\/\/estudiosdeldesarrollo.mx\/observatoriodeldesarrollo\/wp-content\/uploads\/2026\/02\/Carrillo-OD37.pdf\" target=\"_blank\" rel=\"noopener\"><span style=\"color: #000000;\"><span style=\"font-size: 19px;\">Iconograf\u00edas paralelas. Pasajes del Lienzo de Tlaxcala en los Fragmentos de Texas y el Manuscrito Glasgow<\/span><\/span><\/a><br \/>\n<span style=\"color: #808080;\"><b>Carlos Alfredo Carrillo Rodr\u00edguez | Silvia Puga P\u00e9rez | Georgia Aral\u00fa Gonz\u00e1lez P\u00e9rez<\/b><\/span><br \/>\n<a style=\"color: #999999;\" href=\"https:\/\/doi.org\/10.35533\/od.1337.cacr.spp.gagp\" target=\"_blank\" rel=\"noopener noreferrer\">https:\/\/doi.org\/10.35533\/od.1337.cacr.spp.gagp<\/a><\/p>\n<p><a href=\"https:\/\/estudiosdeldesarrollo.mx\/observatoriodeldesarrollo\/wp-content\/uploads\/2024\/05\/OD37a.pdf\" target=\"_blank\" rel=\"noopener\"><big><span style=\"color: #000000; font-size: 19px;\">El neoextractivismo minero en Zacatecas bajo la cuarta transformaci\u00f3n: impactos socioambientales en Mazapil<\/span><\/big><\/a><br \/>\n<span style=\"color: #808080;\"><b>Marisol Margarita Aburto Zepeda<\/b><\/span><br \/>\n<a style=\"color: #999999;\" href=\"https:\/\/doi.org\/10.35533\/od.1337.mmaz\" target=\"_blank\" rel=\"noopener noreferrer\">https:\/\/doi.org\/10.35533\/od.1337.mmaz<\/a><\/p>\n<p><a href=\"https:\/\/estudiosdeldesarrollo.mx\/observatoriodeldesarrollo\/wp-content\/uploads\/2025\/02\/OD37d.pdf\" target=\"_blank\" rel=\"noopener\"><big><span style=\"color: #000000; font-size: 19px;\">La proliferaci\u00f3n de granjas porc\u00edcolas en Los Altos de Jalisco<\/span><\/big><\/a><br \/>\n<span style=\"color: #808080;\"><b>Darcy Tetreault\u00a0 |\u00a0 Jos\u00e9 Ram\u00f3n Carmona Motolin\u00eda<\/b><\/span><br \/>\n<a style=\"color: #999999;\" href=\"https:\/\/doi.org\/10.35533\/od.1337.dt.jrcm\" target=\"_blank\" rel=\"noopener noreferrer\">https:\/\/doi.org\/10.35533\/od.1337.dt.jrcm<\/a><\/p>\n<div style=\"background-color: #ad0027; padding: 10px; width: 100%;\"><span style=\"color: #ffffff;\"><strong><em>Observatorio del Desarrollo. Investigaci\u00f3n, reflexi\u00f3n y an\u00e1lisis<\/em>, volumen 13, n\u00famero 37, enero-abril 2024<\/strong>, es una publicaci\u00f3n cuatrimestral editada por la Universidad Aut\u00f3noma de Zacatecas \u00abFrancisco Garc\u00eda Salinas\u00bb, a trav\u00e9s de la Unidad Acad\u00e9mica en Estudios del Desarrollo, Jard\u00edn Ju\u00e1rez 147, colonia Centro, Zacatecas, C.P. 98000, Tel. (01492) 922 91 09, www.uaz.edu.mx, www.estudiosdeldesarrollo.mx, revistaod@uaz.edu.mx. <em>Editor responsable<\/em>: Humberto M\u00e1rquez Covarrubias. Reserva de Derechos al Uso Exclusivo V\u00eda Red C\u00f3mputo No. 04-2015-060212180900-203. ISSN: 2594-0902, ambos otorgados por el Instituto Nacional del Derecho de Autor. <em>Responsable de \u00faltima actualizaci\u00f3n:<\/em> Israel David Pi\u00f1a Garc\u00eda, Unidad Acad\u00e9mica en Estudios del Desarrollo, Campus Universitario II, avenida Preparatoria s\/n, fraccionamiento Progreso, Zacatecas, C.P. 98065. <em>Fecha de la \u00faltima modificaci\u00f3n,<\/em> 1 de abril de 2024.<\/span><\/div>\n<div style=\"background-color: #ad0027; padding: 10px; width: 100%;\"><span style=\"color: #ffffff;\">Las opiniones expresadas por los autores no necesariamente reflejan la postura del editor de la publicaci\u00f3n. Queda estrictamente prohibida la reproducci\u00f3n total o parcial de los contenidos e im\u00e1genes de la publicaci\u00f3n sin previa autorizaci\u00f3n de la Universidad Aut\u00f3noma de Zacatecas \u00abFrancisco Garc\u00eda Salinas\u00bb a trav\u00e9s de la Unidad Acad\u00e9mica en Estudios del Desarrollo.<\/span><br \/>\n<span style=\"color: #ffffff;\"><a style=\"color: #ffffff;\" href=\"https:\/\/doi.org\/10.35533\/od.numero37\" target=\"_blank\" rel=\"noopener noreferrer\">https:\/\/doi.org\/10.35533\/od.numero37<\/a><\/span><\/div>\n<\/div>\n<\/div>\n","protected":false},"excerpt":{"rendered":"<p>Editorial Glosa del gobierno de la denominada cuarta transformaci\u00f3n Temas cr\u00edticos Fin del sexenio del gobierno de AMLO y los giros de la econom\u00eda-mundo en la primera mitad del siglo XXI V\u00edctor L\u00f3pez Villafa\u00f1e\u00a0 https:\/\/doi.org\/10.35533\/od.1337.vlv El TLCAN a los 30<\/p>\n","protected":false},"author":2,"featured_media":0,"parent":0,"menu_order":0,"comment_status":"closed","ping_status":"closed","template":"","meta":{"footnotes":""},"class_list":["post-1882","page","type-page","status-publish","hentry"],"_links":{"self":[{"href":"https:\/\/estudiosdeldesarrollo.mx\/observatoriodeldesarrollo\/wp-json\/wp\/v2\/pages\/1882","targetHints":{"allow":["GET"]}}],"collection":[{"href":"https:\/\/estudiosdeldesarrollo.mx\/observatoriodeldesarrollo\/wp-json\/wp\/v2\/pages"}],"about":[{"href":"https:\/\/estudiosdeldesarrollo.mx\/observatoriodeldesarrollo\/wp-json\/wp\/v2\/types\/page"}],"author":[{"embeddable":true,"href":"https:\/\/estudiosdeldesarrollo.mx\/observatoriodeldesarrollo\/wp-json\/wp\/v2\/users\/2"}],"replies":[{"embeddable":true,"href":"https:\/\/estudiosdeldesarrollo.mx\/observatoriodeldesarrollo\/wp-json\/wp\/v2\/comments?post=1882"}],"version-history":[{"count":5,"href":"https:\/\/estudiosdeldesarrollo.mx\/observatoriodeldesarrollo\/wp-json\/wp\/v2\/pages\/1882\/revisions"}],"predecessor-version":[{"id":2032,"href":"https:\/\/estudiosdeldesarrollo.mx\/observatoriodeldesarrollo\/wp-json\/wp\/v2\/pages\/1882\/revisions\/2032"}],"wp:attachment":[{"href":"https:\/\/estudiosdeldesarrollo.mx\/observatoriodeldesarrollo\/wp-json\/wp\/v2\/media?parent=1882"}],"curies":[{"name":"wp","href":"https:\/\/api.w.org\/{rel}","templated":true}]}}