{"id":1260,"date":"2019-05-23T18:20:17","date_gmt":"2019-05-23T18:20:17","guid":{"rendered":"https:\/\/estudiosdeldesarrollo.mx\/observatoriodeldesarrollo\/?page_id=1260"},"modified":"2021-05-06T15:41:56","modified_gmt":"2021-05-06T15:41:56","slug":"numero-4","status":"publish","type":"page","link":"https:\/\/estudiosdeldesarrollo.mx\/observatoriodeldesarrollo\/numero-4\/","title":{"rendered":"N\u00famero 4"},"content":{"rendered":"<div id=\"contenedor30\">\n<div style=\"float: left;\">\n<div>\n<p><img loading=\"lazy\" decoding=\"async\" class=\"alignnone size-full wp-image-1011\" src=\"https:\/\/estudiosdeldesarrollo.mx\/observatoriodeldesarrollo\/wp-content\/uploads\/2019\/05\/OD-4.jpg\" alt=\"\" width=\"387\" height=\"500\"><\/p>\n<p><span style=\"color: #0084cf;\"><strong><em>Observatorio del Desarrollo. Investigaci\u00f3n, reflexi\u00f3n y an\u00e1lisis<\/em>, volumen 1, n\u00famero 4, octubre-diciembre de 2012<\/strong><\/span>, es una publicaci\u00f3n cuatrimestral editada por la Universidad Aut\u00f3noma de Zacatecas \u00abFrancisco Garc\u00eda Salinas\u00bb, a trav\u00e9s de la Unidad Acad\u00e9mica en Estudios del Desarrollo, Jard\u00edn Ju\u00e1rez 147, colonia Centro, Zacatecas, C.P. 98000, Tel. (01492) 922 91 09, www.uaz.edu.mx, www.estudiosdeldesarrollo.mx, revistaod@uaz.edu.mx. <em>Editor responsable<\/em>: Humberto M\u00e1rquez Covarrubias. Reserva de Derechos al Uso Exclusivo V\u00eda Red C\u00f3mputo No. 04-2015-060212180900-203. ISSN: 2594-0902, ambos otorgados por el Instituto Nacional del Derecho de Autor. <em>Responsable de \u00faltima actualizaci\u00f3n:<\/em> Israel David Pi\u00f1a Garc\u00eda, Unidad Acad\u00e9mica en Estudios del Desarrollo, Campus Universitario II, avenida Preparatoria s\/n, fraccionamiento Progreso, Zacatecas, C.P. 98065. <em>Fecha de la \u00faltima modificaci\u00f3n,<\/em> diciembre de 2012.<\/p>\n<p>Las opiniones expresadas por los autores no necesariamente reflejan la postura del editor de la publicaci\u00f3n. Queda estrictamente prohibida la reproducci\u00f3n total o parcial de los contenidos e im\u00e1genes de la publicaci\u00f3n sin previa autorizaci\u00f3n de la Universidad Aut\u00f3noma de Zacatecas \u00abFrancisco Garc\u00eda Salinas\u00bb a trav\u00e9s de la Unidad Acad\u00e9mica en Estudios del Desarrollo.<br \/>\n<a style=\"color: #999999;\" href=\"https:\/\/doi.org\/10.35533\/od.numero4\" target=\"_blank\" rel=\"noopener noreferrer\">https:\/\/doi.org\/10.35533\/od.numero4<\/a><\/p>\n<\/div>\n<\/div>\n<div style=\"float: left; background-color: #f2f2f2; padding: 10px; width: 100%;\"><a href=\"https:\/\/estudiosdeldesarrollo.mx\/observatoriodeldesarrollo\/wp-content\/uploads\/2019\/05\/OD4-1.pdf\" target=\"_blank\" rel=\"noopener noreferrer\"><br \/>\n<\/a><\/p>\n<h4 style=\"color: #0084cf;\"><b>Editorial<\/b><\/h4>\n<h4 style=\"color: #0084cf;\"><b>Debate<\/b><\/h4>\n<p><a href=\"https:\/\/estudiosdeldesarrollo.mx\/observatoriodeldesarrollo\/wp-content\/uploads\/2019\/05\/OD4-2.pdf\" target=\"_blank\" rel=\"noopener noreferrer\"><big><span style=\"color: #000000;\">Gobernanza asim\u00e9trica, normas laborales y derechos de los migrantes<\/span><\/big><\/a><br \/>\n<span style=\"color: #808080;\"><b>Branka Likic-Brboric | Carl-Ulrik Schierup<\/b><\/span><br \/>\n<a style=\"color: #999999;\" href=\"https:\/\/doi.org\/10.35533\/od.0104.blb.cus\" target=\"_blank\" rel=\"noopener noreferrer\">https:\/\/doi.org\/10.35533\/od.0104.blb.cus<\/a><br \/>\n<big><\/big><\/p>\n<p><a href=\"https:\/\/estudiosdeldesarrollo.mx\/observatoriodeldesarrollo\/wp-content\/uploads\/2019\/05\/OD4-3.pdf\" target=\"_blank\" rel=\"noopener noreferrer\"><big><span style=\"color: #000000;\">La paradoja del desarrollo social sustentable en la periferia<\/span><\/big><\/a><br \/>\n<span style=\"color: #808080;\"><strong>Carlos Mallorqu\u00edn<\/strong><\/span><br \/>\n<a style=\"color: #999999;\" href=\"https:\/\/doi.org\/10.35533\/od.0104.cm\" target=\"_blank\" rel=\"noopener noreferrer\">https:\/\/doi.org\/10.35533\/od.0104.cm<\/a><br \/>\n<big><\/big><\/p>\n<p><a href=\"https:\/\/estudiosdeldesarrollo.mx\/observatoriodeldesarrollo\/wp-content\/uploads\/2019\/05\/OD4-4.pdf\" target=\"_blank\" rel=\"noopener noreferrer\"><big><span style=\"color: #000000;\">La industria qu\u00edmica se mueve a los pa\u00edses en desarrollo, con su toxicidad y riesgos<\/span><\/big><\/a><br \/>\n<span style=\"color: #808080;\"><strong>Guillermo Foladori<\/strong><\/span><br \/>\n<a style=\"color: #999999;\" href=\"https:\/\/doi.org\/10.35533\/od.0104.gf\" target=\"_blank\" rel=\"noopener noreferrer\">https:\/\/doi.org\/10.35533\/od.0104.gf<\/a><br \/>\n<big><\/big><\/p>\n<p><a href=\"https:\/\/estudiosdeldesarrollo.mx\/observatoriodeldesarrollo\/wp-content\/uploads\/2019\/05\/OD4-5.pdf\" target=\"_blank\" rel=\"noopener noreferrer\"><big><span style=\"color: #000000;\">Realismo salvaje: degradaci\u00f3n humana y ambiental en M\u00e9xico<\/span><\/big><\/a><br \/>\n<span style=\"color: #808080;\"><strong>Humberto M\u00e1rquez Covarrubias<\/strong><\/span><br \/>\n<a style=\"color: #999999;\" href=\"https:\/\/doi.org\/10.35533\/od.0104.hmc\" target=\"_blank\" rel=\"noopener noreferrer\">https:\/\/doi.org\/10.35533\/od.0104.hmc<\/a><br \/>\n<big><\/big><\/p>\n<p><a href=\"https:\/\/estudiosdeldesarrollo.mx\/observatoriodeldesarrollo\/wp-content\/uploads\/2019\/05\/OD4-6.pdf\" target=\"_blank\" rel=\"noopener noreferrer\"><big><span style=\"color: #000000;\">Reproducci\u00f3n precaria, soporte de la sustentabilidad capitalista<\/span><\/big><\/a><br \/>\n<span style=\"color: #808080;\"><strong>Guadalupe Margarita Gonz\u00e1lez Hern\u00e1ndez | Jos\u00e9 Roberto Gonz\u00e1lez Hern\u00e1ndez<\/strong><\/span><br \/>\n<a style=\"color: #999999;\" href=\"https:\/\/doi.org\/10.35533\/od.0104.gmgh.jrgh\" target=\"_blank\" rel=\"noopener noreferrer\">https:\/\/doi.org\/10.35533\/od.0104.gmgh.jrgh<\/a><br \/>\n<big><\/big><\/p>\n<p><a href=\"https:\/\/estudiosdeldesarrollo.mx\/observatoriodeldesarrollo\/wp-content\/uploads\/2019\/05\/OD4-7.pdf\" target=\"_blank\" rel=\"noopener noreferrer\"><big><span style=\"color: #000000;\">El camino suave del agua. Una alternativa para superar la crisis en la zona conurbada de Zacatecas y Guadalupe<\/span><\/big><\/a><br \/>\n<span style=\"color: #808080;\"><strong>Darcy Tetreault | Cindy McCulligh<\/strong><\/span><br \/>\n<a style=\"color: #999999;\" href=\"https:\/\/doi.org\/10.35533\/od.0104.dt.cm\" target=\"_blank\" rel=\"noopener noreferrer\">https:\/\/doi.org\/10.35533\/od.0104.dt.cm<\/a><\/p>\n<h4 style=\"color: #0084cf;\"><b>Temas cr\u00edticos<\/b><\/h4>\n<p><a href=\"https:\/\/estudiosdeldesarrollo.mx\/observatoriodeldesarrollo\/wp-content\/uploads\/2019\/05\/OD4-8.pdf\" target=\"_blank\" rel=\"noopener noreferrer\"><big><span style=\"color: #000000;\">Pobreza multidimensional y vulnerabilidad social<\/span><\/big><\/a><br \/>\n<span style=\"color: #808080;\"><strong>Eramis Bueno S\u00e1nchez<\/strong><\/span><br \/>\n<a style=\"color: #999999;\" href=\"https:\/\/doi.org\/10.35533\/od.0104.ebs\" target=\"_blank\" rel=\"noopener noreferrer\">https:\/\/doi.org\/10.35533\/od.0104.ebs<\/a><\/p>\n<h4 style=\"color: #0084cf;\"><b>Mirada a fondo<\/b><\/h4>\n<p><a href=\"https:\/\/estudiosdeldesarrollo.mx\/observatoriodeldesarrollo\/wp-content\/uploads\/2019\/05\/OD4-9.pdf\" target=\"_blank\" rel=\"noopener noreferrer\"><big><span style=\"color: #000000;\">Para alumbrar la esperanza. Los indignados del 15-M en Espa\u00f1a<\/span><\/big><\/a><br \/>\n<span style=\"color: #808080;\"><strong>Jos\u00e9 D\u00e9niz Espin\u00f3s<br \/>\n<\/strong><\/span><a style=\"color: #999999;\" href=\"https:\/\/doi.org\/10.35533\/od.0104.jde\" target=\"_blank\" rel=\"noopener noreferrer\">https:\/\/doi.org\/10.35533\/od.0104.jde<\/a><\/p>\n<h4 style=\"color: #0084cf;\"><b>Rese\u00f1a<\/b><\/h4>\n<p><a href=\"https:\/\/estudiosdeldesarrollo.mx\/observatoriodeldesarrollo\/wp-content\/uploads\/2019\/05\/OD4-10.pdf\" target=\"_blank\" rel=\"noopener noreferrer\"><big><span style=\"color: #000000;\">Debate actual sobre el imperialismo<\/span><\/big><\/a><br \/>\n<span style=\"color: #808080;\"><strong>Oscar Ma\u00f1\u00e1n<br \/>\n<\/strong><\/span><a style=\"color: #999999;\" href=\"https:\/\/doi.org\/10.35533\/od.0104.om\" target=\"_blank\" rel=\"noopener noreferrer\">https:\/\/doi.org\/10.35533\/od.0104.om<\/a><\/p>\n<\/div>\n<\/div>\n","protected":false},"excerpt":{"rendered":"<p>Observatorio del Desarrollo. Investigaci\u00f3n, reflexi\u00f3n y an\u00e1lisis, volumen 1, n\u00famero 4, octubre-diciembre de 2012, es una publicaci\u00f3n cuatrimestral editada por la Universidad Aut\u00f3noma de Zacatecas \u00abFrancisco Garc\u00eda Salinas\u00bb, a trav\u00e9s de la Unidad Acad\u00e9mica en Estudios del Desarrollo, Jard\u00edn Ju\u00e1rez<\/p>\n","protected":false},"author":2,"featured_media":0,"parent":0,"menu_order":0,"comment_status":"closed","ping_status":"closed","template":"","meta":{"footnotes":""},"class_list":["post-1260","page","type-page","status-publish","hentry"],"_links":{"self":[{"href":"https:\/\/estudiosdeldesarrollo.mx\/observatoriodeldesarrollo\/wp-json\/wp\/v2\/pages\/1260","targetHints":{"allow":["GET"]}}],"collection":[{"href":"https:\/\/estudiosdeldesarrollo.mx\/observatoriodeldesarrollo\/wp-json\/wp\/v2\/pages"}],"about":[{"href":"https:\/\/estudiosdeldesarrollo.mx\/observatoriodeldesarrollo\/wp-json\/wp\/v2\/types\/page"}],"author":[{"embeddable":true,"href":"https:\/\/estudiosdeldesarrollo.mx\/observatoriodeldesarrollo\/wp-json\/wp\/v2\/users\/2"}],"replies":[{"embeddable":true,"href":"https:\/\/estudiosdeldesarrollo.mx\/observatoriodeldesarrollo\/wp-json\/wp\/v2\/comments?post=1260"}],"version-history":[{"count":4,"href":"https:\/\/estudiosdeldesarrollo.mx\/observatoriodeldesarrollo\/wp-json\/wp\/v2\/pages\/1260\/revisions"}],"predecessor-version":[{"id":1532,"href":"https:\/\/estudiosdeldesarrollo.mx\/observatoriodeldesarrollo\/wp-json\/wp\/v2\/pages\/1260\/revisions\/1532"}],"wp:attachment":[{"href":"https:\/\/estudiosdeldesarrollo.mx\/observatoriodeldesarrollo\/wp-json\/wp\/v2\/media?parent=1260"}],"curies":[{"name":"wp","href":"https:\/\/api.w.org\/{rel}","templated":true}]}}