{"id":1234,"date":"2019-05-23T17:34:11","date_gmt":"2019-05-23T17:34:11","guid":{"rendered":"https:\/\/estudiosdeldesarrollo.mx\/observatoriodeldesarrollo\/?page_id=1234"},"modified":"2021-05-06T16:00:56","modified_gmt":"2021-05-06T16:00:56","slug":"numero-6","status":"publish","type":"page","link":"https:\/\/estudiosdeldesarrollo.mx\/observatoriodeldesarrollo\/numero-6\/","title":{"rendered":"N\u00famero 6"},"content":{"rendered":"<div id=\"contenedor30\">\n<div style=\"float: left;\">\n<div>\n<p><img loading=\"lazy\" decoding=\"async\" class=\"alignnone size-full wp-image-1011\" src=\"https:\/\/estudiosdeldesarrollo.mx\/observatoriodeldesarrollo\/wp-content\/uploads\/2019\/05\/OD-6.jpg\" alt=\"\" width=\"387\" height=\"500\" \/><\/p>\n<p><span style=\"color: #429537;\"><strong><em>Observatorio del Desarrollo. Investigaci\u00f3n, reflexi\u00f3n y an\u00e1lisis<\/em>, volumen 2, n\u00famero 6, abril-junio de 2013<\/strong><\/span>, es una publicaci\u00f3n cuatrimestral editada por la Universidad Aut\u00f3noma de Zacatecas \u00abFrancisco Garc\u00eda Salinas\u00bb, a trav\u00e9s de la Unidad Acad\u00e9mica en Estudios del Desarrollo, Jard\u00edn Ju\u00e1rez 147, colonia Centro, Zacatecas, C.P. 98000, Tel. (01492) 922 91 09, www.uaz.edu.mx, www.estudiosdeldesarrollo.mx, revistaod@uaz.edu.mx. <em>Editor responsable<\/em>: Humberto M\u00e1rquez Covarrubias. Reserva de Derechos al Uso Exclusivo V\u00eda Red C\u00f3mputo No. 04-2015-060212180900-203. ISSN: 2594-0902, ambos otorgados por el Instituto Nacional del Derecho de Autor. <em>Responsable de \u00faltima actualizaci\u00f3n:<\/em> Israel David Pi\u00f1a Garc\u00eda, Unidad Acad\u00e9mica en Estudios del Desarrollo, Campus Universitario II, avenida Preparatoria s\/n, fraccionamiento Progreso, Zacatecas, C.P. 98065. <em>Fecha de la \u00faltima modificaci\u00f3n,<\/em> junio de 2013.<\/p>\n<p>Las opiniones expresadas por los autores no necesariamente reflejan la postura del editor de la publicaci\u00f3n. Queda estrictamente prohibida la reproducci\u00f3n total o parcial de los contenidos e im\u00e1genes de la publicaci\u00f3n sin previa autorizaci\u00f3n de la Universidad Aut\u00f3noma de Zacatecas \u00abFrancisco Garc\u00eda Salinas\u00bb a trav\u00e9s de la Unidad Acad\u00e9mica en Estudios del Desarrollo.<br \/>\n<a style=\"color: #999999;\" href=\"https:\/\/doi.org\/10.35533\/od.numero6\" target=\"_blank\" rel=\"noopener noreferrer\">https:\/\/doi.org\/10.35533\/od.numero6<\/a><\/p>\n<\/div>\n<\/div>\n<div style=\"float: left; background-color: #f2f2f2; padding: 10px; width: 100%;\"><a href=\"https:\/\/estudiosdeldesarrollo.mx\/observatoriodeldesarrollo\/wp-content\/uploads\/2019\/05\/OD6-1.pdf\" target=\"_blank\" rel=\"noopener noreferrer\"><br \/>\n<\/a><\/p>\n<h4 style=\"color: #429537;\"><b>Editorial<\/b><\/h4>\n<h4 style=\"color: #429537;\"><b>Debate<\/b><\/h4>\n<p><a href=\"https:\/\/estudiosdeldesarrollo.mx\/observatoriodeldesarrollo\/wp-content\/uploads\/2019\/05\/OD6-2.pdf\" target=\"_blank\" rel=\"noopener noreferrer\"><big><span style=\"color: #000000;\">Dieta neoliberal y \u00abcomida\u00bb chatarra<\/span><\/big><\/a><br \/>\n<span style=\"color: #808080;\"><b>Gerardo Otero<\/b><\/span><br \/>\n<a style=\"color: #999999;\" href=\"https:\/\/doi.org\/10.35533\/od.0206.go\" target=\"_blank\" rel=\"noopener noreferrer\">https:\/\/doi.org\/10.35533\/od.0206.go<\/a><br \/>\n<big><\/big><\/p>\n<p><a href=\"https:\/\/estudiosdeldesarrollo.mx\/observatoriodeldesarrollo\/wp-content\/uploads\/2019\/05\/OD6-3.pdf\" target=\"_blank\" rel=\"noopener noreferrer\"><big><span style=\"color: #000000;\">Desarrollo rural y reforma agraria en Colombia: \u00bfprosperidad para todos?<\/span><\/big><\/a><br \/>\n<span style=\"color: #808080;\"><strong>Kyla Sankey<\/strong><\/span><br \/>\n<a style=\"color: #999999;\" href=\"https:\/\/doi.org\/10.35533\/od.0206.ks\" target=\"_blank\" rel=\"noopener noreferrer\">https:\/\/doi.org\/10.35533\/od.0206.ks<\/a><br \/>\n<big><\/big><\/p>\n<p><a href=\"https:\/\/estudiosdeldesarrollo.mx\/observatoriodeldesarrollo\/wp-content\/uploads\/2019\/05\/OD6-4.pdf\" target=\"_blank\" rel=\"noopener noreferrer\"><big><span style=\"color: #000000;\">Ingredientes para un men\u00fa t\u00f3xico. El reverso de la crisis alimentaria sanitaria<\/span><\/big><\/a><br \/>\n<span style=\"color: #808080;\"><strong>Humberto M\u00e1rquez Covarrubias<\/strong><\/span><br \/>\n<a style=\"color: #999999;\" href=\"https:\/\/doi.org\/10.35533\/od.0206.hmc\" target=\"_blank\" rel=\"noopener noreferrer\">https:\/\/doi.org\/10.35533\/od.0206.hmc<\/a><br \/>\n<big><\/big><\/p>\n<p><a href=\"https:\/\/estudiosdeldesarrollo.mx\/observatoriodeldesarrollo\/wp-content\/uploads\/2019\/05\/OD6-5.pdf\" target=\"_blank\" rel=\"noopener noreferrer\"><big><span style=\"color: #000000;\">Pobreza rural y alimentaci\u00f3n: programas de autoabastecimiento en Am\u00e9rica Latina<\/span><\/big><\/a><br \/>\n<span style=\"color: #808080;\"><strong>Ma. Consuelo Lefever | Juan Manuel Uribe | Sof\u00eda Boza<\/strong><\/span><br \/>\n<a style=\"color: #999999;\" href=\"https:\/\/doi.org\/10.35533\/od.0206.mcl.jmu.sb\" target=\"_blank\" rel=\"noopener noreferrer\">https:\/\/doi.org\/10.35533\/od.0206.mcl.jmu.sb<\/a><br \/>\n<big><\/big><\/p>\n<p><a href=\"https:\/\/estudiosdeldesarrollo.mx\/observatoriodeldesarrollo\/wp-content\/uploads\/2019\/05\/OD6-6.pdf\" target=\"_blank\" rel=\"noopener noreferrer\"><big><span style=\"color: #000000;\">Vulnerabilidad ambiental y regi\u00f3n: algunos elementos para la reflexi\u00f3n<\/span><\/big><\/a><br \/>\n<span style=\"color: #808080;\"><strong>Miguel Esparza Flores | Marco A. D\u00edaz Barrag\u00e1n<\/strong><\/span><br \/>\n<a style=\"color: #999999;\" href=\"https:\/\/doi.org\/10.35533\/od.0206.mef.madb\" target=\"_blank\" rel=\"noopener noreferrer\">https:\/\/doi.org\/10.35533\/od.0206.mef.madb<\/a><\/p>\n<h4 style=\"color: #429537;\"><b>Mirada a fondo<\/b><\/h4>\n<p><a href=\"https:\/\/estudiosdeldesarrollo.mx\/observatoriodeldesarrollo\/wp-content\/uploads\/2019\/05\/OD6-7.pdf\" target=\"_blank\" rel=\"noopener noreferrer\"><big><span style=\"color: #000000;\">La experiencia del alto crecimiento en el Este de Asia. Balance a la luz de los nuevos desaf\u00edos<\/span><\/big><\/a><br \/>\n<span style=\"color: #808080;\"><strong>V\u00edctor L\u00f3pez Villafa\u00f1e<\/strong><\/span><br \/>\n<a style=\"color: #999999;\" href=\"https:\/\/doi.org\/10.35533\/od.0206.vlv\" target=\"_blank\" rel=\"noopener noreferrer\">https:\/\/doi.org\/10.35533\/od.0206.vlv<\/a><\/p>\n<p><a href=\"https:\/\/estudiosdeldesarrollo.mx\/observatoriodeldesarrollo\/wp-content\/uploads\/2019\/05\/OD6-8.pdf\" target=\"_blank\" rel=\"noopener noreferrer\"><big><span style=\"color: #000000;\">La nanotecnolog\u00eda y su inserci\u00f3n en el desarrollo<\/span><\/big><\/a><br \/>\n<span style=\"color: #808080;\"><strong>Edgar Z\u00e1yago Lau<br \/>\n<\/strong><\/span><a style=\"color: #999999;\" href=\"https:\/\/doi.org\/10.35533\/od.0206.ezl\" target=\"_blank\" rel=\"noopener noreferrer\">https:\/\/doi.org\/10.35533\/od.0206.ezl<\/a><\/p>\n<p><a href=\"https:\/\/estudiosdeldesarrollo.mx\/observatoriodeldesarrollo\/wp-content\/uploads\/2019\/05\/OD6-9.pdf\" target=\"_blank\" rel=\"noopener noreferrer\"><big><span style=\"color: #000000;\">El Vivir Bien en el contexto de desarrollo de Bolivia<\/span><\/big><\/a><br \/>\n<span style=\"color: #808080;\"><strong>Juan N. T\u00e9llez<br \/>\n<\/strong><\/span><a style=\"color: #999999;\" href=\"https:\/\/doi.org\/10.35533\/od.0206.jnt\" target=\"_blank\" rel=\"noopener noreferrer\">https:\/\/doi.org\/10.35533\/od.0206.jnt<\/a><\/p>\n<h4 style=\"color: #429537;\"><b>Temas cr\u00edticos<\/b><\/h4>\n<p><a href=\"https:\/\/estudiosdeldesarrollo.mx\/observatoriodeldesarrollo\/wp-content\/uploads\/2019\/05\/OD6-10.pdf\" target=\"_blank\" rel=\"noopener noreferrer\"><big><span style=\"color: #000000;\">Rostros del despojo en Zacatecas<\/span><\/big><\/a><br \/>\n<span style=\"color: #808080;\"><strong>Federico Guzm\u00e1n L\u00f3pez<br \/>\n<\/strong><\/span><a style=\"color: #999999;\" href=\"https:\/\/doi.org\/10.35533\/od.0206.fgl\" target=\"_blank\" rel=\"noopener noreferrer\">https:\/\/doi.org\/10.35533\/od.0206.fgl<\/a><\/p>\n<p><a href=\"https:\/\/estudiosdeldesarrollo.mx\/observatoriodeldesarrollo\/wp-content\/uploads\/2019\/05\/OD6-11.pdf\" target=\"_blank\" rel=\"noopener noreferrer\"><big><span style=\"color: #000000;\">Alteridades sociales de la migraci\u00f3n internacional de retorno a Zacatecas<\/span><\/big><\/a><br \/>\n<span style=\"color: #808080;\"><strong>Miguel Moctezuma Longoria<br \/>\n<\/strong><\/span><a style=\"color: #999999;\" href=\"https:\/\/doi.org\/10.35533\/od.0206.mml\" target=\"_blank\" rel=\"noopener noreferrer\">https:\/\/doi.org\/10.35533\/od.0206.mml<\/a><\/p>\n<p><a href=\"https:\/\/estudiosdeldesarrollo.mx\/observatoriodeldesarrollo\/wp-content\/uploads\/2019\/05\/OD6-12.pdf\" target=\"_blank\" rel=\"noopener noreferrer\"><big><span style=\"color: #000000;\">Pobreza y modelo macroecon\u00f3mico neoliberal. Algunas contradicciones<\/span><\/big><\/a><br \/>\n<span style=\"color: #808080;\"><strong>Roberto Soto Esquivel<br \/>\n<\/strong><\/span><a style=\"color: #999999;\" href=\"https:\/\/doi.org\/10.35533\/od.0206.rse\" target=\"_blank\" rel=\"noopener noreferrer\">https:\/\/doi.org\/10.35533\/od.0206.rse<\/a><\/p>\n<\/div>\n<\/div>\n","protected":false},"excerpt":{"rendered":"<p>Observatorio del Desarrollo. Investigaci\u00f3n, reflexi\u00f3n y an\u00e1lisis, volumen 2, n\u00famero 6, abril-junio de 2013, es una publicaci\u00f3n cuatrimestral editada por la Universidad Aut\u00f3noma de Zacatecas \u00abFrancisco Garc\u00eda Salinas\u00bb, a trav\u00e9s de la Unidad Acad\u00e9mica en Estudios del Desarrollo, Jard\u00edn Ju\u00e1rez<\/p>\n","protected":false},"author":2,"featured_media":0,"parent":0,"menu_order":0,"comment_status":"closed","ping_status":"closed","template":"","meta":{"footnotes":""},"class_list":["post-1234","page","type-page","status-publish","hentry"],"_links":{"self":[{"href":"https:\/\/estudiosdeldesarrollo.mx\/observatoriodeldesarrollo\/wp-json\/wp\/v2\/pages\/1234","targetHints":{"allow":["GET"]}}],"collection":[{"href":"https:\/\/estudiosdeldesarrollo.mx\/observatoriodeldesarrollo\/wp-json\/wp\/v2\/pages"}],"about":[{"href":"https:\/\/estudiosdeldesarrollo.mx\/observatoriodeldesarrollo\/wp-json\/wp\/v2\/types\/page"}],"author":[{"embeddable":true,"href":"https:\/\/estudiosdeldesarrollo.mx\/observatoriodeldesarrollo\/wp-json\/wp\/v2\/users\/2"}],"replies":[{"embeddable":true,"href":"https:\/\/estudiosdeldesarrollo.mx\/observatoriodeldesarrollo\/wp-json\/wp\/v2\/comments?post=1234"}],"version-history":[{"count":5,"href":"https:\/\/estudiosdeldesarrollo.mx\/observatoriodeldesarrollo\/wp-json\/wp\/v2\/pages\/1234\/revisions"}],"predecessor-version":[{"id":1536,"href":"https:\/\/estudiosdeldesarrollo.mx\/observatoriodeldesarrollo\/wp-json\/wp\/v2\/pages\/1234\/revisions\/1536"}],"wp:attachment":[{"href":"https:\/\/estudiosdeldesarrollo.mx\/observatoriodeldesarrollo\/wp-json\/wp\/v2\/media?parent=1234"}],"curies":[{"name":"wp","href":"https:\/\/api.w.org\/{rel}","templated":true}]}}