{"id":1207,"date":"2019-05-23T16:54:48","date_gmt":"2019-05-23T16:54:48","guid":{"rendered":"https:\/\/estudiosdeldesarrollo.mx\/observatoriodeldesarrollo\/?page_id=1207"},"modified":"2024-10-14T17:52:54","modified_gmt":"2024-10-14T17:52:54","slug":"numero-8","status":"publish","type":"page","link":"https:\/\/estudiosdeldesarrollo.mx\/observatoriodeldesarrollo\/numero-8\/","title":{"rendered":"N\u00famero 8"},"content":{"rendered":"<div id=\"contenedor30\">\n<div style=\"float: left;\">\n<div>\n<p><img loading=\"lazy\" decoding=\"async\" class=\"alignnone size-full wp-image-1011\" src=\"https:\/\/estudiosdeldesarrollo.mx\/observatoriodeldesarrollo\/wp-content\/uploads\/2019\/05\/OD-8.jpg\" alt=\"\" width=\"387\" height=\"500\"><\/p>\n<p><span style=\"color: #737f5d;\"><strong><em>Observatorio del Desarrollo. Investigaci\u00f3n, reflexi\u00f3n y an\u00e1lisis<\/em>, volumen 2, n\u00famero 8, octubre- diciembre de 2013<\/strong><\/span>, es una publicaci\u00f3n cuatrimestral editada por la Universidad Aut\u00f3noma de Zacatecas \u00abFrancisco Garc\u00eda Salinas\u00bb, a trav\u00e9s de la Unidad Acad\u00e9mica en Estudios del Desarrollo, Jard\u00edn Ju\u00e1rez 147, colonia Centro, Zacatecas, C.P. 98000, Tel. (01492) 922 91 09, www.uaz.edu.mx, www.estudiosdeldesarrollo.mx, revistaod@uaz.edu.mx. <em>Editor responsable<\/em>: Humberto M\u00e1rquez Covarrubias. Reserva de Derechos al Uso Exclusivo V\u00eda Red C\u00f3mputo No. 04-2015-060212180900-203. ISSN: 2594-0902, ambos otorgados por el Instituto Nacional del Derecho de Autor. <em>Responsable de \u00faltima actualizaci\u00f3n:<\/em> Israel David Pi\u00f1a Garc\u00eda, Unidad Acad\u00e9mica en Estudios del Desarrollo, Campus Universitario II, avenida Preparatoria s\/n, fraccionamiento Progreso, Zacatecas, C.P. 98065. <em>Fecha de la \u00faltima modificaci\u00f3n,<\/em> diciembre de 2013.<\/p>\n<p>Las opiniones expresadas por los autores no necesariamente reflejan la postura del editor de la publicaci\u00f3n. Queda estrictamente prohibida la reproducci\u00f3n total o parcial de los contenidos e im\u00e1genes de la publicaci\u00f3n sin previa autorizaci\u00f3n de la Universidad Aut\u00f3noma de Zacatecas \u00abFrancisco Garc\u00eda Salinas\u00bb a trav\u00e9s de la Unidad Acad\u00e9mica en Estudios del Desarrollo.<br \/>\n<a style=\"color: #999999;\" href=\"https:\/\/doi.org\/10.35533\/od.numero8\" target=\"_blank\" rel=\"noopener noreferrer\">https:\/\/doi.org\/10.35533\/od.numero8<\/a>\n<\/div>\n<\/div>\n<div style=\"float: left; background-color: #f2f2f2; padding: 10px; width: 100%;\"><a href=\"https:\/\/estudiosdeldesarrollo.mx\/observatoriodeldesarrollo\/wp-content\/uploads\/2019\/05\/OD8-ed.pdf\" target=\"_blank\" rel=\"noopener noreferrer\"><br \/>\n<\/a><\/p>\n<h4 style=\"color: #737f5d;\"><span style=\"color: #737f5d;\"><a style=\"color: #737f5d;\" href=\"https:\/\/estudiosdeldesarrollo.mx\/observatoriodeldesarrollo\/wp-content\/uploads\/2019\/05\/OD8-ed.pdf\" target=\"_blank\" rel=\"noopener noreferrer\"><b>Editorial<\/b><\/a><\/span><\/h4>\n<h4 style=\"color: #737f5d;\"><b>Debate<\/b><\/h4>\n<p><a href=\"https:\/\/estudiosdeldesarrollo.mx\/observatoriodeldesarrollo\/wp-content\/uploads\/2019\/05\/OD8-1.pdf\" target=\"_blank\" rel=\"noopener noreferrer\"><big><span style=\"color: #000000;\">Migraci\u00f3n mexicana altamente calificada: problem\u00e1tica y desaf\u00edos<\/span><\/big><\/a><br \/>\n<span style=\"color: #808080;\"><b>Ra\u00fal Delgado Wise<\/b><\/span><br \/>\n<a style=\"color: #999999;\" href=\"https:\/\/doi.org\/10.35533\/od.0208.rdw\" target=\"_blank\" rel=\"noopener noreferrer\">https:\/\/doi.org\/10.35533\/od.0208.rdw<\/a><br \/>\n<big><\/big><\/p>\n<p><a href=\"https:\/\/estudiosdeldesarrollo.mx\/observatoriodeldesarrollo\/wp-content\/uploads\/2019\/05\/OD8-2.pdf\" target=\"_blank\" rel=\"noopener noreferrer\"><big><span style=\"color: #000000;\">La vida no vale nada. Seguridad social y sistema de pensiones en M\u00e9xico<\/span><\/big><\/a><br \/>\n<span style=\"color: #808080;\"><strong>Antonio Guzm\u00e1n Fern\u00e1ndez | Guadalupe Margarita Gonz\u00e1lez Hern\u00e1ndez<\/strong><\/span><br \/>\n<a style=\"color: #999999;\" href=\"https:\/\/doi.org\/10.35533\/od.0208.agf.gmgh\" target=\"_blank\" rel=\"noopener noreferrer\">https:\/\/doi.org\/10.35533\/od.0208.agf.gmgh<\/a><br \/>\n<big><\/big><\/p>\n<p><a href=\"https:\/\/estudiosdeldesarrollo.mx\/observatoriodeldesarrollo\/wp-content\/uploads\/2019\/05\/OD8-3.pdf\" target=\"_blank\" rel=\"noopener noreferrer\"><big><span style=\"color: #000000;\">Mujeres, macroeconom\u00eda y ciclo econ\u00f3mico<\/span><\/big><\/a><br \/>\n<span style=\"color: #808080;\"><strong>Alicia Gir\u00f3n | Jos\u00e9 Luis Maya<\/strong><\/span><br \/>\n<a style=\"color: #999999;\" href=\"https:\/\/doi.org\/10.35533\/od.0208.ag.jlm\" target=\"_blank\" rel=\"noopener noreferrer\">https:\/\/doi.org\/10.35533\/od.0208.ag.jlm<\/a><br \/>\n<big><\/big><\/p>\n<p><a href=\"https:\/\/estudiosdeldesarrollo.mx\/observatoriodeldesarrollo\/wp-content\/uploads\/2019\/05\/OD8-4.pdf\" target=\"_blank\" rel=\"noopener noreferrer\"><big><span style=\"color: #000000;\">Parodia integracionista en el sur de Am\u00e9rica<\/span><\/big><\/a><br \/>\n<span style=\"color: #808080;\"><strong>Oscar Ma\u00f1\u00e1n<\/strong><\/span><br \/>\n<a style=\"color: #999999;\" href=\"https:\/\/doi.org\/10.35533\/od.0208.om\" target=\"_blank\" rel=\"noopener noreferrer\">https:\/\/doi.org\/10.35533\/od.0208.om<\/a><br \/>\n<big><\/big><\/p>\n<h4 style=\"color: #737f5d;\"><b>Temas cr\u00edticos<\/b><\/h4>\n<p><a href=\"https:\/\/estudiosdeldesarrollo.mx\/observatoriodeldesarrollo\/wp-content\/uploads\/2019\/05\/OD8-5.pdf\" target=\"_blank\" rel=\"noopener noreferrer\"><big><span style=\"color: #000000;\">Divulgaci\u00f3n de nanociencias y nanotecnolog\u00edas para el desarrollo<\/span><\/big><\/a><br \/>\n<span style=\"color: #808080;\"><strong>Miguel Garc\u00eda Guerrero |&nbsp;Guillermo Foladori<br \/>\n<\/strong><\/span><a style=\"color: #999999;\" href=\"https:\/\/doi.org\/10.35533\/od.0208.mgg.gf\" target=\"_blank\" rel=\"noopener noreferrer\">https:\/\/doi.org\/10.35533\/od.0208.mgg.gf<\/a><\/p>\n<p><a href=\"https:\/\/estudiosdeldesarrollo.mx\/observatoriodeldesarrollo\/wp-content\/uploads\/2019\/05\/OD8-6.pdf\" target=\"_blank\" rel=\"noopener noreferrer\"><big><span style=\"color: #000000;\">Nanomedicina: expectativas y regulaci\u00f3n para el desarrollo<\/span><\/big><\/a><br \/>\n<span style=\"color: #808080;\"><strong>Laura Vidal Correa | Edgar Z\u00e1yago Lau<br \/>\n<\/strong><\/span><a style=\"color: #999999;\" href=\"https:\/\/doi.org\/10.35533\/od.0208.lvc.ezl\" target=\"_blank\" rel=\"noopener noreferrer\">https:\/\/doi.org\/10.35533\/od.0208.lvc.ezl<\/a><\/p>\n<p><a href=\"https:\/\/estudiosdeldesarrollo.mx\/observatoriodeldesarrollo\/wp-content\/uploads\/2019\/05\/OD8-7.pdf\" target=\"_blank\" rel=\"noopener noreferrer\"><big><span style=\"color: #000000;\">Capital, desarrollo local y ONG: una reflexi\u00f3n cr\u00edtica<\/span><\/big><\/a><br \/>\n<span style=\"color: #808080;\"><strong>Jan Lust Van Zeeland<br \/>\n<\/strong><\/span><a style=\"color: #999999;\" href=\"https:\/\/doi.org\/10.35533\/od.0208.jlvz\" target=\"_blank\" rel=\"noopener noreferrer\">https:\/\/doi.org\/10.35533\/od.0208.jlvz<\/a><\/p>\n<p><a href=\"https:\/\/estudiosdeldesarrollo.mx\/observatoriodeldesarrollo\/wp-content\/uploads\/2019\/05\/OD8-8.pdf\" target=\"_blank\" rel=\"noopener noreferrer\"><big><span style=\"color: #000000;\">Desarrollo, planificaci\u00f3n territorial y soportes materiales en Bolivia<\/span><\/big><\/a><br \/>\n<span style=\"color: #808080;\"><strong>Jhohan Braxton Oporto S\u00e1nchez<br \/>\n<\/strong><\/span><a style=\"color: #999999;\" href=\"https:\/\/doi.org\/10.35533\/od.0208.jbos\" target=\"_blank\" rel=\"noopener noreferrer\">https:\/\/doi.org\/10.35533\/od.0208.jbos<\/a><\/p>\n<p><a href=\"https:\/\/estudiosdeldesarrollo.mx\/observatoriodeldesarrollo\/wp-content\/uploads\/2019\/05\/OD8-9.pdf\" target=\"_blank\" rel=\"noopener noreferrer\"><big><span style=\"color: #000000;\">Desaf\u00edos interdisciplinarios en los estudios cr\u00edticos del desarrollo<\/span><\/big><\/a><br \/>\n<span style=\"color: #808080;\"><strong>Yolanda Alfaro<br \/>\n<\/strong><\/span><a style=\"color: #999999;\" href=\"https:\/\/doi.org\/10.35533\/od.0208.ya\" target=\"_blank\" rel=\"noopener noreferrer\">https:\/\/doi.org\/10.35533\/od.0208.ya<\/a><\/p>\n<h4 style=\"color: #737f5d;\"><b>Mirada a fondo<\/b><\/h4>\n<p><a href=\"https:\/\/estudiosdeldesarrollo.mx\/observatoriodeldesarrollo\/wp-content\/uploads\/2019\/06\/OD8-10.pdf\" target=\"_blank\" rel=\"noopener noreferrer\"><big><span style=\"color: #000000;\">16 tesis del colonialismo en el siglo XXI. Reflexiones sobre el caso de Zacatecas<\/span><\/big><\/a><br \/>\n<span style=\"color: #808080;\"><strong>Humberto M\u00e1rquez Covarrubias<br \/>\n<\/strong><\/span><a style=\"color: #999999;\" href=\"https:\/\/doi.org\/10.35533\/od.0208.hmc\" target=\"_blank\" rel=\"noopener noreferrer\">https:\/\/doi.org\/10.35533\/od.0208.hmc<\/a><\/p>\n<\/div>\n<\/div>\n","protected":false},"excerpt":{"rendered":"<p>Observatorio del Desarrollo. Investigaci\u00f3n, reflexi\u00f3n y an\u00e1lisis, volumen 2, n\u00famero 8, octubre- diciembre de 2013, es una publicaci\u00f3n cuatrimestral editada por la Universidad Aut\u00f3noma de Zacatecas \u00abFrancisco Garc\u00eda Salinas\u00bb, a trav\u00e9s de la Unidad Acad\u00e9mica en Estudios del Desarrollo, Jard\u00edn<\/p>\n","protected":false},"author":2,"featured_media":0,"parent":0,"menu_order":0,"comment_status":"closed","ping_status":"closed","template":"","meta":{"footnotes":""},"class_list":["post-1207","page","type-page","status-publish","hentry"],"_links":{"self":[{"href":"https:\/\/estudiosdeldesarrollo.mx\/observatoriodeldesarrollo\/wp-json\/wp\/v2\/pages\/1207","targetHints":{"allow":["GET"]}}],"collection":[{"href":"https:\/\/estudiosdeldesarrollo.mx\/observatoriodeldesarrollo\/wp-json\/wp\/v2\/pages"}],"about":[{"href":"https:\/\/estudiosdeldesarrollo.mx\/observatoriodeldesarrollo\/wp-json\/wp\/v2\/types\/page"}],"author":[{"embeddable":true,"href":"https:\/\/estudiosdeldesarrollo.mx\/observatoriodeldesarrollo\/wp-json\/wp\/v2\/users\/2"}],"replies":[{"embeddable":true,"href":"https:\/\/estudiosdeldesarrollo.mx\/observatoriodeldesarrollo\/wp-json\/wp\/v2\/comments?post=1207"}],"version-history":[{"count":5,"href":"https:\/\/estudiosdeldesarrollo.mx\/observatoriodeldesarrollo\/wp-json\/wp\/v2\/pages\/1207\/revisions"}],"predecessor-version":[{"id":1922,"href":"https:\/\/estudiosdeldesarrollo.mx\/observatoriodeldesarrollo\/wp-json\/wp\/v2\/pages\/1207\/revisions\/1922"}],"wp:attachment":[{"href":"https:\/\/estudiosdeldesarrollo.mx\/observatoriodeldesarrollo\/wp-json\/wp\/v2\/media?parent=1207"}],"curies":[{"name":"wp","href":"https:\/\/api.w.org\/{rel}","templated":true}]}}