{"id":750,"date":"2018-12-07T18:53:04","date_gmt":"2018-12-07T18:53:04","guid":{"rendered":"https:\/\/estudiosdeldesarrollo.mx\/migracionydesarrolloenglishversion\/?page_id=750"},"modified":"2019-05-31T19:43:06","modified_gmt":"2019-05-31T19:43:06","slug":"numero-8","status":"publish","type":"page","link":"https:\/\/estudiosdeldesarrollo.mx\/migracionydesarrolloenglishversion\/numero-8\/","title":{"rendered":"N\u00famero 8"},"content":{"rendered":"<div id=\"contenedor30\">\n<div style=\"float: left;\">\n<div>\n<p><img loading=\"lazy\" decoding=\"async\" class=\"wp-image-597 alignleft\" src=\"https:\/\/estudiosdeldesarrollo.mx\/migracionydesarrolloenglishversion\/wp-content\/uploads\/2018\/11\/8h300-1-186x300.jpg\" alt=\"\" width=\"140\" height=\"226\" \/><\/p>\n<p><span style=\"color: #003366;\"><strong><em>Migraci\u00f3n y Desarrollo<\/em>, volumen 5, n\u00famero 8, primer semestre 2007<\/strong><\/span>, es una publicaci\u00f3n semestral editada por la Universidad Aut\u00f3noma de Zacatecas \u00abFrancisco Garc\u00eda Salinas\u00bb, a trav\u00e9s de la Unidad Acad\u00e9mica de Estudios del Desarrollo, Jard\u00edn Ju\u00e1rez 147, colonia Centro, Zacatecas, C.P. 98000, Tel. (01492) 922 91 09, www.uaz.edu.mx, www.estudiosdeldesarrollo.net, revistamyd@estudiosdeldesarrollo.net. Editor responsable: Ra\u00fal Delgado Wise. Reserva de Derechos al Uso Exclusivo V\u00eda Red C\u00f3mputo No. 04-2015-060212200400-203. ISSN: 2448-7783, ambos otorgados por el Instituto Nacional del Derecho de Autor. Responsable de \u00faltima actualizaci\u00f3n: Unidad Acad\u00e9mica de Estudios del Desarrollo, Maximino Gerardo Luna Estrada, Campus Universitario II, avenida Preparatoria s\/n, fraccionamiento Progreso, Zacatecas, C.P. 98065. Fecha de la \u00faltima modificaci\u00f3n, junio de 2007.<\/p>\n<p>Las opiniones expresadas por los autores no necesariamente reflejan la postura del editor de la publicaci\u00f3n. Queda estrictamente prohibida la reproducci\u00f3n total o parcial de los contenidos e im\u00e1genes de la publicaci\u00f3n sin previa autorizaci\u00f3n de la Universidad Aut\u00f3noma de Zacatecas \u00abFrancisco Garc\u00eda Salinas\u00bb a trav\u00e9s de la Unidad Acad\u00e9mica de Estudios del Desarrollo.<\/p>\n<\/div>\n<\/div>\n<div style=\"float: left; background-color: #f2f2f2; padding: 10px; width: 100%;\">\n<p><a href=\"https:\/\/estudiosdeldesarrollo.mx\/migracionydesarrolloenglishversion\/number-8\/\"><img loading=\"lazy\" decoding=\"async\" class=\"alignright\" src=\"https:\/\/estudiosdeldesarrollo.mx\/migracionydesarrolloenglishversion\/wp-content\/uploads\/2018\/11\/flags.jpg\" alt=\"\" width=\"53\" height=\"27\" \/><\/a><\/p>\n<h4><span style=\"color: #003366;\"><b>Art\u00edculos<\/b><\/span><\/h4>\n<p><a href=\"https:\/\/estudiosdeldesarrollo.mx\/migracionydesarrolloenglishversion\/wp-content\/uploads\/2018\/11\/8-1.pdf\" target=\"_blank\" rel=\"noopener noreferrer\"><big><span style=\"color: #000000;\">Redes que comunican y redes que enclaustran: evidencia de tres circuitos migratorios contrastantes<\/span><\/big><\/a><br \/>\n<span style=\"color: #808080;\"><strong>Fernando F. Herrera Lima | \u00d3scar Calder\u00f3n Morill\u00f3n | Leticia Hern\u00e1ndez Valdovinos<\/strong><\/span><br \/>\n<big><\/big><\/p>\n<p><a href=\"https:\/\/estudiosdeldesarrollo.mx\/migracionydesarrolloenglishversion\/wp-content\/uploads\/2018\/11\/8-2.pdf\" target=\"_blank\" rel=\"noopener noreferrer\"><big><span style=\"color: #000000;\">Crisis econ\u00f3mica y migraci\u00f3n laboral internacional: costos y beneficios en Alemania<\/span><\/big><\/a><br \/>\n<span style=\"color: #808080;\"><strong>B\u00e9atrice Knerr<\/strong><\/span><br \/>\n<big><\/big><\/p>\n<p><a href=\"https:\/\/estudiosdeldesarrollo.mx\/migracionydesarrolloenglishversion\/wp-content\/uploads\/2018\/11\/8-3.pdf\" target=\"_blank\" rel=\"noopener noreferrer\"><big><span style=\"color: #000000;\">Correlaci\u00f3n entre rasgos de masculinidad-feminidad y satisfacci\u00f3n marital en migrantes mexicanos<\/span><\/big><\/a><br \/>\n<span style=\"color: #808080;\"><strong>Ang\u00e9lica Ojeda Garc\u00eda | Lizbeth Melby Calc\u00e1neo | Vanesa S\u00e1nchez Soto | Mariana Rodarte de Lara<\/strong><\/span><br \/>\n<big><\/big><\/p>\n<p><a href=\"https:\/\/estudiosdeldesarrollo.mx\/migracionydesarrolloenglishversion\/wp-content\/uploads\/2018\/11\/8-4.pdf\" target=\"_blank\" rel=\"noopener noreferrer\"><big><span style=\"color: #000000;\">Rezar por encima de las fronteras: c\u00f3mo los inmigrantes est\u00e1n cambiando el panorama religioso<\/span><\/big><\/a><br \/>\n<span style=\"color: #808080;\"><strong>Peggy Levitt<br \/>\n<\/strong><\/span><\/p>\n<p><a href=\"https:\/\/estudiosdeldesarrollo.mx\/migracionydesarrolloenglishversion\/wp-content\/uploads\/2018\/11\/8-5.pdf\" target=\"_blank\" rel=\"noopener noreferrer\"><big><span style=\"color: #000000;\">Hasta verte, Jes\u00fas m\u00edo: transnacionalismo mexicano en Roma<\/span><\/big><\/a><br \/>\n<span style=\"color: #808080;\"><strong>Valentina Napolitano<br \/>\n<\/strong><\/span><\/p>\n<h4><span style=\"color: #003366;\"><b>Coyuntura y debate<\/b><\/span><\/h4>\n<p><a href=\"https:\/\/estudiosdeldesarrollo.mx\/migracionydesarrolloenglishversion\/wp-content\/uploads\/2018\/11\/8-6.pdf\" target=\"_blank\" rel=\"noopener noreferrer\"><big><span style=\"color: #000000;\">Otra vez en primavera los inmigrantes salen a las calles<\/span><\/big><\/a><br \/>\n<span style=\"color: #808080;\"><strong>Jorge Durand<br \/>\n<\/strong><\/span><\/p>\n<h4><span style=\"color: #003366;\"><b>La voz de los actores<\/b><\/span><\/h4>\n<p><a href=\"https:\/\/estudiosdeldesarrollo.mx\/migracionydesarrolloenglishversion\/wp-content\/uploads\/2018\/11\/8-7.pdf\" target=\"_blank\" rel=\"noopener noreferrer\"><big><span style=\"color: #000000;\">Coloquio internacional: los migrantes en la era de la globalizaci\u00f3n<\/span><\/big><\/a><br \/>\n<span style=\"color: #808080;\"><strong><br \/>\n<\/strong><\/span><\/p>\n<\/div>\n<\/div>\n","protected":false},"excerpt":{"rendered":"<p>Migraci\u00f3n y Desarrollo, volumen 5, n\u00famero 8, primer semestre 2007, es una publicaci\u00f3n semestral editada por la Universidad Aut\u00f3noma de Zacatecas \u00abFrancisco Garc\u00eda Salinas\u00bb, a trav\u00e9s de la Unidad Acad\u00e9mica de Estudios del Desarrollo, Jard\u00edn Ju\u00e1rez 147, colonia Centro, Zacatecas,<\/p>\n","protected":false},"author":2,"featured_media":0,"parent":0,"menu_order":0,"comment_status":"closed","ping_status":"closed","template":"","meta":{"footnotes":""},"class_list":["post-750","page","type-page","status-publish","hentry"],"_links":{"self":[{"href":"https:\/\/estudiosdeldesarrollo.mx\/migracionydesarrolloenglishversion\/wp-json\/wp\/v2\/pages\/750","targetHints":{"allow":["GET"]}}],"collection":[{"href":"https:\/\/estudiosdeldesarrollo.mx\/migracionydesarrolloenglishversion\/wp-json\/wp\/v2\/pages"}],"about":[{"href":"https:\/\/estudiosdeldesarrollo.mx\/migracionydesarrolloenglishversion\/wp-json\/wp\/v2\/types\/page"}],"author":[{"embeddable":true,"href":"https:\/\/estudiosdeldesarrollo.mx\/migracionydesarrolloenglishversion\/wp-json\/wp\/v2\/users\/2"}],"replies":[{"embeddable":true,"href":"https:\/\/estudiosdeldesarrollo.mx\/migracionydesarrolloenglishversion\/wp-json\/wp\/v2\/comments?post=750"}],"version-history":[{"count":2,"href":"https:\/\/estudiosdeldesarrollo.mx\/migracionydesarrolloenglishversion\/wp-json\/wp\/v2\/pages\/750\/revisions"}],"predecessor-version":[{"id":906,"href":"https:\/\/estudiosdeldesarrollo.mx\/migracionydesarrolloenglishversion\/wp-json\/wp\/v2\/pages\/750\/revisions\/906"}],"wp:attachment":[{"href":"https:\/\/estudiosdeldesarrollo.mx\/migracionydesarrolloenglishversion\/wp-json\/wp\/v2\/media?parent=750"}],"curies":[{"name":"wp","href":"https:\/\/api.w.org\/{rel}","templated":true}]}}