{"id":744,"date":"2018-12-05T22:21:10","date_gmt":"2018-12-05T22:21:10","guid":{"rendered":"https:\/\/estudiosdeldesarrollo.mx\/migracionydesarrolloenglishversion\/?page_id=744"},"modified":"2019-05-31T19:44:13","modified_gmt":"2019-05-31T19:44:13","slug":"numero-9","status":"publish","type":"page","link":"https:\/\/estudiosdeldesarrollo.mx\/migracionydesarrolloenglishversion\/numero-9\/","title":{"rendered":"N\u00famero 9"},"content":{"rendered":"<div id=\"contenedor30\">\n<div style=\"float: left;\">\n<div>\n<p><img loading=\"lazy\" decoding=\"async\" class=\"wp-image-598 alignleft\" src=\"https:\/\/estudiosdeldesarrollo.mx\/migracionydesarrolloenglishversion\/wp-content\/uploads\/2018\/11\/9h300-187x300.jpg\" alt=\"\" width=\"141\" height=\"226\" \/><\/p>\n<p><span style=\"color: #523995;\"><strong><em>Migraci\u00f3n y Desarrollo<\/em>, volumen 5, n\u00famero 9, segundo semestre 2007<\/strong><\/span>, es una publicaci\u00f3n semestral editada por la Universidad Aut\u00f3noma de Zacatecas \u00abFrancisco Garc\u00eda Salinas\u00bb, a trav\u00e9s de la Unidad Acad\u00e9mica de Estudios del Desarrollo, Jard\u00edn Ju\u00e1rez 147, colonia Centro, Zacatecas, C.P. 98000, Tel. (01492) 922 91 09, www.uaz.edu.mx, www.estudiosdeldesarrollo.net, revistamyd@estudiosdeldesarrollo.net. Editor responsable: Ra\u00fal Delgado Wise. Reserva de Derechos al Uso Exclusivo V\u00eda Red C\u00f3mputo No. 04-2015-060212200400-203. ISSN: 2448-7783, ambos otorgados por el Instituto Nacional del Derecho de Autor. Responsable de \u00faltima actualizaci\u00f3n: Unidad Acad\u00e9mica de Estudios del Desarrollo, Maximino Gerardo Luna Estrada, Campus Universitario II, avenida Preparatoria s\/n, fraccionamiento Progreso, Zacatecas, C.P. 98065. Fecha de la \u00faltima modificaci\u00f3n, diciembre de 2007.<\/p>\n<p>Las opiniones expresadas por los autores no necesariamente reflejan la postura del editor de la publicaci\u00f3n. Queda estrictamente prohibida la reproducci\u00f3n total o parcial de los contenidos e im\u00e1genes de la publicaci\u00f3n sin previa autorizaci\u00f3n de la Universidad Aut\u00f3noma de Zacatecas \u00abFrancisco Garc\u00eda Salinas\u00bb a trav\u00e9s de la Unidad Acad\u00e9mica de Estudios del Desarrollo.<\/p>\n<\/div>\n<\/div>\n<div style=\"float: left; background-color: #f2f2f2; padding: 10px; width: 100%;\">\n<p><a href=\"https:\/\/estudiosdeldesarrollo.mx\/migracionydesarrolloenglishversion\/number-9\/\"><img loading=\"lazy\" decoding=\"async\" class=\"alignright\" src=\"https:\/\/estudiosdeldesarrollo.mx\/migracionydesarrolloenglishversion\/wp-content\/uploads\/2018\/11\/flags.jpg\" alt=\"\" width=\"53\" height=\"27\" \/><\/a><\/p>\n<h4><span style=\"color: #523995;\"><b>Art\u00edculos<\/b><\/span><\/h4>\n<p><a href=\"https:\/\/estudiosdeldesarrollo.mx\/migracionydesarrolloenglishversion\/wp-content\/uploads\/2018\/11\/9-1.pdf\" target=\"_blank\" rel=\"noopener noreferrer\"><big><span style=\"color: #000000;\">Teor\u00eda y pr\u00e1ctica de la relaci\u00f3n dial\u00e9ctica entre desarrollo y migraci\u00f3n<\/span><\/big><\/a><br \/>\n<span style=\"color: #808080;\"><strong>Ra\u00fal Delgado Wise | Humberto M\u00e1rquez Covarrubias<\/strong><\/span><br \/>\n<big><\/big><\/p>\n<p><a href=\"https:\/\/estudiosdeldesarrollo.mx\/migracionydesarrolloenglishversion\/wp-content\/uploads\/2018\/11\/9-2.pdf\" target=\"_blank\" rel=\"noopener noreferrer\"><big><span style=\"color: #000000;\">El programa bracero (1942-1964). Un balance cr\u00edtico<\/span><\/big><\/a><br \/>\n<span style=\"color: #808080;\"><strong>Jorge Durand<\/strong><\/span><br \/>\n<big><\/big><\/p>\n<p><a href=\"https:\/\/estudiosdeldesarrollo.mx\/migracionydesarrolloenglishversion\/wp-content\/uploads\/2018\/11\/9-3.pdf\" target=\"_blank\" rel=\"noopener noreferrer\"><big><span style=\"color: #000000;\">El discurso de las remesas como impulsoras del desarrollo y la agencia colectiva del migrante colectivo<\/span><\/big><\/a><br \/>\n<span style=\"color: #808080;\"><strong>Matt Bakker<\/strong><\/span><br \/>\n<big><\/big><\/p>\n<p><a href=\"https:\/\/estudiosdeldesarrollo.mx\/migracionydesarrolloenglishversion\/wp-content\/uploads\/2018\/11\/9-4.pdf\" target=\"_blank\" rel=\"noopener noreferrer\"><big><span style=\"color: #000000;\">Del Congreso a los suburbios: iniciativas locales para el control de la migraci\u00f3n en Estados Unidos<\/span><\/big><\/a><br \/>\n<span style=\"color: #808080;\"><strong>Alexandra D\u00e9lano Alonso<br \/>\n<\/strong><\/span><\/p>\n<p><a href=\"https:\/\/estudiosdeldesarrollo.mx\/migracionydesarrolloenglishversion\/wp-content\/uploads\/2018\/11\/9-5.pdf\" target=\"_blank\" rel=\"noopener noreferrer\"><big><span style=\"color: #000000;\">De la migraci\u00f3n masculina transnacional: violencia estructural y g\u00e9nero en comunidades campesinas del Estado de M\u00e9xico<\/span><\/big><\/a><br \/>\n<span style=\"color: #808080;\"><strong>Jorge Arzate Salgado | Ivonne Vizcarra Bordi<br \/>\n<\/strong><\/span><\/p>\n<h4><span style=\"color: #523995;\"><b>Coyuntura y debate<\/b><\/span><\/h4>\n<p><a href=\"https:\/\/estudiosdeldesarrollo.mx\/migracionydesarrolloenglishversion\/wp-content\/uploads\/2018\/11\/9-7.pdf\" target=\"_blank\" rel=\"noopener noreferrer\"><big><span style=\"color: #000000;\">La revuelta de los hijos de inmigrantes africanos en oto\u00f1o 2005: crisis de la integraci\u00f3n republicana francesa<\/span><\/big><\/a><br \/>\n<span style=\"color: #808080;\"><strong>Francis Mestries<br \/>\n<\/strong><\/span><\/p>\n<h4><span style=\"color: #523995;\"><b>La voz de los actores<\/b><\/span><\/h4>\n<p><a href=\"https:\/\/estudiosdeldesarrollo.mx\/migracionydesarrolloenglishversion\/wp-content\/uploads\/2018\/11\/9-6.pdf\" target=\"_blank\" rel=\"noopener noreferrer\"><big><span style=\"color: #000000;\">Primera cumbre de migrantes de Am\u00e9rica Latina excede espectativas: migrantes identifican las prioridades para una acci\u00f3n com\u00fan<\/span><\/big><\/a><br \/>\n<span style=\"color: #808080;\"><strong>Oscar Chac\u00f3n | Amy Shannon<br \/>\n<\/strong><\/span><\/p>\n<\/div>\n<\/div>\n","protected":false},"excerpt":{"rendered":"<p>Migraci\u00f3n y Desarrollo, volumen 5, n\u00famero 9, segundo semestre 2007, es una publicaci\u00f3n semestral editada por la Universidad Aut\u00f3noma de Zacatecas \u00abFrancisco Garc\u00eda Salinas\u00bb, a trav\u00e9s de la Unidad Acad\u00e9mica de Estudios del Desarrollo, Jard\u00edn Ju\u00e1rez 147, colonia Centro, Zacatecas,<\/p>\n","protected":false},"author":2,"featured_media":0,"parent":0,"menu_order":0,"comment_status":"closed","ping_status":"closed","template":"","meta":{"footnotes":""},"class_list":["post-744","page","type-page","status-publish","hentry"],"_links":{"self":[{"href":"https:\/\/estudiosdeldesarrollo.mx\/migracionydesarrolloenglishversion\/wp-json\/wp\/v2\/pages\/744","targetHints":{"allow":["GET"]}}],"collection":[{"href":"https:\/\/estudiosdeldesarrollo.mx\/migracionydesarrolloenglishversion\/wp-json\/wp\/v2\/pages"}],"about":[{"href":"https:\/\/estudiosdeldesarrollo.mx\/migracionydesarrolloenglishversion\/wp-json\/wp\/v2\/types\/page"}],"author":[{"embeddable":true,"href":"https:\/\/estudiosdeldesarrollo.mx\/migracionydesarrolloenglishversion\/wp-json\/wp\/v2\/users\/2"}],"replies":[{"embeddable":true,"href":"https:\/\/estudiosdeldesarrollo.mx\/migracionydesarrolloenglishversion\/wp-json\/wp\/v2\/comments?post=744"}],"version-history":[{"count":4,"href":"https:\/\/estudiosdeldesarrollo.mx\/migracionydesarrolloenglishversion\/wp-json\/wp\/v2\/pages\/744\/revisions"}],"predecessor-version":[{"id":908,"href":"https:\/\/estudiosdeldesarrollo.mx\/migracionydesarrolloenglishversion\/wp-json\/wp\/v2\/pages\/744\/revisions\/908"}],"wp:attachment":[{"href":"https:\/\/estudiosdeldesarrollo.mx\/migracionydesarrolloenglishversion\/wp-json\/wp\/v2\/media?parent=744"}],"curies":[{"name":"wp","href":"https:\/\/api.w.org\/{rel}","templated":true}]}}