{"id":741,"date":"2018-12-05T21:26:00","date_gmt":"2018-12-05T21:26:00","guid":{"rendered":"https:\/\/estudiosdeldesarrollo.mx\/migracionydesarrolloenglishversion\/?page_id=741"},"modified":"2018-12-05T21:26:00","modified_gmt":"2018-12-05T21:26:00","slug":"number-10","status":"publish","type":"page","link":"https:\/\/estudiosdeldesarrollo.mx\/migracionydesarrolloenglishversion\/number-10\/","title":{"rendered":"Number 10"},"content":{"rendered":"<div id=\"contenedor30\">\n<div style=\"float: left;\">\n<div>\n<p><img loading=\"lazy\" decoding=\"async\" class=\"wp-image-517 alignleft\" src=\"https:\/\/estudiosdeldesarrollo.mx\/migracionydesarrolloenglishversion\/wp-content\/uploads\/2018\/11\/10h300-172x300.jpg\" alt=\"\" width=\"130\" height=\"226\" \/><\/p>\n<p><span style=\"color: #800000;\"><strong><em>Migraci\u00f3n y Desarrollo<\/em>, volumen 6, n\u00famero 10, primer semestre 2008<\/strong><\/span>, es una publicaci\u00f3n semestral editada por la Universidad Aut\u00f3noma de Zacatecas \u00abFrancisco Garc\u00eda Salinas\u00bb, a trav\u00e9s de la Unidad Acad\u00e9mica de Estudios del Desarrollo, Jard\u00edn Ju\u00e1rez 147, colonia Centro, Zacatecas, C.P. 98000, Tel. (01492) 922 91 09, www.uaz.edu.mx, www.estudiosdeldesarrollo.net, revistamyd@estudiosdeldesarrollo.net. Editor responsable: Ra\u00fal Delgado Wise. Reserva de Derechos al Uso Exclusivo V\u00eda Red C\u00f3mputo No. 04-2015-060212200400-203. ISSN: 2448-7783, ambos otorgados por el Instituto Nacional del Derecho de Autor. Responsable de \u00faltima actualizaci\u00f3n: Unidad Acad\u00e9mica de Estudios del Desarrollo, Maximino Gerardo Luna Estrada, Campus Universitario II, avenida Preparatoria s\/n, fraccionamiento Progreso, Zacatecas, C.P. 98065. Fecha de la \u00faltima modificaci\u00f3n, febrero de 2008.<\/p>\n<p>Las opiniones expresadas por los autores no necesariamente reflejan la postura del editor de la publicaci\u00f3n. Queda estrictamente prohibida la reproducci\u00f3n total o parcial de los contenidos e im\u00e1genes de la publicaci\u00f3n sin previa autorizaci\u00f3n de la Universidad Aut\u00f3noma de Zacatecas \u00abFrancisco Garc\u00eda Salinas\u00bb a trav\u00e9s de la Unidad Acad\u00e9mica de Estudios del Desarrollo.<\/p>\n<\/div>\n<\/div>\n<div style=\"float: left; background-color: #f2f2f2; padding: 10px; width: 100%;\">\n<p><a href=\"https:\/\/estudiosdeldesarrollo.mx\/migracionydesarrolloenglishversion\/numero-10\/\"><img loading=\"lazy\" decoding=\"async\" class=\"alignright\" src=\"https:\/\/estudiosdeldesarrollo.mx\/migracionydesarrolloenglishversion\/wp-content\/uploads\/2018\/11\/banderas.jpg\" alt=\"\" width=\"53\" height=\"27\" \/><\/a><\/p>\n<h4><span style=\"color: #800000;\"><b>Articles<\/b><\/span><\/h4>\n<p><a href=\"https:\/\/estudiosdeldesarrollo.mx\/migracionydesarrolloenglishversion\/wp-content\/uploads\/2018\/11\/10-1.pdf\" target=\"_blank\" rel=\"noopener\"><big><span style=\"color: #000000;\">Presentation<\/span><\/big><\/a><\/p>\n<p><a href=\"https:\/\/estudiosdeldesarrollo.mx\/migracionydesarrolloenglishversion\/wp-content\/uploads\/2018\/11\/10ing-2.pdf\" target=\"_blank\" rel=\"noopener\"><big><span style=\"color: #000000;\">Die-offs at the border<\/span><\/big><\/a><br \/>\n<span style=\"color: #808080;\"><strong>Andreas Feldmann | Jorge Durand<\/strong><\/span><br \/>\n<big><\/big><\/p>\n<p><a href=\"https:\/\/estudiosdeldesarrollo.mx\/migracionydesarrolloenglishversion\/wp-content\/uploads\/2018\/11\/10ing-3.pdf\" target=\"_blank\" rel=\"noopener\"><big><span style=\"color: #000000;\">Human rights and migration: the missing link<\/span><\/big><\/a><br \/>\n<span style=\"color: #808080;\"><strong>Bimal Ghosh<\/strong><\/span><br \/>\n<big><\/big><\/p>\n<p><a href=\"https:\/\/estudiosdeldesarrollo.mx\/migracionydesarrolloenglishversion\/wp-content\/uploads\/2018\/11\/10-4.pdf\" target=\"_blank\" rel=\"noopener\"><big><span style=\"color: #000000;\">The racialization of Mexicans in the United States? Racial stratification in the theory and practice<\/span><\/big><\/a><br \/>\n<span style=\"color: #808080;\"><strong>Douglas S. Massey<\/strong><\/span><br \/>\n<big><\/big><\/p>\n<p><a href=\"https:\/\/estudiosdeldesarrollo.mx\/migracionydesarrolloenglishversion\/wp-content\/uploads\/2018\/11\/10ing-5.pdf\" target=\"_blank\" rel=\"noopener\"><big><span style=\"color: #000000;\">Redefining forced migration using human rights<\/span><\/big><\/a><br \/>\n<span style=\"color: #808080;\"><strong>Susan Gzesh<br \/>\n<\/strong><\/span><\/p>\n<p><a href=\"https:\/\/estudiosdeldesarrollo.mx\/migracionydesarrolloenglishversion\/wp-content\/uploads\/2018\/11\/10ing-6.pdf\" target=\"_blank\" rel=\"noopener\"><big><span style=\"color: #000000;\">Global apartheid, <em>coyotaje<\/em> and the discourse of clandestine migration: distinctions between personal, structural and cultural violence<\/span><\/big><\/a><br \/>\n<span style=\"color: #808080;\"><strong>David Spener<br \/>\n<\/strong><\/span><br \/>\n<a href=\"https:\/\/estudiosdeldesarrollo.mx\/migracionydesarrolloenglishversion\/wp-content\/uploads\/2018\/11\/10ing-7.pdf\" target=\"_blank\" rel=\"noopener\"><big><span style=\"color: #000000;\">The routes of Central Americans through Mexico: characterization, principal agents and complexities<\/span><\/big><\/a><br \/>\n<span style=\"color: #808080;\"><strong>Rodolfo Casillas<br \/>\n<\/strong><\/span><\/p>\n<h4><span style=\"color: #800000;\"><b>Juncture and debate<\/b><\/span><\/h4>\n<p><a href=\"https:\/\/estudiosdeldesarrollo.mx\/migracionydesarrolloenglishversion\/wp-content\/uploads\/2018\/11\/10ing-9.pdf\" target=\"_blank\" rel=\"noopener\"><big><span style=\"color: #000000;\">The fence to nowhere: the case for a bilateral labor management program<\/span><\/big><\/a><br \/>\n<span style=\"color: #808080;\"><strong>Alejandro Portes<br \/>\n<\/strong><\/span><\/p>\n<h4><span style=\"color: #800000;\"><b>Actors&#8217; voices<\/b><\/span><\/h4>\n<p><a href=\"https:\/\/estudiosdeldesarrollo.mx\/migracionydesarrolloenglishversion\/wp-content\/uploads\/2018\/11\/10ing-8.pdf\" target=\"_blank\" rel=\"noopener\"><big><span style=\"color: #000000;\">Informal liturgy of the migrant journey. An essay on the expressions, gestures and rituals of the undocumented and refugee community from Central America to the north<\/span><\/big><\/a><br \/>\n<span style=\"color: #808080;\"><strong>Rev. Flor Mar\u00eda Rigoni<br \/>\n<\/strong><\/span><\/p>\n<\/div>\n<\/div>\n","protected":false},"excerpt":{"rendered":"<p>Migraci\u00f3n y Desarrollo, volumen 6, n\u00famero 10, primer semestre 2008, es una publicaci\u00f3n semestral editada por la Universidad Aut\u00f3noma de Zacatecas \u00abFrancisco Garc\u00eda Salinas\u00bb, a trav\u00e9s de la Unidad Acad\u00e9mica de Estudios del Desarrollo, Jard\u00edn Ju\u00e1rez 147, colonia Centro, Zacatecas,<\/p>\n","protected":false},"author":2,"featured_media":0,"parent":0,"menu_order":0,"comment_status":"closed","ping_status":"closed","template":"","meta":{"footnotes":""},"class_list":["post-741","page","type-page","status-publish","hentry"],"_links":{"self":[{"href":"https:\/\/estudiosdeldesarrollo.mx\/migracionydesarrolloenglishversion\/wp-json\/wp\/v2\/pages\/741","targetHints":{"allow":["GET"]}}],"collection":[{"href":"https:\/\/estudiosdeldesarrollo.mx\/migracionydesarrolloenglishversion\/wp-json\/wp\/v2\/pages"}],"about":[{"href":"https:\/\/estudiosdeldesarrollo.mx\/migracionydesarrolloenglishversion\/wp-json\/wp\/v2\/types\/page"}],"author":[{"embeddable":true,"href":"https:\/\/estudiosdeldesarrollo.mx\/migracionydesarrolloenglishversion\/wp-json\/wp\/v2\/users\/2"}],"replies":[{"embeddable":true,"href":"https:\/\/estudiosdeldesarrollo.mx\/migracionydesarrolloenglishversion\/wp-json\/wp\/v2\/comments?post=741"}],"version-history":[{"count":1,"href":"https:\/\/estudiosdeldesarrollo.mx\/migracionydesarrolloenglishversion\/wp-json\/wp\/v2\/pages\/741\/revisions"}],"predecessor-version":[{"id":742,"href":"https:\/\/estudiosdeldesarrollo.mx\/migracionydesarrolloenglishversion\/wp-json\/wp\/v2\/pages\/741\/revisions\/742"}],"wp:attachment":[{"href":"https:\/\/estudiosdeldesarrollo.mx\/migracionydesarrolloenglishversion\/wp-json\/wp\/v2\/media?parent=741"}],"curies":[{"name":"wp","href":"https:\/\/api.w.org\/{rel}","templated":true}]}}