{"id":733,"date":"2018-12-05T19:04:40","date_gmt":"2018-12-05T19:04:40","guid":{"rendered":"https:\/\/estudiosdeldesarrollo.mx\/migracionydesarrolloenglishversion\/?page_id=733"},"modified":"2018-12-05T19:04:40","modified_gmt":"2018-12-05T19:04:40","slug":"numero-11","status":"publish","type":"page","link":"https:\/\/estudiosdeldesarrollo.mx\/migracionydesarrolloenglishversion\/numero-11\/","title":{"rendered":"N\u00famero 11"},"content":{"rendered":"<div id=\"contenedor30\">\n<div style=\"float: left;\">\n<div>\n<p><img loading=\"lazy\" decoding=\"async\" class=\"wp-image-505 alignleft\" src=\"https:\/\/estudiosdeldesarrollo.mx\/migracionydesarrolloenglishversion\/wp-content\/uploads\/2018\/11\/11h300-189x300.jpg\" alt=\"\" width=\"142\" height=\"226\" \/><\/p>\n<p><span style=\"color: #508086;\"><strong><em>Migraci\u00f3n y Desarrollo<\/em>, volumen 6, n\u00famero 11, segundo semestre 2008<\/strong><\/span>, es una publicaci\u00f3n semestral editada por la Universidad Aut\u00f3noma de Zacatecas \u00abFrancisco Garc\u00eda Salinas\u00bb, a trav\u00e9s de la Unidad Acad\u00e9mica de Estudios del Desarrollo, Jard\u00edn Ju\u00e1rez 147, colonia Centro, Zacatecas, C.P. 98000, Tel. (01492) 922 91 09, www.uaz.edu.mx, www.estudiosdeldesarrollo.net, revistamyd@estudiosdeldesarrollo.net. Editor responsable: Ra\u00fal Delgado Wise. Reserva de Derechos al Uso Exclusivo V\u00eda Red C\u00f3mputo No. 04-2015-060212200400-203. ISSN: 2448-7783, ambos otorgados por el Instituto Nacional del Derecho de Autor. Responsable de \u00faltima actualizaci\u00f3n: Unidad Acad\u00e9mica de Estudios del Desarrollo, Maximino Gerardo Luna Estrada, Campus Universitario II, avenida Preparatoria s\/n, fraccionamiento Progreso, Zacatecas, C.P. 98065. Fecha de la \u00faltima modificaci\u00f3n, septiembre de 2008.<\/p>\n<p>Las opiniones expresadas por los autores no necesariamente reflejan la postura del editor de la publicaci\u00f3n. Queda estrictamente prohibida la reproducci\u00f3n total o parcial de los contenidos e im\u00e1genes de la publicaci\u00f3n sin previa autorizaci\u00f3n de la Universidad Aut\u00f3noma de Zacatecas \u00abFrancisco Garc\u00eda Salinas\u00bb a trav\u00e9s de la Unidad Acad\u00e9mica de Estudios del Desarrollo.<\/p>\n<\/div>\n<\/div>\n<div style=\"float: left; background-color: #f2f2f2; padding: 10px; width: 100%;\">\n<p><a href=\"https:\/\/estudiosdeldesarrollo.mx\/migracionydesarrolloenglishversion\/number-11\/\"><img loading=\"lazy\" decoding=\"async\" class=\"alignright\" src=\"https:\/\/estudiosdeldesarrollo.mx\/migracionydesarrolloenglishversion\/wp-content\/uploads\/2018\/11\/flags.jpg\" alt=\"\" width=\"53\" height=\"27\" \/><\/a><\/p>\n<h4><span style=\"color: #508086;\"><b>Art\u00edculos<\/b><\/span><\/h4>\n<p><a href=\"https:\/\/estudiosdeldesarrollo.mx\/migracionydesarrolloenglishversion\/wp-content\/uploads\/2018\/11\/11-1.pdf\" target=\"_blank\" rel=\"noopener\"><big><span style=\"color: #000000;\">Remesas y desarrollo en Am\u00e9rica Latina. Una relaci\u00f3n en busca de teor\u00eda<\/span><\/big><\/a><br \/>\n<span style=\"color: #808080;\"><b>Alejandro I. Canales Cer\u00f3n<\/b><\/span><br \/>\n<big><\/big><\/p>\n<p><a href=\"https:\/\/estudiosdeldesarrollo.mx\/migracionydesarrolloenglishversion\/wp-content\/uploads\/2018\/11\/11-2.pdf\" target=\"_blank\" rel=\"noopener\"><big><span style=\"color: #000000;\">\u00abSi ellas no vieran por m\u00ed, no tuviera nada\u00bb: remesas y estructuras financieras locales en el austro ecuatoriano. Una mirada transnacional al dinero de los migrantes<\/span><\/big><\/a><br \/>\n<span style=\"color: #808080;\"><strong>Almudena Cort\u00e9s Maisonave | Carlos Ernesto Ortega Garc\u00eda<\/strong><\/span><br \/>\n<big><\/big><\/p>\n<p><a href=\"https:\/\/estudiosdeldesarrollo.mx\/migracionydesarrolloenglishversion\/wp-content\/uploads\/2018\/11\/11-3.pdf\" target=\"_blank\" rel=\"noopener\"><big><span style=\"color: #000000;\">Neoliberalismo y salud en la frontera de M\u00e9xico y Estados Unidos. El caso de la tuberculosis<\/span><\/big><\/a><br \/>\n<span style=\"color: #808080;\"><strong>Jos\u00e9 A. Gomes Moreira<\/strong><\/span><br \/>\n<big><\/big><\/p>\n<p><a href=\"https:\/\/estudiosdeldesarrollo.mx\/migracionydesarrolloenglishversion\/wp-content\/uploads\/2018\/11\/11-4.pdf\" target=\"_blank\" rel=\"noopener\"><big><span style=\"color: #000000;\">Comunicaci\u00f3n y afrontamiento como estrategias individuales que buscan facilitar la adaptaci\u00f3n social en poblaci\u00f3n migrante<\/span><\/big><\/a><br \/>\n<span style=\"color: #808080;\"><strong>Ang\u00e9lica Ojeda Garc\u00eda | Jos\u00e9 Cuenca V\u00e1zquez | Dyana Ivette Espinosa Gardu\u00f1o<\/strong><\/span><br \/>\n<big><\/big><\/p>\n<p><a href=\"https:\/\/estudiosdeldesarrollo.mx\/migracionydesarrolloenglishversion\/wp-content\/uploads\/2018\/11\/11-5.pdf\" target=\"_blank\" rel=\"noopener\"><big><span style=\"color: #000000;\">La inmigraci\u00f3n de jubilados estadounidenses en M\u00e9xico y sus pr\u00e1cticas transnacionales. Estudio de caso en Mazatl\u00e1n, Sinaloa y Cabo San Lucas, Baja California Sur<\/span><\/big><\/a><br \/>\n<span style=\"color: #808080;\"><strong>Omar Liz\u00e1rraga Morales<br \/>\n<\/strong><\/span><span style=\"color: #808080;\"><strong><br \/>\n<\/strong><\/span><\/p>\n<h4><span style=\"color: #508086;\"><b>Coyuntura y debate<\/b><\/span><\/h4>\n<p><a href=\"https:\/\/estudiosdeldesarrollo.mx\/migracionydesarrolloenglishversion\/wp-content\/uploads\/2018\/11\/11-7.pdf\" target=\"_blank\" rel=\"noopener\"><big><span style=\"color: #000000;\">Contribuci\u00f3n de los migrantes mexicanos a la econom\u00eda de Estados Unidos<\/span><\/big><\/a><br \/>\n<span style=\"color: #808080;\"><strong><br \/>\n<\/strong><\/span><\/p>\n<h4><span style=\"color: #508086;\"><b>La voz de los actores<\/b><\/span><\/h4>\n<p><a href=\"https:\/\/estudiosdeldesarrollo.mx\/migracionydesarrolloenglishversion\/wp-content\/uploads\/2018\/11\/11-6.pdf\" target=\"_blank\" rel=\"noopener\"><big><span style=\"color: #000000;\">Miles de voces unidas en favor de los migrantes y sus derechos<\/span><\/big><\/a><br \/>\n<span style=\"color: #808080;\"><strong><br \/>\n<\/strong><\/span><\/p>\n<\/div>\n<\/div>\n","protected":false},"excerpt":{"rendered":"<p>Migraci\u00f3n y Desarrollo, volumen 6, n\u00famero 11, segundo semestre 2008, es una publicaci\u00f3n semestral editada por la Universidad Aut\u00f3noma de Zacatecas \u00abFrancisco Garc\u00eda Salinas\u00bb, a trav\u00e9s de la Unidad Acad\u00e9mica de Estudios del Desarrollo, Jard\u00edn Ju\u00e1rez 147, colonia Centro, Zacatecas,<\/p>\n","protected":false},"author":2,"featured_media":0,"parent":0,"menu_order":0,"comment_status":"closed","ping_status":"closed","template":"","meta":{"footnotes":""},"class_list":["post-733","page","type-page","status-publish","hentry"],"_links":{"self":[{"href":"https:\/\/estudiosdeldesarrollo.mx\/migracionydesarrolloenglishversion\/wp-json\/wp\/v2\/pages\/733","targetHints":{"allow":["GET"]}}],"collection":[{"href":"https:\/\/estudiosdeldesarrollo.mx\/migracionydesarrolloenglishversion\/wp-json\/wp\/v2\/pages"}],"about":[{"href":"https:\/\/estudiosdeldesarrollo.mx\/migracionydesarrolloenglishversion\/wp-json\/wp\/v2\/types\/page"}],"author":[{"embeddable":true,"href":"https:\/\/estudiosdeldesarrollo.mx\/migracionydesarrolloenglishversion\/wp-json\/wp\/v2\/users\/2"}],"replies":[{"embeddable":true,"href":"https:\/\/estudiosdeldesarrollo.mx\/migracionydesarrolloenglishversion\/wp-json\/wp\/v2\/comments?post=733"}],"version-history":[{"count":1,"href":"https:\/\/estudiosdeldesarrollo.mx\/migracionydesarrolloenglishversion\/wp-json\/wp\/v2\/pages\/733\/revisions"}],"predecessor-version":[{"id":734,"href":"https:\/\/estudiosdeldesarrollo.mx\/migracionydesarrolloenglishversion\/wp-json\/wp\/v2\/pages\/733\/revisions\/734"}],"wp:attachment":[{"href":"https:\/\/estudiosdeldesarrollo.mx\/migracionydesarrolloenglishversion\/wp-json\/wp\/v2\/media?parent=733"}],"curies":[{"name":"wp","href":"https:\/\/api.w.org\/{rel}","templated":true}]}}