{"id":731,"date":"2018-12-05T18:56:04","date_gmt":"2018-12-05T18:56:04","guid":{"rendered":"https:\/\/estudiosdeldesarrollo.mx\/migracionydesarrolloenglishversion\/?page_id=731"},"modified":"2019-05-31T20:40:18","modified_gmt":"2019-05-31T20:40:18","slug":"number-12","status":"publish","type":"page","link":"https:\/\/estudiosdeldesarrollo.mx\/migracionydesarrolloenglishversion\/number-12\/","title":{"rendered":"Number 12"},"content":{"rendered":"<div id=\"contenedor30\">\n<div style=\"float: left;\">\n<div>\n<p><img loading=\"lazy\" decoding=\"async\" class=\"wp-image-506 alignleft\" src=\"https:\/\/estudiosdeldesarrollo.mx\/migracionydesarrolloenglishversion\/wp-content\/uploads\/2018\/11\/12h300-176x300.jpg\" alt=\"\" width=\"133\" height=\"226\" \/><\/p>\n<p><span style=\"color: #008bb0;\"><strong><em>Migraci\u00f3n y Desarrollo<\/em>, volumen 7, n\u00famero 12, primer semestre 2009<\/strong><\/span>, es una publicaci\u00f3n semestral editada por la Universidad Aut\u00f3noma de Zacatecas \u00abFrancisco Garc\u00eda Salinas\u00bb, a trav\u00e9s de la Unidad Acad\u00e9mica de Estudios del Desarrollo, Jard\u00edn Ju\u00e1rez 147, colonia Centro, Zacatecas, C.P. 98000, Tel. (01492) 922 91 09, www.uaz.edu.mx, www.estudiosdeldesarrollo.net, revistamyd@estudiosdeldesarrollo.net. Editor responsable: Ra\u00fal Delgado Wise. Reserva de Derechos al Uso Exclusivo V\u00eda Red C\u00f3mputo No. 04-2015-060212200400-203. ISSN: 2448-7783, ambos otorgados por el Instituto Nacional del Derecho de Autor. Responsable de \u00faltima actualizaci\u00f3n: Unidad Acad\u00e9mica de Estudios del Desarrollo, Maximino Gerardo Luna Estrada, Campus Universitario II, avenida Preparatoria s\/n, fraccionamiento Progreso, Zacatecas, C.P. 98065. Fecha de la \u00faltima modificaci\u00f3n, marzo de 2009.<\/p>\n<p>Las opiniones expresadas por los autores no necesariamente reflejan la postura del editor de la publicaci\u00f3n. Queda estrictamente prohibida la reproducci\u00f3n total o parcial de los contenidos e im\u00e1genes de la publicaci\u00f3n sin previa autorizaci\u00f3n de la Universidad Aut\u00f3noma de Zacatecas \u00abFrancisco Garc\u00eda Salinas\u00bb a trav\u00e9s de la Unidad Acad\u00e9mica de Estudios del Desarrollo.<\/p>\n<\/div>\n<\/div>\n<div style=\"float: left; background-color: #f2f2f2; padding: 10px; width: 100%;\">\n<p><a href=\"https:\/\/estudiosdeldesarrollo.mx\/migracionydesarrolloenglishversion\/numero-12\/\"><img loading=\"lazy\" decoding=\"async\" class=\"alignright\" src=\"https:\/\/estudiosdeldesarrollo.mx\/migracionydesarrolloenglishversion\/wp-content\/uploads\/2018\/11\/banderas.jpg\" alt=\"\" width=\"53\" height=\"27\" \/><\/a><\/p>\n<h4><span style=\"color: #008bb0;\"><b>Articles<\/b><\/span><\/h4>\n<p><a href=\"https:\/\/estudiosdeldesarrollo.mx\/migracionydesarrolloenglishversion\/wp-content\/uploads\/2018\/11\/12ing-1.pdf\" target=\"_blank\" rel=\"noopener noreferrer\"><big><span style=\"color: #000000;\">Migration and cross-border devotions<\/span><\/big><\/a><br \/>\n<span style=\"color: #808080;\"><b>Patricia Arias | Jorge Durand<\/b><\/span><br \/>\n<big><\/big><\/p>\n<p><a href=\"https:\/\/estudiosdeldesarrollo.mx\/migracionydesarrolloenglishversion\/wp-content\/uploads\/2018\/11\/12ing-2.pdf\" target=\"_blank\" rel=\"noopener noreferrer\"><big><span style=\"color: #000000;\">Six theses to demystify the nexus between migration and development<\/span><\/big><\/a><br \/>\n<span style=\"color: #808080;\"><strong>Ra\u00fal Delgado Wise | Humberto M\u00e1rquez Covarrubias | H\u00e9ctor Rodr\u00edguez Ram\u00edrez<\/strong><\/span><br \/>\n<big><\/big><\/p>\n<p><a href=\"https:\/\/estudiosdeldesarrollo.mx\/migracionydesarrolloenglishversion\/wp-content\/uploads\/2018\/11\/12ing-3.pdf\" target=\"_blank\" rel=\"noopener noreferrer\"><big><span style=\"color: #000000;\">Gender, politics and migration in the global agenda: recent changes in the South American region<\/span><\/big><\/a><br \/>\n<span style=\"color: #808080;\"><strong>Mar\u00eda Jos\u00e9 Magliano | Eduardo E. Domenech<\/strong><\/span><br \/>\n<big><\/big><\/p>\n<p><a href=\"https:\/\/estudiosdeldesarrollo.mx\/migracionydesarrolloenglishversion\/wp-content\/uploads\/2018\/11\/12ing-4.pdf\" target=\"_blank\" rel=\"noopener noreferrer\"><big><span style=\"color: #000000;\">The impact of nostalgia tourism and family remittances in the development of a rural Oaxacan community<\/span><\/big><\/a><br \/>\n<span style=\"color: #808080;\"><strong>Rafael Reyes Morales | Nydia Delh\u00ed Mata S\u00e1nchez | Alicia Sylvia Gij\u00f3n Cruz | Andr\u00e9s C. Cruz Contreras | Salvador L\u00f3pez Platas<\/strong><\/span><br \/>\n<big><\/big><\/p>\n<p><a href=\"https:\/\/estudiosdeldesarrollo.mx\/migracionydesarrolloenglishversion\/wp-content\/uploads\/2018\/11\/12ing-5.pdf\" target=\"_blank\" rel=\"noopener noreferrer\"><big><span style=\"color: #000000;\">How transnationalism facilitates the participation of Mexican immigrants in U.S. politics<\/span><\/big><\/a><br \/>\n<span style=\"color: #808080;\"><strong>Patricia H. Escamilla Hamm<br \/>\n<\/strong><\/span><span style=\"color: #808080;\"><strong><br \/>\n<\/strong><\/span><\/p>\n<h4><span style=\"color: #008bb0;\"><b>Juncture and debate<\/b><\/span><\/h4>\n<p><a href=\"https:\/\/estudiosdeldesarrollo.mx\/migracionydesarrolloenglishversion\/wp-content\/uploads\/2018\/11\/12ing-7.pdf\" target=\"_blank\" rel=\"noopener noreferrer\"><big><span style=\"color: #000000;\">The U.S. financial tsunami and its impact on Mexican emigration<\/span><\/big><\/a><br \/>\n<span style=\"color: #808080;\"><strong>Rodolfo Garc\u00eda Zamora<br \/>\n<\/strong><\/span><\/p>\n<h4><span style=\"color: #008bb0;\"><b>Actors&#8217; voices<\/b><\/span><\/h4>\n<p><a href=\"https:\/\/estudiosdeldesarrollo.mx\/migracionydesarrolloenglishversion\/wp-content\/uploads\/2018\/11\/12ing-6.pdf\" target=\"_blank\" rel=\"noopener noreferrer\"><big><span style=\"color: #000000;\">Meeting of young people to reflect on indigenous migration in our time<\/span><\/big><\/a><br \/>\n<span style=\"color: #808080;\"><strong><br \/>\n<\/strong><\/span><\/p>\n<\/div>\n<\/div>\n","protected":false},"excerpt":{"rendered":"<p>Migraci\u00f3n y Desarrollo, volumen 7, n\u00famero 12, primer semestre 2009, es una publicaci\u00f3n semestral editada por la Universidad Aut\u00f3noma de Zacatecas \u00abFrancisco Garc\u00eda Salinas\u00bb, a trav\u00e9s de la Unidad Acad\u00e9mica de Estudios del Desarrollo, Jard\u00edn Ju\u00e1rez 147, colonia Centro, Zacatecas,<\/p>\n","protected":false},"author":2,"featured_media":0,"parent":0,"menu_order":0,"comment_status":"closed","ping_status":"closed","template":"","meta":{"footnotes":""},"class_list":["post-731","page","type-page","status-publish","hentry"],"_links":{"self":[{"href":"https:\/\/estudiosdeldesarrollo.mx\/migracionydesarrolloenglishversion\/wp-json\/wp\/v2\/pages\/731","targetHints":{"allow":["GET"]}}],"collection":[{"href":"https:\/\/estudiosdeldesarrollo.mx\/migracionydesarrolloenglishversion\/wp-json\/wp\/v2\/pages"}],"about":[{"href":"https:\/\/estudiosdeldesarrollo.mx\/migracionydesarrolloenglishversion\/wp-json\/wp\/v2\/types\/page"}],"author":[{"embeddable":true,"href":"https:\/\/estudiosdeldesarrollo.mx\/migracionydesarrolloenglishversion\/wp-json\/wp\/v2\/users\/2"}],"replies":[{"embeddable":true,"href":"https:\/\/estudiosdeldesarrollo.mx\/migracionydesarrolloenglishversion\/wp-json\/wp\/v2\/comments?post=731"}],"version-history":[{"count":3,"href":"https:\/\/estudiosdeldesarrollo.mx\/migracionydesarrolloenglishversion\/wp-json\/wp\/v2\/pages\/731\/revisions"}],"predecessor-version":[{"id":913,"href":"https:\/\/estudiosdeldesarrollo.mx\/migracionydesarrolloenglishversion\/wp-json\/wp\/v2\/pages\/731\/revisions\/913"}],"wp:attachment":[{"href":"https:\/\/estudiosdeldesarrollo.mx\/migracionydesarrolloenglishversion\/wp-json\/wp\/v2\/media?parent=731"}],"curies":[{"name":"wp","href":"https:\/\/api.w.org\/{rel}","templated":true}]}}