{"id":471,"date":"2018-11-28T16:27:30","date_gmt":"2018-11-28T16:27:30","guid":{"rendered":"https:\/\/estudiosdeldesarrollo.mx\/migracionydesarrolloenglishversion\/?page_id=471"},"modified":"2018-11-28T18:49:42","modified_gmt":"2018-11-28T18:49:42","slug":"numero-18","status":"publish","type":"page","link":"https:\/\/estudiosdeldesarrollo.mx\/migracionydesarrolloenglishversion\/numero-18\/","title":{"rendered":"N\u00famero 18"},"content":{"rendered":"<div id=\"contenedor30\">\n<div style=\"float: left;\">\n<div>\n<p><img loading=\"lazy\" decoding=\"async\" class=\"wp-image-400 alignleft\" src=\"https:\/\/estudiosdeldesarrollo.mx\/migracionydesarrolloenglishversion\/wp-content\/uploads\/2018\/11\/18h300-220x300.jpg\" alt=\"\" width=\"166\" height=\"226\" \/><\/p>\n<p><span style=\"color: #808000;\"><strong><em>Migraci\u00f3n y Desarrollo<\/em>, volumen 10, n\u00famero 18, primer semestre 2012<\/strong><\/span>, es una publicaci\u00f3n semestral editada por la Universidad Aut\u00f3noma de Zacatecas \u00abFrancisco Garc\u00eda Salinas\u00bb, a trav\u00e9s de la Unidad Acad\u00e9mica de Estudios del Desarrollo, Jard\u00edn Ju\u00e1rez 147, colonia Centro, Zacatecas, C.P. 98000, Tel. (01492) 922 91 09, www.uaz.edu.mx, www.estudiosdeldesarrollo.net, revistamyd@estudiosdeldesarrollo.net. Editor responsable: Ra\u00fal Delgado Wise. Reserva de Derechos al Uso Exclusivo V\u00eda Red C\u00f3mputo No. 04-2015-060212200400-203. ISSN: 2448-7783, ambos otorgados por el Instituto Nacional del Derecho de Autor. Responsable de \u00faltima actualizaci\u00f3n: Unidad Acad\u00e9mica de Estudios del Desarrollo, Maximino Gerardo Luna Estrada, Campus Universitario II, avenida Preparatoria s\/n, fraccionamiento Progreso, Zacatecas, C.P. 98065. Fecha de la \u00faltima modificaci\u00f3n, julio de 2012.<\/p>\n<p>Las opiniones expresadas por los autores no necesariamente reflejan la postura del editor de la publicaci\u00f3n. Queda estrictamente prohibida la reproducci\u00f3n total o parcial de los contenidos e im\u00e1genes de la publicaci\u00f3n sin previa autorizaci\u00f3n de la Universidad Aut\u00f3noma de Zacatecas \u00abFrancisco Garc\u00eda Salinas\u00bb a trav\u00e9s de la Unidad Acad\u00e9mica de Estudios del Desarrollo.<\/p>\n<\/div>\n<\/div>\n<div style=\"float: left; background-color: #f2f2f2; padding: 10px; width: 100%;\">\n<a href=\"https:\/\/estudiosdeldesarrollo.mx\/migracionydesarrolloenglishversion\/number-18\/\"><img loading=\"lazy\" decoding=\"async\" class=\"alignright\" src=\"https:\/\/estudiosdeldesarrollo.mx\/migracionydesarrolloenglishversion\/wp-content\/uploads\/2018\/11\/flags.jpg\" alt=\"\" width=\"53\" height=\"27\" \/><\/a><\/p>\n<h4 style=\"color: #8a6b28;\"><span style=\"color: #808000;\"><b>Art\u00edculos<\/b><\/span><\/h4>\n<p><a href=\"https:\/\/estudiosdeldesarrollo.mx\/migracionydesarrolloenglishversion\/wp-content\/uploads\/2018\/11\/18-1.pdf\" target=\"_blank\" rel=\"noopener\"><big><span style=\"color: #000000;\">Migrante entre las dem\u00e1s. La categor\u00eda \u00abprostituta\u00bb a prueba de las estad\u00edsticas en Bolivia<\/span><\/big><\/a><br \/>\n<span style=\"color: #808080;\"><b>Pascale Absi | Hubert Mazurek | Noem\u00ed Chipana<\/b><\/span><br \/>\n<big><\/big><\/p>\n<p><a href=\"https:\/\/estudiosdeldesarrollo.mx\/migracionydesarrolloenglishversion\/wp-content\/uploads\/2018\/11\/18-2.pdf\" target=\"_blank\" rel=\"noopener\"><big><span style=\"color: #000000;\">La lucha de las mujeres migrantes haitianas por la seguridad ciudadana<\/span><\/big><\/a><br \/>\n<span style=\"color: #808080;\"><strong>Bridget Wooding<\/strong><\/span><br \/>\n<big><\/big><\/p>\n<p><a href=\"https:\/\/estudiosdeldesarrollo.mx\/migracionydesarrolloenglishversion\/wp-content\/uploads\/2018\/11\/18-3.pdf\" target=\"_blank\" rel=\"noopener\"><big><span style=\"color: #000000;\">Movilidad, conocimiento y cooperaci\u00f3n: las di\u00e1sporas cient\u00edficas como agentes de desarrollo<\/span><\/big><\/a><br \/>\n<span style=\"color: #808080;\"><strong>Gabriela Tejada<\/strong><\/span><br \/>\n<big><\/big><\/p>\n<p><a href=\"https:\/\/estudiosdeldesarrollo.mx\/migracionydesarrolloenglishversion\/wp-content\/uploads\/2018\/11\/18-4.pdf\" target=\"_blank\" rel=\"noopener\"><big><span style=\"color: #000000;\">Migraci\u00f3n M\u00e9xico-Estados Unidos en cifras (1990-2011)<\/span><\/big><\/a><br \/>\n<span style=\"color: #808080;\"><strong>Selene Gaspar Olvera<\/strong><\/span><br \/>\n<big><\/big><\/p>\n<p><a href=\"https:\/\/estudiosdeldesarrollo.mx\/migracionydesarrolloenglishversion\/wp-content\/uploads\/2018\/11\/18-5.pdf\" target=\"_blank\" rel=\"noopener\"><big><span style=\"color: #000000;\">Empresarias hispanas y mexicanas en Estados Unidos y M\u00e9xico<\/span><\/big><\/a><br \/>\n<span style=\"color: #808080;\"><strong>Alicia Gir\u00f3n | Miroslaba Lara Cancino<br \/>\n<\/strong><\/span><\/p>\n<h4><span style=\"color: #808000;\"><b>Coyuntura y debate<\/b><\/span><\/h4>\n<p><a href=\"https:\/\/estudiosdeldesarrollo.mx\/migracionydesarrolloenglishversion\/wp-content\/uploads\/2018\/11\/18-7.pdf\" target=\"_blank\" rel=\"noopener\"><big><span style=\"color: #000000;\">Apuntes para una visi\u00f3n estrat\u00e9gica sobre desarrollo, migraci\u00f3n y derechos humanos<\/span><\/big><\/a><br \/>\n<span style=\"color: #808080;\"><strong>Stephen Castles | Ra\u00fal Delgado Wise<br \/>\n<\/strong><\/span><\/p>\n<h4><span style=\"color: #808000;\"><b>La voz de los actores<\/b><\/span><\/h4>\n<p><a href=\"https:\/\/estudiosdeldesarrollo.mx\/migracionydesarrolloenglishversion\/wp-content\/uploads\/2018\/11\/18-6.pdf\" target=\"_blank\" rel=\"noopener\"><big><span style=\"color: #000000;\">Dolor y gozo: la estructura ps\u00edquica de las familias transnacionales<\/span><\/big><\/a><br \/>\n<span style=\"color: #808080;\"><strong>Elena Ramos Tovar<br \/>\n<\/strong><\/span>\n<\/div>\n<\/div>\n<\/div>\n","protected":false},"excerpt":{"rendered":"<p>Migraci\u00f3n y Desarrollo, volumen 10, n\u00famero 18, primer semestre 2012, es una publicaci\u00f3n semestral editada por la Universidad Aut\u00f3noma de Zacatecas \u00abFrancisco Garc\u00eda Salinas\u00bb, a trav\u00e9s de la Unidad Acad\u00e9mica de Estudios del Desarrollo, Jard\u00edn Ju\u00e1rez 147, colonia Centro, Zacatecas,<\/p>\n","protected":false},"author":2,"featured_media":0,"parent":0,"menu_order":0,"comment_status":"closed","ping_status":"closed","template":"","meta":{"footnotes":""},"class_list":["post-471","page","type-page","status-publish","hentry"],"_links":{"self":[{"href":"https:\/\/estudiosdeldesarrollo.mx\/migracionydesarrolloenglishversion\/wp-json\/wp\/v2\/pages\/471","targetHints":{"allow":["GET"]}}],"collection":[{"href":"https:\/\/estudiosdeldesarrollo.mx\/migracionydesarrolloenglishversion\/wp-json\/wp\/v2\/pages"}],"about":[{"href":"https:\/\/estudiosdeldesarrollo.mx\/migracionydesarrolloenglishversion\/wp-json\/wp\/v2\/types\/page"}],"author":[{"embeddable":true,"href":"https:\/\/estudiosdeldesarrollo.mx\/migracionydesarrolloenglishversion\/wp-json\/wp\/v2\/users\/2"}],"replies":[{"embeddable":true,"href":"https:\/\/estudiosdeldesarrollo.mx\/migracionydesarrolloenglishversion\/wp-json\/wp\/v2\/comments?post=471"}],"version-history":[{"count":2,"href":"https:\/\/estudiosdeldesarrollo.mx\/migracionydesarrolloenglishversion\/wp-json\/wp\/v2\/pages\/471\/revisions"}],"predecessor-version":[{"id":701,"href":"https:\/\/estudiosdeldesarrollo.mx\/migracionydesarrolloenglishversion\/wp-json\/wp\/v2\/pages\/471\/revisions\/701"}],"wp:attachment":[{"href":"https:\/\/estudiosdeldesarrollo.mx\/migracionydesarrolloenglishversion\/wp-json\/wp\/v2\/media?parent=471"}],"curies":[{"name":"wp","href":"https:\/\/api.w.org\/{rel}","templated":true}]}}