{"id":35,"date":"2018-11-07T17:36:24","date_gmt":"2018-11-07T17:36:24","guid":{"rendered":"https:\/\/estudiosdeldesarrollo.mx\/migracionydesarrolloenglishversion\/?page_id=35"},"modified":"2020-12-21T18:23:59","modified_gmt":"2020-12-21T18:23:59","slug":"equipo-editorial","status":"publish","type":"page","link":"https:\/\/estudiosdeldesarrollo.mx\/migracionydesarrolloenglishversion\/equipo-editorial\/","title":{"rendered":"Editorial Team"},"content":{"rendered":"<p style=\"text-align: center;\"><big>Ra\u00fal Delgado Wise<\/big><br \/>\n<span style=\"font-size: 75%;\"> <strong>DIRECTOR<\/strong><\/span><\/p>\n<p style=\"text-align: center;\">Mark Rushton<br \/>\n<span style=\"font-size: 75%;\"><strong>EDITORIAL COORDINATOR<\/strong><\/span><\/p>\n<p style=\"text-align: center;\">Georgia Aral\u00fa Gonz\u00e1lez P\u00e9rez<br \/>\nSelene Carrillo Carlos<br \/>\nErika Isabel Varela Rodr\u00edguez<br \/>\nIsrael David Pi\u00f1a Garc\u00eda<br \/>\nJonat\u00e1n Aar\u00f3n Pi\u00f1a Garc\u00eda<br \/>\n<span style=\"font-size: 75%;\"><strong>EDITING AND LAYOUT<\/strong><\/span><\/p>\n<p style=\"text-align: center;\">Maximino Luna Estrada<br \/>\n<span style=\"font-size: 75%;\"> <strong>WEB PAGE<\/strong><\/span><\/p>\n<p style=\"text-align: center;\">Vladimir Delgado Mart\u00ednez<br \/>\n<span style=\"font-size: 75%;\"> <strong>COVER DESIGN<\/strong><\/span><\/p>\n<p style=\"text-align: center;\">Francisco Alba | El Colegio de M\u00e9xico | M\u00e9xico<br \/>\nJoaqu\u00edn Arango | Instituto Universitario Ortega y Gasset | M\u00e9xico<br \/>\nManuel \u00c1ngel Castillo | El Colegio de M\u00e9xico | M\u00e9xico<br \/>\nStephen Castles | Oxford University | Reino Unido<br \/>\nWayne Cornelius | University of California, San Diego | Estados Unidos<br \/>\nManuel Orozco | Inter-American Dialogue | Estados Unidos<br \/>\nAdela Pellegrino | Universidad de la Rep\u00fablica | Uruguay<br \/>\nSaskia Sassen | University of Chicago | Estados Unidos<br \/>\nSteven Vertovek | Oxford University | Reino Unido<br \/>\nCatherine Whitol de Wenden | Centre D\u2019etudes et de Recherches Internationales | Francia<br \/>\n<span style=\"font-size: 75%;\"> <strong>EDITORIAL BOARD<\/strong><\/span><\/p>\n","protected":false},"excerpt":{"rendered":"<p>Ra\u00fal Delgado Wise DIRECTOR Mark Rushton EDITORIAL COORDINATOR Georgia Aral\u00fa Gonz\u00e1lez P\u00e9rez Selene Carrillo Carlos Erika Isabel Varela Rodr\u00edguez Israel David Pi\u00f1a Garc\u00eda Jonat\u00e1n Aar\u00f3n Pi\u00f1a Garc\u00eda EDITING AND LAYOUT Maximino Luna Estrada WEB PAGE Vladimir Delgado Mart\u00ednez COVER DESIGN<\/p>\n","protected":false},"author":2,"featured_media":0,"parent":0,"menu_order":0,"comment_status":"closed","ping_status":"closed","template":"","meta":{"footnotes":""},"class_list":["post-35","page","type-page","status-publish","hentry"],"_links":{"self":[{"href":"https:\/\/estudiosdeldesarrollo.mx\/migracionydesarrolloenglishversion\/wp-json\/wp\/v2\/pages\/35","targetHints":{"allow":["GET"]}}],"collection":[{"href":"https:\/\/estudiosdeldesarrollo.mx\/migracionydesarrolloenglishversion\/wp-json\/wp\/v2\/pages"}],"about":[{"href":"https:\/\/estudiosdeldesarrollo.mx\/migracionydesarrolloenglishversion\/wp-json\/wp\/v2\/types\/page"}],"author":[{"embeddable":true,"href":"https:\/\/estudiosdeldesarrollo.mx\/migracionydesarrolloenglishversion\/wp-json\/wp\/v2\/users\/2"}],"replies":[{"embeddable":true,"href":"https:\/\/estudiosdeldesarrollo.mx\/migracionydesarrolloenglishversion\/wp-json\/wp\/v2\/comments?post=35"}],"version-history":[{"count":12,"href":"https:\/\/estudiosdeldesarrollo.mx\/migracionydesarrolloenglishversion\/wp-json\/wp\/v2\/pages\/35\/revisions"}],"predecessor-version":[{"id":1017,"href":"https:\/\/estudiosdeldesarrollo.mx\/migracionydesarrolloenglishversion\/wp-json\/wp\/v2\/pages\/35\/revisions\/1017"}],"wp:attachment":[{"href":"https:\/\/estudiosdeldesarrollo.mx\/migracionydesarrolloenglishversion\/wp-json\/wp\/v2\/media?parent=35"}],"curies":[{"name":"wp","href":"https:\/\/api.w.org\/{rel}","templated":true}]}}