{"id":1276,"date":"2021-08-03T19:29:51","date_gmt":"2021-08-03T19:29:51","guid":{"rendered":"https:\/\/estudiosdeldesarrollo.mx\/migracionydesarrolloenglishversion\/?page_id=1276"},"modified":"2021-11-11T15:56:51","modified_gmt":"2021-11-11T15:56:51","slug":"number-36","status":"publish","type":"page","link":"https:\/\/estudiosdeldesarrollo.mx\/migracionydesarrolloenglishversion\/number-36\/","title":{"rendered":"Number 36"},"content":{"rendered":"\n<p> <img decoding=\"async\" loading=\"lazy\" class=\"alignleft wp-image-1095 size-medium\" src=\"https:\/\/estudiosdeldesarrollo.mx\/migracionydesarrolloenglishversion\/wp-content\/uploads\/2021\/08\/MyD36b.jpg\" alt=\"\" width=\"217\" height=\"300\"><strong><span style=\"color: #4fae11;\"><em>Migraci\u00f3n y Desarrollo<\/em>, volumen 19, n\u00famero 36, primer semestre 2021<\/span><\/strong>, is a bi-annual journal published by the Autonomous University of Zacatecas \u00abFrancisco Garc\u00eda Salinas\u00bb, through the Academic Unit in Development Studies, Jard\u00edn Ju\u00e1rez 147, colonia Centro, Zacatecas, C.P. 98000, Tel. (01492) 922 91 09, www.uaz.edu.mx, www.estudiosdeldesarrollo.net, revistamyd@estudiosdeldesarrollo.net. Managing Editor: Ra\u00fal Delgado Wise. All Rights Reserved for Exclusive Use under Network Policy No. 04-2015-060212200400-203. ISSN: 2448-7783, both granted by the National Copyright Institute. Most recent update by: Academic Unit in Development Studies, Maximino Gerardo Luna Estrada, Campus Universitario II, avenida Preparatoria s\/n, fraccionamiento Progreso, Zacatecas, C.P. 98065. Last modification: February 2021.<\/p>\n\n\n\n<p>The opinions expressed by the authors do not necessarily reflect the position of the publisher. Complete or partial reproduction of the contents or images of the publication without prior permission from the Autonomous University of Zacatecas \u00abFrancisco Garc\u00eda Salinas\u00bb via the Academic Unit in Development Studies is strictly prohibited.<\/p>\n\n\n\n<p><a href=\"https:\/\/doi.org\/10.35533\/myd.numero35\"><span class=\"has-inline-color has-black-color\">https:\/\/doi.org\/10.35533\/myd.numero36<\/span><\/a><br><\/p>\n\n\n<h4 style=\"color: #4fae11;\">&nbsp;<\/h4>\n<h4 style=\"color: #4fae11;\"><span style=\"color: #4fae11;\"><b><big>Articles<\/big> <\/b> <\/span><\/h4>\n\n\n<p><span class=\"has-inline-color has-black-color\"> <\/span><a rel=\"noreferrer noopener\" href=\"https:\/\/estudiosdeldesarrollo.mx\/migracionydesarrollo\/wp-content\/uploads\/2021\/07\/36-1.pdf\" target=\"_blank\"><span class=\"has-inline-color has-black-color\">How can the migratory policy of Mexico be negotiated? Methods, gains, errors and options<\/span><\/a><span class=\"has-inline-color has-black-color\"> <\/span><br> Rodolfo Casillas R.<br>https:\/\/doi.org\/10.35533\/myd.1936.rcr<br><a href=\"https:\/\/estudiosdeldesarrollo.mx\/migracionydesarrollo\/numero-36-resumen-rcr\/\"><span style=\"color:#0fbe7c\" class=\"has-inline-color\">Abstract<\/span><\/a><span style=\"color:#07be7c\" class=\"has-inline-color\">&nbsp;|&nbsp;<a href=\"https:\/\/estudiosdeldesarrollo.mx\/migracionydesarrollo\/numero-36-texto-completo-rcr\/\" style=\"color:#07be7c\">Full Text<\/a>&nbsp;|&nbsp;<a rel=\"noreferrer noopener\" href=\"https:\/\/estudiosdeldesarrollo.mx\/migracionydesarrollo\/wp-content\/uploads\/2021\/07\/36-1.pdf\" target=\"_blank\" style=\"color:#07be7c\">PDF<\/a><\/span><\/p>\n\n\n\n<p><a rel=\"noreferrer noopener\" href=\"https:\/\/estudiosdeldesarrollo.mx\/migracionydesarrollo\/wp-content\/uploads\/2021\/07\/36-3.pdf\" target=\"_blank\"><span class=\"has-inline-color has-black-color\">Mexican temporary agricultural workers in Canada and covid-19<\/span><\/a><br> Rosa Mar\u00eda Vanegas Garc\u00eda | Juan Manuel Sandoval Palacios<br>https:\/\/doi.org\/10.35533\/myd.1936.rmvg<br><span class=\"has-inline-color has-vivid-green-cyan-color\"><a href=\"https:\/\/estudiosdeldesarrollo.mx\/migracionydesarrollo\/numero-36-resumen-rmvg\/\" style=\"color:#07be7c\">Abstract<\/a>&nbsp;|&nbsp;<a href=\"https:\/\/estudiosdeldesarrollo.mx\/migracionydesarrollo\/numero-36-texto-completo-rmvg\/\" style=\"color:#07be7c\">Full Text<\/a>&nbsp;|&nbsp;<a rel=\"noreferrer noopener\" href=\"https:\/\/estudiosdeldesarrollo.mx\/migracionydesarrollo\/wp-content\/uploads\/2021\/07\/36-3.pdf\" target=\"_blank\" style=\"color:#07be7c\">PDF<\/a><\/span><\/p>\n\n\n\n<p><a rel=\"noreferrer noopener\" href=\"https:\/\/estudiosdeldesarrollo.mx\/migracionydesarrollo\/wp-content\/uploads\/2021\/07\/36-2.pdf\" target=\"_blank\"><span class=\"has-inline-color has-black-color\">Chilean migratory legislation: three historic moments understood as discursive instruments<\/span><\/a><span class=\"has-inline-color has-black-color\"> <\/span><br>Jorge Brower Beltramin<br>https:\/\/doi.org\/10.35533\/myd.1936.jbb<br><a href=\"https:\/\/estudiosdeldesarrollo.mx\/migracionydesarrollo\/numero-36-resumen-jbb\/\" style=\"color:#07be7c\">Abstract<\/a>&nbsp;|&nbsp;<a href=\"https:\/\/estudiosdeldesarrollo.mx\/migracionydesarrollo\/numero-36-texto-completo-jbb\/\"><span style=\"color:#07b37c\" class=\"has-inline-color\">Full Text<\/span><\/a>&nbsp;|&nbsp;<a rel=\"noreferrer noopener\" href=\"https:\/\/estudiosdeldesarrollo.mx\/migracionydesarrollo\/wp-content\/uploads\/2021\/07\/36-2.pdf\" target=\"_blank\"><span style=\"color:#07be7c\" class=\"has-inline-color\">PDF<\/span><\/a><\/p>\n\n\n\n<p><a rel=\"noreferrer noopener\" href=\"https:\/\/estudiosdeldesarrollo.mx\/migracionydesarrollo\/wp-content\/uploads\/2021\/07\/36-4.pdf\" target=\"_blank\"><span class=\"has-inline-color has-black-color\">Sanctuary and solidarity cities in Latin America: a review of the literature<\/span><\/a><br>Margaret Godoy | Harald Bauder<br>https:\/\/doi.org\/10.35533\/myd.1936.mg.hb<br><span style=\"color:#0fbe7c\" class=\"has-inline-color\"><a href=\"https:\/\/estudiosdeldesarrollo.mx\/migracionydesarrollo\/numero-36-resumen-mg\/\" style=\"color:#07be7c\">Abstract<\/a>&nbsp;|&nbsp;<a href=\"https:\/\/estudiosdeldesarrollo.mx\/migracionydesarrollo\/numero-36-texto-completo-mg\/\" style=\"color:#07be7c\">Full Text<\/a>&nbsp;|&nbsp;<a rel=\"noreferrer noopener\" href=\"https:\/\/estudiosdeldesarrollo.mx\/migracionydesarrollo\/wp-content\/uploads\/2021\/07\/36-4.pdf\" target=\"_blank\" style=\"color:#07be7c\">PDF<\/a><\/span><\/p>\n\n\n\n<p><a rel=\"noreferrer noopener\" href=\"https:\/\/estudiosdeldesarrollo.mx\/migracionydesarrollo\/wp-content\/uploads\/2021\/07\/36-5.pdf\" target=\"_blank\"><span class=\"has-inline-color has-black-color\">Refuge and remittances: an analysis based on the \u00abSocio-economic profile of refugees in Brazil. Subsidies for policy making\u00bb<\/span><\/a><br>M\u00e1rcio de Oliveira<br>https:\/\/doi.org\/10.35533\/myd.1936.mo<br><span class=\"has-inline-color has-vivid-green-cyan-color\"><a href=\"https:\/\/estudiosdeldesarrollo.mx\/migracionydesarrollo\/numero-36-resumen-mo\/\" style=\"color:#07be7c\">Abstract<\/a>&nbsp;|&nbsp;<a href=\"https:\/\/estudiosdeldesarrollo.mx\/migracionydesarrollo\/numero-36-texto-completo-mo\/\" style=\"color:#07be7c\">Full Text<\/a>&nbsp;|&nbsp;<a rel=\"noreferrer noopener\" href=\"https:\/\/estudiosdeldesarrollo.mx\/migracionydesarrollo\/wp-content\/uploads\/2021\/08\/36-5.pdf\" target=\"_blank\" style=\"color:#07be7c\">PDF<\/a><\/span><\/p>\n\n\n<h4 style=\"color: #4fae11;\"><span style=\"color: #4fae11;\"> <b> <big>Conjuncture and Debate<\/big><\/b><\/span><\/h4>\n\n\n<p>Paradojas de la innovaci\u00f3n y la migraci\u00f3n calificada en el contexto neoliberal: reflexiones en torno al caso de M\u00e9xico<br>Selene Gaspar Olvera<br><a rel=\"noreferrer noopener\" href=\"https:\/\/doi.org\/10.35533\/myd.1936.sgo\" target=\"_blank\">https:\/\/doi.org\/10.35533\/myd.1936.sgo<\/a><br><a href=\"https:\/\/estudiosdeldesarrollo.mx\/migracionydesarrollo\/numero-36-resumen-sgo\/\" style=\"color:#07be7c\">Abstract<\/a>&nbsp;|&nbsp;<a href=\"https:\/\/estudiosdeldesarrollo.mx\/migracionydesarrollo\/numero-36-texto-completo-sgo\/\" style=\"color:#07be7c\">Full Tex<\/a><span class=\"has-inline-color has-vivid-cyan-blue-color\"><a href=\"https:\/\/estudiosdeldesarrollo.mx\/migracionydesarrollo\/numero-36-texto-completo-sgo\/\">t<\/a>&nbsp;|&nbsp;<a rel=\"noreferrer noopener\" href=\"https:\/\/estudiosdeldesarrollo.mx\/migracionydesarrollo\/wp-content\/uploads\/2021\/08\/36-6.pdf\" target=\"_blank\" style=\"color:#07be7c\">PDF<\/a><\/span><\/p>\n\n\n\n<p><\/p>\n\n\n<h4 style=\"color: #4fae11;\"><span style=\"color: #4fae11;\"> <b> <big>Voice of the Actors<\/big><\/b><\/span><\/h4>\n\n\n<p><a rel=\"noreferrer noopener\" href=\"https:\/\/estudiosdeldesarrollo.mx\/migracionydesarrollo\/wp-content\/uploads\/2021\/07\/36-7.pdf\" target=\"_blank\"><span class=\"has-inline-color has-black-color\">Pope Francis\u2019s visionary leadership on people on the move<\/span><\/a><br>Diego Car\u00e1mbula | Amaya Valc\u00e1rcel<br><a href=\"https:\/\/doi.org\/10.35533\/myd.1936.dc.av\">https:\/\/doi.org\/10.35533\/myd.1936.dc.av<\/a><br><span class=\"has-inline-color has-vivid-green-cyan-color\"><a href=\"https:\/\/estudiosdeldesarrollo.mx\/migracionydesarrollo\/numero-36-texto-completo-dc\/\" style=\"color:#07be7c\">Full Text<\/a>&nbsp;|&nbsp;<a rel=\"noreferrer noopener\" href=\"https:\/\/estudiosdeldesarrollo.mx\/migracionydesarrollo\/wp-content\/uploads\/2021\/07\/36-7.pdf\" target=\"_blank\" style=\"color:#07be7c\">PDF<\/a><\/span><\/p>\n\n\n\n<p><a rel=\"noopener\" href=\"https:\/\/estudiosdeldesarrollo.mx\/migracionydesarrollo\/wp-content\/uploads\/2021\/07\/36-s.pdf\" target=\"new\"><\/a><a href=\"#\">Link<\/a><\/p>\n","protected":false},"excerpt":{"rendered":"<p>Migraci\u00f3n y Desarrollo, volumen 19, n\u00famero 36, primer semestre 2021, is a bi-annual journal published by the Autonomous University of Zacatecas \u00abFrancisco Garc\u00eda Salinas\u00bb, through the Academic Unit in Development Studies, Jard\u00edn Ju\u00e1rez 147, colonia Centro, Zacatecas, C.P. 98000, Tel.<\/p>\n","protected":false},"author":2,"featured_media":0,"parent":0,"menu_order":0,"comment_status":"closed","ping_status":"closed","template":"","meta":{"footnotes":""},"class_list":["post-1276","page","type-page","status-publish","hentry"],"_links":{"self":[{"href":"https:\/\/estudiosdeldesarrollo.mx\/migracionydesarrolloenglishversion\/wp-json\/wp\/v2\/pages\/1276","targetHints":{"allow":["GET"]}}],"collection":[{"href":"https:\/\/estudiosdeldesarrollo.mx\/migracionydesarrolloenglishversion\/wp-json\/wp\/v2\/pages"}],"about":[{"href":"https:\/\/estudiosdeldesarrollo.mx\/migracionydesarrolloenglishversion\/wp-json\/wp\/v2\/types\/page"}],"author":[{"embeddable":true,"href":"https:\/\/estudiosdeldesarrollo.mx\/migracionydesarrolloenglishversion\/wp-json\/wp\/v2\/users\/2"}],"replies":[{"embeddable":true,"href":"https:\/\/estudiosdeldesarrollo.mx\/migracionydesarrolloenglishversion\/wp-json\/wp\/v2\/comments?post=1276"}],"version-history":[{"count":43,"href":"https:\/\/estudiosdeldesarrollo.mx\/migracionydesarrolloenglishversion\/wp-json\/wp\/v2\/pages\/1276\/revisions"}],"predecessor-version":[{"id":1346,"href":"https:\/\/estudiosdeldesarrollo.mx\/migracionydesarrolloenglishversion\/wp-json\/wp\/v2\/pages\/1276\/revisions\/1346"}],"wp:attachment":[{"href":"https:\/\/estudiosdeldesarrollo.mx\/migracionydesarrolloenglishversion\/wp-json\/wp\/v2\/media?parent=1276"}],"curies":[{"name":"wp","href":"https:\/\/api.w.org\/{rel}","templated":true}]}}