{"id":1240,"date":"2021-07-02T18:37:33","date_gmt":"2021-07-02T18:37:33","guid":{"rendered":"https:\/\/estudiosdeldesarrollo.mx\/migracionydesarrolloenglishversion\/?page_id=1240"},"modified":"2021-07-02T19:14:36","modified_gmt":"2021-07-02T19:14:36","slug":"number-31","status":"publish","type":"page","link":"https:\/\/estudiosdeldesarrollo.mx\/migracionydesarrolloenglishversion\/number-31\/","title":{"rendered":"Number 31"},"content":{"rendered":"<p><img loading=\"lazy\" decoding=\"async\" class=\"size-medium wp-image-804 alignleft\" src=\"https:\/\/estudiosdeldesarrollo.mx\/migracionydesarrolloenglishversion\/wp-content\/uploads\/2019\/04\/MyD-31ok-220x300.jpg\" alt=\"\" width=\"220\" height=\"300\" srcset=\"https:\/\/estudiosdeldesarrollo.mx\/migracionydesarrolloenglishversion\/wp-content\/uploads\/2019\/04\/MyD-31ok-220x300.jpg 220w, https:\/\/estudiosdeldesarrollo.mx\/migracionydesarrolloenglishversion\/wp-content\/uploads\/2019\/04\/MyD-31ok.jpg 468w\" sizes=\"auto, (max-width: 220px) 100vw, 220px\" \/><\/p>\n<p><strong><span style=\"color: #008080;\">Migraci\u00f3n y Desarrollo, volume 16, number 31, second semester 2018<\/span><\/strong>, is a bi-annual journal published by the Autonomous University of Zacatecas \u00abFrancisco Garc\u00eda Salinas\u00bb, through the Academic Unit in Development Studies, Jard\u00edn Ju\u00e1rez 147, colonia Centro, Zacatecas, C.P. 98000, Tel. (01492) 922 91 09, www.uaz.edu.mx, www.estudiosdeldesarrollo.net, revistamyd@estudiosdeldesarrollo.net. Managing Editor: Ra\u00fal Delgado Wise. All Rights Reserved for Exclusive Use under Network Policy No. 04-2015-060212200400-203. ISSN: 2448-7783, both granted by the National Copyright Institute. Most recent update by: Academic Unit in Development Studies, Maximino Gerardo Luna Estrada, Campus Universitario II, avenida Preparatoria s\/n, fraccionamiento Progreso, Zacatecas, C.P. 98065. Last modification: February 2019.<\/p>\n<p>The opinions expressed by the authors do not necessarily reflect the position of the publisher. Complete or partial reproduction of the contents or images of the publication without prior permission from the Autonomous University of Zacatecas \u00abFrancisco Garc\u00eda Salinas\u00bb via the Academic Unit in Development Studies is strictly prohibited.<\/p>\n<p><span style=\"color: #000000;\"><a style=\"color: #000000;\" href=\"https:\/\/doi.org\/10.35533\/myd.numero31\">https:\/\/doi.org\/10.35533\/myd.numero31<\/a>&nbsp;<\/span><\/p>\n<p><\/p>\n<p><span>&nbsp;<\/span><\/p>\n\n\n<p><strong><span class=\"has-inline-color has-vivid-green-cyan-color\">Editorial<\/span><\/strong><br><a href=\"https:\/\/estudiosdeldesarrollo.mx\/migracionydesarrollo\/wp-content\/uploads\/2020\/06\/31-1.pdf\"><span class=\"has-inline-color has-black-color\">On 15 years promoting an alternative and critical agenda of research and action on matters relating to migration, development and human rights<\/span><\/a><br>Ra\u00fal Delgado Wise<\/p>\n\n\n\n<p><span class=\"has-inline-color has-vivid-green-cyan-color\"><strong>Articles<\/strong><\/span><br><a href=\"https:\/\/estudiosdeldesarrollo.mx\/migracionydesarrollo\/wp-content\/uploads\/2020\/06\/31-2.pdf\"><span class=\"has-inline-color has-black-color\">Observations on the theory and practice of the relationship between migration and development: a&nbsp;<em>South perspective<\/em><\/span><\/a><br><span class=\"has-inline-color has-cyan-bluish-gray-color\">Ra\u00fal Delgado Wise<br><\/span><a href=\"https:\/\/doi.org\/10.35533\/myd.1631.rdw\"><span class=\"has-inline-color has-cyan-bluish-gray-color\">https:\/\/doi.org\/10.35533\/myd.1631.rdw<\/span><\/a><\/p>\n\n\n\n<p><a href=\"https:\/\/estudiosdeldesarrollo.mx\/migracionydesarrollo\/wp-content\/uploads\/2020\/06\/31-3.pdf\"><span class=\"has-inline-color has-black-color\">Transnational community solidarity of the Indigenous Governing Council (igc) for a new kind of democracy, justice and freedom<\/span><\/a><br><span class=\"has-inline-color has-cyan-bluish-gray-color\">In\u00e9s Dur\u00e1n Matute<\/span><span class=\"has-inline-color has-black-color\"><br><\/span><a href=\"https:\/\/doi.org\/10.35533\/myd.1631.idm\"><span class=\"has-inline-color has-cyan-bluish-gray-color\">https:\/\/doi.org\/10.35533\/myd.1631.idm<\/span><\/a><\/p>\n\n\n\n<p><a href=\"https:\/\/estudiosdeldesarrollo.mx\/migracionydesarrollo\/wp-content\/uploads\/2020\/06\/31-4.pdf\"><span class=\"has-inline-color has-black-color\">Model in disarray: welfare, austerity dogmatism and the u-turn in Swedish migration politics<\/span><\/a><br><span class=\"has-inline-color has-cyan-bluish-gray-color\">Carl-Ulrik Schierup | Simone Scarpa<br><\/span><a href=\"https:\/\/doi.org\/10.35533\/myd.1631.cus.ss\"><span class=\"has-inline-color has-cyan-bluish-gray-color\">https:\/\/doi.org\/10.35533\/myd.1631.cus.ss<\/span><\/a><\/p>\n\n\n\n<p><a href=\"https:\/\/estudiosdeldesarrollo.mx\/migracionydesarrollo\/wp-content\/uploads\/2020\/06\/31-5.pdf\"><span class=\"has-inline-color has-black-color\">Post-migrant activism: urban justice movements in Sweden<\/span><\/a><br><span class=\"has-inline-color has-cyan-bluish-gray-color\">Aleksandra Alund | Ren\u00e9 Le\u00f3n Rosales<br><\/span><a href=\"https:\/\/doi.org\/10.35533\/myd.1631.aa.rlr\"><span class=\"has-inline-color has-cyan-bluish-gray-color\">https:\/\/doi.org\/10.35533\/myd.1631.aa.rlr<\/span><\/a><\/p>\n\n\n\n<p><strong><span class=\"has-inline-color has-vivid-green-cyan-color\">Conjuncture and debate<\/span><\/strong><br><a href=\"https:\/\/estudiosdeldesarrollo.mx\/migracionydesarrollo\/wp-content\/uploads\/2020\/06\/31-6.pdf\"><span class=\"has-inline-color has-black-color\">Migration and Development, an enduring scientific journal, 2003-2018<\/span><\/a><br><span class=\"has-inline-color has-cyan-bluish-gray-color\">Georgia Aral\u00fa Gonz\u00e1lez P\u00e9rez | Carlos Bautista Capetillo<br><\/span><a href=\"https:\/\/doi.org\/10.35533\/myd.1631.gagp.cbc\"><span class=\"has-inline-color has-cyan-bluish-gray-color\">https:\/\/doi.org\/10.35533\/myd.1631.gagp.cbc<\/span><\/a><\/p>\n\n\n\n<p><strong><span class=\"has-inline-color has-vivid-green-cyan-color\">The Actors&#8217; Voice<\/span><\/strong><br><a href=\"https:\/\/estudiosdeldesarrollo.mx\/migracionydesarrollo\/wp-content\/uploads\/2020\/06\/31-7.pdf\"><span class=\"has-inline-color has-black-color\">Migrate, resist, build and transform<\/span><\/a><br><span class=\"has-inline-color has-cyan-bluish-gray-color\">FSMM<\/span><\/p>\n\n\n\n<p class=\"has-vivid-green-cyan-color has-text-color\"><strong><a href=\"https:\/\/estudiosdeldesarrollo.mx\/migracionydesarrollo\/wp-content\/uploads\/2020\/06\/31-8.pdf\">Memories<\/a><\/strong><br><span class=\"has-inline-color has-cyan-bluish-gray-color\">Fran\u00e7ois Soulard<\/span><\/p>\n\n\n\n<p class=\"has-vivid-green-cyan-color has-text-color\"><span class=\"has-inline-color has-vivid-green-cyan-color\"><strong><a href=\"https:\/\/estudiosdeldesarrollo.mx\/migracionydesarrollo\/wp-content\/uploads\/2019\/04\/31-semblanzas.pdf\">About the Authors<\/a><\/strong><\/span><\/p>\n\n\n<div style=\"float: left; background-color: #ffffff; padding: 10px; width: 100%;\"><a href=\"https:\/\/licensebuttons.net\/l\/by-nc-nd\/4.0\/88x31.png\"> <img loading=\"lazy\" decoding=\"async\" class=\"alignleft size-medium\" src=\"https:\/\/licensebuttons.net\/l\/by-nc-nd\/4.0\/88x31.png\" alt=\"Creative Commons License Logo\" width=\"88\" height=\"31\" \/> <\/a> <span style=\"color: #000000;\">This work is published under the <a style=\"color: #000000;\" href=\"http:\/\/creativecommons.org\/licenses\/by-nc-nd\/4.0\/\">Creative Commons Attribution-NonCommercial-NoDerivatives 4.0 International (CC BY-NC-ND 4.0)<\/a> license.<\/span><\/div>\n<p>\u00a0<\/p>","protected":false},"excerpt":{"rendered":"<p>Migraci\u00f3n y Desarrollo, volume 16, number 31, second semester 2018, is a bi-annual journal published by the Autonomous University of Zacatecas \u00abFrancisco Garc\u00eda Salinas\u00bb, through the Academic Unit in Development Studies, Jard\u00edn Ju\u00e1rez 147, colonia Centro, Zacatecas, C.P. 98000, Tel.<\/p>\n","protected":false},"author":2,"featured_media":0,"parent":0,"menu_order":0,"comment_status":"closed","ping_status":"closed","template":"","meta":{"footnotes":""},"class_list":["post-1240","page","type-page","status-publish","hentry"],"_links":{"self":[{"href":"https:\/\/estudiosdeldesarrollo.mx\/migracionydesarrolloenglishversion\/wp-json\/wp\/v2\/pages\/1240","targetHints":{"allow":["GET"]}}],"collection":[{"href":"https:\/\/estudiosdeldesarrollo.mx\/migracionydesarrolloenglishversion\/wp-json\/wp\/v2\/pages"}],"about":[{"href":"https:\/\/estudiosdeldesarrollo.mx\/migracionydesarrolloenglishversion\/wp-json\/wp\/v2\/types\/page"}],"author":[{"embeddable":true,"href":"https:\/\/estudiosdeldesarrollo.mx\/migracionydesarrolloenglishversion\/wp-json\/wp\/v2\/users\/2"}],"replies":[{"embeddable":true,"href":"https:\/\/estudiosdeldesarrollo.mx\/migracionydesarrolloenglishversion\/wp-json\/wp\/v2\/comments?post=1240"}],"version-history":[{"count":14,"href":"https:\/\/estudiosdeldesarrollo.mx\/migracionydesarrolloenglishversion\/wp-json\/wp\/v2\/pages\/1240\/revisions"}],"predecessor-version":[{"id":1269,"href":"https:\/\/estudiosdeldesarrollo.mx\/migracionydesarrolloenglishversion\/wp-json\/wp\/v2\/pages\/1240\/revisions\/1269"}],"wp:attachment":[{"href":"https:\/\/estudiosdeldesarrollo.mx\/migracionydesarrolloenglishversion\/wp-json\/wp\/v2\/media?parent=1240"}],"curies":[{"name":"wp","href":"https:\/\/api.w.org\/{rel}","templated":true}]}}