{"id":1220,"date":"2021-07-02T17:55:37","date_gmt":"2021-07-02T17:55:37","guid":{"rendered":"https:\/\/estudiosdeldesarrollo.mx\/migracionydesarrolloenglishversion\/?page_id=1220"},"modified":"2021-07-02T18:50:36","modified_gmt":"2021-07-02T18:50:36","slug":"number-35","status":"publish","type":"page","link":"https:\/\/estudiosdeldesarrollo.mx\/migracionydesarrolloenglishversion\/number-35\/","title":{"rendered":"Number 35"},"content":{"rendered":"<p><img loading=\"lazy\" decoding=\"async\" class=\" wp-image-111 alignleft\" src=\"https:\/\/estudiosdeldesarrollo.mx\/migracionydesarrollo\/wp-content\/uploads\/2020\/12\/Captura-de-Pantalla-2020-12-10-a-las-11.14.38.png\" alt=\"\" width=\"177\" height=\"246\"><\/p>\n<p><span style=\"color: #ff8c00;\"> <strong> <em>Migraci\u00f3n y Desarrollo<\/em> , volumen 18, n\u00famero 35, segundo semestre 2020<\/strong><\/span>,&nbsp;is a bi-annual journal published by the Autonomous University of Zacatecas \u00abFrancisco Garc\u00eda Salinas\u00bb, through the Academic Unit in Development Studies, Jard\u00edn Ju\u00e1rez 147, colonia Centro, Zacatecas, C.P. 98000, Tel. (01492) 922 91 09, www.uaz.edu.mx, www.estudiosdeldesarrollo.net, revistamyd@estudiosdeldesarrollo.net. Managing Editor: Ra\u00fal Delgado Wise. All Rights Reserved for Exclusive Use under Network Policy No. 04-2015-060212200400-203. ISSN: 2448-7783, both granted by the National Copyright Institute. Most recent update by: Academic Unit in Development Studies, Maximino Gerardo Luna Estrada, Campus Universitario II, avenida Preparatoria s\/n, fraccionamiento Progreso, Zacatecas, C.P. 98065. Last modification: February 2021..<\/p>\n<p>The opinions expressed by the authors do not necessarily reflect the position of the publisher. Complete or partial reproduction of the contents or images of the publication without prior permission from the Autonomous University of Zacatecas \u00abFrancisco Garc\u00eda Salinas\u00bb via the Academic Unit in Development Studies is strictly prohibited.<\/p>\n<p><a style=\"color: #999999;\" href=\"https:\/\/doi.org\/10.35533\/myd.numero35\" target=\"_blank\" rel=\"noopener noreferrer\"> https:\/\/doi.org\/10.35533\/myd.numero35<\/a><\/p>\n<div style=\"float: left; background-color: #f2f2f2; padding: 10px; width: 100%;\">\n<h4 style=\"color: #ff8c00;\"><span style=\"color: #ff8c00;\"> <b> <big>Articles<\/big> <\/b> <\/span><\/h4>\n<p><a href=\"https:\/\/estudiosdeldesarrollo.mx\/migracionydesarrollo\/wp-content\/uploads\/2021\/01\/35-1.pdf\" target=\"_blank\" rel=\"noopener noreferrer\"><big><span style=\"color: #000000;\">Reframing the development question and its dialectic relationship with the export of labor force in the 21st Century<\/span>&nbsp;<\/big><\/a><br \/>\n<span style=\"color: #808080;\"> <b> Ra\u00fal Delgado Wise<br \/>\n<\/b> <\/span> <a style=\"color: #999999;\" href=\"https:\/\/doi.org\/10.35533\/myd.1835.rdw\" target=\"_blank\" rel=\"noopener noreferrer\">https:\/\/doi.org\/10.35533\/myd.1835.rdw<\/a><\/p>\n<p><a href=\"https:\/\/estudiosdeldesarrollo.mx\/migracionydesarrollo\/wp-content\/uploads\/2021\/01\/35-2.pdf\" target=\"_blank\" rel=\"noopener noreferrer\"><big><span style=\"color: #000000;\">Global Compact for Safe, Orderly and Regular Migration: where do we go from here?<\/span>&nbsp;<\/big><\/a><br \/>\n<span style=\"color: #808080;\"> <strong> Jorge Mart\u00ednez Pizarro<br \/>\n<\/strong> <\/span> <a style=\"color: #999999;\" href=\"https:\/\/doi.org\/10.35533\/myd.1835.jmp\" target=\"_blank\" rel=\"noopener noreferrer\">https:\/\/doi.org\/10.35533\/myd.1835.jmp <\/a><\/p>\n<p><a href=\"https:\/\/estudiosdeldesarrollo.mx\/migracionydesarrollo\/wp-content\/uploads\/2021\/01\/35-3.pdf\" target=\"_blank\" rel=\"noopener noreferrer\"><big><span style=\"color: #000000;\">The fragility circle: migration for survival in Central America<\/span>&nbsp;<\/big><\/a><br \/>\n<span style=\"color: #808080;\"> <strong> Abelardo Morales Gamboa<br \/>\n<\/strong> <\/span> <a style=\"color: #999999;\" href=\"https:\/\/doi.org\/10.35533\/myd.1835.amg\" target=\"_blank\" rel=\"noopener noreferrer\">https:\/\/doi.org\/10.35533\/myd.1835.amg<\/a><\/p>\n<p><a href=\"https:\/\/estudiosdeldesarrollo.mx\/migracionydesarrollo\/wp-content\/uploads\/2021\/01\/35-4.pdf\" target=\"_blank\" rel=\"noopener noreferrer\"><big><span style=\"color: #000000;\">International migration and gender: the case of skilled Mexican immigrant women in the USA<\/span>&nbsp;<\/big><\/a><br \/>\n<span style=\"color: #808080;\"> <strong> Jos\u00e9 Luis \u00c1vila | Selene Gaspar Olvera<br \/>\n<\/strong> <\/span> <a style=\"color: #999999;\" href=\"https:\/\/doi.org\/10.35533\/myd.1835.jla.sgo\" target=\"_blank\" rel=\"noopener noreferrer\">https:\/\/doi.org\/10.35533\/myd.1835.jla.sgo<\/a><\/p>\n<p><a href=\"https:\/\/estudiosdeldesarrollo.mx\/migracionydesarrollo\/wp-content\/uploads\/2021\/01\/35-5.pdf\" target=\"_blank\" rel=\"noopener noreferrer\"><big><span style=\"color: #000000;\">End of the Trump era and the promises of Biden: new airs in the migration policy of the Fourth Transformation?<\/span>&nbsp;<\/big><\/a><br \/>\n<span style=\"color: #808080;\"> <strong> Daniel Villafuerte Sol\u00eds | Mar\u00eda del Carmen Garc\u00eda Aguilar<br \/>\n<\/strong> <\/span> <a style=\"color: #999999;\" href=\"https:\/\/doi.org\/10.35533\/myd.1835.dvs.mcga\" target=\"_blank\" rel=\"noopener noreferrer\">https:\/\/doi.org\/10.35533\/myd.1835.dvs.mcga<\/a><\/p>\n<h4 style=\"color: #ff8c00;\"><span style=\"color: #ff8c00;\"> <b>Conjuncture and debate<\/b> <\/span><\/h4>\n<p><a href=\"https:\/\/estudiosdeldesarrollo.mx\/migracionydesarrollo\/wp-content\/uploads\/2021\/01\/35-6.pdf\" target=\"_blank\" rel=\"noopener noreferrer\"><big><span style=\"color: #000000;\">Social and ethnic-racial inequality under covid-19 in the United States&nbsp;<\/span><\/big><\/a><br \/>\n<span style=\"color: #808080;\"> <strong> Alejandro I. Canales | D\u00eddimo Castillo Fern\u00e1ndez<br \/>\n<\/strong> <\/span> <a style=\"color: #999999;\" href=\"https:\/\/doi.org\/10.35533\/myd.1835.ac.dcf\" target=\"_blank\" rel=\"noopener noreferrer\">https:\/\/doi.org\/10.35533\/myd.1835.ac.dcf<\/a><\/p>\n<h4 style=\"color: #ff8c00;\"><span style=\"color: #ff8c00;\"> <b>The Actors&#8217; Voice<\/b><\/span><\/h4>\n<p><a href=\"https:\/\/estudiosdeldesarrollo.mx\/migracionydesarrollo\/wp-content\/uploads\/2021\/01\/35-7.pdf\" target=\"_blank\" rel=\"noopener noreferrer\"><big><span style=\"color: #000000;\">Migration in an era of new xenophobia and old racism<\/span>&nbsp;<\/big><\/a><br \/>\n<span style=\"color: #808080;\"> <strong> Foro Social Am\u00e9ricas de las Migraciones | Patricia Gainza<br \/>\n<\/strong> <\/span> <a style=\"color: #999999;\" href=\"https:\/\/doi.org\/10.35533\/myd.1834.ghm\" target=\"_blank\" rel=\"noopener noreferrer\">https:\/\/doi.org\/10.35533\/myd.1834.la<\/a><\/p>\n<h4 style=\"color: #ff8c00;\"><a href=\"https:\/\/estudiosdeldesarrollo.mx\/migracionydesarrollo\/wp-content\/uploads\/2021\/01\/35-S.pdf\" target=\"_blank\" rel=\"noopener noreferrer\"><span style=\"color: #ff8c00;\"><span style=\"color: #ff8c00;\">About the Authors<\/span><\/span><\/a><\/h4>\n<\/div>\n<p><a href=\"http:\/\/creativecommons.org\/licenses\/by-nc-nd\/4.0\/\" rel=\"license\"> <img decoding=\"async\" style=\"border-width: 0;\" src=\"https:\/\/i.creativecommons.org\/l\/by-nc-nd\/4.0\/88x31.png\" alt=\"Licencia de Creative Commons\"> <\/a><br \/>\n<span style=\"color: #808080;\"><a style=\"color: #808080;\" href=\"http:\/\/creativecommons.org\/licenses\/by-nc-nd\/4.0\/\" rel=\"license\">This work is published under the Creative Commons &nbsp;Attribution-NonCommercial-NoDerivatives 4.0 International (CC BY-NC-ND 4.0) license<\/a> . <\/span><\/p>\n","protected":false},"excerpt":{"rendered":"<p>Migraci\u00f3n y Desarrollo , volumen 18, n\u00famero 35, segundo semestre 2020,&nbsp;is a bi-annual journal published by the Autonomous University of Zacatecas \u00abFrancisco Garc\u00eda Salinas\u00bb, through the Academic Unit in Development Studies, Jard\u00edn Ju\u00e1rez 147, colonia Centro, Zacatecas, C.P. 98000, Tel.<\/p>\n","protected":false},"author":2,"featured_media":0,"parent":0,"menu_order":0,"comment_status":"closed","ping_status":"closed","template":"","meta":{"footnotes":""},"class_list":["post-1220","page","type-page","status-publish","hentry"],"_links":{"self":[{"href":"https:\/\/estudiosdeldesarrollo.mx\/migracionydesarrolloenglishversion\/wp-json\/wp\/v2\/pages\/1220","targetHints":{"allow":["GET"]}}],"collection":[{"href":"https:\/\/estudiosdeldesarrollo.mx\/migracionydesarrolloenglishversion\/wp-json\/wp\/v2\/pages"}],"about":[{"href":"https:\/\/estudiosdeldesarrollo.mx\/migracionydesarrolloenglishversion\/wp-json\/wp\/v2\/types\/page"}],"author":[{"embeddable":true,"href":"https:\/\/estudiosdeldesarrollo.mx\/migracionydesarrolloenglishversion\/wp-json\/wp\/v2\/users\/2"}],"replies":[{"embeddable":true,"href":"https:\/\/estudiosdeldesarrollo.mx\/migracionydesarrolloenglishversion\/wp-json\/wp\/v2\/comments?post=1220"}],"version-history":[{"count":5,"href":"https:\/\/estudiosdeldesarrollo.mx\/migracionydesarrolloenglishversion\/wp-json\/wp\/v2\/pages\/1220\/revisions"}],"predecessor-version":[{"id":1304,"href":"https:\/\/estudiosdeldesarrollo.mx\/migracionydesarrolloenglishversion\/wp-json\/wp\/v2\/pages\/1220\/revisions\/1304"}],"wp:attachment":[{"href":"https:\/\/estudiosdeldesarrollo.mx\/migracionydesarrolloenglishversion\/wp-json\/wp\/v2\/media?parent=1220"}],"curies":[{"name":"wp","href":"https:\/\/api.w.org\/{rel}","templated":true}]}}