{"id":1166,"date":"2021-07-02T17:56:23","date_gmt":"2021-07-02T17:56:23","guid":{"rendered":"https:\/\/estudiosdeldesarrollo.mx\/migracionydesarrolloenglishversion\/?page_id=1166"},"modified":"2022-02-28T14:42:08","modified_gmt":"2022-02-28T14:42:08","slug":"number-33-2","status":"publish","type":"page","link":"https:\/\/estudiosdeldesarrollo.mx\/migracionydesarrolloenglishversion\/number-33-2\/","title":{"rendered":"Number 33"},"content":{"rendered":"<p><strong><span style=\"color: #ff0000;\"><img loading=\"lazy\" decoding=\"async\" class=\"size-medium wp-image-1097 alignleft\" src=\"https:\/\/estudiosdeldesarrollo.mx\/migracionydesarrolloenglishversion\/wp-content\/uploads\/2021\/06\/MyD33-222x300.jpg\" alt=\"\" width=\"222\" height=\"300\" srcset=\"https:\/\/estudiosdeldesarrollo.mx\/migracionydesarrolloenglishversion\/wp-content\/uploads\/2021\/06\/MyD33-222x300.jpg 222w, https:\/\/estudiosdeldesarrollo.mx\/migracionydesarrolloenglishversion\/wp-content\/uploads\/2021\/06\/MyD33.jpg 468w\" sizes=\"auto, (max-width: 222px) 100vw, 222px\" \/>Migraci\u00f3n y Desarrollo, volume 17, number 33, second semester 2019,&nbsp;<\/span><\/strong>is a bi-annual journal published by the Autonomous University of Zacatecas \u00abFrancisco Garc\u00eda Salinas\u00bb, through the Academic Unit in Development Studies, Jard\u00edn Ju\u00e1rez 147, colonia Centro, Zacatecas, C.P. 98000, Tel. (01492) 922 91 09, www.uaz.edu.mx, www.estudiosdeldesarrollo.net, revistamyd@estudiosdeldesarrollo.net. Managing Editor: Ra\u00fal Delgado Wise. All Rights Reserved for Exclusive Use under Network Policy No. 04-2015-060212200400-203. ISSN: 2448-7783, both granted by the National Copyright Institute. Most recent update by: Academic Unit in Development Studies, Maximino Gerardo Luna Estrada, Campus Universitario II, avenida Preparatoria s\/n, fraccionamiento Progreso, Zacatecas, C.P. 98065. Last modification: February 2019.<\/p>\n<p>The opinions expressed by the authors do not necessarily reflect the position of the publisher. Complete or partial reproduction of the contents or images of the publication without prior permission from the Autonomous University of Zacatecas \u00abFrancisco Garc\u00eda Salinas\u00bb via the Academic Unit in Development Studies is strictly prohibited.<\/p>\n<p><a href=\"https:\/\/doi.org\/10.35533\/myd.numero33\"><span style=\"font-size: inherit;\"><span style=\"color: #000000;\">https:\/\/doi.org\/10.35533\/myd.numero33<\/span><\/span><\/a><\/p>\n<div style=\"float: left; background-color: #f2f2f2; padding: 10px; width: 100%;\">\n<h4 style=\"color: #d42f02;\"><span style=\"color: #d42f02;\"><b><big>Articles<\/big> <\/b> <\/span><\/h4>\n<p><a href=\"https:\/\/estudiosdeldesarrollo.mx\/migracionydesarrollo\/wp-content\/uploads\/2020\/06\/33-1.pdf\" target=\"_blank\" rel=\"noopener noreferrer\"><big><span style=\"color: #000000;\">Social transformation and international migration in the neoliberal era: a theoretical approach<\/span>&nbsp;<\/big><\/a><br><span style=\"color: #808080;\"> <b> Magdalena Arias Cubas <br><\/b><\/span> <a style=\"color: #999999;\" href=\"https:\/\/doi.org\/10.35533\/myd.1733.mac\" target=\"_blank\" rel=\"noopener noreferrer\">https:\/\/doi.org\/10.35533\/myd.1733.mac<\/a><\/p>\n<p><a href=\"https:\/\/estudiosdeldesarrollo.mx\/migracionydesarrollo\/wp-content\/uploads\/2021\/06\/33-2.pdf\" target=\"_blank\" rel=\"noopener noreferrer\"><big><span style=\"color: #000000;\">Gramsci, migrants and trade unions: an Irish case study<\/span>&nbsp;<\/big><\/a><br><span style=\"color: #808080;\"> <strong> Ronaldo Munck | Mary Hyland <br><\/strong> <\/span> <a style=\"color: #999999;\" href=\"https:\/\/doi.org\/10.35533\/myd.1733.rm.mh\" target=\"_blank\" rel=\"noopener noreferrer\">https:\/\/doi.org\/10.35533\/myd.1733.rm.mh<\/a><\/p>\n<p><a href=\"https:\/\/estudiosdeldesarrollo.mx\/migracionydesarrollo\/wp-content\/uploads\/2020\/06\/33-3.pdf\" target=\"_blank\" rel=\"noopener noreferrer\"><big><span style=\"color: #000000;\">Paradoxes of Mexican immigrants to the United States in the health sector<\/span>&nbsp;<\/big><\/a><br><span style=\"color: #808080;\"> <strong> Selene Gaspar Olvera <br><\/strong> <\/span> <a style=\"color: #999999;\" href=\"https:\/\/doi.org\/10.35533\/myd.1733.sgo\" target=\"_blank\" rel=\"noopener noreferrer\">https:\/\/doi.org\/10.35533\/myd.1733.sgo<\/a><\/p>\n<p><a href=\"https:\/\/estudiosdeldesarrollo.mx\/migracionydesarrollo\/wp-content\/uploads\/2020\/06\/33-4.pdf\" target=\"_blank\" rel=\"noopener noreferrer\"><big><span style=\"color: #000000;\">Chinese newcomer immigrants in Mexico: career paths and social networks<\/span>&nbsp;<\/big><\/a><br><span style=\"color: #808080;\"> <strong>Luz Helena Rodr\u00edguez Tapia | Mar\u00eda Eugenia Anguiano T\u00e9llez<\/strong> <br><\/span> <a style=\"color: #999999;\" href=\"https:\/\/doi.org\/10.35533\/myd.1733.lhrt.meat\" target=\"_blank\" rel=\"noopener noreferrer\">https:\/\/doi.org\/10.35533\/myd.1733.lhrt.meat<\/a><\/p>\n<p><a href=\"https:\/\/estudiosdeldesarrollo.mx\/migracionydesarrollo\/wp-content\/uploads\/2020\/06\/33-5.pdf\" target=\"_blank\" rel=\"noopener noreferrer\"><big><span style=\"color: #000000;\">Current orientations of the migratory policy with a vision from the Global South<\/span>&nbsp;<\/big><\/a><br><span style=\"color: #808080;\"> <strong> Arturo Nieto Mendoza <br><\/strong> <\/span> <a style=\"color: #999999;\" href=\"https:\/\/doi.org\/10.35533\/myd.1733.anm\" target=\"_blank\" rel=\"noopener noreferrer\">https:\/\/doi.org\/10.35533\/myd.1733.anm<\/a><\/p>\n<h4 style=\"color: #d42f02;\"><span style=\"color: #d42f02;\"> <b>Conjuncture and Debate<\/b><\/span><\/h4>\n<p><a href=\"https:\/\/estudiosdeldesarrollo.mx\/migracionydesarrollo\/wp-content\/uploads\/2020\/06\/33-6.pdf\" target=\"_blank\" rel=\"noopener noreferrer\"><big><span style=\"color: #000000;\">Behavior of the migratory relations between Cuba and the USA from 1959 to the present<\/span>&nbsp;<\/big><\/a><br><span style=\"color: #808080;\"> <strong> Elier C\u00f3rdoba Carracedo | Ernesto Santiesteban Leyva | Enaidy Reynosa Navarro <br><\/strong> <\/span> <a style=\"color: #999999;\" href=\"https:\/\/doi.org\/10.35533\/myd.1733.ecc.esl.ern\" target=\"_blank\" rel=\"noopener noreferrer\">https:\/\/doi.org\/10.35533\/myd.1733.ecc.esl.ern<\/a><\/p>\n<h4 style=\"color: #d42f02;\"><span style=\"color: #d42f02;\"> <b>Actors&#8217; Voice<\/b><\/span><\/h4>\n<p><a href=\"https:\/\/estudiosdeldesarrollo.mx\/migracionydesarrollo\/wp-content\/uploads\/2020\/06\/33-7.pdf\" target=\"_blank\" rel=\"noopener noreferrer\"><big><span style=\"color: #000000;\">Time to govern migration together: an opportunity for Europe and Africa<\/span>&nbsp;<\/big><\/a><br><span style=\"color: #808080;\"> <strong> Foundation for European Progressive Studies (FEPS) <br><\/strong> <\/span> <a style=\"color: #999999;\" href=\"https:\/\/doi.org\/10.35533\/myd.1733.feps\" target=\"_blank\" rel=\"noopener noreferrer\">https:\/\/doi.org\/10.35533\/myd.1733.feps<\/a><\/p>\n<h4 style=\"color: #d42f02;\"><span style=\"color: #d42f02;\"><a href=\"https:\/\/estudiosdeldesarrollo.mx\/migracionydesarrollo\/wp-content\/uploads\/2020\/05\/33-Semblanzas.pdf\" target=\"_blank\" rel=\"noopener noreferrer\"> <span style=\"color: #d42f02;\">A<\/span><\/a>bout the Authors<\/span><\/h4>\n<p><\/p>\n<\/div>\n<p><a href=\"http:\/\/creativecommons.org\/licenses\/by-nc-nd\/4.0\/\" rel=\"license\"> <img decoding=\"async\" class=\"alignleft\" style=\"border-width: 0;\" src=\"https:\/\/i.creativecommons.org\/l\/by-nc-nd\/4.0\/88x31.png\" alt=\"Licencia de Creative Commons\"> <\/a> <br><span style=\"color: #000000;\">This work is published under the <a style=\"color: #000000;\" href=\"http:\/\/creativecommons.org\/licenses\/by-nc-nd\/4.0\/\">Creative Commons Attribution-NonCommercial-NoDerivatives 4.0 International (CC BY-NC-ND 4.0)<\/a> license.<\/span><\/p>\n<p><\/p>\n\n\n<p><\/p>\n","protected":false},"excerpt":{"rendered":"<p>Migraci\u00f3n y Desarrollo, volume 17, number 33, second semester 2019,&nbsp;is a bi-annual journal published by the Autonomous University of Zacatecas \u00abFrancisco Garc\u00eda Salinas\u00bb, through the Academic Unit in Development Studies, Jard\u00edn Ju\u00e1rez 147, colonia Centro, Zacatecas, C.P. 98000, Tel. (01492)<\/p>\n","protected":false},"author":2,"featured_media":0,"parent":0,"menu_order":0,"comment_status":"closed","ping_status":"closed","template":"","meta":{"footnotes":""},"class_list":["post-1166","page","type-page","status-publish","hentry"],"_links":{"self":[{"href":"https:\/\/estudiosdeldesarrollo.mx\/migracionydesarrolloenglishversion\/wp-json\/wp\/v2\/pages\/1166","targetHints":{"allow":["GET"]}}],"collection":[{"href":"https:\/\/estudiosdeldesarrollo.mx\/migracionydesarrolloenglishversion\/wp-json\/wp\/v2\/pages"}],"about":[{"href":"https:\/\/estudiosdeldesarrollo.mx\/migracionydesarrolloenglishversion\/wp-json\/wp\/v2\/types\/page"}],"author":[{"embeddable":true,"href":"https:\/\/estudiosdeldesarrollo.mx\/migracionydesarrolloenglishversion\/wp-json\/wp\/v2\/users\/2"}],"replies":[{"embeddable":true,"href":"https:\/\/estudiosdeldesarrollo.mx\/migracionydesarrolloenglishversion\/wp-json\/wp\/v2\/comments?post=1166"}],"version-history":[{"count":25,"href":"https:\/\/estudiosdeldesarrollo.mx\/migracionydesarrolloenglishversion\/wp-json\/wp\/v2\/pages\/1166\/revisions"}],"predecessor-version":[{"id":1370,"href":"https:\/\/estudiosdeldesarrollo.mx\/migracionydesarrolloenglishversion\/wp-json\/wp\/v2\/pages\/1166\/revisions\/1370"}],"wp:attachment":[{"href":"https:\/\/estudiosdeldesarrollo.mx\/migracionydesarrolloenglishversion\/wp-json\/wp\/v2\/media?parent=1166"}],"curies":[{"name":"wp","href":"https:\/\/api.w.org\/{rel}","templated":true}]}}