{"id":805,"date":"2019-04-03T22:06:20","date_gmt":"2019-04-03T22:06:20","guid":{"rendered":"https:\/\/estudiosdeldesarrollo.mx\/migracionydesarrollo\/?page_id=805"},"modified":"2020-06-25T18:41:16","modified_gmt":"2020-06-25T18:41:16","slug":"numero-31","status":"publish","type":"page","link":"https:\/\/estudiosdeldesarrollo.mx\/migracionydesarrollo\/numero-31\/","title":{"rendered":"N\u00famero 31"},"content":{"rendered":"<div id=\"contenedor30\">\n<div style=\"float: left;\">\n<div>\n<p><img loading=\"lazy\" decoding=\"async\" class=\" wp-image-111 alignleft\" src=\"https:\/\/estudiosdeldesarrollo.mx\/migracionydesarrollo\/wp-content\/uploads\/2019\/04\/MyD-31ok.jpg\" alt=\"\" width=\"177\" height=\"246\"><\/p>\n<p><span style=\"color: #0599a3;\"><strong><em>Migraci\u00f3n y Desarrollo<\/em>, volumen 16, n\u00famero 31, segundo semestre 2018<\/strong><\/span>, es una publicaci\u00f3n semestral editada por la Universidad Aut\u00f3noma de Zacatecas \u00abFrancisco Garc\u00eda Salinas\u00bb, a trav\u00e9s de la Unidad Acad\u00e9mica de Estudios del Desarrollo, Jard\u00edn Ju\u00e1rez 147, colonia Centro, Zacatecas, C.P. 98000, Tel. (01492) 922 91 09, www.uaz.edu.mx, www.estudiosdeldesarrollo.net, revistamyd@estudiosdeldesarrollo.net. Editor responsable: Ra\u00fal Delgado Wise. Reserva de Derechos al Uso Exclusivo V\u00eda Red C\u00f3mputo No. 04-2015-060212200400-203. ISSN: 2448-7783, ambos otorgados por el Instituto Nacional del Derecho de Autor. Responsable de \u00faltima actualizaci\u00f3n: Unidad Acad\u00e9mica de Estudios del Desarrollo, Maximino Gerardo Luna Estrada, Campus Universitario II, avenida Preparatoria s\/n, fraccionamiento Progreso, Zacatecas, C.P. 98065. Fecha de la \u00faltima modificaci\u00f3n, diciembre de 2018.<\/p>\n<p>Las opiniones expresadas por los autores no necesariamente reflejan la postura del editor de la publicaci\u00f3n. Queda estrictamente prohibida la reproducci\u00f3n total o parcial de los contenidos e im\u00e1genes de la publicaci\u00f3n sin previa autorizaci\u00f3n de la Universidad Aut\u00f3noma de Zacatecas \u00abFrancisco Garc\u00eda Salinas\u00bb a trav\u00e9s de la Unidad Acad\u00e9mica de Estudios del Desarrollo.<\/p>\n<p><span style=\"color: #000000;\"><a style=\"color: #000000;\" href=\"https:\/\/doi.org\/10.35533\/myd.numero31\">https:\/\/doi.org\/10.35533\/myd.numero31<\/a><\/span><\/p>\n<\/div>\n<\/div>\n<div style=\"float: left; background-color: #f2f2f2; padding: 10px; width: 100%;\">\n<h4 style=\"color: #0599a3;\"><b><big>Editorial<\/big><\/b><\/h4>\n<p><a href=\"https:\/\/estudiosdeldesarrollo.mx\/migracionydesarrollo\/wp-content\/uploads\/2020\/06\/31-1.pdf\" target=\"_blank\" rel=\"noopener noreferrer\"><big><span style=\"color: #000000;\">15 a\u00f1os de promover una agenda alternativa y cr\u00edtica de investigaci\u00f3n y acci\u00f3n en materia de migraci\u00f3n, desarrollo y derechos humanos<\/span><\/big><\/a><br \/>\n<span style=\"color: #808080;\"><b>Ra\u00fal Delgado Wise<\/b><\/span><\/p>\n<h4 style=\"color: #0599a3;\"><b><big>Art\u00edculos<\/big><\/b><\/h4>\n<p><a href=\"https:\/\/estudiosdeldesarrollo.mx\/migracionydesarrollo\/wp-content\/uploads\/2020\/06\/31-2.pdf\" target=\"_blank\" rel=\"noopener noreferrer\"><big><span style=\"color: #000000;\">Reflexiones en torno a la teor\u00eda y a la pr\u00e1ctica de la relaci\u00f3n entre migraci\u00f3n y desarrollo: una<em> perspectiva del Sur<\/em><\/span><\/big><\/a><br \/>\n<span style=\"color: #808080;\"><b>Ra\u00fal Delgado Wise<\/b><\/span><br \/>\n<a style=\"color: #999999;\" href=\"https:\/\/doi.org\/10.35533\/myd.1631.rdw\" target=\"_blank\" rel=\"noopener noreferrer\">https:\/\/doi.org\/10.35533\/myd.1631.rdw<\/a><\/p>\n<p><a href=\"https:\/\/estudiosdeldesarrollo.mx\/migracionydesarrollo\/wp-content\/uploads\/2020\/06\/31-3.pdf\" target=\"_blank\" rel=\"noopener noreferrer\"><big><span style=\"color: #000000;\">Solidaridad comunitaria transnacional del Concejo Ind\u00edgena de Gobierno (CIG) por otra democracia, justicia y libertad<\/span><\/big><\/a><br \/>\n<span style=\"color: #808080;\"><strong>In\u00e9s Dur\u00e1n Matute<\/strong><\/span><br \/>\n<a style=\"color: #999999;\" href=\"https:\/\/doi.org\/10.35533\/myd.1631.idm\" target=\"_blank\" rel=\"noopener noreferrer\">https:\/\/doi.org\/10.35533\/myd.1631.idm<\/a><\/p>\n<p><a href=\"https:\/\/estudiosdeldesarrollo.mx\/migracionydesarrollo\/wp-content\/uploads\/2020\/06\/31-4.pdf\" target=\"_blank\" rel=\"noopener noreferrer\"><big><span style=\"color: #000000;\">Modelo en desorden: Estado de bienestar, dogmatismo de austeridad y cambio radical en las pol\u00edticas de migraci\u00f3n suecas<\/span><\/big><\/a><br \/>\n<span style=\"color: #808080;\"><strong>Carl-Ulrik Schierup | Simone Scarpa<\/strong><\/span><br \/>\n<a style=\"color: #999999;\" href=\"https:\/\/doi.org\/10.35533\/myd.1631.cus.ss\" target=\"_blank\" rel=\"noopener noreferrer\">https:\/\/doi.org\/10.35533\/myd.1631.cus.ss<\/a><\/p>\n<p><a href=\"https:\/\/estudiosdeldesarrollo.mx\/migracionydesarrollo\/wp-content\/uploads\/2020\/06\/31-5.pdf\" target=\"_blank\" rel=\"noopener noreferrer\"><big><span style=\"color: #000000;\">Activismo postmigrante: movimientos de justicia urbana en Suecia<\/span><\/big><\/a><br \/>\n<span style=\"color: #808080;\"><strong>Aleksandra Alund | Ren\u00e9 Le\u00f3n Rosales<\/strong><\/span><br \/>\n<a style=\"color: #999999;\" href=\"https:\/\/doi.org\/10.35533\/myd.1631.aa.rlr\" target=\"_blank\" rel=\"noopener noreferrer\">https:\/\/doi.org\/10.35533\/myd.1631.aa.rlr<\/a><\/p>\n<h4 style=\"color: #0599a3;\"><b>Coyuntura y debate<\/b><\/h4>\n<p><a href=\"https:\/\/estudiosdeldesarrollo.mx\/migracionydesarrollo\/wp-content\/uploads\/2020\/06\/31-6.pdf\" target=\"_blank\" rel=\"noopener noreferrer\"><big><span style=\"color: #000000;\"><em>Migraci\u00f3n y Desarrollo<\/em>, revista cient\u00edfica de largo aliento, 2003-2018<\/span><\/big><\/a><br \/>\n<span style=\"color: #808080;\"><strong>Georgia Aral\u00fa Gonz\u00e1lez P\u00e9rez | Carlos Bautista Capetillo<\/strong><\/span><br \/>\n<a style=\"color: #999999;\" href=\"https:\/\/doi.org\/10.35533\/myd.1631.gagp.cbc\" target=\"_blank\" rel=\"noopener noreferrer\">https:\/\/doi.org\/10.35533\/myd.1631.gagp.cbc<\/a><\/p>\n<h4 style=\"color: #0599a3;\"><b>La voz de los actores<\/b><\/h4>\n<p><a href=\"https:\/\/estudiosdeldesarrollo.mx\/migracionydesarrollo\/wp-content\/uploads\/2020\/06\/31-7.pdf\" target=\"_blank\" rel=\"noopener noreferrer\"><big><span style=\"color: #000000;\">Migrar, resistir, construir y transformar<\/span><\/big><\/a><br \/>\n<span style=\"color: #808080;\"><strong>FSMM<\/strong><\/span><\/p>\n<p><a href=\"https:\/\/estudiosdeldesarrollo.mx\/migracionydesarrollo\/wp-content\/uploads\/2020\/06\/31-8.pdf\" target=\"_blank\" rel=\"noopener noreferrer\"><big><span style=\"color: #000000;\">Memorias<\/span><\/big><\/a><br \/>\n<span style=\"color: #808080;\"><strong>Fran\u00e7ois Soulard<\/strong><\/span><\/p>\n<h4 style=\"color: #0599a3;\"><a href=\"https:\/\/estudiosdeldesarrollo.mx\/migracionydesarrollo\/wp-content\/uploads\/2019\/04\/31-semblanzas.pdf\" target=\"_blank\" rel=\"noopener noreferrer\"><span style=\"color: #0599a3;\">Semblanzas<\/span><\/a><\/h4>\n<\/div>\n<\/div>\n<p><a href=\"http:\/\/creativecommons.org\/licenses\/by-nc-nd\/4.0\/\" rel=\"license\"><img decoding=\"async\" style=\"border-width: 0;\" src=\"https:\/\/i.creativecommons.org\/l\/by-nc-nd\/4.0\/88x31.png\" alt=\"Licencia de Creative Commons\"><\/a><br \/>\n<span style=\"color: #808080;\">Este obra est\u00e1 bajo una <a style=\"color: #808080;\" href=\"http:\/\/creativecommons.org\/licenses\/by-nc-nd\/4.0\/\" rel=\"license\">licencia de Creative Commons Reconocimiento-NoComercial-SinObraDerivada 4.0 Internacional<\/a>.<\/span><\/p>\n","protected":false},"excerpt":{"rendered":"<p>Migraci\u00f3n y Desarrollo, volumen 16, n\u00famero 31, segundo semestre 2018, es una publicaci\u00f3n semestral editada por la Universidad Aut\u00f3noma de Zacatecas \u00abFrancisco Garc\u00eda Salinas\u00bb, a trav\u00e9s de la Unidad Acad\u00e9mica de Estudios del Desarrollo, Jard\u00edn Ju\u00e1rez 147, colonia Centro, Zacatecas,<\/p>\n","protected":false},"author":2,"featured_media":0,"parent":0,"menu_order":0,"comment_status":"closed","ping_status":"closed","template":"","meta":{"footnotes":""},"class_list":["post-805","page","type-page","status-publish","hentry"],"_links":{"self":[{"href":"https:\/\/estudiosdeldesarrollo.mx\/migracionydesarrollo\/wp-json\/wp\/v2\/pages\/805","targetHints":{"allow":["GET"]}}],"collection":[{"href":"https:\/\/estudiosdeldesarrollo.mx\/migracionydesarrollo\/wp-json\/wp\/v2\/pages"}],"about":[{"href":"https:\/\/estudiosdeldesarrollo.mx\/migracionydesarrollo\/wp-json\/wp\/v2\/types\/page"}],"author":[{"embeddable":true,"href":"https:\/\/estudiosdeldesarrollo.mx\/migracionydesarrollo\/wp-json\/wp\/v2\/users\/2"}],"replies":[{"embeddable":true,"href":"https:\/\/estudiosdeldesarrollo.mx\/migracionydesarrollo\/wp-json\/wp\/v2\/comments?post=805"}],"version-history":[{"count":13,"href":"https:\/\/estudiosdeldesarrollo.mx\/migracionydesarrollo\/wp-json\/wp\/v2\/pages\/805\/revisions"}],"predecessor-version":[{"id":1149,"href":"https:\/\/estudiosdeldesarrollo.mx\/migracionydesarrollo\/wp-json\/wp\/v2\/pages\/805\/revisions\/1149"}],"wp:attachment":[{"href":"https:\/\/estudiosdeldesarrollo.mx\/migracionydesarrollo\/wp-json\/wp\/v2\/media?parent=805"}],"curies":[{"name":"wp","href":"https:\/\/api.w.org\/{rel}","templated":true}]}}