{"id":758,"date":"2018-12-07T20:21:26","date_gmt":"2018-12-07T20:21:26","guid":{"rendered":"https:\/\/estudiosdeldesarrollo.mx\/migracionydesarrollo\/?page_id=758"},"modified":"2021-04-27T17:52:52","modified_gmt":"2021-04-27T17:52:52","slug":"numero-6","status":"publish","type":"page","link":"https:\/\/estudiosdeldesarrollo.mx\/migracionydesarrollo\/numero-6\/","title":{"rendered":"N\u00famero 6"},"content":{"rendered":"<div id=\"contenedor30\">\n<div style=\"float: left;\">\n<div>\n<p><img loading=\"lazy\" decoding=\"async\" class=\"wp-image-595 alignleft\" src=\"https:\/\/estudiosdeldesarrollo.mx\/migracionydesarrollo\/wp-content\/uploads\/2018\/11\/6h300-184x300.jpg\" alt=\"\" width=\"139\" height=\"226\" \/><\/p>\n<p><span style=\"color: #333333;\"><strong><em>Migraci\u00f3n y Desarrollo<\/em>, volumen 4, n\u00famero 6, primer semestre 2006<\/strong><\/span>, es una publicaci\u00f3n semestral editada por la Universidad Aut\u00f3noma de Zacatecas \u00abFrancisco Garc\u00eda Salinas\u00bb, a trav\u00e9s de la Unidad Acad\u00e9mica de Estudios del Desarrollo, Jard\u00edn Ju\u00e1rez 147, colonia Centro, Zacatecas, C.P. 98000, Tel. (01492) 922 91 09, www.uaz.edu.mx, www.estudiosdeldesarrollo.net, revistamyd@estudiosdeldesarrollo.net. Editor responsable: Ra\u00fal Delgado Wise. Reserva de Derechos al Uso Exclusivo V\u00eda Red C\u00f3mputo No. 04-2015-060212200400-203. ISSN: 2448-7783, ambos otorgados por el Instituto Nacional del Derecho de Autor. Responsable de \u00faltima actualizaci\u00f3n: Unidad Acad\u00e9mica de Estudios del Desarrollo, Maximino Gerardo Luna Estrada, Campus Universitario II, avenida Preparatoria s\/n, fraccionamiento Progreso, Zacatecas, C.P. 98065. Fecha de la \u00faltima modificaci\u00f3n, mayo de 2006.<\/p>\n<p>Las opiniones expresadas por los autores no necesariamente reflejan la postura del editor de la publicaci\u00f3n. Queda estrictamente prohibida la reproducci\u00f3n total o parcial de los contenidos e im\u00e1genes de la publicaci\u00f3n sin previa autorizaci\u00f3n de la Universidad Aut\u00f3noma de Zacatecas \u00abFrancisco Garc\u00eda Salinas\u00bb a trav\u00e9s de la Unidad Acad\u00e9mica de Estudios del Desarrollo.<br \/>\n<a style=\"color: #999999;\" href=\"https:\/\/doi.org\/10.35533\/myd.numero06\" target=\"_blank\" rel=\"noopener noreferrer\">https:\/\/doi.org\/10.35533\/myd.numero06<\/a><\/p>\n<\/div>\n<\/div>\n<div style=\"float: left; background-color: #f2f2f2; padding: 10px; width: 100%;\">\n<h4><span style=\"color: #333333;\"><b>Art\u00edculos<\/b><\/span><\/h4>\n<p><a href=\"https:\/\/estudiosdeldesarrollo.mx\/migracionydesarrollo\/wp-content\/uploads\/2018\/11\/6-1.pdf\" target=\"_blank\" rel=\"noopener noreferrer\"><big><span style=\"color: #000000;\">Organizaciones transnacionales de inmigrantes y desarrollo: un estudio comparativo<\/span><\/big><\/a><br \/>\n<span style=\"color: #808080;\"><strong>Alejandro Portes | Cristina Escobar | Alexandria Walton Radford<\/strong><\/span><br \/>\n<a style=\"color: #999999;\" href=\"https:\/\/doi.org\/10.35533\/myd.0406.ap.ce.awr\" target=\"_blank\" rel=\"noopener noreferrer\">https:\/\/doi.org\/10.35533\/myd.0406.ap.ce.awr<\/a><\/p>\n<p><a href=\"https:\/\/estudiosdeldesarrollo.mx\/migracionydesarrollo\/wp-content\/uploads\/2018\/11\/6-2.pdf\" target=\"_blank\" rel=\"noopener noreferrer\"><big><span style=\"color: #000000;\">Los contextos de salida urbanos y rurales y la organizaci\u00f3n social de la migraci\u00f3n<\/span><\/big><\/a><br \/>\n<span style=\"color: #808080;\"><strong>Liliana Rivera S\u00e1nchez | Fernando Lozano Ascencio<\/strong><\/span><br \/>\n<a style=\"color: #999999;\" href=\"https:\/\/doi.org\/10.35533\/myd.0406.lrs.fla\" target=\"_blank\" rel=\"noopener noreferrer\">https:\/\/doi.org\/10.35533\/myd.0406.lrs.fla<\/a><\/p>\n<p><a href=\"https:\/\/estudiosdeldesarrollo.mx\/migracionydesarrollo\/wp-content\/uploads\/2018\/11\/6-3.pdf\" target=\"_blank\" rel=\"noopener noreferrer\"><big><span style=\"color: #000000;\">El Estado y la migraci\u00f3n global colombiana<\/span><\/big><\/a><br \/>\n<span style=\"color: #808080;\"><strong>Luis Eduardo Guarnizo<\/strong><\/span><br \/>\n<a style=\"color: #999999;\" href=\"https:\/\/doi.org\/10.35533\/myd.0406.leg\" target=\"_blank\" rel=\"noopener noreferrer\">https:\/\/doi.org\/10.35533\/myd.0406.leg<\/a><\/p>\n<p><a href=\"https:\/\/estudiosdeldesarrollo.mx\/migracionydesarrollo\/wp-content\/uploads\/2018\/11\/6-4.pdf\" target=\"_blank\" rel=\"noopener noreferrer\"><big><span style=\"color: #000000;\">Crisis rural y migraciones en Chiapas<\/span><\/big><\/a><br \/>\n<span style=\"color: #808080;\"><strong>Daniel Villafuerte Sol\u00eds | Mar\u00eda del Carmen Garc\u00eda Aguilar<br \/>\n<\/strong><\/span><a style=\"color: #999999;\" href=\"https:\/\/doi.org\/10.35533\/myd.0406.dvs.mcga\" target=\"_blank\" rel=\"noopener noreferrer\">https:\/\/doi.org\/10.35533\/myd.0406.dvs.mcga<\/a><\/p>\n<p><a href=\"https:\/\/estudiosdeldesarrollo.mx\/migracionydesarrollo\/wp-content\/uploads\/2018\/11\/6-5.pdf\" target=\"_blank\" rel=\"noopener noreferrer\"><big><span style=\"color: #000000;\">Experiencias internacionales en el uso productivo de las remesas<\/span><\/big><\/a><br \/>\n<span style=\"color: #808080;\"><strong>Erika Montoya Zavala<br \/>\n<\/strong><\/span><a style=\"color: #999999;\" href=\"https:\/\/doi.org\/10.35533\/myd.0406.emz\" target=\"_blank\" rel=\"noopener noreferrer\">https:\/\/doi.org\/10.35533\/myd.0406.emz<\/a><\/p>\n<h4><span style=\"color: #333333;\"><b>Coyuntura y debate<\/b><\/span><\/h4>\n<p><a href=\"https:\/\/estudiosdeldesarrollo.mx\/migracionydesarrollo\/wp-content\/uploads\/2018\/11\/6-7.pdf\" target=\"_blank\" rel=\"noopener noreferrer\"><big><span style=\"color: #000000;\">Movilizaci\u00f3n pol\u00edtica de los inmigrantes mexicanos<\/span><\/big><\/a><br \/>\n<span style=\"color: #808080;\"><strong>Gustavo Cano<br \/>\n<\/strong><\/span><a style=\"color: #999999;\" href=\"https:\/\/doi.org\/10.35533\/myd.0406.gc\" target=\"_blank\" rel=\"noopener noreferrer\">https:\/\/doi.org\/10.35533\/myd.0406.gc<\/a><\/p>\n<h4><span style=\"color: #333333;\"><b>La voz de los actores<\/b><\/span><\/h4>\n<p><a href=\"https:\/\/estudiosdeldesarrollo.mx\/migracionydesarrollo\/wp-content\/uploads\/2018\/11\/6-6.pdf\" target=\"_blank\" rel=\"noopener noreferrer\"><big><span style=\"color: #000000;\">Movilizaciones masivas de inmigrantes latinoamericanos en Estados Unidos<\/span><\/big><\/a><br \/>\n<span style=\"color: #808080;\"><strong>\u00d3scar A. Chac\u00f3n<br \/>\n<\/strong><\/span><a style=\"color: #999999;\" href=\"https:\/\/doi.org\/10.35533\/myd.0406.oac\" target=\"_blank\" rel=\"noopener noreferrer\">https:\/\/doi.org\/10.35533\/myd.0406.oac<\/a><\/p>\n<\/div>\n<\/div>\n","protected":false},"excerpt":{"rendered":"<p>Migraci\u00f3n y Desarrollo, volumen 4, n\u00famero 6, primer semestre 2006, es una publicaci\u00f3n semestral editada por la Universidad Aut\u00f3noma de Zacatecas \u00abFrancisco Garc\u00eda Salinas\u00bb, a trav\u00e9s de la Unidad Acad\u00e9mica de Estudios del Desarrollo, Jard\u00edn Ju\u00e1rez 147, colonia Centro, Zacatecas,<\/p>\n","protected":false},"author":2,"featured_media":0,"parent":0,"menu_order":0,"comment_status":"closed","ping_status":"closed","template":"","meta":{"footnotes":""},"class_list":["post-758","page","type-page","status-publish","hentry"],"_links":{"self":[{"href":"https:\/\/estudiosdeldesarrollo.mx\/migracionydesarrollo\/wp-json\/wp\/v2\/pages\/758","targetHints":{"allow":["GET"]}}],"collection":[{"href":"https:\/\/estudiosdeldesarrollo.mx\/migracionydesarrollo\/wp-json\/wp\/v2\/pages"}],"about":[{"href":"https:\/\/estudiosdeldesarrollo.mx\/migracionydesarrollo\/wp-json\/wp\/v2\/types\/page"}],"author":[{"embeddable":true,"href":"https:\/\/estudiosdeldesarrollo.mx\/migracionydesarrollo\/wp-json\/wp\/v2\/users\/2"}],"replies":[{"embeddable":true,"href":"https:\/\/estudiosdeldesarrollo.mx\/migracionydesarrollo\/wp-json\/wp\/v2\/comments?post=758"}],"version-history":[{"count":6,"href":"https:\/\/estudiosdeldesarrollo.mx\/migracionydesarrollo\/wp-json\/wp\/v2\/pages\/758\/revisions"}],"predecessor-version":[{"id":1497,"href":"https:\/\/estudiosdeldesarrollo.mx\/migracionydesarrollo\/wp-json\/wp\/v2\/pages\/758\/revisions\/1497"}],"wp:attachment":[{"href":"https:\/\/estudiosdeldesarrollo.mx\/migracionydesarrollo\/wp-json\/wp\/v2\/media?parent=758"}],"curies":[{"name":"wp","href":"https:\/\/api.w.org\/{rel}","templated":true}]}}