{"id":53,"date":"2018-11-07T17:39:12","date_gmt":"2018-11-07T17:39:12","guid":{"rendered":"https:\/\/estudiosdeldesarrollo.mx\/migracionydesarrollo\/?page_id=53"},"modified":"2022-03-25T19:38:22","modified_gmt":"2022-03-25T19:38:22","slug":"codigo-de-etica","status":"publish","type":"page","link":"https:\/\/estudiosdeldesarrollo.mx\/migracionydesarrollo\/codigo-de-etica\/","title":{"rendered":"C\u00f3digo de \u00e9tica"},"content":{"rendered":"<p><a href=\"https:\/\/estudiosdeldesarrollo.mx\/migracionydesarrollo\/code-ethics\/\"><img loading=\"lazy\" decoding=\"async\" class=\"alignright\" src=\"https:\/\/estudiosdeldesarrollo.mx\/migracionydesarrollo\/wp-content\/uploads\/2018\/11\/flags.jpg\" alt=\"\" width=\"53\" height=\"27\" \/><\/a><\/p>\n<div style=\"float: left; padding: 10px; width: 100%;\">Desde su creaci\u00f3n, <em>Migraci\u00f3n y Desarrollo<\/em> se preocup\u00f3 por impulsar una investigaci\u00f3n abierta y comprometida socialmente bajo los principios de honestidad, transparencia, responsabilidad social, rigor cient\u00edfico y metodol\u00f3gico reflexi\u00f3n cr\u00edtica. Al respecto, se estableci\u00f3 un c\u00f3digo de \u00e9tica con fundamento en el Comit\u00e9 de \u00c9tica en Publicaci\u00f3n (COPE), el cual se describe a continuaci\u00f3n:<\/p>\n<h5>Lineamientos del Consejo Editorial<\/h5>\n<ol>\n<li>Cada uno de los integrantes asumir\u00e1 los m\u00e1s altos principios \u00e9ticos en su desempe\u00f1o.<\/li>\n<li>Ser\u00e1 responsable de todos los textos publicados; asimismo, determinar\u00e1 su pertinencia, de acuerdo con el objetivo, enfoque y alcance de la revista.<\/li>\n<li>Concerniente a la evaluaci\u00f3n por pares, resolver\u00e1 cualquier controversia y conflictos de inter\u00e9s que surjan.<\/li>\n<li>Mantendr\u00e1 informado a los autores sobre las fases del proceso editorial, en particular lo relativo a los resultados de los dict\u00e1menes.<\/li>\n<li>En caso de detectar alguna mala pr\u00e1ctica, actuar\u00e1 en consecuencia: <em>a)<\/em> investigar\u00e1 la situaci\u00f3n para identificar la mala conducta (plagio, manipulaci\u00f3n de citas, falsificaci\u00f3n y fabricaci\u00f3n de datos); <em>b)<\/em> solicitar\u00e1 respuesta del autor involucrado, siguiendo los <a href=\"http:\/\/publicationethics.org\/resources\/guidelines-new\/sharing-information-among-editors-chief-regarding-possible-misconduct\" target=\"_blank\" rel=\"noopener noreferrer\"><strong><span style=\"color: #000000;\">lineamientos de COPE<\/span><\/strong><\/a>; <em>c)<\/em> establecer\u00e1 las sanciones correspondientes.<\/li>\n<\/ol>\n<h5>Responsabilidades de los editores<\/h5>\n<ol>\n<li>Evaluar\u00e1n los manuscritos y su contenido intelectual sin distinci\u00f3n de raza, g\u00e9nero, orientaci\u00f3n sexual, creencias religiosas, origen \u00e9tnico, nacionalidad o la filosof\u00eda pol\u00edtica de los autores.<\/li>\n<li>Seguir\u00e1n el principio de confidencialidad, bajo ninguna circunstancia divulgar\u00e1n datos de autores o revisores.<\/li>\n<li>Har\u00e1n uso adecuado del manuscrito in\u00e9dito y respetar\u00e1n la propiedad intelectual del contenido.<\/li>\n<li>De ser necesario, publicar\u00e1n correcciones, aclaraciones, retractaciones o disculpas.<\/li>\n<li>En todo momento mantendr\u00e1n la calidad en el manejo del lenguaje, el formato y el dise\u00f1o.<\/li>\n<li>Buscar\u00e1n mejoras continuas en la producci\u00f3n editorial.<\/li>\n<\/ol>\n<h5>Responsabilidades de los autores<\/h5>\n<ol>\n<li>Garantizar\u00e1n la originalidad de los manuscritos, a la vez que confirmar\u00e1n que no est\u00e1n siendo considerados en otra publicaci\u00f3n.<\/li>\n<li>Prevalecer\u00e1 la honestidad, es decir, se evitar\u00e1 la falsificaci\u00f3n, fabricaci\u00f3n o manipulaci\u00f3n de datos.<\/li>\n<li>Acatar\u00e1n las normas de recepci\u00f3n de la revista (citas; formato; extensi\u00f3n; organizaci\u00f3n de cuadros, gr\u00e1ficas, im\u00e1genes; referencias, etc\u00e9tera).<\/li>\n<li>Proporcionar\u00e1n la informaci\u00f3n adecuada en cuanto a <strong><span style=\"color: #000000;\"><a style=\"color: #000000;\" href=\"https:\/\/publicationethics.org\/files\/u7141\/Authorship_DiscussionDocument_0_0.pdf\" target=\"_blank\" rel=\"noopener noreferrer\">autor\u00eda y reconocimiento<\/a><\/span><\/strong>: dar\u00e1n cr\u00e9dito a las contribuciones y brindar\u00e1n las fuentes de esquemas, im\u00e1genes, mapas, cuadros, gr\u00e1ficas, fotograf\u00edas, etc\u00e9tera.<\/li>\n<li>Revelar\u00e1n sus fuentes de apoyo financiero, seg\u00fan sea el caso, para la realizaci\u00f3n del trabajo de investigaci\u00f3n, as\u00ed como el suministro de material o el acceso a archivos, laboratorios, <em>software<\/em>, entre otros.<\/li>\n<li>Se comprometer\u00e1n a someterse al proceso de evaluaci\u00f3n por pares. Si los arbitrajes son positivos pero condicionados (con ciertas modificaciones), deber\u00e1n responder a los comentarios de los revisores, atender a las observaciones realizadas o, incluso, informar si se retira el art\u00edculo.<\/li>\n<li>Tras la publicaci\u00f3n del art\u00edculo, responder\u00e1n a los comentarios y a la correspondencia surgida.<\/li>\n<li>Corregir\u00e1n errores, omisiones o inexactitudes en la obra publicada, para ello notificar\u00e1n al coordinador editorial acerca de los cambios y colaborar\u00e1n con los editores para llevar a buen fin el proceso.<\/li>\n<\/ol>\n<h5>Responsabilidades de los revisores<\/h5>\n<ol>\n<li>Acatar\u00e1n los lineamientos de la revista y seguir\u00e1n los <strong><span style=\"color: #000000;\"><a style=\"color: #000000;\" href=\"https:\/\/publicationethics.org\/files\/Ethical_Guidelines_For_Peer_Reviewers_2.pdf\" target=\"_blank\" rel=\"noopener noreferrer\">principios establecidos por COPE<\/a><\/span><\/strong>.<\/li>\n<li>Notificar\u00e1n al coordinador editorial si est\u00e1n calificados para realizar el arbitraje.<\/li>\n<li>Informar\u00e1n acerca de alg\u00fan conflicto de inter\u00e9s o de una conducta poco \u00e9tica por parte de los autores.<\/li>\n<li>Preservar\u00e1n la confidencialidad del manuscrito y de las ideas contenidas en \u00e9l; de igual modo, no divulgar\u00e1n ning\u00fan contenido del mismo.<\/li>\n<li>Se conducir\u00e1n de manera objetiva y brindar\u00e1n observaciones, reflexiones y comentarios apropiados.<\/li>\n<\/ol>\n<h5>Detecci\u00f3n de plagio<\/h5>\n<ul>\n<li>Si bien es cierto que en nuestra instituci\u00f3n no se tiene un\u00a0<em>software<\/em>\u00a0antiplagio, la revista se adhiere a los procedimientos recomendados por COPE, por lo que es responsabilidad tanto del Consejo Editorial y de los Coordinadores Editoriales, como de los revisores, velar por que se cumpla el c\u00f3digo de \u00e9tica, identificar las malas pr\u00e1cticas y establecer las sanciones pertinentes. En cuanto a la detecci\u00f3n del plagio, es vital la funci\u00f3n de los revisores pares.<\/li>\n<\/ul>\n<h6>Referencias<\/h6>\n<p style=\"padding-left: 40px;\">COPE Council (9 de junio de 2014), \u00abWhat constitutes authorship? COPE Discussion Document\u00bb, Comittee on Publication Ethics (COPE), en https:\/\/publicationethics.org\/files\/u7141\/Autorship_DiscussionDocument_0_0.pdf<\/p>\n<p style=\"padding-left: 40px;\">COPE Council (septiembre de 2017), \u00abEthical guidelines for peer reviewers\u00bb, COPE, en https:\/\/publicationethics.org\/files\/Ethical_Guidelines_For_Peer_Reviewers_2.pdf<\/p>\n<p style=\"padding-left: 40px;\">COPE\/DOAJ\/OASPA\/WAME (15 de enero de 2018), \u00abPrinciples of Transparency and Best Practice in Scholarly Publishing\u00bb, COPE, en https:\/\/publicationethics.org\/files\/Principles_of_Transparency_and_Best_Practice_in_Scholarly_Publishingv3.pdf<\/p>\n<p style=\"padding-left: 40px;\">Wager, Elizabeth y Sabine Kleinert (2011), \u00abResponsible research publication: international standards for authors. A position statement developed at the 2nd World Conference on Research Integrity, Singapore, July 22-24, 2010\u00bb, en T. Mayer y N. Steneck (eds.), <em>Promoting research integrity on a global enviroment<\/em>, Singapore, Imperial College Press\/ World Scientific Publishing.<\/p>\n<p style=\"padding-left: 40px;\">Kleinert, Sabine y Elizabeth Wager (2011), \u00abResponsible research publication: international standards for editors. A position statement developed at the 2nd World Conference on Research Integrity, Singapore, July 22-24, 2010\u00bb, en T. Mayer y N. Steneck (eds.), <em>Promoting research integrity on a global enviroment<\/em>, Singapore, Imperial College Press\/ World Scientific Publishing.<\/p>\n<\/div>\n","protected":false},"excerpt":{"rendered":"<p>Desde su creaci\u00f3n, Migraci\u00f3n y Desarrollo se preocup\u00f3 por impulsar una investigaci\u00f3n abierta y comprometida socialmente bajo los principios de honestidad, transparencia, responsabilidad social, rigor cient\u00edfico y metodol\u00f3gico reflexi\u00f3n cr\u00edtica. Al respecto, se estableci\u00f3 un c\u00f3digo de \u00e9tica con fundamento<\/p>\n","protected":false},"author":2,"featured_media":0,"parent":0,"menu_order":0,"comment_status":"closed","ping_status":"closed","template":"","meta":{"footnotes":""},"class_list":["post-53","page","type-page","status-publish","hentry"],"_links":{"self":[{"href":"https:\/\/estudiosdeldesarrollo.mx\/migracionydesarrollo\/wp-json\/wp\/v2\/pages\/53","targetHints":{"allow":["GET"]}}],"collection":[{"href":"https:\/\/estudiosdeldesarrollo.mx\/migracionydesarrollo\/wp-json\/wp\/v2\/pages"}],"about":[{"href":"https:\/\/estudiosdeldesarrollo.mx\/migracionydesarrollo\/wp-json\/wp\/v2\/types\/page"}],"author":[{"embeddable":true,"href":"https:\/\/estudiosdeldesarrollo.mx\/migracionydesarrollo\/wp-json\/wp\/v2\/users\/2"}],"replies":[{"embeddable":true,"href":"https:\/\/estudiosdeldesarrollo.mx\/migracionydesarrollo\/wp-json\/wp\/v2\/comments?post=53"}],"version-history":[{"count":5,"href":"https:\/\/estudiosdeldesarrollo.mx\/migracionydesarrollo\/wp-json\/wp\/v2\/pages\/53\/revisions"}],"predecessor-version":[{"id":1878,"href":"https:\/\/estudiosdeldesarrollo.mx\/migracionydesarrollo\/wp-json\/wp\/v2\/pages\/53\/revisions\/1878"}],"wp:attachment":[{"href":"https:\/\/estudiosdeldesarrollo.mx\/migracionydesarrollo\/wp-json\/wp\/v2\/media?parent=53"}],"curies":[{"name":"wp","href":"https:\/\/api.w.org\/{rel}","templated":true}]}}