{"id":49,"date":"2018-11-07T17:38:29","date_gmt":"2018-11-07T17:38:29","guid":{"rendered":"https:\/\/estudiosdeldesarrollo.mx\/migracionydesarrollo\/?page_id=49"},"modified":"2019-06-07T15:19:50","modified_gmt":"2019-06-07T15:19:50","slug":"evaluacion-por-pares","status":"publish","type":"page","link":"https:\/\/estudiosdeldesarrollo.mx\/migracionydesarrollo\/evaluacion-por-pares\/","title":{"rendered":"Evaluaci\u00f3n por pares"},"content":{"rendered":"<p>La publicaci\u00f3n de cualquier texto en la revista <em>Migraci\u00f3n y Desarrollo<\/em> est\u00e1 sujeta a las pautas editoriales; ello incluye la evaluaci\u00f3n por pares, etapa fundamental para la construcci\u00f3n del pensamiento cr\u00edtico, que se sustenta en la objetividad, la valoraci\u00f3n de fuentes, la confidencialidad y la contribuci\u00f3n a las decisiones editoriales.<\/p>\n<p>Al respecto, todos los textos se someten a una valoraci\u00f3n editorial preliminar en la que se establece si cumplen con los requisitos y si se adhieren a la tem\u00e1tica de la revista. Los documentos correspondientes a las secciones \u00abArt\u00edculos\u00bb y \u00abCoyuntura y debate\u00bb son evaluados mediante el sistema doble ciego tanto por revisores internos como por revisores externos. En cuanto a la secci\u00f3n \u00abLa voz de los actores\u00bb, por sus caracter\u00edsticas, la selecci\u00f3n y valoraci\u00f3n de los escritos compete al Consejo Editorial.<\/p>\n<p>Es preciso aclarar que todos los participantes en el proceso de evaluaci\u00f3n se rigen por las normas contenidas en el <a href=\"https:\/\/estudiosdeldesarrollo.mx\/migracionydesarrollo\/codigo-de-etica\/\" target=\"_blank\" rel=\"noopener noreferrer\"><span style=\"color: #000000;\">C\u00f3digo de \u00c9tica<\/span><\/a>, que a su vez se sustenta en los <span style=\"color: #000000;\"><a style=\"color: #000000;\" href=\"https:\/\/publicationethics.org\/core-practices\" target=\"_blank\" rel=\"noopener noreferrer\">principios del Comit\u00e9 de \u00c9tica en Publicaci\u00f3n (COPE)<\/a><\/span>. Para que un texto sea publicado, es indispensable que cuente con dos dict\u00e1menes positivos. A continuaci\u00f3n se describe el proceso de evaluaci\u00f3n.<\/p>\n<ul>\n<li>Los resultados del dictamen pueden enunciarse de cuatro formas:<\/li>\n<\/ul>\n<p style=\"padding-left: 80px;\"><em>1.<\/em> Aprobado sin modificaciones <br \/><em>2.<\/em> Aprobado con modificaciones menores <br \/><em>3.<\/em> Aprobado con modificaciones mayores <br \/><em>4.<\/em> No aprobado<\/p>\n<p style=\"padding-left: 40px;\">Referente a la forma 3, es preciso que el documento modificado sea revisado de nueva cuenta por los \u00e1rbitros.<\/p>\n<ul>\n<li>Si el texto obtiene un dictamen positivo y otro negativo, un tercer \u00e1rbitro realizar\u00e1 la valoraci\u00f3n.<\/li>\n<li>Cabe advertir que la aceptaci\u00f3n de un documento evaluado y aprobado no implica su publicaci\u00f3n inmediata, tal decisi\u00f3n concierne al Consejo Editorial, seg\u00fan los tiempos y las tem\u00e1ticas editoriales.<\/li>\n<li>En caso de dudas o inconformidades acerca del proceso de evaluaci\u00f3n, el autor puede dirigirse al coordinador editorial, quien atender\u00e1 la solicitud.<\/li>\n<\/ul>\n\n\n<p><\/p>\n","protected":false},"excerpt":{"rendered":"<p>La publicaci\u00f3n de cualquier texto en la revista Migraci\u00f3n y Desarrollo est\u00e1 sujeta a las pautas editoriales; ello incluye la evaluaci\u00f3n por pares, etapa fundamental para la construcci\u00f3n del pensamiento cr\u00edtico, que se sustenta en la objetividad, la valoraci\u00f3n de<\/p>\n","protected":false},"author":2,"featured_media":0,"parent":0,"menu_order":0,"comment_status":"closed","ping_status":"closed","template":"","meta":{"footnotes":""},"class_list":["post-49","page","type-page","status-publish","hentry"],"_links":{"self":[{"href":"https:\/\/estudiosdeldesarrollo.mx\/migracionydesarrollo\/wp-json\/wp\/v2\/pages\/49","targetHints":{"allow":["GET"]}}],"collection":[{"href":"https:\/\/estudiosdeldesarrollo.mx\/migracionydesarrollo\/wp-json\/wp\/v2\/pages"}],"about":[{"href":"https:\/\/estudiosdeldesarrollo.mx\/migracionydesarrollo\/wp-json\/wp\/v2\/types\/page"}],"author":[{"embeddable":true,"href":"https:\/\/estudiosdeldesarrollo.mx\/migracionydesarrollo\/wp-json\/wp\/v2\/users\/2"}],"replies":[{"embeddable":true,"href":"https:\/\/estudiosdeldesarrollo.mx\/migracionydesarrollo\/wp-json\/wp\/v2\/comments?post=49"}],"version-history":[{"count":12,"href":"https:\/\/estudiosdeldesarrollo.mx\/migracionydesarrollo\/wp-json\/wp\/v2\/pages\/49\/revisions"}],"predecessor-version":[{"id":950,"href":"https:\/\/estudiosdeldesarrollo.mx\/migracionydesarrollo\/wp-json\/wp\/v2\/pages\/49\/revisions\/950"}],"wp:attachment":[{"href":"https:\/\/estudiosdeldesarrollo.mx\/migracionydesarrollo\/wp-json\/wp\/v2\/media?parent=49"}],"curies":[{"name":"wp","href":"https:\/\/api.w.org\/{rel}","templated":true}]}}