{"id":47,"date":"2018-11-07T17:38:10","date_gmt":"2018-11-07T17:38:10","guid":{"rendered":"https:\/\/estudiosdeldesarrollo.mx\/migracionydesarrollo\/?page_id=47"},"modified":"2018-11-08T20:55:08","modified_gmt":"2018-11-08T20:55:08","slug":"secciones","status":"publish","type":"page","link":"https:\/\/estudiosdeldesarrollo.mx\/migracionydesarrollo\/secciones\/","title":{"rendered":"Secciones"},"content":{"rendered":"<div id=\"contenidosecciones\">\n<div style=\"width: 33%; float: left; align: center; padding: 10px; border-right: 1px; border-style: dotted;\">\n<h4 style=\"text-align: left;\">Art\u00edculos<\/h4>\n<p>Comprende trabajos in\u00e9ditos y traducciones al espa\u00f1ol que son resultado o avance de investigaciones originales enmarcados en las ciencias sociales y enfocados en el problema de la migraci\u00f3n internacional y el desarrollo. Cada documento se somete al sistema de revisi\u00f3n por pares doble ciego.<\/p>\n<\/div>\n<div style=\"width: 33%; float: left; align: center; padding: 10px; border-right: 1px; border-style: dotted;\">\n<h4 style=\"text-align: left;\">Coyuntura y debate<\/h4>\n<p>Incorpora ensayos breves sobre acontecimientos recientes, pol\u00e9micos y de fuerte impacto, relacionados con las l\u00edneas tem\u00e1ticas de la revista. Tambi\u00e9n se someten al sistema de revisi\u00f3n por pares doble ciego.<\/p>\n<\/div>\n<div style=\"width: 33%; float: left; align: center; padding: 10px;\">\n<h4 style=\"text-align: left;\">La voz de los actores<\/h4>\n<p>Presenta proyectos e iniciativas de la comunidad migrante, incluye declaraciones, entrevistas, manifiestos, comunicados, ensayos, principios, acuerdos, protocolos, conferencias, entre otros.<\/p>\n<\/div>\n<\/div>\n","protected":false},"excerpt":{"rendered":"<p>Art\u00edculos Comprende trabajos in\u00e9ditos y traducciones al espa\u00f1ol que son resultado o avance de investigaciones originales enmarcados en las ciencias sociales y enfocados en el problema de la migraci\u00f3n internacional y el desarrollo. Cada documento se somete al sistema de<\/p>\n","protected":false},"author":2,"featured_media":0,"parent":0,"menu_order":0,"comment_status":"closed","ping_status":"closed","template":"","meta":{"footnotes":""},"class_list":["post-47","page","type-page","status-publish","hentry"],"_links":{"self":[{"href":"https:\/\/estudiosdeldesarrollo.mx\/migracionydesarrollo\/wp-json\/wp\/v2\/pages\/47","targetHints":{"allow":["GET"]}}],"collection":[{"href":"https:\/\/estudiosdeldesarrollo.mx\/migracionydesarrollo\/wp-json\/wp\/v2\/pages"}],"about":[{"href":"https:\/\/estudiosdeldesarrollo.mx\/migracionydesarrollo\/wp-json\/wp\/v2\/types\/page"}],"author":[{"embeddable":true,"href":"https:\/\/estudiosdeldesarrollo.mx\/migracionydesarrollo\/wp-json\/wp\/v2\/users\/2"}],"replies":[{"embeddable":true,"href":"https:\/\/estudiosdeldesarrollo.mx\/migracionydesarrollo\/wp-json\/wp\/v2\/comments?post=47"}],"version-history":[{"count":10,"href":"https:\/\/estudiosdeldesarrollo.mx\/migracionydesarrollo\/wp-json\/wp\/v2\/pages\/47\/revisions"}],"predecessor-version":[{"id":280,"href":"https:\/\/estudiosdeldesarrollo.mx\/migracionydesarrollo\/wp-json\/wp\/v2\/pages\/47\/revisions\/280"}],"wp:attachment":[{"href":"https:\/\/estudiosdeldesarrollo.mx\/migracionydesarrollo\/wp-json\/wp\/v2\/media?parent=47"}],"curies":[{"name":"wp","href":"https:\/\/api.w.org\/{rel}","templated":true}]}}