{"id":458,"date":"2018-11-27T17:28:33","date_gmt":"2018-11-27T17:28:33","guid":{"rendered":"https:\/\/estudiosdeldesarrollo.mx\/migracionydesarrollo\/?page_id=458"},"modified":"2021-04-23T17:12:00","modified_gmt":"2021-04-23T17:12:00","slug":"numero-22","status":"publish","type":"page","link":"https:\/\/estudiosdeldesarrollo.mx\/migracionydesarrollo\/numero-22\/","title":{"rendered":"N\u00famero 22"},"content":{"rendered":"<div id=\"contenedor30\">\n<div style=\"float: left;\">\n<div>\n<p><img loading=\"lazy\" decoding=\"async\" class=\"alignleft wp-image-359\" src=\"https:\/\/estudiosdeldesarrollo.mx\/migracionydesarrollo\/wp-content\/uploads\/2018\/11\/22h300-220x300.jpg\" alt=\"\" width=\"166\" height=\"226\" \/><\/p>\n<p><span style=\"color: #ff6600;\"><strong><em>Migraci\u00f3n y Desarrollo<\/em>, volumen 12, n\u00famero 22, primer semestre 2014<\/strong><\/span>, es una publicaci\u00f3n semestral editada por la Universidad Aut\u00f3noma de Zacatecas \u00abFrancisco Garc\u00eda Salinas\u00bb, a trav\u00e9s de la Unidad Acad\u00e9mica de Estudios del Desarrollo, Jard\u00edn Ju\u00e1rez 147, colonia Centro, Zacatecas, C.P. 98000, Tel. (01492) 922 91 09, www.uaz.edu.mx, www.estudiosdeldesarrollo.net, revistamyd@estudiosdeldesarrollo.net. Editor responsable: Ra\u00fal Delgado Wise. Reserva de Derechos al Uso Exclusivo V\u00eda Red C\u00f3mputo No. 04-2015-060212200400-203. ISSN: 2448-7783, ambos otorgados por el Instituto Nacional del Derecho de Autor. Responsable de \u00faltima actualizaci\u00f3n: Unidad Acad\u00e9mica de Estudios del Desarrollo, Maximino Gerardo Luna Estrada, Campus Universitario II, avenida Preparatoria s\/n, fraccionamiento Progreso, Zacatecas, C.P. 98065. Fecha de la \u00faltima modificaci\u00f3n, abril de 2014.<\/p>\n<p>Las opiniones expresadas por los autores no necesariamente reflejan la postura del editor de la publicaci\u00f3n. Queda estrictamente prohibida la reproducci\u00f3n total o parcial de los contenidos e im\u00e1genes de la publicaci\u00f3n sin previa autorizaci\u00f3n de la Universidad Aut\u00f3noma de Zacatecas \u00abFrancisco Garc\u00eda Salinas\u00bb a trav\u00e9s de la Unidad Acad\u00e9mica de Estudios del Desarrollo.<br \/>\n<a style=\"color: #999999;\" href=\"https:\/\/doi.org\/10.35533\/myd.numero22\" target=\"_blank\" rel=\"noopener noreferrer\">https:\/\/doi.org\/10.35533\/myd.numero22<\/a><\/p>\n<\/div>\n<\/div>\n<div style=\"float: left; background-color: #f2f2f2; padding: 10px; width: 100%;\">\n<h4 style=\"color: #045fb4;\"><span style=\"color: #ff6600;\"><b>Art\u00edculos<\/b><\/span><\/h4>\n<p><a href=\"https:\/\/estudiosdeldesarrollo.mx\/migracionydesarrollo\/wp-content\/uploads\/2018\/11\/22-1.pdf\" target=\"_blank\" rel=\"noopener\"><big><span style=\"color: #000000;\">Tres ciclos migratorios en Chiapas: interno, regional e internacional<\/span><\/big><\/a><br \/>\n<span style=\"color: #808080;\"><b>Daniel Villafuerte Sol\u00eds | Mar\u00eda del Carmen Garc\u00eda Aguilar<br \/>\n<\/b><\/span><a style=\"color: #999999;\" href=\"https:\/\/doi.org\/10.35533\/myd.1222.dvs.mcga\" target=\"_blank\" rel=\"noopener noreferrer\">https:\/\/doi.org\/10.35533\/myd.1222.dvs.mcga<\/a><\/p>\n<p><a href=\"https:\/\/estudiosdeldesarrollo.mx\/migracionydesarrollo\/wp-content\/uploads\/2018\/11\/22-2.pdf\" target=\"_blank\" rel=\"noopener\"><big><span style=\"color: #000000;\">Migraci\u00f3n transfronteriza y trabajo infantil en el Soconusco, Chiapas<\/span><\/big><\/a><br \/>\n<span style=\"color: #808080;\"><strong>Laura Itzel Ram\u00edrez Ramos | Emma Zapata Martelo | Ver\u00f3nica V\u00e1zquez Garc\u00eda | Dominga Austreberta | Nazar Beutelspacher | Naima C\u00e1rcamo Toal\u00e1<br \/>\n<\/strong><\/span><a style=\"color: #999999;\" href=\"https:\/\/doi.org\/10.35533\/myd.1222.lr.ez.vv.dn.nc\" target=\"_blank\" rel=\"noopener noreferrer\">https:\/\/doi.org\/10.35533\/myd.1222.lr.ez.vv.dn.nc<\/a><\/p>\n<p><a href=\"https:\/\/estudiosdeldesarrollo.mx\/migracionydesarrollo\/wp-content\/uploads\/2018\/11\/22-3.pdf\" target=\"_blank\" rel=\"noopener\"><big><span style=\"color: #000000;\">Turbulencia econ\u00f3mica, violencia y cambios migratorios en la frontera norte de M\u00e9xico, 1990-2010<\/span><\/big><\/a><br \/>\n<span style=\"color: #808080;\"><strong>Elmyra Yb\u00e1\u00f1ez Zepeda | Rafael Alarc\u00f3n<br \/>\n<\/strong><\/span><a style=\"color: #999999;\" href=\"https:\/\/doi.org\/10.35533\/myd.1222.eyz.ra\" target=\"_blank\" rel=\"noopener noreferrer\">https:\/\/doi.org\/10.35533\/myd.1222.eyz.ra<\/a><\/p>\n<p><a href=\"https:\/\/estudiosdeldesarrollo.mx\/migracionydesarrollo\/wp-content\/uploads\/2018\/11\/22-4.pdf\" target=\"_blank\" rel=\"noopener\"><big><span style=\"color: #000000;\">Modelos organizativos e isomorfismo institucional entre asociaciones de migrantes michoacanos en Los \u00c1ngeles, California<\/span><\/big><\/a><br \/>\n<span style=\"color: #808080;\"><strong>Carlos Alberto Gonz\u00e1lez Zepeda | Luis Escala Rabad\u00e1n<br \/>\n<\/strong><\/span><a style=\"color: #999999;\" href=\"https:\/\/doi.org\/10.35533\/myd.1222.cagz.ler\" target=\"_blank\" rel=\"noopener noreferrer\">https:\/\/doi.org\/10.35533\/myd.1222.cagz.ler<\/a><\/p>\n<p><a href=\"https:\/\/estudiosdeldesarrollo.mx\/migracionydesarrollo\/wp-content\/uploads\/2018\/11\/22-5.pdf\" target=\"_blank\" rel=\"noopener\"><big><span style=\"color: #000000;\">Migraci\u00f3n y desarrollo econ\u00f3mico en M\u00e9xico: un an\u00e1lisis factorial de correspondencias<\/span><\/big><\/a><br \/>\n<span style=\"color: #808080;\"><strong>Jos\u00e9 C\u00e9sar Lenin Navarro Ch\u00e1vez | Francisco Venegas Mart\u00ednez | Am\u00e9rica Ivonne Zamora Torres<br \/>\n<\/strong><\/span><a style=\"color: #999999;\" href=\"https:\/\/doi.org\/10.35533\/myd.1222.jclnc.fvm.aizt\" target=\"_blank\" rel=\"noopener noreferrer\">https:\/\/doi.org\/10.35533\/myd.1222.jclnc.fvm.aizt<\/a><\/p>\n<h4 style=\"color: #045fb4;\"><span style=\"color: #ff6600;\"><b>Coyuntura y debate<\/b><\/span><\/h4>\n<p><a href=\"https:\/\/estudiosdeldesarrollo.mx\/migracionydesarrollo\/wp-content\/uploads\/2018\/11\/22-6.pdf\" target=\"_blank\" rel=\"noopener\"><big><span style=\"color: #000000;\">Seguridad y migraci\u00f3n en las fronteras de M\u00e9xico: diagn\u00f3stico y recomendaciones de pol\u00edtica y cooperaci\u00f3n regional<\/span><\/big><\/a><br \/>\n<span style=\"color: #808080;\"><strong>Guadalupe Correa Cabrera<br \/>\n<\/strong><\/span><a style=\"color: #999999;\" href=\"https:\/\/doi.org\/10.35533\/myd.1222.gcc\" target=\"_blank\" rel=\"noopener noreferrer\">https:\/\/doi.org\/10.35533\/myd.1222.gcc<\/a><\/p>\n<h4 style=\"color: #045fb4;\"><span style=\"color: #ff6600;\"><b>La voz de los actores<\/b><\/span><\/h4>\n<p><a href=\"https:\/\/estudiosdeldesarrollo.mx\/migracionydesarrollo\/wp-content\/uploads\/2018\/11\/22-7.pdf\" target=\"_blank\" rel=\"noopener\"><big><span style=\"color: #000000;\">Un soplo de vida digna para los caminantes centroamericanos en M\u00e9xico. Entrevista con Alejandro Solalinde<\/span><\/big><\/a><br \/>\n<span style=\"color: #808080;\"><strong>Humberto M\u00e1rquez Covarrubias<br \/>\n<\/strong><\/span><a style=\"color: #999999;\" href=\"https:\/\/doi.org\/10.35533\/myd.1222.as.hmc\" target=\"_blank\" rel=\"noopener noreferrer\">https:\/\/doi.org\/10.35533\/myd.1222.as.hmc<\/a><\/p>\n<\/div>\n<\/div>\n","protected":false},"excerpt":{"rendered":"<p>Migraci\u00f3n y Desarrollo, volumen 12, n\u00famero 22, primer semestre 2014, es una publicaci\u00f3n semestral editada por la Universidad Aut\u00f3noma de Zacatecas \u00abFrancisco Garc\u00eda Salinas\u00bb, a trav\u00e9s de la Unidad Acad\u00e9mica de Estudios del Desarrollo, Jard\u00edn Ju\u00e1rez 147, colonia Centro, Zacatecas,<\/p>\n","protected":false},"author":2,"featured_media":0,"parent":0,"menu_order":0,"comment_status":"closed","ping_status":"closed","template":"","meta":{"footnotes":""},"class_list":["post-458","page","type-page","status-publish","hentry"],"_links":{"self":[{"href":"https:\/\/estudiosdeldesarrollo.mx\/migracionydesarrollo\/wp-json\/wp\/v2\/pages\/458","targetHints":{"allow":["GET"]}}],"collection":[{"href":"https:\/\/estudiosdeldesarrollo.mx\/migracionydesarrollo\/wp-json\/wp\/v2\/pages"}],"about":[{"href":"https:\/\/estudiosdeldesarrollo.mx\/migracionydesarrollo\/wp-json\/wp\/v2\/types\/page"}],"author":[{"embeddable":true,"href":"https:\/\/estudiosdeldesarrollo.mx\/migracionydesarrollo\/wp-json\/wp\/v2\/users\/2"}],"replies":[{"embeddable":true,"href":"https:\/\/estudiosdeldesarrollo.mx\/migracionydesarrollo\/wp-json\/wp\/v2\/comments?post=458"}],"version-history":[{"count":2,"href":"https:\/\/estudiosdeldesarrollo.mx\/migracionydesarrollo\/wp-json\/wp\/v2\/pages\/458\/revisions"}],"predecessor-version":[{"id":1462,"href":"https:\/\/estudiosdeldesarrollo.mx\/migracionydesarrollo\/wp-json\/wp\/v2\/pages\/458\/revisions\/1462"}],"wp:attachment":[{"href":"https:\/\/estudiosdeldesarrollo.mx\/migracionydesarrollo\/wp-json\/wp\/v2\/media?parent=458"}],"curies":[{"name":"wp","href":"https:\/\/api.w.org\/{rel}","templated":true}]}}