{"id":45,"date":"2018-11-07T17:37:58","date_gmt":"2018-11-07T17:37:58","guid":{"rendered":"https:\/\/estudiosdeldesarrollo.mx\/migracionydesarrollo\/?page_id=45"},"modified":"2019-01-23T16:02:03","modified_gmt":"2019-01-23T16:02:03","slug":"tematica-y-alcance","status":"publish","type":"page","link":"https:\/\/estudiosdeldesarrollo.mx\/migracionydesarrollo\/tematica-y-alcance\/","title":{"rendered":"Tem\u00e1tica y alcance"},"content":{"rendered":"<p><em>Migraci\u00f3n y Desarrollo<\/em> es una revista orientada a la reflexi\u00f3n, la investigaci\u00f3n y el an\u00e1lisis sobre temas concernientes al v\u00ednculo entre migraci\u00f3n y desarrollo desde una mirada cr\u00edtica, alterna a la postura dominante: la<em> perspectiva del Sur<\/em>, cuyo eje central son los derechos humanos. Contribuye a la construcci\u00f3n del pensamiento cr\u00edtico en las Ciencias Sociales y en las Humanidades a partir de la minuciosa selecci\u00f3n de manuscritos que son evaluados por pares acad\u00e9micos mediante el sistema doble ciego y que se organizan en tres secciones: <em>Art\u00edculos<\/em>, <em>Coyuntura y debate<\/em> y <em>La voz de los actores<\/em>.<\/p>\n","protected":false},"excerpt":{"rendered":"<p>Migraci\u00f3n y Desarrollo es una revista orientada a la reflexi\u00f3n, la investigaci\u00f3n y el an\u00e1lisis sobre temas concernientes al v\u00ednculo entre migraci\u00f3n y desarrollo desde una mirada cr\u00edtica, alterna a la postura dominante: la perspectiva del Sur, cuyo eje central<\/p>\n","protected":false},"author":2,"featured_media":0,"parent":0,"menu_order":0,"comment_status":"closed","ping_status":"closed","template":"","meta":{"footnotes":""},"class_list":["post-45","page","type-page","status-publish","hentry"],"_links":{"self":[{"href":"https:\/\/estudiosdeldesarrollo.mx\/migracionydesarrollo\/wp-json\/wp\/v2\/pages\/45","targetHints":{"allow":["GET"]}}],"collection":[{"href":"https:\/\/estudiosdeldesarrollo.mx\/migracionydesarrollo\/wp-json\/wp\/v2\/pages"}],"about":[{"href":"https:\/\/estudiosdeldesarrollo.mx\/migracionydesarrollo\/wp-json\/wp\/v2\/types\/page"}],"author":[{"embeddable":true,"href":"https:\/\/estudiosdeldesarrollo.mx\/migracionydesarrollo\/wp-json\/wp\/v2\/users\/2"}],"replies":[{"embeddable":true,"href":"https:\/\/estudiosdeldesarrollo.mx\/migracionydesarrollo\/wp-json\/wp\/v2\/comments?post=45"}],"version-history":[{"count":3,"href":"https:\/\/estudiosdeldesarrollo.mx\/migracionydesarrollo\/wp-json\/wp\/v2\/pages\/45\/revisions"}],"predecessor-version":[{"id":779,"href":"https:\/\/estudiosdeldesarrollo.mx\/migracionydesarrollo\/wp-json\/wp\/v2\/pages\/45\/revisions\/779"}],"wp:attachment":[{"href":"https:\/\/estudiosdeldesarrollo.mx\/migracionydesarrollo\/wp-json\/wp\/v2\/media?parent=45"}],"curies":[{"name":"wp","href":"https:\/\/api.w.org\/{rel}","templated":true}]}}