{"id":43,"date":"2018-11-07T17:37:40","date_gmt":"2018-11-07T17:37:40","guid":{"rendered":"https:\/\/estudiosdeldesarrollo.mx\/migracionydesarrollo\/?page_id=43"},"modified":"2019-06-07T19:05:53","modified_gmt":"2019-06-07T19:05:53","slug":"contacto","status":"publish","type":"page","link":"https:\/\/estudiosdeldesarrollo.mx\/migracionydesarrollo\/contacto\/","title":{"rendered":"Contacto"},"content":{"rendered":"<h6>Mark Rushton<\/h6>\n<p>Coordinador editorial<br \/>\nUnidad Acad\u00e9mica en Estudios del Desarrollo<br \/>\nUniversidad Aut\u00f3noma de Zacatecas<br \/>\nM\u00e9xico<\/p>\n<div id=\"contacto\">\n<div style=\"width: 100%; border-bottom: thin; border-style: dotted; padding: 10px;\">\n<div>&nbsp;<\/div>\n<div style=\"float: left;\"><img loading=\"lazy\" decoding=\"async\" src=\"https:\/\/estudiosdeldesarrollo.mx\/migracionydesarrollo\/wp-content\/uploads\/2018\/11\/@.png\" alt=\"\" width=\"70\" height=\"70\"><\/div>\n<div>&nbsp;<\/div>\n<p>revistamyd@uaz.edu.mx<br \/>\nedicionesed@gmail.com<\/p>\n<div>&nbsp;<\/div>\n<\/div>\n<div style=\"padding-top: 10 px; width: 100%; border-bottom: thin; border-style: dotted;\">\n<div style=\"float: left;\">\n<p><img loading=\"lazy\" decoding=\"async\" class=\"\" src=\"https:\/\/estudiosdeldesarrollo.mx\/migracionydesarrollo\/wp-content\/uploads\/2018\/11\/direccion.png\" alt=\"\" width=\"70\" height=\"70\"><\/p>\n<\/div>\n<div>&nbsp;<\/div>\n<p>Ediciones Estudios del Desarrollo, Unidad Acad\u00e9mica en Estudios del Desarrollo, Universidad Aut\u00f3noma de Zacatecas, Campus Universitario II, avenida Preparatoria s\/n, fraccionamiento Progreso, Zacatecas, 98065.<\/p>\n<div>&nbsp;<\/div>\n<\/div>\n<\/div>\n<div style=\"width: 100%; border-bottom: thin; border-style: dotted;\">\n<div>\n<p><img loading=\"lazy\" decoding=\"async\" src=\"https:\/\/estudiosdeldesarrollo.mx\/migracionydesarrollo\/wp-content\/uploads\/2018\/11\/tel.png\" alt=\"\" width=\"38\" height=\"24\">9256690 ext. 3524<\/p>\n<\/div>\n<\/div>\n<div style=\"float: left;\">\n<div>&nbsp;<\/div>\n<\/div>\n<div style=\"width: 100%; border-bottom: thin; border-style: dotted;\">\n<div>&nbsp;<\/div>\n<div style=\"float: left;\"><a href=\"https:\/\/www.facebook.com\/EditorialUAED\"><img loading=\"lazy\" decoding=\"async\" class=\"\" src=\"https:\/\/estudiosdeldesarrollo.mx\/migracionydesarrollo\/wp-content\/uploads\/2018\/11\/face.png\" alt=\"\" width=\"38\" height=\"24\"><\/a><\/div>\n<p><a href=\"https:\/\/www.facebook.com\/EditorialUAED\" target=\"_blank\" rel=\"noopener noreferrer\"><span style=\"color: #000000;\">EditorialUAED<\/span><\/a><\/p>\n<\/div>\n<h4>&nbsp;<\/h4>\n<h4>Ventas<\/h4>\n<p>Para mayor informaci\u00f3n acerca de la adquisici\u00f3n de ejemplares impresos comun\u00edquese al correo <em>edicionesed@gmail.com.<\/em><\/p>\n","protected":false},"excerpt":{"rendered":"<p>Mark Rushton Coordinador editorial Unidad Acad\u00e9mica en Estudios del Desarrollo Universidad Aut\u00f3noma de Zacatecas M\u00e9xico &nbsp; &nbsp; revistamyd@uaz.edu.mx edicionesed@gmail.com &nbsp; &nbsp; Ediciones Estudios del Desarrollo, Unidad Acad\u00e9mica en Estudios del Desarrollo, Universidad Aut\u00f3noma de Zacatecas, Campus Universitario II, avenida Preparatoria<\/p>\n","protected":false},"author":2,"featured_media":0,"parent":0,"menu_order":0,"comment_status":"closed","ping_status":"closed","template":"","meta":{"footnotes":""},"class_list":["post-43","page","type-page","status-publish","hentry"],"_links":{"self":[{"href":"https:\/\/estudiosdeldesarrollo.mx\/migracionydesarrollo\/wp-json\/wp\/v2\/pages\/43","targetHints":{"allow":["GET"]}}],"collection":[{"href":"https:\/\/estudiosdeldesarrollo.mx\/migracionydesarrollo\/wp-json\/wp\/v2\/pages"}],"about":[{"href":"https:\/\/estudiosdeldesarrollo.mx\/migracionydesarrollo\/wp-json\/wp\/v2\/types\/page"}],"author":[{"embeddable":true,"href":"https:\/\/estudiosdeldesarrollo.mx\/migracionydesarrollo\/wp-json\/wp\/v2\/users\/2"}],"replies":[{"embeddable":true,"href":"https:\/\/estudiosdeldesarrollo.mx\/migracionydesarrollo\/wp-json\/wp\/v2\/comments?post=43"}],"version-history":[{"count":66,"href":"https:\/\/estudiosdeldesarrollo.mx\/migracionydesarrollo\/wp-json\/wp\/v2\/pages\/43\/revisions"}],"predecessor-version":[{"id":989,"href":"https:\/\/estudiosdeldesarrollo.mx\/migracionydesarrollo\/wp-json\/wp\/v2\/pages\/43\/revisions\/989"}],"wp:attachment":[{"href":"https:\/\/estudiosdeldesarrollo.mx\/migracionydesarrollo\/wp-json\/wp\/v2\/media?parent=43"}],"curies":[{"name":"wp","href":"https:\/\/api.w.org\/{rel}","templated":true}]}}