{"id":41,"date":"2018-11-07T17:37:21","date_gmt":"2018-11-07T17:37:21","guid":{"rendered":"https:\/\/estudiosdeldesarrollo.mx\/migracionydesarrollo\/?page_id=41"},"modified":"2022-03-25T20:14:02","modified_gmt":"2022-03-25T20:14:02","slug":"aviso-de-privacidad","status":"publish","type":"page","link":"https:\/\/estudiosdeldesarrollo.mx\/migracionydesarrollo\/aviso-de-privacidad\/","title":{"rendered":"Aviso de privacidad"},"content":{"rendered":"<p>De acuerdo con los lineamientos de nuestro c\u00f3digo de \u00e9tica, los nombres, las direcciones de correo electr\u00f3nico y otros datos relevantes proporcionados a esta revista se usar\u00e1n exclusivamente para los fines establecidos en ella; no se proporcionar\u00e1n a terceros ni se emplear\u00e1n en actividades lucrativas o ajenas al \u00e1mbito acad\u00e9mico.<\/p>\n<p>Es preciso aclarar, adem\u00e1s, que <em>Migraci\u00f3n y Desarrollo<\/em> incorpora protocolos de interoperabilidad.<\/p>\n<h5>Pol\u00edticas de respaldo<\/h5>\n<p>Se cuenta con tres versiones de cada texto.<br \/>\n1. Versi\u00f3n de producci\u00f3n. Documentos finales accesibles a los lectores.<br \/>\n2. Respaldo semestral en el servidor en el cual se aloja la revista.<br \/>\n3. Versi\u00f3n de edici\u00f3n. Archivos originales enviados por autores y revisores.<\/p>\n","protected":false},"excerpt":{"rendered":"<p>De acuerdo con los lineamientos de nuestro c\u00f3digo de \u00e9tica, los nombres, las direcciones de correo electr\u00f3nico y otros datos relevantes proporcionados a esta revista se usar\u00e1n exclusivamente para los fines establecidos en ella; no se proporcionar\u00e1n a terceros ni<\/p>\n","protected":false},"author":2,"featured_media":0,"parent":0,"menu_order":0,"comment_status":"closed","ping_status":"closed","template":"","meta":{"footnotes":""},"class_list":["post-41","page","type-page","status-publish","hentry"],"_links":{"self":[{"href":"https:\/\/estudiosdeldesarrollo.mx\/migracionydesarrollo\/wp-json\/wp\/v2\/pages\/41","targetHints":{"allow":["GET"]}}],"collection":[{"href":"https:\/\/estudiosdeldesarrollo.mx\/migracionydesarrollo\/wp-json\/wp\/v2\/pages"}],"about":[{"href":"https:\/\/estudiosdeldesarrollo.mx\/migracionydesarrollo\/wp-json\/wp\/v2\/types\/page"}],"author":[{"embeddable":true,"href":"https:\/\/estudiosdeldesarrollo.mx\/migracionydesarrollo\/wp-json\/wp\/v2\/users\/2"}],"replies":[{"embeddable":true,"href":"https:\/\/estudiosdeldesarrollo.mx\/migracionydesarrollo\/wp-json\/wp\/v2\/comments?post=41"}],"version-history":[{"count":5,"href":"https:\/\/estudiosdeldesarrollo.mx\/migracionydesarrollo\/wp-json\/wp\/v2\/pages\/41\/revisions"}],"predecessor-version":[{"id":1880,"href":"https:\/\/estudiosdeldesarrollo.mx\/migracionydesarrollo\/wp-json\/wp\/v2\/pages\/41\/revisions\/1880"}],"wp:attachment":[{"href":"https:\/\/estudiosdeldesarrollo.mx\/migracionydesarrollo\/wp-json\/wp\/v2\/media?parent=41"}],"curies":[{"name":"wp","href":"https:\/\/api.w.org\/{rel}","templated":true}]}}