{"id":37,"date":"2018-11-07T17:36:44","date_gmt":"2018-11-07T17:36:44","guid":{"rendered":"https:\/\/estudiosdeldesarrollo.mx\/migracionydesarrollo\/?page_id=37"},"modified":"2021-04-20T16:33:43","modified_gmt":"2021-04-20T16:33:43","slug":"normas-de-recepcion","status":"publish","type":"page","link":"https:\/\/estudiosdeldesarrollo.mx\/migracionydesarrollo\/normas-de-recepcion\/","title":{"rendered":"Normas de recepci\u00f3n"},"content":{"rendered":"<h4>Estructura de la revista<\/h4>\n<p><em>Migraci\u00f3n y Desarrollo<\/em> es una revista semestral de investigaci\u00f3n cient\u00edfica arbitrada y publicada por la Universidad Aut\u00f3noma de Zacatecas \u00abFrancisco Garc\u00eda Salinas\u00bb y la Red Internacional de Migraci\u00f3n y Desarrollo. Se organiza en tres secciones: \u00abArt\u00edculos\u00bb, \u00abCoyuntura y debate\u00bb y \u00abLa voz de los actores\u00bb. Cabe destacar que es una revista de acceso abierto con\u00a0 licencia 4.0 de Creative Commons.<\/p>\n<h4>Formato y estilo<\/h4>\n<p><em>1<\/em>. Los trabajos deber\u00e1n ser in\u00e9ditos y sus autores se comprometen a no someterlos simult\u00e1neamente a la consideraci\u00f3n de otras publicaciones; as\u00ed como a seguir los lineamientos establecidos en el c\u00f3digo de \u00e9tica. Deber\u00e1n ser resultado o avance de investigaciones originales de alto nivel, enmarcados en las Ciencias Sociales y enfocados en la migraci\u00f3n internacional y el desarrollo. Se reciben trabajos en espa\u00f1ol y en ingl\u00e9s; ser\u00e1n publicados en esos idiomas.<\/p>\n<p><em>2<\/em>. Los autores conceden permiso para que sus art\u00edculos sean difundidos por medios impresos y electr\u00f3nicos.<\/p>\n<p><em>3<\/em>. Los autores deber\u00e1n remitir los originales en formato compatible con los programas est\u00e1ndares de procesamiento de textos (Word), tama\u00f1o carta, a doble espacio y con letra de 12 puntos en fuente Times New Roman.<\/p>\n<p><em>4<\/em>. Considerando que una cuartilla tiene 27 renglones y entre 60 y 64 caracteres con espacios e interlineado doble, los trabajos tendr\u00e1n una extensi\u00f3n de entre 20 y 25 cuartillas; los textos destinados a las secciones \u00abLa voz de los actores\u00bb, entre 12 y 15, y a \u00abCoyuntura y debate\u00bb, entre 15 y 20.<\/p>\n<p><em>5<\/em>. Los trabajos deber\u00e1n acompa\u00f1arse de los siguientes datos, con una extensi\u00f3n no mayor de diez l\u00edneas: nombre completo del autor o los autores, nacionalidad, m\u00e1ximo nivel de estudios alcanzado, instituci\u00f3n, centro de adscripci\u00f3n y l\u00ednea de investigaci\u00f3n, cargo que desempe\u00f1a, n\u00famero telef\u00f3nico, direcci\u00f3n postal, direcci\u00f3n electr\u00f3nica, dos o tres referencias bibliogr\u00e1ficas de las publicaciones recientes o relevantes, informaci\u00f3n que considere pertinente.<\/p>\n<p><em>6<\/em>. Anexo al art\u00edculo, deber\u00e1 enviarse un resumen de 150 palabras (o diez renglones) en el idioma en que est\u00e9 escrito y cinco palabras clave, que faciliten su inclusi\u00f3n en los \u00edndices y bases de datos bibliogr\u00e1ficos. <em>Migraci\u00f3n y Desarrollo<\/em> traducir\u00e1, en su caso, el resumen al ingl\u00e9s y utilizar\u00e1 esa s\u00edntesis para su difusi\u00f3n en el portal de internet.<\/p>\n<p><em>7<\/em>. Cuadros, mapas y gr\u00e1ficas deber\u00e1n presentarse de forma clara y precisa; invariablemente deber\u00e1n incluir la fuente o el origen de procedencia y en el texto deber\u00e1 indicarse su colocaci\u00f3n exacta. Es importante considerar que la revista se imprime en negro y que, por lo mismo, la informaci\u00f3n referida a los gr\u00e1ficos deber\u00e1 ajustarse a estas condiciones; en ning\u00fan caso se podr\u00e1 incluir en la publicaci\u00f3n un elemento gr\u00e1fico en color (es necesario prescindir de recursos tales como \u00abc\u00f3digos de color\u00bb). Para la mejor presentaci\u00f3n de estos elementos, se requiere el env\u00edo de los archivos en los que se elabor\u00f3 el gr\u00e1fico (Excel, Illustrator, Photoshop, InDesign).<\/p>\n<p><em>8<\/em>. Se presentar\u00e1n las notas a pie de p\u00e1gina y deber\u00e1n estar escritas a rengl\u00f3n corrido (a un espacio) y numeraci\u00f3n corrida (progresiva). Las llamadas deber\u00e1n ser num\u00e9ricas.<\/p>\n<p><em>9<\/em>. Concerniente a la forma de citar, se seguir\u00e1n las normas APA (s\u00e9ptima edici\u00f3n, 2020). En ese sentido, deber\u00e1n insertarse las citas en el texto abriendo un par\u00e9ntesis con el apellido del autor, el a\u00f1o de la publicaci\u00f3n; en caso de ser citas textuales se a\u00f1adir\u00e1 tambi\u00e9n el n\u00famero de p\u00e1gina.<\/p>\n<p style=\"padding-left: 40px;\"><em>Ejemplos<\/em><\/p>\n<p style=\"padding-left: 40px;\">Citas indirectas (Mart\u00ednez-Alier, 2010) (Munck, 2003, citado en Mallorqu\u00edn, 2012)<br \/>\nCita directa (Durand, 2003, p. 14)<\/p>\n<p><em>10<\/em>. Las referencias bibliogr\u00e1ficas completas se desplegar\u00e1n al final del texto, en orden alfab\u00e9tico y de acuerdo con el siguiente formato que se circunscribe a las normas APA (s\u00e9ptima edici\u00f3n, 2020).<\/p>\n<p style=\"padding-left: 30px; text-align: left;\"><strong>Libros<br \/>\n<\/strong>Apellido del autor, nombre. (a\u00f1o). <em>T\u00edtulo del libro<\/em>. Editorial.<br \/>\nApellido del autor, nombre y apellido del autor, nombre. (a\u00f1o). <em>T\u00edtulo del libro<\/em>. Editorial.<\/p>\n<p style=\"padding-left: 30px; text-align: left;\"><em>Ejemplos<\/em><br \/>\nFoladori, G. (2001). <em>Controversias sobre sustentabilidad. La coevoluci\u00f3n sociedad-naturaleza<\/em>. Universidad Aut\u00f3noma de Zacatecas; Miguel \u00c1ngel Porr\u00faa..<\/p>\n<p style=\"padding-left: 30px; text-align: left;\">Petras, J. y Veltmeyer, H. (2003). <em>La globalizaci\u00f3n desenmascarada. El imperialismo en el siglo XXI<\/em> (L.R. Mor\u00e1n Quiroz, trad.). Universidad Aut\u00f3noma de Zacatecas; Miguel \u00c1ngel Porr\u00faa (original publicado en 2001).<\/p>\n<p style=\"padding-left: 30px;\"><strong>Cap\u00edtulo de libro<\/strong><br \/>\nApellido del autor, nombre. (a\u00f1o). T\u00edtulo del cap\u00edtulo. En nombre, apellido del autor (ed.\/coord.), <em>T\u00edtulo del libro<\/em> (p\u00e1ginas). Editorial.<\/p>\n<p style=\"padding-left: 30px;\"><em>Ejemplo<\/em><br \/>\nSabatini, F. y Wormald, G. (2008). Santiago de Chile bajo la nueva econom\u00eda (1980-2000). Crecimiento, modernizaci\u00f3n y oportunidades de integraci\u00f3n social. En A. Portes, B.R. Roberts y A. Grimson (coords.), <em>Ciudades latinoamericanas. Un an\u00e1lisis comparativo en el umbral del nuevo siglo<\/em> (2.<sup>a<\/sup> edici\u00f3n, pp. 181-150). Universidad Aut\u00f3noma de Zacatecas; Miguel \u00c1ngel Porr\u00faa.<\/p>\n<p style=\"padding-left: 30px;\"><strong>Art\u00edculo<\/strong><br \/>\nApellido del autor, nombre. (a\u00f1o). T\u00edtulo del art\u00edculo. <em>Publicaci\u00f3n, volumen<\/em>(n\u00famero), p\u00e1ginas. Enlace o DOI.<\/p>\n<p style=\"padding-left: 30px;\"><em>Ejemplo<\/em><br \/>\nRother, S. (2020). \u00abThe\u00bb or \u00abA\u00bb leading organization in migration? IOM as an actor in global migration governance. <em>Migraci\u00f3n y Desarrollo, 18<\/em>(34), 1-22. https:\/\/doi.org\/10.35533\/myd.1834.en.sr<\/p>\n<p style=\"padding-left: 30px;\"><strong>Art\u00edculo de divulgaci\u00f3n<\/strong><br \/>\nApellido del autor, nombre. (a\u00f1o, d\u00eda de mes). T\u00edtulo del art\u00edculo. <em>Publicaci\u00f3n, volumen<\/em>(n\u00famero). Enlace o DOI.<\/p>\n<p style=\"padding-left: 30px;\"><em>Ejemplo<\/em><br \/>\nBurley, S. (2020, 24 de marzo). How to help the free market fight coronavirus. <em>Nature, 580<\/em>(167). http:\/\/doi.org\/ggq8q2<\/p>\n<p style=\"padding-left: 30px;\"><strong>Nota period\u00edstica<\/strong><br \/>\nApellido del autor, nombre. (a\u00f1o, d\u00eda y mes). T\u00edtulo de la nota. <em>Publicaci\u00f3n<\/em>. Enlace.<\/p>\n<p style=\"padding-left: 30px;\"><em>Ejemplo<\/em><br \/>\nCruz, N. (2020, 13 de abril). Ponen freno a la guerra de petroprecios; logra acuerdo la OPEP. <em>El Universal<\/em>. https:\/\/bit.ly\/2VK1YIz<\/p>\n<p style=\"padding-left: 30px;\"><strong>Informes o reportes<\/strong><br \/>\nApellido del autor, nombre. (a\u00f1o, mes). <em>T\u00edtulo (especificaciones del documento)<\/em>. Editorial. Enlace o DOI.<br \/>\nOrganismo o instituci\u00f3n. (a\u00f1o). <em>T\u00edtulo (especificaciones del documento)<\/em>. Enlace.<\/p>\n<p style=\"padding-left: 30px;\"><em>Ejemplos<\/em><br \/>\nDelgado Wise, R., M\u00e1rquez, H. y Puentes, R. (2010, octubre). <em>Reframing the debate on migration, development and human rights: fundamental elements (background paper<\/em>). People\u2019s Global Action on Migration, Development and Human Rights. https:\/\/doi.org\/10.13140\/RG.2.1.4069.0963<\/p>\n<p style=\"padding-left: 30px;\">Comisi\u00f3n Econ\u00f3mica para Am\u00e9rica Latina y el Caribe. (2019). <em>Panorama social de Am\u00e9rica Latina 2018 (LC\/PUB.2019\/3-P)<\/em>. https:\/\/bit.ly\/37Evqoa<\/p>\n<p style=\"padding-left: 30px;\"><strong>Tesis<\/strong><br \/>\nApellido del autor, nombre. (a\u00f1o). <em>T\u00edtulo de la tesis<\/em> [tesis de tipo de grado, nombre instituci\u00f3n que otorga grado]. Base de datos o repositorio. Enlace.<\/p>\n<p style=\"padding-left: 30px;\"><em>Ejemplo<\/em><br \/>\nBarreto, A.G. (2015). <em>Fundarvid: una contextualizaci\u00f3n de sus neologismos en la lengua de se\u00f1as colombiana<\/em> [tesis de maestr\u00eda, Universidad Nacional de Colombia]. Repositorio Institucional UN. http:\/\/bit.ly\/2JHcwSV<\/p>\n<p style=\"padding-left: 30px;\"><strong>Leyes y decretos<\/strong><br \/>\nOrganismo. (a\u00f1o, d\u00eda de mes). <em>Denominaci\u00f3n o nombre completo de la norma<\/em>. Publicaci\u00f3n donde se aloja. Enlace.<\/p>\n<p style=\"padding-left: 30px;\"><em>Ejemplo<\/em><br \/>\nCongreso de la Rep\u00fablica de Colombia. (1994, 8 de febrero). Ley 115. <em>Por la cual se expide la Ley General de Educaci\u00f3n<\/em>. Diario Oficial 41214. https:\/\/bit.ly\/3237N87<\/p>\n<p><em>11<\/em>. Para siglas, acr\u00f3nimos o abreviaturas, la primera vez que se usen deber\u00e1 escribirse el nombre completo; luego, entre par\u00e9ntesis, la forma que se utilizar\u00e1 con posterioridad.<\/p>\n<p style=\"padding-left: 30px;\"><em>Ejemplo<\/em><br \/>\nBanco Mundial (BM), Consejo Nacional de Poblaci\u00f3n (Conapo), producto interno bruto (PIB).<\/p>\n<p><em>12<\/em>. Los originales ser\u00e1n dictaminados bajo el sistema doble ciego; es decir, ser\u00e1n revisados por evaluadores an\u00f3nimos expertos del tema tratado por el art\u00edculo. En raz\u00f3n de lo cual, los nombres de los autores u otra forma de identificaci\u00f3n solamente deber\u00e1n figurar en la p\u00e1gina inicial. Los dict\u00e1menes ser\u00e1n comunicados a los autores en un plazo no mayor a 60 d\u00edas despu\u00e9s de la recepci\u00f3n del art\u00edculo. El principio de confidencialidad ser\u00e1 la gu\u00eda.<\/p>\n<p><em>13<\/em>. Las colaboraciones aceptadas ser\u00e1n sometidas a un proceso de correcci\u00f3n de estilo y su publicaci\u00f3n estar\u00e1 sujeta a la disponibilidad de espacio en cada n\u00famero. En ning\u00fan caso se devolver\u00e1n originales.<\/p>\n<p><em>14<\/em>. <em>Migraci\u00f3n y Desarrollo<\/em> se reserva el derecho de realizar los cambios editoriales que considere pertinentes.<\/p>\n<p><em>15<\/em>. Los textos originales podr\u00e1n enviarse por correo electr\u00f3nico a la direcci\u00f3n: revistamyd@uaz.edu.mx<\/p>\n","protected":false},"excerpt":{"rendered":"<p>Estructura de la revista Migraci\u00f3n y Desarrollo es una revista semestral de investigaci\u00f3n cient\u00edfica arbitrada y publicada por la Universidad Aut\u00f3noma de Zacatecas \u00abFrancisco Garc\u00eda Salinas\u00bb y la Red Internacional de Migraci\u00f3n y Desarrollo. Se organiza en tres secciones: \u00abArt\u00edculos\u00bb,<\/p>\n","protected":false},"author":2,"featured_media":0,"parent":0,"menu_order":0,"comment_status":"closed","ping_status":"closed","template":"","meta":{"footnotes":""},"class_list":["post-37","page","type-page","status-publish","hentry"],"_links":{"self":[{"href":"https:\/\/estudiosdeldesarrollo.mx\/migracionydesarrollo\/wp-json\/wp\/v2\/pages\/37","targetHints":{"allow":["GET"]}}],"collection":[{"href":"https:\/\/estudiosdeldesarrollo.mx\/migracionydesarrollo\/wp-json\/wp\/v2\/pages"}],"about":[{"href":"https:\/\/estudiosdeldesarrollo.mx\/migracionydesarrollo\/wp-json\/wp\/v2\/types\/page"}],"author":[{"embeddable":true,"href":"https:\/\/estudiosdeldesarrollo.mx\/migracionydesarrollo\/wp-json\/wp\/v2\/users\/2"}],"replies":[{"embeddable":true,"href":"https:\/\/estudiosdeldesarrollo.mx\/migracionydesarrollo\/wp-json\/wp\/v2\/comments?post=37"}],"version-history":[{"count":10,"href":"https:\/\/estudiosdeldesarrollo.mx\/migracionydesarrollo\/wp-json\/wp\/v2\/pages\/37\/revisions"}],"predecessor-version":[{"id":1449,"href":"https:\/\/estudiosdeldesarrollo.mx\/migracionydesarrollo\/wp-json\/wp\/v2\/pages\/37\/revisions\/1449"}],"wp:attachment":[{"href":"https:\/\/estudiosdeldesarrollo.mx\/migracionydesarrollo\/wp-json\/wp\/v2\/media?parent=37"}],"curies":[{"name":"wp","href":"https:\/\/api.w.org\/{rel}","templated":true}]}}