{"id":35,"date":"2018-11-07T17:36:24","date_gmt":"2018-11-07T17:36:24","guid":{"rendered":"https:\/\/estudiosdeldesarrollo.mx\/migracionydesarrollo\/?page_id=35"},"modified":"2025-07-09T20:08:27","modified_gmt":"2025-07-09T20:08:27","slug":"equipo-editorial","status":"publish","type":"page","link":"https:\/\/estudiosdeldesarrollo.mx\/migracionydesarrollo\/equipo-editorial\/","title":{"rendered":"Equipo editorial"},"content":{"rendered":"<p style=\"text-align: center;\"><span style=\"color: #000000;\"><a style=\"color: #000000;\" href=\"https:\/\/estudiosdeldesarrollo.mx\/migracionydesarrollo\/raul-delgado-wise\/\"><big>Ra\u00fal Delgado Wise<\/big><\/a><\/span><br \/>\n<span style=\"font-size: 75%; color: #000000;\"> <strong>DIRECTOR<\/strong><\/span><\/p>\n<p style=\"text-align: center;\">Georgia Aral\u00fa Gonz\u00e1lez P\u00e9rez<br \/>\n<span style=\"font-size: 75%;\"><strong>EDITORA EN JEFE<\/strong><\/span><\/p>\n<p style=\"text-align: center;\">Selene Carrillo Carlos<br \/>\nIsrael David Pi\u00f1a Garc\u00eda<br \/>\nJonat\u00e1n Aar\u00f3n Pi\u00f1a Garc\u00eda<br \/>\n<span style=\"font-size: 75%;\"> <strong>CUIDADO DE LA EDICI\u00d3N<\/strong><\/span><\/p>\n<p style=\"text-align: center;\">Maximino Luna Estrada<br \/>\n<span style=\"font-size: 75%;\"> <strong>PERSONAL T\u00c9CNICO<\/strong><\/span><\/p>\n<p style=\"text-align: center;\">Norma Herrera Femat<br \/>\n<span style=\"font-size: 75%;\"> <strong>PERSONAL ADMINISTRATIVO<\/strong><\/span><\/p>\n<p style=\"text-align: center;\">Vladimir Delgado Mart\u00ednez<br \/>\n<span style=\"font-size: 75%;\"> <strong>DISE\u00d1O DE FORROS<\/strong><\/span><\/p>\n<p style=\"text-align: center;\">Francisco Alba | El Colegio de M\u00e9xico | M\u00e9xico<br \/>\nJoaqu\u00edn Arango | Instituto Universitario Ortega y Gasset | M\u00e9xico<br \/>\nManuel \u00c1ngel Castillo | El Colegio de M\u00e9xico | M\u00e9xico<br \/>\nStephen Castles | Oxford University | Reino Unido<br \/>\nWayne Cornelius | University of California, San Diego | Estados Unidos<br \/>\nManuel Orozco | Inter-American Dialogue | Estados Unidos<br \/>\nAdela Pellegrino | Universidad de la Rep\u00fablica | Uruguay<br \/>\nSaskia Sassen | University of Chicago | Estados Unidos<br \/>\nSteven Vertovek | Oxford University | Reino Unido<br \/>\nCatherine Whitol de Wenden | Centre D\u2019etudes et de Recherches Internationales | Francia<br \/>\n<span style=\"font-size: 75%;\"> <strong>CONSEJO EDITORIAL<\/strong><\/span><\/p>\n","protected":false},"excerpt":{"rendered":"<p>Ra\u00fal Delgado Wise DIRECTOR Georgia Aral\u00fa Gonz\u00e1lez P\u00e9rez EDITORA EN JEFE Selene Carrillo Carlos Israel David Pi\u00f1a Garc\u00eda Jonat\u00e1n Aar\u00f3n Pi\u00f1a Garc\u00eda CUIDADO DE LA EDICI\u00d3N Maximino Luna Estrada PERSONAL T\u00c9CNICO Norma Herrera Femat PERSONAL ADMINISTRATIVO Vladimir Delgado Mart\u00ednez DISE\u00d1O<\/p>\n","protected":false},"author":2,"featured_media":0,"parent":0,"menu_order":0,"comment_status":"closed","ping_status":"closed","template":"","meta":{"footnotes":""},"class_list":["post-35","page","type-page","status-publish","hentry"],"_links":{"self":[{"href":"https:\/\/estudiosdeldesarrollo.mx\/migracionydesarrollo\/wp-json\/wp\/v2\/pages\/35","targetHints":{"allow":["GET"]}}],"collection":[{"href":"https:\/\/estudiosdeldesarrollo.mx\/migracionydesarrollo\/wp-json\/wp\/v2\/pages"}],"about":[{"href":"https:\/\/estudiosdeldesarrollo.mx\/migracionydesarrollo\/wp-json\/wp\/v2\/types\/page"}],"author":[{"embeddable":true,"href":"https:\/\/estudiosdeldesarrollo.mx\/migracionydesarrollo\/wp-json\/wp\/v2\/users\/2"}],"replies":[{"embeddable":true,"href":"https:\/\/estudiosdeldesarrollo.mx\/migracionydesarrollo\/wp-json\/wp\/v2\/comments?post=35"}],"version-history":[{"count":5,"href":"https:\/\/estudiosdeldesarrollo.mx\/migracionydesarrollo\/wp-json\/wp\/v2\/pages\/35\/revisions"}],"predecessor-version":[{"id":2427,"href":"https:\/\/estudiosdeldesarrollo.mx\/migracionydesarrollo\/wp-json\/wp\/v2\/pages\/35\/revisions\/2427"}],"wp:attachment":[{"href":"https:\/\/estudiosdeldesarrollo.mx\/migracionydesarrollo\/wp-json\/wp\/v2\/media?parent=35"}],"curies":[{"name":"wp","href":"https:\/\/api.w.org\/{rel}","templated":true}]}}