{"id":31,"date":"2018-11-07T17:35:55","date_gmt":"2018-11-07T17:35:55","guid":{"rendered":"https:\/\/estudiosdeldesarrollo.mx\/migracionydesarrollo\/?page_id=31"},"modified":"2021-04-30T17:10:57","modified_gmt":"2021-04-30T17:10:57","slug":"historia","status":"publish","type":"page","link":"https:\/\/estudiosdeldesarrollo.mx\/migracionydesarrollo\/historia\/","title":{"rendered":"Historia"},"content":{"rendered":"<p>En sus albores, la revista <em>Migraci\u00f3n y Desarrollo<\/em> fue impulsada por la Red Internacional de Migraci\u00f3n y Desarrollo (RIMD). Ambas compart\u00edan un mismo fin dirigido a los aportes al pensamiento cr\u00edtico en materia de migraci\u00f3n y desarrollo. De tal suerte que frente a la postura dominante, que visualiza a las remesas como detonantes del desarrollo en los pa\u00edses de origen y a la gesti\u00f3n de las migraciones como una tentativa de regular los flujos migratorios bajo una limitada racionalidad de mercado (<em>labor matching<\/em>), se ha promovido una mirada alterna, que en sentido metaf\u00f3rico se denomina<em> perspectiva del Sur<\/em>. M\u00e1s que una ant\u00edtesis de la perspectiva unilateral y sesgada, impulsada por los gobiernos de pa\u00edses receptores de migrantes y organismos internacionales, se trata de una visi\u00f3n comprehensiva de la problem\u00e1tica, donde el desarrollo y los derechos humanos ocupan un sitio central.<\/p>\n<p>La adopci\u00f3n de esta postura ha significado abrir el campo de visi\u00f3n desde donde se ven\u00eda analizando la relaci\u00f3n entre migraci\u00f3n y desarrollo, para trascender las perspectivas ahist\u00f3ricas dominantes y contextualizar el fen\u00f3meno en el marco de la globalizaci\u00f3n neoliberal. La profundizaci\u00f3n del desarrollo desigual se devela como una de las principales causas de fondo de la migraci\u00f3n contempor\u00e1nea y permite observarla como un desplazamiento esencialmente forzado, en contraste con el car\u00e1cter \u00ablibre y voluntario\u00bb que le atribuye el pensamiento neoliberal.<\/p>\n<p>Los derechos humanos figuran como un aspecto intr\u00ednseco e inseparable de la relaci\u00f3n entre migraci\u00f3n y desarrollo, cuyo abordaje comprende temas tan sensibles para la comunidad migrante como la explotaci\u00f3n laboral, la exclusi\u00f3n y discriminaci\u00f3n social, la inseguridad humana y la criminalizaci\u00f3n. Asimismo, lejos de invisibilizar se ha intentado situar, en su justa dimensi\u00f3n, las contribuciones de los migrantes a los pa\u00edses y sociedades de destino. Paralelamente, con la finalidad de construir una visi\u00f3n balanceada acerca de las implicaciones de la migraci\u00f3n para los pa\u00edses de origen, y sin desconocer los aportes de las remesas, se han puesto sobre la mesa de debate los costos humanos, sociales, econ\u00f3micos, pol\u00edticos y culturales que la migraci\u00f3n entra\u00f1a. Todo ello ha abierto la puerta para desencadenar una importante y necesaria desmitificaci\u00f3n de los supuestos que prevalecen en el \u00e1rea de estudios, que han sido caldo de cultivo de las posturas xen\u00f3fobas que permean la opini\u00f3n p\u00fablica y de las pol\u00edticas p\u00fablicas impulsadas por los principales pa\u00edses receptores de migrantes al amparo de la doctrina de seguridad nacional.<\/p>\n<p>El primer n\u00famero de <em>Migraci\u00f3n y Desarrollo<\/em> apareci\u00f3 en el segundo semestre de 2003, a la fecha han circulado 35 n\u00fameros en los formatos impreso y electr\u00f3nico. Se trata de una de las revistas de la Universidad Aut\u00f3noma de Zacatecas \u00abFrancisco Garc\u00eda Salinas\u00bb (UAZ) que mayor presencia ha conseguido de acuerdo con par\u00e1metros recientes. En ese sentido, desde 2010 forma parte del \u00cdndice de Revistas Mexicanas de Investigaci\u00f3n Cient\u00edfica y Tecnol\u00f3gica del Consejo Nacional de Ciencia y Tecnolog\u00eda (Conacyt), adem\u00e1s est\u00e1 incluida en siete indexaciones: Red de Revistas Cient\u00edficas de Am\u00e9rica Latina y el Caribe, Espa\u00f1a y Portugal (Redalyc); Sistema Regional de Informaci\u00f3n en L\u00ednea para Revistas Cient\u00edficas de Am\u00e9rica Latina, el Caribe, Espa\u00f1a y Portugal (Latindex); Citas Latinoamericanas en Ciencias Sociales y Humanidades (Clase); Scientific Electronic Library Online (Scielo-M\u00e9xico).<\/p>\n<p>En s\u00edntesis, la premisa que gu\u00eda las investigaciones de <em>Migraci\u00f3n y Desarrollo<\/em> se relaciona con el fen\u00f3meno migratorio pero se encauza hacia un punto espec\u00edfico: la emergencia \u2014como subproducto contradictorio de la evoluci\u00f3n hist\u00f3rica y maduraci\u00f3n de las redes sociales migratorias\u2014 de un nuevo sujeto social extraterritorial que a trav\u00e9s de sus acciones y demandas busca convertirse en agente de crecimiento de su lugar de origen.<\/p>\n<p>Entre los desaf\u00edos que esto \u00faltimo plantea figura la necesidad de superar las limitaciones de los principales miradores te\u00f3rico\/conceptuales para dar cuenta de las nuevas realidades, adem\u00e1s de impulsar la creatividad cient\u00edfica para abrir cauces al trabajo interdisciplinario, as\u00ed como depurar los m\u00e9todos y procedimientos para la captaci\u00f3n de formaci\u00f3n y, de manera especial, fomentar el intercambio de conocimientos y experiencias entre miembros de la comunidad acad\u00e9mica y de \u00e9stos con las organizaciones de migrantes, organismos no gubernamentales e instituciones p\u00fablicas vinculadas al sector.<\/p>\n<p>Finalmente, es indispensable mencionar que desde el comienzo de este proyecto editorial convergen destacados miembros de la comunidad cient\u00edfica internacional, expertos en la materia, que aceptaron formar parte del consejo editorial. Se cuenta tambi\u00e9n con una extensa red de especialistas que integran los comit\u00e9s dictaminadores de la revista.<\/p>\n\n\n<p><\/p>\n","protected":false},"excerpt":{"rendered":"<p>En sus albores, la revista Migraci\u00f3n y Desarrollo fue impulsada por la Red Internacional de Migraci\u00f3n y Desarrollo (RIMD). Ambas compart\u00edan un mismo fin dirigido a los aportes al pensamiento cr\u00edtico en materia de migraci\u00f3n y desarrollo. De tal suerte<\/p>\n","protected":false},"author":2,"featured_media":0,"parent":0,"menu_order":0,"comment_status":"closed","ping_status":"closed","template":"","meta":{"footnotes":""},"class_list":["post-31","page","type-page","status-publish","hentry"],"_links":{"self":[{"href":"https:\/\/estudiosdeldesarrollo.mx\/migracionydesarrollo\/wp-json\/wp\/v2\/pages\/31","targetHints":{"allow":["GET"]}}],"collection":[{"href":"https:\/\/estudiosdeldesarrollo.mx\/migracionydesarrollo\/wp-json\/wp\/v2\/pages"}],"about":[{"href":"https:\/\/estudiosdeldesarrollo.mx\/migracionydesarrollo\/wp-json\/wp\/v2\/types\/page"}],"author":[{"embeddable":true,"href":"https:\/\/estudiosdeldesarrollo.mx\/migracionydesarrollo\/wp-json\/wp\/v2\/users\/2"}],"replies":[{"embeddable":true,"href":"https:\/\/estudiosdeldesarrollo.mx\/migracionydesarrollo\/wp-json\/wp\/v2\/comments?post=31"}],"version-history":[{"count":14,"href":"https:\/\/estudiosdeldesarrollo.mx\/migracionydesarrollo\/wp-json\/wp\/v2\/pages\/31\/revisions"}],"predecessor-version":[{"id":1509,"href":"https:\/\/estudiosdeldesarrollo.mx\/migracionydesarrollo\/wp-json\/wp\/v2\/pages\/31\/revisions\/1509"}],"wp:attachment":[{"href":"https:\/\/estudiosdeldesarrollo.mx\/migracionydesarrollo\/wp-json\/wp\/v2\/media?parent=31"}],"curies":[{"name":"wp","href":"https:\/\/api.w.org\/{rel}","templated":true}]}}