{"id":268,"date":"2018-11-08T20:31:34","date_gmt":"2018-11-08T20:31:34","guid":{"rendered":"https:\/\/estudiosdeldesarrollo.mx\/migracionydesarrollo\/?page_id=268"},"modified":"2019-05-07T16:26:18","modified_gmt":"2019-05-07T16:26:18","slug":"derechos-de-autor","status":"publish","type":"page","link":"https:\/\/estudiosdeldesarrollo.mx\/migracionydesarrollo\/derechos-de-autor\/","title":{"rendered":"Derechos de autor"},"content":{"rendered":"\n<p><em>Migraci\u00f3n y Desarrollo<\/em> cuenta con la licencia Creative Commons 4.0 de Atribuci\u00f3n\/No Comercial\/No Derivadas, la cual resguarda los derechos de autores y editores y permite compartir \u2014copiar y redistribuir\u2014 los textos sin fines de lucro y sin modificarlos. Se permite entonces la reproducci\u00f3n parcial o total de los contenidos, as\u00ed como del dise\u00f1o tipogr\u00e1fico, solamente para su divulgaci\u00f3n no comercial.<\/p>\n","protected":false},"excerpt":{"rendered":"<p>Migraci\u00f3n y Desarrollo cuenta con la licencia Creative Commons 4.0 de Atribuci\u00f3n\/No Comercial\/No Derivadas, la cual resguarda los derechos de autores y editores y permite compartir \u2014copiar y redistribuir\u2014 los textos sin fines de lucro y sin modificarlos. Se permite<\/p>\n","protected":false},"author":2,"featured_media":0,"parent":0,"menu_order":0,"comment_status":"closed","ping_status":"closed","template":"","meta":{"footnotes":""},"class_list":["post-268","page","type-page","status-publish","hentry"],"_links":{"self":[{"href":"https:\/\/estudiosdeldesarrollo.mx\/migracionydesarrollo\/wp-json\/wp\/v2\/pages\/268","targetHints":{"allow":["GET"]}}],"collection":[{"href":"https:\/\/estudiosdeldesarrollo.mx\/migracionydesarrollo\/wp-json\/wp\/v2\/pages"}],"about":[{"href":"https:\/\/estudiosdeldesarrollo.mx\/migracionydesarrollo\/wp-json\/wp\/v2\/types\/page"}],"author":[{"embeddable":true,"href":"https:\/\/estudiosdeldesarrollo.mx\/migracionydesarrollo\/wp-json\/wp\/v2\/users\/2"}],"replies":[{"embeddable":true,"href":"https:\/\/estudiosdeldesarrollo.mx\/migracionydesarrollo\/wp-json\/wp\/v2\/comments?post=268"}],"version-history":[{"count":4,"href":"https:\/\/estudiosdeldesarrollo.mx\/migracionydesarrollo\/wp-json\/wp\/v2\/pages\/268\/revisions"}],"predecessor-version":[{"id":854,"href":"https:\/\/estudiosdeldesarrollo.mx\/migracionydesarrollo\/wp-json\/wp\/v2\/pages\/268\/revisions\/854"}],"wp:attachment":[{"href":"https:\/\/estudiosdeldesarrollo.mx\/migracionydesarrollo\/wp-json\/wp\/v2\/media?parent=268"}],"curies":[{"name":"wp","href":"https:\/\/api.w.org\/{rel}","templated":true}]}}