{"id":2637,"date":"2026-02-06T16:33:22","date_gmt":"2026-02-06T16:33:22","guid":{"rendered":"https:\/\/estudiosdeldesarrollo.mx\/migracionydesarrollo\/?page_id=2637"},"modified":"2026-02-24T19:16:16","modified_gmt":"2026-02-24T19:16:16","slug":"numero-44-resumen-rdw","status":"publish","type":"page","link":"https:\/\/estudiosdeldesarrollo.mx\/migracionydesarrollo\/numero-44-resumen-rdw\/","title":{"rendered":"numero 44 resumen rdw"},"content":{"rendered":"<div id=\"contenedor30\">\n<div style=\"float: left;\">\n<div>\n<p><a href=\"https:\/\/estudiosdeldesarrollo.mx\/migracionydesarrollo\/numero-44\/\"><img loading=\"lazy\" decoding=\"async\" class=\" wp-image-111 alignleft\" src=\"https:\/\/estudiosdeldesarrollo.mx\/migracionydesarrollo\/wp-content\/uploads\/2026\/01\/MyD44-portada.jpg\" alt=\"\" width=\"177\" height=\"246\" \/><\/a><\/p>\n<p><span style=\"color: #812b29;\"><strong><em>Migraci\u00f3n y Desarrollo<\/em>, volumen 23, n\u00famero 44, primer semestre 2025<\/strong><\/span>, es una publicaci\u00f3n semestral editada por la Universidad Aut\u00f3noma de Zacatecas \u00abFrancisco Garc\u00eda Salinas\u00bb, a trav\u00e9s de la Unidad Acad\u00e9mica de Estudios del Desarrollo, Jard\u00edn Ju\u00e1rez 147, colonia Centro, Zacatecas, C.P. 98000, Tel. (01492) 922 91 09, www.uaz.edu.mx, www.estudiosdeldesarrollo.net, revistamyd@estudiosdeldesarrollo.net. Editor responsable: Ra\u00fal Delgado Wise. Reserva de Derechos al Uso Exclusivo V\u00eda Red C\u00f3mputo No. 04-2015-060212200400-203. ISSN: 2448-7783, ambos otorgados por el Instituto Nacional del Derecho de Autor. Responsable de \u00faltima actualizaci\u00f3n: Unidad Acad\u00e9mica de Estudios del Desarrollo, Maximino Gerardo Luna Estrada, Campus Universitario II, avenida Preparatoria s\/n, fraccionamiento Progreso, Zacatecas, C.P. 98065. Fecha de la \u00faltima modificaci\u00f3n, julio de 2025.<\/p>\n<p>Las opiniones expresadas por los autores no necesariamente reflejan la postura del editor de la publicaci\u00f3n. Queda estrictamente prohibida la reproducci\u00f3n total o parcial de los contenidos e im\u00e1genes de la publicaci\u00f3n sin previa autorizaci\u00f3n de la Universidad Aut\u00f3noma de Zacatecas \u00abFrancisco Garc\u00eda Salinas\u00bb a trav\u00e9s de la Unidad Acad\u00e9mica de Estudios del Desarrollo.<\/p>\n<p><a style=\"color: #999999;\" href=\"https:\/\/doi.org\/10.35533\/myd.numero44\"> https:\/\/doi.org\/10.35533\/myd.numero44<\/a><\/p>\n<\/div>\n<\/div>\n<div style=\"float: left; background-color: #f2f2f2; padding: 10px; width: 100%;\">\n<h4 style=\"color: #4f4092;\"><span style=\"color: #812b29;\"><b><big>Art\u00edculos<\/big><\/b><\/span><\/h4>\n<p><span style=\"font-size: 19.2px; color: #000000;\">Migraci\u00f3n forzada, transferencia de excedentes e \u00abindustria de la migraci\u00f3n\u00bb en el capitalismo contempor\u00e1neo: una perspectiva contrahegem\u00f3nica<\/span><br \/>\n<span style=\"color: #808080;\"><b>Ra\u00fal Delgado Wise<\/b><\/span><\/p>\n<p><span style=\"color: #808080;\"><a href=\"https:\/\/estudiosdeldesarrollo.mx\/migracionydesarrollo\/numero-44-2\/\"><span style=\"color: #0088c2;\">Resumen<\/span><\/a> | <a href=\"https:\/\/estudiosdeldesarrollo.mx\/migracionydesarrollo\/numero-44-texto-completo-rdw\/\"><span style=\"color: #0088c2;\">Texto completo<\/span><\/a> | <span style=\"color: #0088c2;\"><a style=\"color: #0088c2;\" href=\"https:\/\/estudiosdeldesarrollo.mx\/migracionydesarrollo\/wp-content\/uploads\/2026\/02\/MyD44-delgado.pdf\" target=\"_blank\" rel=\"noopener\">PDF<\/a><\/span><\/span><\/p>\n<p style=\"padding-left: 40px;\">El panorama actual de la migraci\u00f3n internacional se compone de infraestructuras, instituciones, agentes y empresas renovados, en los que destacan las grandes corporaciones multinacionales que, en connivencia con las principales potencias imperialistas, desempe\u00f1an un papel estrat\u00e9gico. Esta nueva configuraci\u00f3n, asociada a la denominada \u00abindustria de la migraci\u00f3n\u00bb, se inscribe en el contexto de nuevas y severas modalidades de intercambio desigual y transferencia de excedentes en direcci\u00f3n Sur-Norte. Para los fines anal\u00edticos del presente art\u00edculo, se aborda el caso paradigm\u00e1tico de la migraci\u00f3n M\u00e9xico-Estados Unidos con el prop\u00f3sito de trazar un mapa del negocio contempor\u00e1neo de la migraci\u00f3n internacional, en el que se identificar\u00e1n los principales agentes e instituciones involucrados, junto con su importancia relativa en t\u00e9rminos de la transferencia de excedentes. El an\u00e1lisis concluye con una reflexi\u00f3n cr\u00edtica, desde la perspectiva de la econom\u00eda pol\u00edtica marxista, sobre el concepto de \u00abindustria de la migraci\u00f3n\u00bb, as\u00ed como de las formas de plusval\u00eda y de transferencia de excedentes implicadas.<\/p>\n<p><span style=\"font-size: 19.2px; color: #000000;\">El trabajo y la migraci\u00f3n forzada en la Rusia postsovi\u00e9tica<\/span><br \/>\n<span style=\"color: #808080;\"><b>Vyacheslav Bobkov | Igor Shichkin<\/b><\/span><br \/>\n<em>En proceso de publicaci\u00f3n<\/em><br \/>\n<span style=\"color: #808080;\">Resumen | Texto completo | PDF<\/span><\/p>\n<p><span style=\"font-size: 19.2px; color: #000000;\">\u00bfTransiciones o transformaci\u00f3n? Socialismo, capitalismo y ecolog\u00eda desde una perspectiva polayiana<\/span><br \/>\n<span style=\"color: #808080;\"><b>Ronaldo Munck<\/b><\/span><\/p>\n<p><span style=\"color: #0088c2;\"><a style=\"color: #0088c2;\" href=\"https:\/\/estudiosdeldesarrollo.mx\/migracionydesarrollo\/numero-44-resumen-rm\/\">Resumen<\/a> | <a style=\"color: #0088c2;\" href=\"https:\/\/estudiosdeldesarrollo.mx\/migracionydesarrollo\/numero-44-texto-completo-rm\/\">Texto completo<\/a> | <a style=\"color: #0088c2;\" href=\"https:\/\/estudiosdeldesarrollo.mx\/migracionydesarrollo\/wp-content\/uploads\/2026\/02\/MyD44-Munck.pdf\" target=\"_blank\" rel=\"noopener\">PDF<\/a><\/span><\/p>\n<p><span style=\"font-size: 19.2px; color: #000000;\">Gobernanza mundial: un rayo de esperanza<\/span><br \/>\n<span style=\"color: #808080;\"><b>Catherine Whitol de Wenden<\/b><\/span><\/p>\n<p><span style=\"color: #0088c2;\"><a style=\"color: #0088c2;\" href=\"https:\/\/estudiosdeldesarrollo.mx\/migracionydesarrollo\/numero-44-resumen-cww\">Resumen<\/a> | <a style=\"color: #0088c2;\" href=\"https:\/\/estudiosdeldesarrollo.mx\/migracionydesarrollo\/numero-44-texto-completo-cww\">Texto completo<\/a> | <a style=\"color: #0088c2;\" href=\"https:\/\/estudiosdeldesarrollo.mx\/migracionydesarrollo\/wp-content\/uploads\/2026\/02\/MyD44-Withol.pdf\" target=\"_blank\" rel=\"noopener\">PDF<\/a><\/span><\/p>\n<p><span style=\"font-size: 19.2px; color: #000000;\">Inland Empire, California: capital log\u00edstico y migraci\u00f3n (1980-2022)<\/span><br \/>\n<span style=\"color: #808080;\"><b>Genoveva Rold\u00e1n<\/b><\/span><br \/>\n<em>En proceso de publicaci\u00f3n<\/em><br \/>\n<span style=\"color: #808080;\">Resumen | Texto completo | PDF<\/span><\/p>\n<h4 style=\"color: #4f4092;\"><span style=\"color: #812b29;\"><b><big>Coyuntura y debate<\/big><\/b><\/span><\/h4>\n<p><span style=\"font-size: 19.2px; color: #000000;\">Mercado laboral de la enfermer\u00eda en Michoac\u00e1n. D\u00e9ficit o desperdicio de capital humano<\/span><br \/>\n<span style=\"color: #808080;\"><b>Selene Gaspar Olvera<\/b><\/span><\/p>\n<p><a href=\"https:\/\/estudiosdeldesarrollo.mx\/migracionydesarrollo\/numero-44-resumen-sgo\"><span style=\"color: #808080;\"><span style=\"color: #0088c2;\">Resumen<\/span><\/span><\/a><a><span style=\"color: #0088c2;\"> | <\/span><\/a><a style=\"color: #0088c2;\" href=\"https:\/\/estudiosdeldesarrollo.mx\/migracionydesarrollo\/numero-44-texto-completo-sgo\/\">Texto <span style=\"color: #0088c2;\">completo<\/span><\/a> | <a style=\"color: #0088c2;\" href=\"https:\/\/estudiosdeldesarrollo.mx\/migracionydesarrollo\/wp-content\/uploads\/2026\/01\/MyD44-gaspar.pdf\" target=\"_blank\" rel=\"noopener\">PDF<\/a><\/p>\n<h4 style=\"color: #730057;\"><a style=\"font-size: 16px; background-color: #ffffff;\" href=\"http:\/\/creativecommons.org\/licenses\/by-nc-nd\/4.0\/\" rel=\"license\"><img decoding=\"async\" style=\"border-width: 0;\" src=\"https:\/\/i.creativecommons.org\/l\/by-nc-nd\/4.0\/88x31.png\" alt=\"Licencia de Creative Commons\" \/><\/a><\/h4>\n<\/div>\n<\/div>\n<p><span style=\"color: #808080;\">Este obra est\u00e1 bajo una <a style=\"color: #808080;\" href=\"http:\/\/creativecommons.org\/licenses\/by-nc-nd\/4.0\/\" rel=\"license\">licencia de Creative Commons Reconocimiento-NoComercial-SinObraDerivada 4.0 Internacional<\/a>.<\/span><\/p>\n","protected":false},"excerpt":{"rendered":"<p>Migraci\u00f3n y Desarrollo, volumen 23, n\u00famero 44, primer semestre 2025, es una publicaci\u00f3n semestral editada por la Universidad Aut\u00f3noma de Zacatecas \u00abFrancisco Garc\u00eda Salinas\u00bb, a trav\u00e9s de la Unidad Acad\u00e9mica de Estudios del Desarrollo, Jard\u00edn Ju\u00e1rez 147, colonia Centro, Zacatecas,<\/p>\n","protected":false},"author":2,"featured_media":0,"parent":0,"menu_order":0,"comment_status":"closed","ping_status":"closed","template":"","meta":{"footnotes":""},"class_list":["post-2637","page","type-page","status-publish","hentry"],"_links":{"self":[{"href":"https:\/\/estudiosdeldesarrollo.mx\/migracionydesarrollo\/wp-json\/wp\/v2\/pages\/2637","targetHints":{"allow":["GET"]}}],"collection":[{"href":"https:\/\/estudiosdeldesarrollo.mx\/migracionydesarrollo\/wp-json\/wp\/v2\/pages"}],"about":[{"href":"https:\/\/estudiosdeldesarrollo.mx\/migracionydesarrollo\/wp-json\/wp\/v2\/types\/page"}],"author":[{"embeddable":true,"href":"https:\/\/estudiosdeldesarrollo.mx\/migracionydesarrollo\/wp-json\/wp\/v2\/users\/2"}],"replies":[{"embeddable":true,"href":"https:\/\/estudiosdeldesarrollo.mx\/migracionydesarrollo\/wp-json\/wp\/v2\/comments?post=2637"}],"version-history":[{"count":5,"href":"https:\/\/estudiosdeldesarrollo.mx\/migracionydesarrollo\/wp-json\/wp\/v2\/pages\/2637\/revisions"}],"predecessor-version":[{"id":2667,"href":"https:\/\/estudiosdeldesarrollo.mx\/migracionydesarrollo\/wp-json\/wp\/v2\/pages\/2637\/revisions\/2667"}],"wp:attachment":[{"href":"https:\/\/estudiosdeldesarrollo.mx\/migracionydesarrollo\/wp-json\/wp\/v2\/media?parent=2637"}],"curies":[{"name":"wp","href":"https:\/\/api.w.org\/{rel}","templated":true}]}}