{"id":2590,"date":"2026-01-21T20:07:46","date_gmt":"2026-01-21T20:07:46","guid":{"rendered":"https:\/\/estudiosdeldesarrollo.mx\/migracionydesarrollo\/?page_id=2590"},"modified":"2026-01-21T20:07:46","modified_gmt":"2026-01-21T20:07:46","slug":"numero-44","status":"publish","type":"page","link":"https:\/\/estudiosdeldesarrollo.mx\/migracionydesarrollo\/numero-44\/","title":{"rendered":"N\u00famero 44"},"content":{"rendered":"<div id=\"contenedor30\">\n<div style=\"float: left;\">\n<div>\n<p><a href=\"https:\/\/estudiosdeldesarrollo.mx\/migracionydesarrollo\/numero-44\/\"><img loading=\"lazy\" decoding=\"async\" class=\" wp-image-111 alignleft\" src=\"https:\/\/estudiosdeldesarrollo.mx\/migracionydesarrollo\/wp-content\/uploads\/2026\/01\/MyD44-portada.jpg\" alt=\"\" width=\"177\" height=\"246\" \/><\/a><\/p>\n<p><span style=\"color: #812b29;\"><strong><em>Migraci\u00f3n y Desarrollo<\/em>, volumen 23, n\u00famero 44, primer semestre 2025<\/strong><\/span>, es una publicaci\u00f3n semestral editada por la Universidad Aut\u00f3noma de Zacatecas \u00abFrancisco Garc\u00eda Salinas\u00bb, a trav\u00e9s de la Unidad Acad\u00e9mica de Estudios del Desarrollo, Jard\u00edn Ju\u00e1rez 147, colonia Centro, Zacatecas, C.P. 98000, Tel. (01492) 922 91 09, www.uaz.edu.mx, www.estudiosdeldesarrollo.net, revistamyd@estudiosdeldesarrollo.net. Editor responsable: Ra\u00fal Delgado Wise. Reserva de Derechos al Uso Exclusivo V\u00eda Red C\u00f3mputo No. 04-2015-060212200400-203. ISSN: 2448-7783, ambos otorgados por el Instituto Nacional del Derecho de Autor. Responsable de \u00faltima actualizaci\u00f3n: Unidad Acad\u00e9mica de Estudios del Desarrollo, Maximino Gerardo Luna Estrada, Campus Universitario II, avenida Preparatoria s\/n, fraccionamiento Progreso, Zacatecas, C.P. 98065. Fecha de la \u00faltima modificaci\u00f3n, julio de 2025.<\/p>\n<p>Las opiniones expresadas por los autores no necesariamente reflejan la postura del editor de la publicaci\u00f3n. Queda estrictamente prohibida la reproducci\u00f3n total o parcial de los contenidos e im\u00e1genes de la publicaci\u00f3n sin previa autorizaci\u00f3n de la Universidad Aut\u00f3noma de Zacatecas \u00abFrancisco Garc\u00eda Salinas\u00bb a trav\u00e9s de la Unidad Acad\u00e9mica de Estudios del Desarrollo.<\/p>\n<p><a style=\"color: #999999;\" href=\"https:\/\/doi.org\/10.35533\/myd.numero44\"> https:\/\/doi.org\/10.35533\/myd.numero44<\/a><\/p>\n<\/div>\n<\/div>\n<div style=\"float: left; background-color: #f2f2f2; padding: 10px; width: 100%;\">\n<h4 style=\"color: #4f4092;\"><span style=\"color: #812b29;\"><b><big>Art\u00edculos<\/big><\/b><\/span><\/h4>\n<p><span style=\"font-size: 19.2px; color: #000000;\">Migraci\u00f3n forzada, transferencia de excedentes e \u00abindustria de la migraci\u00f3n\u00bb en el capitalismo contempor\u00e1neo: una perspectiva contrahegem\u00f3nica<\/span><br \/>\n<span style=\"color: #808080;\"><b>Ra\u00fal Delgado Wise<\/b><\/span><br \/>\n<a style=\"color: #333333;\" href=\"https:\/\/doi.org\/10.35533\/myd.2344.rdw\">https:\/\/doi.org\/10.35533\/myd.2344.rdw<\/a><br \/>\n<a href=\"https:\/\/estudiosdeldesarrollo.mx\/migracionydesarrollo\/numero-44-resumen-rdw\/\"><span style=\"color: #808080;\"><span style=\"color: #0088c2;\">Resumen<\/span><\/span><\/a><a href=\"https:\/\/estudiosdeldesarrollo.mx\/migracionydesarrollo\/numero-44-texto-completo-rdw\/\"><span style=\"color: #0088c2;\"> | Texto completo | <\/span><\/a><a style=\"color: #0088c2;\" href=\"https:\/\/estudiosdeldesarrollo.mx\/migracionydesarrollo\/wp-content\/uploads\/2025\/11\/MyD44-delgado.pdf\" target=\"_blank\" rel=\"noopener\">PDF<\/a><\/p>\n<p><span style=\"font-size: 19.2px; color: #000000;\">El trabajo y la migraci\u00f3n forzada en la Rusia postsovi\u00e9tica<\/span><br \/>\n<span style=\"color: #808080;\"><b>Vyacheslav Bobkov | Igor Shichkin<\/b><\/span><br \/>\n<a style=\"color: #333333;\" href=\"https:\/\/doi.org\/10.35533\/myd.2344.vb.is\">https:\/\/doi.org\/10.35533\/myd.2344.vb.is<\/a><br \/>\n<span style=\"color: #0088c2;\"><a style=\"color: #0088c2;\" href=\"https:\/\/estudiosdeldesarrollo.mx\/migracionydesarrollo\/numero-44-resumen-vb\/\">Resumen<\/a><a style=\"color: #0088c2;\"> |<\/a> <a style=\"color: #0088c2;\" href=\"https:\/\/estudiosdeldesarrollo.mx\/migracionydesarrollo\/numero-44-texto-completo-vb\/\">Texto completo<\/a> | <a style=\"color: #0088c2;\" href=\"https:\/\/estudiosdeldesarrollo.mx\/migracionydesarrollo\/wp-content\/uploads\/2025\/11\/MyD44-bobkov.pdf\" target=\"_blank\" rel=\"noopener\">PDF<\/a><\/span><\/p>\n<p><span style=\"font-size: 19.2px; color: #000000;\">Hacia una red mundial de ciudades santuario o solidarias<\/span><br \/>\n<span style=\"color: #808080;\"><b>\u00d3scar Garc\u00eda Agust\u00edn | Martin Bak J\u00f8rgensen<\/b><\/span><br \/>\n<a style=\"color: #333333;\" href=\"https:\/\/doi.org\/10.35533\/myd.2344.oga.mbj\">https:\/\/doi.org\/10.35533\/myd.2344.oga.mbj<\/a><br \/>\n<span style=\"color: #0088c2;\"><a style=\"color: #0088c2;\" href=\"https:\/\/estudiosdeldesarrollo.mx\/migracionydesarrollo\/numero-44-resumen-oga\/\">Resumen<\/a><a style=\"color: #0088c2;\"> | <\/a><a style=\"color: #0088c2;\" href=\"https:\/\/estudiosdeldesarrollo.mx\/migracionydesarrollo\/numero-44-texto-completo-oga\/\">Texto completo<\/a> | <a style=\"color: #0088c2;\" href=\"https:\/\/estudiosdeldesarrollo.mx\/migracionydesarrollo\/wp-content\/uploads\/2025\/11\/MyD44-garcia.pdf\" target=\"_blank\" rel=\"noopener\">PDF<\/a><\/span><\/p>\n<p><span style=\"font-size: 19.2px; color: #000000;\">Gobernanza mundial: un rayo de esperanza<\/span><br \/>\n<span style=\"color: #808080;\"><b>Catherine Whitol de Wenden<\/b><\/span><br \/>\n<a style=\"color: #333333;\" href=\"https:\/\/doi.org\/10.35533\/myd.2344.cww\">https:\/\/doi.org\/10.35533\/myd.2344.cww<\/a><br \/>\n<span style=\"color: #0088c2;\"><a style=\"color: #0088c2;\" href=\"https:\/\/estudiosdeldesarrollo.mx\/migracionydesarrollo\/numero-44-resumen-cww\">Resumen<\/a><a style=\"color: #0088c2;\"> |<\/a><a style=\"color: #0088c2;\" href=\"https:\/\/estudiosdeldesarrollo.mx\/migracionydesarrollo\/numero-44-texto-completo-cww\/\"> Texto completo<\/a> | <a style=\"color: #0088c2;\" href=\"https:\/\/estudiosdeldesarrollo.mx\/migracionydesarrollo\/wp-content\/uploads\/2025\/11\/MyD44-Whitol.pdf\" target=\"_blank\" rel=\"noopener\">PDF<\/a><\/span><\/p>\n<p><span style=\"font-size: 19.2px; color: #000000;\">Inland Empire, California: capital log\u00edstico y migraci\u00f3n (1980-2022)<\/span><br \/>\n<span style=\"color: #808080;\"><b>Genoveva Rold\u00e1n<\/b><\/span><br \/>\n<a style=\"color: #333333;\" href=\"https:\/\/doi.org\/10.35533\/myd.2344.gr\">https:\/\/doi.org\/10.35533\/myd.2344.gr<\/a><br \/>\n<span style=\"color: #0088c2;\"><a style=\"color: #0088c2;\" href=\"https:\/\/estudiosdeldesarrollo.mx\/migracionydesarrollo\/numero-44-resumen-gr\/\">Resumen<\/a><a style=\"color: #0088c2;\"> | <\/a><a style=\"color: #0088c2;\" href=\"https:\/\/estudiosdeldesarrollo.mx\/migracionydesarrollo\/numero-44-texto-completo-gr\/\">Texto completo<\/a> | <a style=\"color: #0088c2;\" href=\"https:\/\/estudiosdeldesarrollo.mx\/migracionydesarrollo\/wp-content\/uploads\/2025\/07\/MyD44-roldan.pdf\" target=\"_blank\" rel=\"noopener\">PDF<\/a><\/span><\/p>\n<h4 style=\"color: #4f4092;\"><span style=\"color: #812b29;\"><b><big>Coyuntura y debate<\/big><\/b><\/span><\/h4>\n<p><span style=\"font-size: 19.2px; color: #000000;\">Mercado laboral de la enfermer\u00eda en Michoac\u00e1n. D\u00e9ficit o desperdicio de capital humano<\/span><br \/>\n<span style=\"color: #808080;\"><b>Selene Gaspar Olvera<\/b><\/span><br \/>\n<a style=\"color: #333333;\" href=\"https:\/\/doi.org\/10.35533\/myd.2344.sgo\">https:\/\/doi.org\/10.35533\/myd.2344.sgo<\/a><br \/>\n<a href=\"https:\/\/estudiosdeldesarrollo.mx\/migracionydesarrollo\/numero-44-resumen-sgo\/\"><span style=\"color: #808080;\"><span style=\"color: #0088c2;\">Resumen<\/span><\/span><\/a><a><span style=\"color: #0088c2;\"> | <\/span><\/a><a style=\"color: #0088c2;\" href=\"https:\/\/estudiosdeldesarrollo.mx\/migracionydesarrollo\/numero-44-texto-completo-sgo\/\">Texto <span style=\"color: #0088c2;\">completo<\/span><\/a> | <a style=\"color: #0088c2;\" href=\"https:\/\/estudiosdeldesarrollo.mx\/migracionydesarrollo\/wp-content\/uploads\/2025\/07\/MyD44-Gaspar.pdf\" target=\"_blank\" rel=\"noopener\">PDF<\/a><\/p>\n<h4 style=\"color: #730057;\"><a style=\"font-size: 16px; background-color: #ffffff;\" href=\"http:\/\/creativecommons.org\/licenses\/by-nc-nd\/4.0\/\" rel=\"license\"><img decoding=\"async\" style=\"border-width: 0;\" src=\"https:\/\/i.creativecommons.org\/l\/by-nc-nd\/4.0\/88x31.png\" alt=\"Licencia de Creative Commons\" \/><\/a><\/h4>\n<\/div>\n<\/div>\n<p><span style=\"color: #808080;\">Este obra est\u00e1 bajo una <a style=\"color: #808080;\" href=\"http:\/\/creativecommons.org\/licenses\/by-nc-nd\/4.0\/\" rel=\"license\">licencia de Creative Commons Reconocimiento-NoComercial-SinObraDerivada 4.0 Internacional<\/a>.<\/span><\/p>\n","protected":false},"excerpt":{"rendered":"<p>Migraci\u00f3n y Desarrollo, volumen 23, n\u00famero 44, primer semestre 2025, es una publicaci\u00f3n semestral editada por la Universidad Aut\u00f3noma de Zacatecas \u00abFrancisco Garc\u00eda Salinas\u00bb, a trav\u00e9s de la Unidad Acad\u00e9mica de Estudios del Desarrollo, Jard\u00edn Ju\u00e1rez 147, colonia Centro, Zacatecas,<\/p>\n","protected":false},"author":2,"featured_media":0,"parent":0,"menu_order":0,"comment_status":"closed","ping_status":"closed","template":"","meta":{"footnotes":""},"class_list":["post-2590","page","type-page","status-publish","hentry"],"_links":{"self":[{"href":"https:\/\/estudiosdeldesarrollo.mx\/migracionydesarrollo\/wp-json\/wp\/v2\/pages\/2590","targetHints":{"allow":["GET"]}}],"collection":[{"href":"https:\/\/estudiosdeldesarrollo.mx\/migracionydesarrollo\/wp-json\/wp\/v2\/pages"}],"about":[{"href":"https:\/\/estudiosdeldesarrollo.mx\/migracionydesarrollo\/wp-json\/wp\/v2\/types\/page"}],"author":[{"embeddable":true,"href":"https:\/\/estudiosdeldesarrollo.mx\/migracionydesarrollo\/wp-json\/wp\/v2\/users\/2"}],"replies":[{"embeddable":true,"href":"https:\/\/estudiosdeldesarrollo.mx\/migracionydesarrollo\/wp-json\/wp\/v2\/comments?post=2590"}],"version-history":[{"count":1,"href":"https:\/\/estudiosdeldesarrollo.mx\/migracionydesarrollo\/wp-json\/wp\/v2\/pages\/2590\/revisions"}],"predecessor-version":[{"id":2592,"href":"https:\/\/estudiosdeldesarrollo.mx\/migracionydesarrollo\/wp-json\/wp\/v2\/pages\/2590\/revisions\/2592"}],"wp:attachment":[{"href":"https:\/\/estudiosdeldesarrollo.mx\/migracionydesarrollo\/wp-json\/wp\/v2\/media?parent=2590"}],"curies":[{"name":"wp","href":"https:\/\/api.w.org\/{rel}","templated":true}]}}