{"id":2530,"date":"2025-09-10T21:45:03","date_gmt":"2025-09-10T21:45:03","guid":{"rendered":"https:\/\/estudiosdeldesarrollo.mx\/migracionydesarrollo\/?page_id=2530"},"modified":"2025-09-10T21:45:20","modified_gmt":"2025-09-10T21:45:20","slug":"numero-41-resumen-cus","status":"publish","type":"page","link":"https:\/\/estudiosdeldesarrollo.mx\/migracionydesarrollo\/numero-41-resumen-cus\/","title":{"rendered":"Numero 41 resumen cus"},"content":{"rendered":"<div id=\"contenedor30\">\n<div style=\"float: left;\">\n<div>\n<p><a href=\"https:\/\/estudiosdeldesarrollo.mx\/migracionydesarrollo\/numero-41\/\"><img loading=\"lazy\" decoding=\"async\" class=\" wp-image-111 alignleft\" src=\"https:\/\/estudiosdeldesarrollo.mx\/migracionydesarrollo\/wp-content\/uploads\/2024\/12\/MyD41-Forros.jpg\" alt=\"\" width=\"177\" height=\"246\" \/><\/a><\/p>\n<p><span style=\"color: #4f4092;\"><strong><em>Migraci\u00f3n y Desarrollo<\/em>, volumen 21, n\u00famero 41, segundo semestre 2023<\/strong><\/span>, es una publicaci\u00f3n semestral editada por la Universidad Aut\u00f3noma de Zacatecas \u00abFrancisco Garc\u00eda Salinas\u00bb, a trav\u00e9s de la Unidad Acad\u00e9mica de Estudios del Desarrollo, Jard\u00edn Ju\u00e1rez 147, colonia Centro, Zacatecas, C.P. 98000, Tel. (01492) 922 91 09, www.uaz.edu.mx, www.estudiosdeldesarrollo.net, revistamyd@estudiosdeldesarrollo.net. Editor responsable: Ra\u00fal Delgado Wise. Reserva de Derechos al Uso Exclusivo V\u00eda Red C\u00f3mputo No. 04-2015-060212200400-203. ISSN: 2448-7783, ambos otorgados por el Instituto Nacional del Derecho de Autor. Responsable de \u00faltima actualizaci\u00f3n: Unidad Acad\u00e9mica de Estudios del Desarrollo, Maximino Gerardo Luna Estrada, Campus Universitario II, avenida Preparatoria s\/n, fraccionamiento Progreso, Zacatecas, C.P. 98065. Fecha de la \u00faltima modificaci\u00f3n, diciembre de 2023.<\/p>\n<p>Las opiniones expresadas por los autores no necesariamente reflejan la postura del editor de la publicaci\u00f3n. Queda estrictamente prohibida la reproducci\u00f3n total o parcial de los contenidos e im\u00e1genes de la publicaci\u00f3n sin previa autorizaci\u00f3n de la Universidad Aut\u00f3noma de Zacatecas \u00abFrancisco Garc\u00eda Salinas\u00bb a trav\u00e9s de la Unidad Acad\u00e9mica de Estudios del Desarrollo.<\/p>\n<p><a style=\"color: #999999;\"> https:\/\/doi.org\/10.35533\/myd.numero41<\/a><\/p>\n<\/div>\n<\/div>\n<div style=\"float: left; background-color: #f2f2f2; padding: 10px; width: 100%;\">\n<h4 style=\"color: #4f4092;\"><span style=\"color: #4f4092;\"><b><big>Art\u00edculos<\/big><\/b><\/span><\/h4>\n<p><span style=\"font-size: 19.2px; color: #000000;\">El car\u00e1cter de clase de la emigraci\u00f3n venezolana reciente<\/span><br \/><span style=\"color: #808080;\"><b>Alejandro I. Canales<\/b><\/span><br \/><a style=\"color: #333333;\" href=\"https:\/\/doi.org\/10.35533\/myd.2141.aic\">https:\/\/doi.org\/10.35533\/myd.2141.aic<\/a><br \/><a href=\"https:\/\/estudiosdeldesarrollo.mx\/migracionydesarrollo\/numero-41\/\"><span style=\"color: #808080;\"><span style=\"color: #0088c2;\">Resumen<\/span><\/span><\/a><a><span style=\"color: #0088c2;\"> | <\/span><\/a><a style=\"color: #0088c2;\" href=\"https:\/\/estudiosdeldesarrollo.mx\/migracionydesarrollo\/numero-41-texto-completo-aic\/\">Texto <span style=\"color: #0088c2;\">completo<\/span><\/a> | <a style=\"color: #0088c2;\" href=\"https:\/\/estudiosdeldesarrollo.mx\/migracionydesarrollo\/wp-content\/uploads\/2025\/01\/41-1.pdf\" target=\"_blank\" rel=\"noopener\">PDF<\/a><\/p>\n\n<p><span style=\"color: #000000;\"><span style=\"font-size: 19.2px;\">Migraci\u00f3n y desarrollo como pol\u00edtica en Asia: un nexo en movimiento<\/span><\/span><br \/><span style=\"color: #808080;\"><strong>Jeremiah M. Opiniano | Maruja M.B. Asis<br \/><\/strong><\/span><span style=\"color: #333333;\"><a style=\"color: #333333;\" href=\"https:\/\/doi.org\/10.35533\/myd.2141.jmo.mmba\">https:\/\/doi.org\/10.35533\/myd.2141.jmo.mmba<\/a><\/span><br \/><a href=\"https:\/\/estudiosdeldesarrollo.mx\/migracionydesarrollo\/numero-41-resumen-jmo\/\"><span style=\"color: #808080;\"><span style=\"color: #0088c2;\">Resumen<\/span><\/span><\/a><span style=\"color: #0088c2;\"> | <a style=\"color: #0088c2;\" href=\"https:\/\/estudiosdeldesarrollo.mx\/migracionydesarrollo\/numero-41-texto-completo-jmo\/\">Texto <span style=\"color: #0088c2;\">completo<\/span><\/a> | <a style=\"color: #0088c2;\" href=\"https:\/\/estudiosdeldesarrollo.mx\/migracionydesarrollo\/wp-content\/uploads\/2025\/01\/41-2.pdf\" target=\"_blank\" rel=\"noopener\">PDF<\/a><\/span><\/p>\n\n<p><span style=\"color: #000000;\"><span style=\"font-size: 19.2px;\">Metr\u00f3polis del<em> neoapartheid<\/em>: capitalismo racial y luchas subalternas en la Suecia urbana <\/span><\/span><br \/><span style=\"color: #808080;\"><strong>Carl Ulrik Schierup | Aleksandra Alund | Ilhan Kellecioglu<br \/><\/strong><\/span><span style=\"color: #333333;\"><a style=\"color: #333333;\" href=\"https:\/\/doi.org\/10.35533\/myd.2141.cus.aa.ik\">https:\/\/doi.org\/10.35533\/myd.2141.cus.aa.ik<\/a><\/span><br \/><a href=\"https:\/\/estudiosdeldesarrollo.mx\/migracionydesarrollo\/numero-41\/\"><span style=\"color: #808080;\"><span style=\"color: #0088c2;\">Resumen<\/span><\/span><\/a><span style=\"color: #0088c2;\"> | <a style=\"color: #0088c2;\" href=\"https:\/\/estudiosdeldesarrollo.mx\/migracionydesarrollo\/numero-41-texto-completo-cus\/\">Texto <span style=\"color: #0088c2;\">completo<\/span><\/a> | <a style=\"color: #0088c2;\" href=\"https:\/\/estudiosdeldesarrollo.mx\/migracionydesarrollo\/wp-content\/uploads\/2025\/09\/MyD41-Ulrik.pdf\" target=\"_blank\" rel=\"noopener\">PDF<\/a><\/span><\/p>\n<p class=\"p1\" style=\"padding-left: 40px;\">Suecia, que en los albores del tercer milenio segu\u00eda siendo aclamada como un estado de bienestar \u00abexcepcional\u00bb, pues profesaba una utop\u00eda de multiculturalismo inclusivo, justicia social y democracia abierta, en su tercera d\u00e9cada encarna la mala reputaci\u00f3n internacional de una sociedad presa de la hegemon\u00eda, una hegemon\u00eda pol\u00edtica racista de extrema derecha. La mercantilizaci\u00f3n despilfarradora del sistema de bienestar durante los tres \u00faltimos decenios, la absorci\u00f3n de la vivienda p\u00fablica por el capital financiero corporativo, la precarizaci\u00f3n cada vez mayor del trabajo, la segregaci\u00f3n residencial exacerbada y la polarizaci\u00f3n espacial de la desigualdad de etnia y clase, son indicadores que forjan una interconexi\u00f3n depredadora del racismo y la acumulaci\u00f3n de capital. Con base en estos antecedentes, analizamos las pruebas emp\u00edricas y las perspectivas te\u00f3ricas sobre un capitalismo racial arraigado estructural y espacialmente en lo que identificamos como neoapartheid de Estocolmo, aunque impugnado por luchas subalternas ancladas en comunidades locales estigmatizadas, segregadas y securitizadas.<\/p>\n<p><span style=\"color: #000000;\"><span style=\"font-size: 19.2px;\">International migration in Latin America: critical perspectives on the construction of a field of knowledge<\/span><\/span><br \/><span style=\"color: #808080;\"><strong>Gioconda Herrera | Ninna Nyberg Sorensen<br \/><\/strong><\/span><span style=\"color: #333333;\"><a style=\"color: #333333;\" href=\"https:\/\/doi.org\/10.35533\/myd.2141.gh.nns\">https:\/\/doi.org\/10.35533\/myd.2141.gh.nns<\/a><\/span><br \/><a href=\"https:\/\/estudiosdeldesarrollo.mx\/migracionydesarrollo\/numero-41-resumen-gh\/\"><span style=\"color: #808080;\"><span style=\"color: #0088c2;\">Resumen<\/span><\/span><\/a><span style=\"color: #0088c2;\"> | <a style=\"color: #0088c2;\" href=\"https:\/\/estudiosdeldesarrollo.mx\/migracionydesarrollo\/numero-41-texto-completo-gh\/\">Texto <span style=\"color: #0088c2;\">completo<\/span><\/a> | <a style=\"color: #0088c2;\" href=\"https:\/\/estudiosdeldesarrollo.mx\/migracionydesarrollo\/wp-content\/uploads\/2025\/01\/41-4.pdf\" target=\"_blank\" rel=\"noopener\">PDF<\/a><\/span><\/p>\n<p><span style=\"color: #000000;\"><span style=\"font-size: 19.2px;\">Women&#8217;s self reliance and sustainable livelihoods: implementation of the kelobeyei integrated socio-economic development plan (KISEDP) for refugees and the host population in Kenya<\/span><\/span><br \/><span style=\"color: #808080;\"><strong>Mans Fellesson | Paula M\u00e4hlck<br \/><\/strong><\/span><span style=\"color: #333333;\"><a style=\"color: #333333;\" href=\"https:\/\/doi.org\/10.35533\/myd.2141.mf.pm\">https:\/\/doi.org\/10.35533\/myd.2141.mf.pm<\/a><\/span><br \/><a href=\"https:\/\/estudiosdeldesarrollo.mx\/migracionydesarrollo\/numero-41-resumen-mf\/\"><span style=\"color: #808080;\"><span style=\"color: #0088c2;\">Resumen<\/span><\/span><\/a><span style=\"color: #0088c2;\"> | <a style=\"color: #0088c2;\" href=\"https:\/\/estudiosdeldesarrollo.mx\/migracionydesarrollo\/numero-41-texto-completo-mf\/\">Texto <span style=\"color: #0088c2;\">completo<\/span><\/a> | <a style=\"color: #0088c2;\" href=\"https:\/\/estudiosdeldesarrollo.mx\/migracionydesarrollo\/wp-content\/uploads\/2025\/08\/MyD41-Felleson.pdf\" target=\"_blank\" rel=\"noopener\">PDF<\/a><\/span><\/p>\n<h4 style=\"color: #4f4092;\"><span style=\"color: #4f4092;\"><b><big>Coyuntura y debate<\/big><\/b><\/span><\/h4>\n<p><span style=\"font-size: 19.2px; color: #000000;\">Para trascender el neoliberalismo: lineamientos para una pol\u00edtica p\u00fablica contrahegem\u00f3nica para M\u00e9xico<\/span><br \/><span style=\"color: #808080;\"><b>Ra\u00fal Delgado Wise<br \/><\/b><\/span><span style=\"color: #333333;\"><a style=\"color: #333333;\" href=\"https:\/\/doi.org\/10.35533\/myd.2141.rdw\">https:\/\/doi.org\/10.35533\/myd.2142.rdw<\/a><\/span><br \/><a href=\"https:\/\/estudiosdeldesarrollo.mx\/migracionydesarrollo\/numero-41-resumen-rdw\/\"><span style=\"color: #808080;\"><span style=\"color: #0088c2;\">Resumen<\/span><\/span><\/a><span style=\"color: #0088c2;\"> | <a style=\"color: #0088c2;\" href=\"https:\/\/estudiosdeldesarrollo.mx\/migracionydesarrollo\/numero-41-texto-completo-rdw\/\">Texto <span style=\"color: #0088c2;\">completo<\/span><\/a> | <a style=\"color: #0088c2;\" href=\"https:\/\/estudiosdeldesarrollo.mx\/migracionydesarrollo\/wp-content\/uploads\/2025\/01\/41-3.pdf\" target=\"_blank\" rel=\"noopener\">PDF<\/a><\/span><\/p>\n<h4 style=\"color: #4f4092;\"><a href=\"https:\/\/estudiosdeldesarrollo.mx\/migracionydesarrollo\/wp-content\/uploads\/2025\/01\/MyD41-s.pdf\" target=\"_blank\" rel=\"noopener\"><span style=\"color: #4f4092;\"><b><big>Semblanzas<\/big><\/b><\/span><\/a><\/h4>\n<h4 style=\"color: #730057;\"><a style=\"font-size: 16px; background-color: #ffffff;\" href=\"http:\/\/creativecommons.org\/licenses\/by-nc-nd\/4.0\/\" rel=\"license\"><img decoding=\"async\" style=\"border-width: 0;\" src=\"https:\/\/i.creativecommons.org\/l\/by-nc-nd\/4.0\/88x31.png\" alt=\"Licencia de Creative Commons\" \/><\/a><\/h4>\n<\/div>\n<\/div>\n<p><span style=\"color: #808080;\">Este obra est\u00e1 bajo una <a style=\"color: #808080;\" href=\"http:\/\/creativecommons.org\/licenses\/by-nc-nd\/4.0\/\" rel=\"license\">licencia de Creative Commons Reconocimiento-NoComercial-SinObraDerivada 4.0 Internacional<\/a>.<\/span><\/p>\n\n\n<p><\/p>\n\n\n","protected":false},"excerpt":{"rendered":"<p>Migraci\u00f3n y Desarrollo, volumen 21, n\u00famero 41, segundo semestre 2023, es una publicaci\u00f3n semestral editada por la Universidad Aut\u00f3noma de Zacatecas \u00abFrancisco Garc\u00eda Salinas\u00bb, a trav\u00e9s de la Unidad Acad\u00e9mica de Estudios del Desarrollo, Jard\u00edn Ju\u00e1rez 147, colonia Centro, Zacatecas,<\/p>\n","protected":false},"author":2,"featured_media":0,"parent":0,"menu_order":0,"comment_status":"closed","ping_status":"closed","template":"","meta":{"footnotes":""},"class_list":["post-2530","page","type-page","status-publish","hentry"],"_links":{"self":[{"href":"https:\/\/estudiosdeldesarrollo.mx\/migracionydesarrollo\/wp-json\/wp\/v2\/pages\/2530","targetHints":{"allow":["GET"]}}],"collection":[{"href":"https:\/\/estudiosdeldesarrollo.mx\/migracionydesarrollo\/wp-json\/wp\/v2\/pages"}],"about":[{"href":"https:\/\/estudiosdeldesarrollo.mx\/migracionydesarrollo\/wp-json\/wp\/v2\/types\/page"}],"author":[{"embeddable":true,"href":"https:\/\/estudiosdeldesarrollo.mx\/migracionydesarrollo\/wp-json\/wp\/v2\/users\/2"}],"replies":[{"embeddable":true,"href":"https:\/\/estudiosdeldesarrollo.mx\/migracionydesarrollo\/wp-json\/wp\/v2\/comments?post=2530"}],"version-history":[{"count":2,"href":"https:\/\/estudiosdeldesarrollo.mx\/migracionydesarrollo\/wp-json\/wp\/v2\/pages\/2530\/revisions"}],"predecessor-version":[{"id":2532,"href":"https:\/\/estudiosdeldesarrollo.mx\/migracionydesarrollo\/wp-json\/wp\/v2\/pages\/2530\/revisions\/2532"}],"wp:attachment":[{"href":"https:\/\/estudiosdeldesarrollo.mx\/migracionydesarrollo\/wp-json\/wp\/v2\/media?parent=2530"}],"curies":[{"name":"wp","href":"https:\/\/api.w.org\/{rel}","templated":true}]}}