{"id":2440,"date":"2025-08-05T17:42:39","date_gmt":"2025-08-05T17:42:39","guid":{"rendered":"https:\/\/estudiosdeldesarrollo.mx\/migracionydesarrollo\/?page_id=2440"},"modified":"2025-08-22T18:49:02","modified_gmt":"2025-08-22T18:49:02","slug":"numero-42-resumen-gag","status":"publish","type":"page","link":"https:\/\/estudiosdeldesarrollo.mx\/migracionydesarrollo\/numero-42-resumen-gag\/","title":{"rendered":"Numero 42 Resumen gag"},"content":{"rendered":"<div id=\"contenedor30\">\n<div style=\"float: left;\">\n<div>\n<p><a href=\"https:\/\/estudiosdeldesarrollo.mx\/migracionydesarrollo\/numero-42\/\"><img loading=\"lazy\" decoding=\"async\" class=\" wp-image-111 alignleft\" src=\"https:\/\/estudiosdeldesarrollo.mx\/migracionydesarrollo\/wp-content\/uploads\/2025\/05\/MyD42-Forros.jpg\" alt=\"\" width=\"177\" height=\"246\" \/><\/a><\/p>\n<p><span style=\"color: #ff6600;\"><strong><em>Migraci\u00f3n y Desarrollo<\/em>, volumen 22, n\u00famero 42, primer semestre 2024<\/strong><\/span>, es una publicaci\u00f3n semestral editada por la Universidad Aut\u00f3noma de Zacatecas \u00abFrancisco Garc\u00eda Salinas\u00bb, a trav\u00e9s de la Unidad Acad\u00e9mica de Estudios del Desarrollo, Jard\u00edn Ju\u00e1rez 147, colonia Centro, Zacatecas, C.P. 98000, Tel. (01492) 922 91 09, www.uaz.edu.mx, www.estudiosdeldesarrollo.net, revistamyd@estudiosdeldesarrollo.net. Editor responsable: Ra\u00fal Delgado Wise. Reserva de Derechos al Uso Exclusivo V\u00eda Red C\u00f3mputo No. 04-2015-060212200400-203. ISSN: 2448-7783, ambos otorgados por el Instituto Nacional del Derecho de Autor. Responsable de \u00faltima actualizaci\u00f3n: Unidad Acad\u00e9mica de Estudios del Desarrollo, Maximino Gerardo Luna Estrada, Campus Universitario II, avenida Preparatoria s\/n, fraccionamiento Progreso, Zacatecas, C.P. 98065. Fecha de la \u00faltima modificaci\u00f3n, mayo de 2024.<\/p>\n<p>Las opiniones expresadas por los autores no necesariamente reflejan la postura del editor de la publicaci\u00f3n. Queda estrictamente prohibida la reproducci\u00f3n total o parcial de los contenidos e im\u00e1genes de la publicaci\u00f3n sin previa autorizaci\u00f3n de la Universidad Aut\u00f3noma de Zacatecas \u00abFrancisco Garc\u00eda Salinas\u00bb a trav\u00e9s de la Unidad Acad\u00e9mica de Estudios del Desarrollo.<\/p>\n<p><a style=\"color: #999999;\" href=\"https:\/\/doi.org\/10.35533\/myd.numero42\"> https:\/\/doi.org\/10.35533\/myd.numero42<\/a><\/p>\n<\/div>\n<\/div>\n<div style=\"float: left; background-color: #f2f2f2; padding: 10px; width: 100%;\">\n<h4 style=\"color: #4f4092;\"><span style=\"color: #ff6600;\"><b><big>Art\u00edculos<\/big><\/b><\/span><\/h4>\n<p><span style=\"font-size: 19.2px; color: #000000;\">Impactos de la covid-19 en la poblaci\u00f3n migrante haitiana y sus descendientes en la zona fronteriza de Rep\u00fablica Dominicana con Hait\u00ed<\/span><br \/>\n<span style=\"color: #808080;\"><b>Allison J. Petrozziello | Bridget Wooding<\/b><\/span><br \/>\n<a style=\"color: #333333;\" href=\"https:\/\/doi.org\/10.35533\/myd.2242.ajp.bw\">https:\/\/doi.org\/10.35533\/myd.2242.ajp.bw<\/a><br \/>\n<a href=\"https:\/\/estudiosdeldesarrollo.mx\/migracionydesarrollo\/numero-42-resumen-ajp\/\"><span style=\"color: #808080;\"><span style=\"color: #0088c2;\">Resumen<\/span><\/span><\/a><a><span style=\"color: #0088c2;\"> | <\/span><\/a><a style=\"color: #0088c2;\" href=\"https:\/\/estudiosdeldesarrollo.mx\/migracionydesarrollo\/numero-42-texto-completo-ajp\/\">Texto <span style=\"color: #0088c2;\">completo<\/span><\/a> | <a style=\"color: #0088c2;\" href=\"https:\/\/estudiosdeldesarrollo.mx\/migracionydesarrollo\/wp-content\/uploads\/2025\/08\/MyD42-Petrozziello.pdf\" target=\"_blank\" rel=\"noopener\">PDF<\/a><\/p>\n<p><span style=\"font-size: 19.2px; color: #000000;\">Migraci\u00f3n irregular de tr\u00e1nsito por M\u00e9xico hacia Estados Unidos. Cinismo pol\u00edtico, fuerza de ley y epistemolog\u00eda del desenga\u00f1o<\/span><br \/>\n<span style=\"color: #808080;\"><b>Daniel Villafuerte Sol\u00eds | Mar\u00eda del Carmen Garc\u00eda Aguilar<\/b><\/span><br \/>\n<a style=\"color: #333333;\" href=\"https:\/\/doi.org\/10.35533\/myd.2242.dvs.mcga\">https:\/\/doi.org\/10.35533\/myd.2242.dvs.mcga<\/a><br \/>\n<a href=\"https:\/\/estudiosdeldesarrollo.mx\/migracionydesarrollo\/numero-42-resumen-dvs\/\"><span style=\"color: #808080;\"><span style=\"color: #0088c2;\">Resumen<\/span><\/span><\/a><a><span style=\"color: #0088c2;\"> | <\/span><\/a><a style=\"color: #0088c2;\" href=\"https:\/\/estudiosdeldesarrollo.mx\/migracionydesarrollo\/numero-42-texto-completo-dvs\/\">Texto <span style=\"color: #0088c2;\">completo<\/span><\/a> | <a style=\"color: #0088c2;\" href=\"https:\/\/estudiosdeldesarrollo.mx\/migracionydesarrollo\/wp-content\/uploads\/2025\/08\/MyD42-Villafuerte.pdf\" target=\"_blank\" rel=\"noopener\">PDF<\/a><\/p>\n<p><span style=\"font-size: 19.2px; color: #000000;\">La incidencia de las organizaciones de la sociedad civil en protecci\u00f3n de los derechos humanos de la ni\u00f1ez migrante en situaci\u00f3n irregular: sistemas comparados entre M\u00e9xico y Estados Unidos<\/span><br \/>\n<span style=\"color: #808080;\"><b>Mar\u00eda de los \u00c1ngeles Cerda Gonz\u00e1lez | Itzel Arriaga Hurtado<\/b><\/span><br \/>\n<a style=\"color: #333333;\" href=\"https:\/\/doi.org\/10.35533\/myd.2242.macg.iah\">https:\/\/doi.org\/10.35533\/myd.2242.macg.iah<\/a><br \/>\n<a href=\"https:\/\/estudiosdeldesarrollo.mx\/migracionydesarrollo\/numero-42-resumen-macg\/\"><span style=\"color: #808080;\"><span style=\"color: #0088c2;\">Resumen<\/span><\/span><\/a><a><span style=\"color: #0088c2;\"> | <\/span><\/a><a style=\"color: #0088c2;\" href=\"https:\/\/estudiosdeldesarrollo.mx\/migracionydesarrollo\/numero-42-texto-completo-macg\/\">Texto <span style=\"color: #0088c2;\">completo<\/span><\/a> | <a style=\"color: #0088c2;\" href=\"https:\/\/estudiosdeldesarrollo.mx\/migracionydesarrollo\/wp-content\/uploads\/2025\/08\/MyD42-Cerda.pdf\" target=\"_blank\" rel=\"noopener\">PDF<\/a><\/p>\n<p><span style=\"font-size: 19.2px; color: #000000;\">Migraci\u00f3n, g\u00e9nero y trabajo: latinoamericanas en el mercado laboral estadounidense<\/span><br \/>\n<span style=\"color: #808080;\"><b>Daniela Castro Alquicira<\/b><\/span><br \/>\n<a style=\"color: #333333;\" href=\"https:\/\/doi.org\/10.35533\/myd.2242.dca\">https:\/\/doi.org\/10.35533\/myd.2242.dca<\/a><br \/>\n<a href=\"https:\/\/estudiosdeldesarrollo.mx\/migracionydesarrollo\/numero-42-resumen-dca\/\"><span style=\"color: #808080;\"><span style=\"color: #0088c2;\">Resumen<\/span><\/span><\/a><a><span style=\"color: #0088c2;\"> | <\/span><\/a><a style=\"color: #0088c2;\" href=\"https:\/\/estudiosdeldesarrollo.mx\/migracionydesarrollo\/numero-42-texto-completo-dca\/\">Texto <span style=\"color: #0088c2;\">completo<\/span><\/a> | <a style=\"color: #0088c2;\" href=\"https:\/\/estudiosdeldesarrollo.mx\/migracionydesarrollo\/wp-content\/uploads\/2025\/08\/MyD42-Castro.pdf\" target=\"_blank\" rel=\"noopener\">PDF<\/a><\/p>\n<p><span style=\"font-size: 19.2px; color: #000000;\">La pandemia y las desventuras de la teor\u00eda y la pol\u00edtica del desarrollo: desaf\u00edos y oportunidades para el pensamiento cr\u00edtico latinoamericano<\/span><br \/>\n<span style=\"color: #808080;\"><b>Isaac Enr\u00edquez P\u00e9rez<\/b><\/span><br \/>\n<a style=\"color: #333333;\" href=\"https:\/\/doi.org\/10.35533\/myd.2242.iep\">https:\/\/doi.org\/10.35533\/myd.2242.iep<\/a><br \/>\n<a href=\"https:\/\/estudiosdeldesarrollo.mx\/migracionydesarrollo\/numero-42-resumen-iep\/\"><span style=\"color: #808080;\"><span style=\"color: #0088c2;\">Resumen<\/span><\/span><\/a><a><span style=\"color: #0088c2;\"> | <\/span><\/a><a style=\"color: #0088c2;\" href=\"https:\/\/estudiosdeldesarrollo.mx\/migracionydesarrollo\/numero-42-texto-completo-iep\/\">Texto <span style=\"color: #0088c2;\">completo<\/span><\/a> | <a style=\"color: #0088c2;\" href=\"https:\/\/estudiosdeldesarrollo.mx\/migracionydesarrollo\/wp-content\/uploads\/2025\/08\/MyD42-Enriquez.pdf\" target=\"_blank\" rel=\"noopener\">PDF<\/a><\/p>\n<h4 style=\"color: #4f4092;\"><span style=\"color: #ff6600;\"><b><big>Coyuntura y debate<\/big><\/b><\/span><\/h4>\n<p><span style=\"font-size: 19.2px; color: #000000;\">Voces de grupos minoritarios en la revista Migraci\u00f3n y Desarrollo. La traducci\u00f3n como una alternativa para su conocimiento<\/span><br \/>\n<span style=\"color: #808080;\"><b>Georgia Aral\u00fa Gonz\u00e1lez P\u00e9rez | Carlos Alfredo Carrillo Rodr\u00edguez | Silvia Puga P\u00e9rez\u00a0<\/b><\/span><br \/>\n<a style=\"color: #333333;\" href=\"https:\/\/doi.org\/10.35533\/myd.2242.gagp.cacr.spp\">https:\/\/doi.org\/10.35533\/myd.2242.gagp.cacr.spp<\/a><br \/>\n<a href=\"https:\/\/estudiosdeldesarrollo.mx\/migracionydesarrollo\/numero-42\"><span style=\"color: #808080;\"><span style=\"color: #0088c2;\">Resumen<\/span><\/span><\/a><a><span style=\"color: #0088c2;\"> | <\/span><\/a><a style=\"color: #0088c2;\" href=\"https:\/\/estudiosdeldesarrollo.mx\/migracionydesarrollo\/numero-42-texto-completo-gag\/\">Texto <span style=\"color: #0088c2;\">completo<\/span><\/a> | <a style=\"color: #0088c2;\" href=\"https:\/\/estudiosdeldesarrollo.mx\/migracionydesarrollo\/wp-content\/uploads\/2025\/08\/MyD42-Gonzalez.pdf\" target=\"_blank\" rel=\"noopener\">PDF<\/a><\/p>\n<p class=\"p1\" style=\"padding-left: 40px;\">Entre las infinitas funciones del lenguaje se encuentra el proceso de traducci\u00f3n, cuya pr\u00e1ctica requiere, adem\u00e1s de poseer ciertas habilidades lingu\u0308\u00edsticas y gramaticales, conocimientos precisos de la tem\u00e1tica que se aborda, sin soslayar la parte cultural. La revista Migraci\u00f3n y Desarrollo, a lo largo de m\u00e1s de 20 a\u00f1os, ha circulado en los formatos impreso y digital; se trata de una de las revistas de la Universidad Aut\u00f3noma de Zacatecas \u00abFrancisco Garc\u00eda Salinas\u00bb que mayor presencia ha conseguido, de acuerdo con par\u00e1metros recientes, puesto que pertenece a diversos \u00edndices de calidad. Hasta el momento se han publicado 40 n\u00fameros con un total de 293 art\u00edculos, de ellos 140 se han traducido principalmente del idioma ingl\u00e9s al espa\u00f1ol. El objetivo de este estudio es, en principio, destacar la difusi\u00f3n de esta revista cient\u00edfica de alcance mundial en al menos dos idiomas, cabe mencionar que sobresale el ingl\u00e9s por la cantidad de art\u00edculos publicados; y, en seguida, analizar la manera en que contribuir\u00eda el trabajo de traducci\u00f3n en el \u00e1rea de ciencias sociales para darle voz a los grupos minoritarios, en espec\u00edfico, a los migrantes.<\/p>\n<h4 style=\"color: #730057;\"><a style=\"font-size: 16px; background-color: #ffffff;\" href=\"http:\/\/creativecommons.org\/licenses\/by-nc-nd\/4.0\/\" rel=\"license\"><img decoding=\"async\" style=\"border-width: 0;\" src=\"https:\/\/i.creativecommons.org\/l\/by-nc-nd\/4.0\/88x31.png\" alt=\"Licencia de Creative Commons\" \/><\/a><\/h4>\n<\/div>\n<\/div>\n<p><span style=\"color: #808080;\">Este obra est\u00e1 bajo una <a style=\"color: #808080;\" href=\"http:\/\/creativecommons.org\/licenses\/by-nc-nd\/4.0\/\" rel=\"license\">licencia de Creative Commons Reconocimiento-NoComercial-SinObraDerivada 4.0 Internacional<\/a>.<\/span><\/p>\n","protected":false},"excerpt":{"rendered":"<p>Migraci\u00f3n y Desarrollo, volumen 22, n\u00famero 42, primer semestre 2024, es una publicaci\u00f3n semestral editada por la Universidad Aut\u00f3noma de Zacatecas \u00abFrancisco Garc\u00eda Salinas\u00bb, a trav\u00e9s de la Unidad Acad\u00e9mica de Estudios del Desarrollo, Jard\u00edn Ju\u00e1rez 147, colonia Centro, Zacatecas,<\/p>\n","protected":false},"author":2,"featured_media":0,"parent":0,"menu_order":0,"comment_status":"closed","ping_status":"closed","template":"","meta":{"footnotes":""},"class_list":["post-2440","page","type-page","status-publish","hentry"],"_links":{"self":[{"href":"https:\/\/estudiosdeldesarrollo.mx\/migracionydesarrollo\/wp-json\/wp\/v2\/pages\/2440","targetHints":{"allow":["GET"]}}],"collection":[{"href":"https:\/\/estudiosdeldesarrollo.mx\/migracionydesarrollo\/wp-json\/wp\/v2\/pages"}],"about":[{"href":"https:\/\/estudiosdeldesarrollo.mx\/migracionydesarrollo\/wp-json\/wp\/v2\/types\/page"}],"author":[{"embeddable":true,"href":"https:\/\/estudiosdeldesarrollo.mx\/migracionydesarrollo\/wp-json\/wp\/v2\/users\/2"}],"replies":[{"embeddable":true,"href":"https:\/\/estudiosdeldesarrollo.mx\/migracionydesarrollo\/wp-json\/wp\/v2\/comments?post=2440"}],"version-history":[{"count":5,"href":"https:\/\/estudiosdeldesarrollo.mx\/migracionydesarrollo\/wp-json\/wp\/v2\/pages\/2440\/revisions"}],"predecessor-version":[{"id":2497,"href":"https:\/\/estudiosdeldesarrollo.mx\/migracionydesarrollo\/wp-json\/wp\/v2\/pages\/2440\/revisions\/2497"}],"wp:attachment":[{"href":"https:\/\/estudiosdeldesarrollo.mx\/migracionydesarrollo\/wp-json\/wp\/v2\/media?parent=2440"}],"curies":[{"name":"wp","href":"https:\/\/api.w.org\/{rel}","templated":true}]}}