{"id":2421,"date":"2025-07-04T21:19:42","date_gmt":"2025-07-04T21:19:42","guid":{"rendered":"https:\/\/estudiosdeldesarrollo.mx\/migracionydesarrollo\/?page_id=2421"},"modified":"2026-02-04T17:06:40","modified_gmt":"2026-02-04T17:06:40","slug":"numero-43-resumen-hv","status":"publish","type":"page","link":"https:\/\/estudiosdeldesarrollo.mx\/migracionydesarrollo\/numero-43-resumen-hv\/","title":{"rendered":"Numero 43 resumen hv"},"content":{"rendered":"<div id=\"contenedor30\">\n<div style=\"float: left;\">\n<div>\n<p><a href=\"https:\/\/estudiosdeldesarrollo.mx\/migracionydesarrollo\/numero-43\/\"><img loading=\"lazy\" decoding=\"async\" class=\" wp-image-111 alignleft\" src=\"https:\/\/estudiosdeldesarrollo.mx\/migracionydesarrollo\/wp-content\/uploads\/2025\/07\/MyD43-Forros.jpg\" alt=\"\" width=\"177\" height=\"246\" \/><\/a><\/p>\n<p><span style=\"color: #77c2d8;\"><strong><em>Migraci\u00f3n y Desarrollo<\/em>, volumen 22, n\u00famero 43, segundo semestre 2024<\/strong><\/span>, es una publicaci\u00f3n semestral editada por la Universidad Aut\u00f3noma de Zacatecas \u00abFrancisco Garc\u00eda Salinas\u00bb, a trav\u00e9s de la Unidad Acad\u00e9mica de Estudios del Desarrollo, Jard\u00edn Ju\u00e1rez 147, colonia Centro, Zacatecas, C.P. 98000, Tel. (01492) 922 91 09, www.uaz.edu.mx, www.estudiosdeldesarrollo.net, revistamyd@estudiosdeldesarrollo.net. Editor responsable: Ra\u00fal Delgado Wise. Reserva de Derechos al Uso Exclusivo V\u00eda Red C\u00f3mputo No. 04-2015-060212200400-203. ISSN: 2448-7783, ambos otorgados por el Instituto Nacional del Derecho de Autor. Responsable de \u00faltima actualizaci\u00f3n: Unidad Acad\u00e9mica de Estudios del Desarrollo, Maximino Gerardo Luna Estrada, Campus Universitario II, avenida Preparatoria s\/n, fraccionamiento Progreso, Zacatecas, C.P. 98065. Fecha de la \u00faltima modificaci\u00f3n, noviembre de 2024.<\/p>\n<p>Las opiniones expresadas por los autores no necesariamente reflejan la postura del editor de la publicaci\u00f3n. Queda estrictamente prohibida la reproducci\u00f3n total o parcial de los contenidos e im\u00e1genes de la publicaci\u00f3n sin previa autorizaci\u00f3n de la Universidad Aut\u00f3noma de Zacatecas \u00abFrancisco Garc\u00eda Salinas\u00bb a trav\u00e9s de la Unidad Acad\u00e9mica de Estudios del Desarrollo.<\/p>\n<p><a style=\"color: #999999;\"> https:\/\/doi.org\/10.35533\/myd.numero43<\/a><\/p>\n<\/div>\n<\/div>\n<div style=\"float: left; background-color: #f2f2f2; padding: 10px; width: 100%;\">\n<h4 style=\"color: #4f4092;\"><span style=\"color: #77c2d8;\"><b><big>Art\u00edculos<\/big><\/b><\/span><\/h4>\n<p><span style=\"font-size: 19.2px; color: #000000;\">Migraci\u00f3n y desarrollo: actualizaci\u00f3n sobre las tendencias mundiales<\/span><br \/>\n<span style=\"color: #808080;\"><b>Alejandro Portes<\/b><\/span><br \/>\n<a style=\"color: #333333;\" href=\"https:\/\/doi.org\/10.35533\/myd.2243.ap\">https:\/\/doi.org\/10.35533\/myd.2243.ap<\/a><br \/>\n<a href=\"https:\/\/estudiosdeldesarrollo.mx\/migracionydesarrollo\/numero-43-resumen-ap\/\"><span style=\"color: #808080;\"><span style=\"color: #0088c2;\">Resumen<\/span><\/span><\/a><a href=\"https:\/\/estudiosdeldesarrollo.mx\/migracionydesarrollo\/numero-43-texto-completo-ap\/\"><span style=\"color: #0088c2;\"> | Texto completo | <\/span><\/a><a style=\"color: #0088c2;\" href=\"https:\/\/estudiosdeldesarrollo.mx\/migracionydesarrollo\/wp-content\/uploads\/2025\/11\/MyD43-Portes.pdf\" target=\"_blank\" rel=\"noopener\">PDF<\/a><\/p>\n<p><span style=\"font-size: 19.2px; color: #000000;\">Migraci\u00f3n y sindicatos: retos y oportunidades<\/span><br \/>\n<span style=\"color: #808080;\"><b>Ronaldo Munck<\/b><\/span><br \/>\n<a style=\"color: #333333;\" href=\"https:\/\/doi.org\/10.35533\/myd.2243.rm\">https:\/\/doi.org\/10.35533\/myd.2243.rm<\/a><br \/>\n<span style=\"color: #0088c2;\"><a style=\"color: #0088c2;\" href=\"https:\/\/estudiosdeldesarrollo.mx\/migracionydesarrollo\/numero-43-resumen-rm\/\">Resumen<\/a><a style=\"color: #0088c2;\"> |<\/a> <a style=\"color: #0088c2;\" href=\"https:\/\/estudiosdeldesarrollo.mx\/migracionydesarrollo\/numero-43-texto-completo-rm\/\">Texto completo<\/a> | <a style=\"color: #0088c2;\" href=\"https:\/\/estudiosdeldesarrollo.mx\/migracionydesarrollo\/wp-content\/uploads\/2025\/11\/MyD43-Munck.pdf\" target=\"_blank\" rel=\"noopener\">PDF<\/a><\/span><\/p>\n<p><span style=\"font-size: 19.2px; color: #000000;\">La agenda de derechos de los migrantes en la gobernanza mundial de la migraci\u00f3n: un enfoque descolonizador<\/span><br \/>\n<span style=\"color: #808080;\"><b>KC Hari | Nicola Piper<\/b><\/span><br \/>\n<a style=\"color: #333333;\" href=\"https:\/\/doi.org\/10.35533\/myd.2243.kch.np\">https:\/\/doi.org\/10.35533\/myd.2243.kch.np<\/a><br \/>\n<span style=\"color: #0088c2;\"><a style=\"color: #0088c2;\" href=\"https:\/\/estudiosdeldesarrollo.mx\/migracionydesarrollo\/numero-43-resumen-hkc\/\">Resumen<\/a><a style=\"color: #0088c2;\"> | <\/a><a style=\"color: #0088c2;\" href=\"https:\/\/estudiosdeldesarrollo.mx\/migracionydesarrollo\/numero-43-texto-completo-np\/\">Texto completo<\/a> | <a style=\"color: #0088c2;\" href=\"https:\/\/estudiosdeldesarrollo.mx\/migracionydesarrollo\/wp-content\/uploads\/2025\/11\/MyD43-Piper.pdf\" target=\"_blank\" rel=\"noopener\">PDF<\/a><\/span><\/p>\n<p><span style=\"font-size: 19.2px; color: #000000;\">Tomando el pulso a la migraci\u00f3n michoacana: transformaciones y desaf\u00edos para el \u00e9xodo internacional en Michoac\u00e1n<\/span><br \/>\n<span style=\"color: #808080;\"><b>Gustavo L\u00f3pez Castro | Selene Gaspar Olvera<\/b><\/span><br \/>\n<a style=\"color: #333333;\" href=\"https:\/\/doi.org\/10.35533\/myd.2243.glc.sgo\">https:\/\/doi.org\/10.35533\/myd.2243.glc.sgo<\/a><br \/>\n<span style=\"color: #0088c2;\"><a style=\"color: #0088c2;\" href=\"https:\/\/estudiosdeldesarrollo.mx\/migracionydesarrollo\/numero-43\">Resumen<\/a><a style=\"color: #0088c2;\"> |<\/a><a style=\"color: #0088c2;\" href=\"https:\/\/estudiosdeldesarrollo.mx\/migracionydesarrollo\/numero-43-texto-completo-glc\/\"> Texto completo<\/a> | <a style=\"color: #0088c2;\" href=\"https:\/\/estudiosdeldesarrollo.mx\/migracionydesarrollo\/wp-content\/uploads\/2025\/11\/MyD43-Lopez.pdf\" target=\"_blank\" rel=\"noopener\">PDF<\/a><\/span><\/p>\n<p><span style=\"font-size: 19.2px; color: #000000;\">Migraci\u00f3n 4.0: la tecnolog\u00eda como frontera para los migrantes<\/span><br \/>\n<span style=\"color: #808080;\"><b>Jes\u00fas Antonio Morales Qui\u00f1ones | Gloria Ciria Valdez Gardea<\/b><\/span><br \/>\n<a style=\"color: #333333;\" href=\"https:\/\/doi.org\/10.35533\/myd.2243.jamq.gcvg\">https:\/\/doi.org\/10.35533\/myd.2243.jamq.gcvg<\/a><br \/>\n<span style=\"color: #0088c2;\"><a style=\"color: #0088c2;\" href=\"https:\/\/estudiosdeldesarrollo.mx\/migracionydesarrollo\/numero-43-resumen-jam\/\">Resumen<\/a><a style=\"color: #0088c2;\"> | <\/a><a style=\"color: #0088c2;\" href=\"https:\/\/estudiosdeldesarrollo.mx\/migracionydesarrollo\/numero-43-texto-completo-jam\/\">Texto completo<\/a> | <a style=\"color: #0088c2;\" href=\"https:\/\/estudiosdeldesarrollo.mx\/migracionydesarrollo\/wp-content\/uploads\/2025\/07\/MyD43-morales.pdf\" target=\"_blank\" rel=\"noopener\">PDF<\/a><\/span><\/p>\n<h4 style=\"color: #4f4092;\"><span style=\"color: #77c2d8;\"><b><big>Coyuntura y debate<\/big><\/b><\/span><\/h4>\n<p><span style=\"font-size: 19.2px; color: #000000;\">Nayib Bukele: la formaci\u00f3n del dictador m\u00e1s genial del mundo<\/span><br \/>\n<span style=\"color: #808080;\"><b>Henry Veltmeyer<\/b><\/span><br \/>\n<a style=\"color: #333333;\" href=\"https:\/\/doi.org\/10.35533\/myd.2243.hv\">https:\/\/doi.org\/10.35533\/myd.2243.hv<\/a><br \/>\n<a href=\"https:\/\/estudiosdeldesarrollo.mx\/migracionydesarrollo\/numero-43\/\"><span style=\"color: #808080;\"><span style=\"color: #0088c2;\">Resumen<\/span><\/span><\/a><a><span style=\"color: #0088c2;\"> | <\/span><\/a><a style=\"color: #0088c2;\" href=\"https:\/\/estudiosdeldesarrollo.mx\/migracionydesarrollo\/numero-43-texto-completo-hv\/\">Texto <span style=\"color: #0088c2;\">completo<\/span><\/a> | <a style=\"color: #0088c2;\" href=\"https:\/\/estudiosdeldesarrollo.mx\/migracionydesarrollo\/wp-content\/uploads\/2025\/07\/MyD43-Veltmeyer.pdf\" target=\"_blank\" rel=\"noopener\">PDF<\/a><\/p>\n<p class=\"p1\" style=\"padding-left: 40px;\">La elecci\u00f3n de Nayib Bukele como presidente de El Salvador, autodenominado \u00abel dictador m\u00e1s genial del mundo\u00bb, ha conmocionado al mundo entero y ha planteado preguntas fundamentales sobre la tradici\u00f3n populista de la pol\u00edtica latinoamericana y el destino de la democracia en Am\u00e9rica Latina, as\u00ed como sobre el significado de lo que parece ser una tendencia global hacia el autoritarismo en los primeros a\u00f1os del siglo XXI. Este art\u00edculo pretende analizar lo que se ha descrito como el \u00abmilagro de Bukele\u00bb, se hace referencia a la redada masiva y el encarcelamiento de las bandas criminales del pa\u00eds por parte del presidente, que ha convertido uno de los lugares m\u00e1s peligrosos del mundo en uno de los m\u00e1s seguros. Se explica, adem\u00e1s, el \u00abmilagro de Bukele\u00bb y su tipo de autoritarismo con relaci\u00f3n a la din\u00e1mica migratoria del desarrollo capitalista en el contexto de las guerras civiles centroamericanas.<\/p>\n<h4 style=\"color: #730057;\"><a style=\"font-size: 16px; background-color: #ffffff;\" href=\"http:\/\/creativecommons.org\/licenses\/by-nc-nd\/4.0\/\" rel=\"license\"><img decoding=\"async\" style=\"border-width: 0;\" src=\"https:\/\/i.creativecommons.org\/l\/by-nc-nd\/4.0\/88x31.png\" alt=\"Licencia de Creative Commons\" \/><\/a><\/h4>\n<\/div>\n<\/div>\n<p><span style=\"color: #808080;\">Este obra est\u00e1 bajo una <a style=\"color: #808080;\" href=\"http:\/\/creativecommons.org\/licenses\/by-nc-nd\/4.0\/\" rel=\"license\">licencia de Creative Commons Reconocimiento-NoComercial-SinObraDerivada 4.0 Internacional<\/a>.<\/span><\/p>\n","protected":false},"excerpt":{"rendered":"<p>Migraci\u00f3n y Desarrollo, volumen 22, n\u00famero 43, segundo semestre 2024, es una publicaci\u00f3n semestral editada por la Universidad Aut\u00f3noma de Zacatecas \u00abFrancisco Garc\u00eda Salinas\u00bb, a trav\u00e9s de la Unidad Acad\u00e9mica de Estudios del Desarrollo, Jard\u00edn Ju\u00e1rez 147, colonia Centro, Zacatecas,<\/p>\n","protected":false},"author":2,"featured_media":0,"parent":0,"menu_order":0,"comment_status":"closed","ping_status":"closed","template":"","meta":{"footnotes":""},"class_list":["post-2421","page","type-page","status-publish","hentry"],"_links":{"self":[{"href":"https:\/\/estudiosdeldesarrollo.mx\/migracionydesarrollo\/wp-json\/wp\/v2\/pages\/2421","targetHints":{"allow":["GET"]}}],"collection":[{"href":"https:\/\/estudiosdeldesarrollo.mx\/migracionydesarrollo\/wp-json\/wp\/v2\/pages"}],"about":[{"href":"https:\/\/estudiosdeldesarrollo.mx\/migracionydesarrollo\/wp-json\/wp\/v2\/types\/page"}],"author":[{"embeddable":true,"href":"https:\/\/estudiosdeldesarrollo.mx\/migracionydesarrollo\/wp-json\/wp\/v2\/users\/2"}],"replies":[{"embeddable":true,"href":"https:\/\/estudiosdeldesarrollo.mx\/migracionydesarrollo\/wp-json\/wp\/v2\/comments?post=2421"}],"version-history":[{"count":5,"href":"https:\/\/estudiosdeldesarrollo.mx\/migracionydesarrollo\/wp-json\/wp\/v2\/pages\/2421\/revisions"}],"predecessor-version":[{"id":2629,"href":"https:\/\/estudiosdeldesarrollo.mx\/migracionydesarrollo\/wp-json\/wp\/v2\/pages\/2421\/revisions\/2629"}],"wp:attachment":[{"href":"https:\/\/estudiosdeldesarrollo.mx\/migracionydesarrollo\/wp-json\/wp\/v2\/media?parent=2421"}],"curies":[{"name":"wp","href":"https:\/\/api.w.org\/{rel}","templated":true}]}}