{"id":238,"date":"2018-11-08T18:28:10","date_gmt":"2018-11-08T18:28:10","guid":{"rendered":"https:\/\/estudiosdeldesarrollo.mx\/migracionydesarrollo\/?page_id=238"},"modified":"2020-01-22T20:20:44","modified_gmt":"2020-01-22T20:20:44","slug":"numero-28","status":"publish","type":"page","link":"https:\/\/estudiosdeldesarrollo.mx\/migracionydesarrollo\/numero-28\/","title":{"rendered":"N\u00famero 28"},"content":{"rendered":"<div id=\"contenedor30\">\n<div style=\"float: left;\">\n<div>\n<p><img loading=\"lazy\" decoding=\"async\" class=\" wp-image-111 alignleft\" src=\"https:\/\/estudiosdeldesarrollo.mx\/migracionydesarrollo\/wp-content\/uploads\/2018\/11\/MyD28_300.jpg\" alt=\"\" width=\"177\" height=\"246\"><\/p>\n<p><span style=\"color: #3104b4;\"><strong><em>Migraci\u00f3n y Desarrollo<\/em>, volumen 15, n\u00famero 28, primer semestre 2017<\/strong><\/span>, es una publicaci\u00f3n semestral editada por la Universidad Aut\u00f3noma de Zacatecas \u00abFrancisco Garc\u00eda Salinas\u00bb, a trav\u00e9s de la Unidad Acad\u00e9mica de Estudios del Desarrollo, Jard\u00edn Ju\u00e1rez 147, colonia Centro, Zacatecas, C.P. 98000, Tel. (01492) 922 91 09, www.uaz.edu.mx, www.estudiosdeldesarrollo.net, revistamyd@estudiosdeldesarrollo.net. Editor responsable: Ra\u00fal Delgado Wise. Reserva de Derechos al Uso Exclusivo V\u00eda Red C\u00f3mputo No. 04-2015-060212200400-203. ISSN: 2448-7783, ambos otorgados por el Instituto Nacional del Derecho de Autor. Responsable de \u00faltima actualizaci\u00f3n: Unidad Acad\u00e9mica de Estudios del Desarrollo, Maximino Gerardo Luna Estrada, Campus Universitario II, avenida Preparatoria s\/n, fraccionamiento Progreso, Zacatecas, C.P. 98065. Fecha de la \u00faltima modificaci\u00f3n, junio de 2017.<\/p>\n<p>Las opiniones expresadas por los autores no necesariamente reflejan la postura del editor de la publicaci\u00f3n. Queda estrictamente prohibida la reproducci\u00f3n total o parcial de los contenidos e im\u00e1genes de la publicaci\u00f3n sin previa autorizaci\u00f3n de la Universidad Aut\u00f3noma de Zacatecas \u00abFrancisco Garc\u00eda Salinas\u00bb a trav\u00e9s de la Unidad Acad\u00e9mica de Estudios del Desarrollo.<\/p>\n<p><span style=\"color: #000000;\"><a style=\"color: #000000;\" href=\"https:\/\/doi.org\/10.35533\/myd.numero28\">https:\/\/doi.org\/10.35533\/myd.numero28<\/a><\/span><\/p>\n<\/div>\n<\/div>\n<div style=\"float: left; background-color: #f2f2f2; padding: 10px; width: 100%;\">\n<h4 style=\"color: #3104b4;\"><b>Art\u00edculos<\/b><\/h4>\n<p><a href=\"https:\/\/estudiosdeldesarrollo.mx\/migracionydesarrollo\/wp-content\/uploads\/2018\/11\/28-1.pdf\" target=\"_blank\" rel=\"noopener noreferrer\"><big><span style=\"color: #000000;\">Emergencia de refugiados en el Mediterr\u00e1neo: evaluaci\u00f3n de las respuestas pol\u00edticas de la Uni\u00f3n Europea<\/span><\/big><\/a><br \/>\n<span style=\"color: #808080;\"><b>Anna Triandafyllidou y Regina Mantanika<\/b><\/span><br \/>\n<a style=\"color: #999999;\" href=\"https:\/\/doi.org\/10.35533\/myd.1528.at.rm\" target=\"_blank\" rel=\"noopener noreferrer\">https:\/\/doi.org\/10.35533\/myd.1528.at.rm<\/a><\/p>\n<p><a href=\"https:\/\/estudiosdeldesarrollo.mx\/migracionydesarrollo\/wp-content\/uploads\/2018\/11\/28-2.pdf\" target=\"_blank\" rel=\"noopener noreferrer\"><big><span style=\"color: #000000;\">La pol\u00edtica antimigrante de Barack Obama y el programa Frontera Sur: consecuencias para la migraci\u00f3n centroamericana<\/span><\/big><\/a><br \/>\n<span style=\"color: #808080;\"><strong>Daniel Villafuerte Sol\u00eds y Mar\u00eda del Carmen Garc\u00eda Aguilar<\/strong><\/span><br \/>\n<a style=\"color: #999999;\" href=\"https:\/\/doi.org\/10.35533\/myd.1528.dvs.mcga\" target=\"_blank\" rel=\"noopener noreferrer\">https:\/\/doi.org\/10.35533\/myd.1528.dvs.mcga<\/a><\/p>\n<p><a href=\"https:\/\/estudiosdeldesarrollo.mx\/migracionydesarrollo\/wp-content\/uploads\/2018\/11\/28-3.pdf\" target=\"_blank\" rel=\"noopener noreferrer\"><big><span style=\"color: #000000;\">Representaciones sociales sobre la migraci\u00f3n de cubanos hacia Angola<\/span><\/big><\/a><br \/>\n<span style=\"color: #808080;\"><strong>Yulianela P\u00e9rez Garc\u00eda<\/strong><\/span><br \/>\n<a style=\"color: #999999;\" href=\"https:\/\/doi.org\/10.35533\/myd.1528.ypg\" target=\"_blank\" rel=\"noopener noreferrer\">https:\/\/doi.org\/10.35533\/myd.1528.ypg<\/a><\/p>\n<p><a href=\"https:\/\/estudiosdeldesarrollo.mx\/migracionydesarrollo\/wp-content\/uploads\/2018\/11\/28-4.pdf\" target=\"_blank\" rel=\"noopener noreferrer\"><big><span style=\"color: #000000;\">El antihaitianismo en la Rep\u00fablica Dominicana: \u00bfun giro biopol\u00edtico?<\/span><\/big><\/a><br \/>\n<span style=\"color: #808080;\"><strong>Samuel Mart\u00ednez y Bridget Wooding<\/strong><\/span><br \/>\n<a style=\"color: #999999;\" href=\"https:\/\/doi.org\/10.35533\/myd.1528.sm.bw\" target=\"_blank\" rel=\"noopener noreferrer\">https:\/\/doi.org\/10.35533\/myd.1528.sm.bw<\/a><\/p>\n<p><a href=\"https:\/\/estudiosdeldesarrollo.mx\/migracionydesarrollo\/wp-content\/uploads\/2018\/11\/28-5.pdf\" target=\"_blank\" rel=\"noopener noreferrer\"><big><span style=\"color: #000000;\">ONG de migraci\u00f3n como actores de un campo de acci\u00f3n solidaria<\/span><\/big><\/a><br \/>\n<span style=\"color: #808080;\"><strong>Velia Cecilia Bobes<br \/>\n<\/strong><\/span><br \/>\n<a style=\"color: #999999;\" href=\"https:\/\/doi.org\/10.35533\/myd.1528.vcb\" target=\"_blank\" rel=\"noopener noreferrer\">https:\/\/doi.org\/10.35533\/myd.1528.vcb<\/a><\/p>\n<h4 style=\"color: #3104b4;\"><b>Coyuntura y debate<\/b><\/h4>\n<p><a href=\"https:\/\/estudiosdeldesarrollo.mx\/migracionydesarrollo\/wp-content\/uploads\/2018\/11\/28-6.pdf\" target=\"_blank\" rel=\"noopener noreferrer\"><big><span style=\"color: #000000;\">El v\u00ednculo entre los controles migratorios y la desigualdad global<\/span><\/big><\/a><br \/>\n<span style=\"color: #808080;\"><strong>Helen Durgante<br \/>\n<\/strong><\/span><br \/>\n<a style=\"color: #999999;\" href=\"https:\/\/doi.org\/10.35533\/myd.1528.hd\" target=\"_blank\" rel=\"noopener noreferrer\">https:\/\/doi.org\/10.35533\/myd.1528.hd<\/a><\/p>\n<h4 style=\"color: #3104b4;\"><b>La voz de los actores<\/b><\/h4>\n<p><a href=\"https:\/\/estudiosdeldesarrollo.mx\/migracionydesarrollo\/wp-content\/uploads\/2018\/11\/28-7.pdf\" target=\"_blank\" rel=\"noopener noreferrer\"><big><span style=\"color: #000000;\">El modelo de desarrollo actual, el despojo en los territorios de los pueblos originarios y la migraci\u00f3n<\/span><\/big><\/a><br \/>\n<span style=\"color: #808080;\"><strong>Elizabeth Ibarra<br \/>\n<\/strong><\/span><br \/>\n<a style=\"color: #999999;\" href=\"https:\/\/doi.org\/10.35533\/myd.1528.ei\" target=\"_blank\" rel=\"noopener noreferrer\">https:\/\/doi.org\/10.35533\/myd.1528.ei<\/a><\/p>\n<h4><span style=\"color: #3104b4;\"><a style=\"color: #3104b4;\" href=\"https:\/\/estudiosdeldesarrollo.mx\/migracionydesarrollo\/wp-content\/uploads\/2019\/06\/28-semblanzas.pdf\" target=\"_blank\" rel=\"noopener noreferrer\"><b>Semblanzas<\/b><\/a><\/span><\/h4>\n<\/div>\n<\/div>\n","protected":false},"excerpt":{"rendered":"<p>Migraci\u00f3n y Desarrollo, volumen 15, n\u00famero 28, primer semestre 2017, es una publicaci\u00f3n semestral editada por la Universidad Aut\u00f3noma de Zacatecas \u00abFrancisco Garc\u00eda Salinas\u00bb, a trav\u00e9s de la Unidad Acad\u00e9mica de Estudios del Desarrollo, Jard\u00edn Ju\u00e1rez 147, colonia Centro, Zacatecas,<\/p>\n","protected":false},"author":2,"featured_media":0,"parent":0,"menu_order":0,"comment_status":"closed","ping_status":"closed","template":"","meta":{"footnotes":""},"class_list":["post-238","page","type-page","status-publish","hentry"],"_links":{"self":[{"href":"https:\/\/estudiosdeldesarrollo.mx\/migracionydesarrollo\/wp-json\/wp\/v2\/pages\/238","targetHints":{"allow":["GET"]}}],"collection":[{"href":"https:\/\/estudiosdeldesarrollo.mx\/migracionydesarrollo\/wp-json\/wp\/v2\/pages"}],"about":[{"href":"https:\/\/estudiosdeldesarrollo.mx\/migracionydesarrollo\/wp-json\/wp\/v2\/types\/page"}],"author":[{"embeddable":true,"href":"https:\/\/estudiosdeldesarrollo.mx\/migracionydesarrollo\/wp-json\/wp\/v2\/users\/2"}],"replies":[{"embeddable":true,"href":"https:\/\/estudiosdeldesarrollo.mx\/migracionydesarrollo\/wp-json\/wp\/v2\/comments?post=238"}],"version-history":[{"count":5,"href":"https:\/\/estudiosdeldesarrollo.mx\/migracionydesarrollo\/wp-json\/wp\/v2\/pages\/238\/revisions"}],"predecessor-version":[{"id":1058,"href":"https:\/\/estudiosdeldesarrollo.mx\/migracionydesarrollo\/wp-json\/wp\/v2\/pages\/238\/revisions\/1058"}],"wp:attachment":[{"href":"https:\/\/estudiosdeldesarrollo.mx\/migracionydesarrollo\/wp-json\/wp\/v2\/media?parent=238"}],"curies":[{"name":"wp","href":"https:\/\/api.w.org\/{rel}","templated":true}]}}