{"id":208,"date":"2018-11-08T17:18:05","date_gmt":"2018-11-08T17:18:05","guid":{"rendered":"https:\/\/estudiosdeldesarrollo.mx\/migracionydesarrollo\/?page_id=208"},"modified":"2026-02-05T20:57:02","modified_gmt":"2026-02-05T20:57:02","slug":"inicio","status":"publish","type":"page","link":"https:\/\/estudiosdeldesarrollo.mx\/migracionydesarrollo\/","title":{"rendered":"Inicio"},"content":{"rendered":"<div id=\"contenedorpresentacion\">\n<div style=\"float: left;\">\n<div>\n<p style=\"text-align: left;\"><a href=\"https:\/\/estudiosdeldesarrollo.mx\/migracionydesarrollo\/numero-44-2\/\"><img loading=\"lazy\" decoding=\"async\" class=\"wp-image-2414 size-medium alignleft\" src=\"https:\/\/estudiosdeldesarrollo.mx\/migracionydesarrollo\/wp-content\/uploads\/2026\/01\/MyD44-portada.jpg\" alt=\"\" width=\"222\" height=\"300\" \/><\/a><\/p>\n<div><span style=\"color: #000000;\">ISSN electr\u00f3nico: 2448-7783<\/span><br \/>\n<span style=\"color: #000000;\">ISSN impreso: 1870-7599<\/span><br \/>\n<span style=\"color: #000000;\">DOI: <a style=\"color: #000000;\" href=\"https:\/\/doi.org\/10.35533\/myd2003\">https:\/\/doi.org\/10.35533\/myd2003<\/a><\/span><\/div>\n<div><\/div>\n<div><span style=\"color: #339966;\"><a style=\"font-size: inherit; color: #339966;\" href=\"https:\/\/estudiosdeldesarrollo.mx\/migracionydesarrollo\/numero-44-2\"><b><big><span style=\"color: #028575;\"><span style=\"color: #028575;\">\u00daltimo n\u00famero<\/span><\/span><\/big><\/b><\/a><\/span><\/div>\n<\/div>\n<div>\n<div><span style=\"color: #000000;\">Volumen 23, n\u00famero 44<\/span><br \/>\n<span style=\"color: #000000;\">Primer semestre de 2025<\/span><\/div>\n<div style=\"float: left; background-color: #f2f2f2; padding: 10px;\">\n<p><em>Migraci\u00f3n y Desarrollo<\/em> es una publicaci\u00f3n semestral editada por la Universidad Aut\u00f3noma de Zacatecas \u00abFrancisco Garc\u00eda Salinas\u00bb, a trav\u00e9s de la Unidad Acad\u00e9mica de Estudios del Desarrollo, M\u00e9xico. Revista orientada a la reflexi\u00f3n, la investigaci\u00f3n y el an\u00e1lisis sobre temas concernientes al v\u00ednculo entre migraci\u00f3n y desarrollo desde una mirada cr\u00edtica alterna a la postura dominante: la <em>perspectiva del Sur<\/em>, cuyo eje central son los derechos humanos. A trav\u00e9s de la aludida perspectiva se examina de manera integral, comprehensiva, la problem\u00e1tica derivada de esta relaci\u00f3n en el contexto de la globalizaci\u00f3n neoliberal: explotaci\u00f3n laboral, exclusi\u00f3n, discriminaci\u00f3n social, violencia, inseguridad humana, criminalizaci\u00f3n, despojo, desplazamiento forzado, conflictos ambientales. M\u00e1s que la negaci\u00f3n del Norte se trata de una visi\u00f3n incluyente que demanda la redefinici\u00f3n de los indicadores del desarrollo, fundada en el respeto a los derechos humanos en contraposici\u00f3n al paradigma dominante de seguridad nacional que criminaliza y discrimina.<\/p>\n<p>La revista se edita semestralmente en los formatos impreso y digital en los idiomas espa\u00f1ol e ingl\u00e9s. Contribuye a la construcci\u00f3n del pensamiento cr\u00edtico en las Ciencias Sociales y en las Humanidades a partir de la minuciosa selecci\u00f3n de manuscritos que son evaluados por pares acad\u00e9micos mediante el sistema doble ciego y que se organizan en tres secciones: <em>Art\u00edculos<\/em>, trabajos in\u00e9ditos y traducciones al espa\u00f1ol;<em> Coyuntura y debate, <\/em>ensayos breves sobre temas de actualidad; y <em>La voz de los actores<\/em>, proyectos e iniciativas de la comunidad migrante (declaraciones, entrevistas, manifiestos, comunicados, principios, acuerdos, protocolos, entre otros). Asimismo, colaboran integrantes de la Red Internacional de Migraci\u00f3n y Desarrollo (RIMD) e investigadores adscritos a otras instituciones internacionales. Se publican textos con rigor cient\u00edfico y anal\u00edtico, con metodolog\u00edas y t\u00e9cnicas de investigaci\u00f3n creativas e innovadoras. Es preciso aclarar que no se aceptan aquellos estudios basados en un enfoque unilateral que atienda a los intereses hegem\u00f3nicos de los principales pa\u00edses receptores de migrantes.<\/p>\n<\/div>\n<\/div>\n<\/div>\n<\/div>\n<p><a href=\"http:\/\/creativecommons.org\/licenses\/by-nc-nd\/4.0\/\" rel=\"license\"><img decoding=\"async\" style=\"border-width: 0;\" src=\"https:\/\/i.creativecommons.org\/l\/by-nc-nd\/4.0\/88x31.png\" alt=\"Licencia de Creative Commons\" \/><\/a><br \/>\n<span style=\"color: #808080;\">Este obra est\u00e1 bajo una <a style=\"color: #808080;\" href=\"http:\/\/creativecommons.org\/licenses\/by-nc-nd\/4.0\/\" rel=\"license\">licencia de Creative Commons Reconocimiento-NoComercial-SinObraDerivada 4.0 Internacional<\/a>.<\/span><\/p>\n","protected":false},"excerpt":{"rendered":"<p>ISSN electr\u00f3nico: 2448-7783 ISSN impreso: 1870-7599 DOI: https:\/\/doi.org\/10.35533\/myd2003 \u00daltimo n\u00famero Volumen 23, n\u00famero 44 Primer semestre de 2025 Migraci\u00f3n y Desarrollo es una publicaci\u00f3n semestral editada por la Universidad Aut\u00f3noma de Zacatecas \u00abFrancisco Garc\u00eda Salinas\u00bb, a trav\u00e9s de la Unidad<\/p>\n","protected":false},"author":2,"featured_media":0,"parent":0,"menu_order":0,"comment_status":"closed","ping_status":"closed","template":"page-templates\/page-builder.php","meta":{"footnotes":""},"class_list":["post-208","page","type-page","status-publish","hentry"],"_links":{"self":[{"href":"https:\/\/estudiosdeldesarrollo.mx\/migracionydesarrollo\/wp-json\/wp\/v2\/pages\/208","targetHints":{"allow":["GET"]}}],"collection":[{"href":"https:\/\/estudiosdeldesarrollo.mx\/migracionydesarrollo\/wp-json\/wp\/v2\/pages"}],"about":[{"href":"https:\/\/estudiosdeldesarrollo.mx\/migracionydesarrollo\/wp-json\/wp\/v2\/types\/page"}],"author":[{"embeddable":true,"href":"https:\/\/estudiosdeldesarrollo.mx\/migracionydesarrollo\/wp-json\/wp\/v2\/users\/2"}],"replies":[{"embeddable":true,"href":"https:\/\/estudiosdeldesarrollo.mx\/migracionydesarrollo\/wp-json\/wp\/v2\/comments?post=208"}],"version-history":[{"count":5,"href":"https:\/\/estudiosdeldesarrollo.mx\/migracionydesarrollo\/wp-json\/wp\/v2\/pages\/208\/revisions"}],"predecessor-version":[{"id":2633,"href":"https:\/\/estudiosdeldesarrollo.mx\/migracionydesarrollo\/wp-json\/wp\/v2\/pages\/208\/revisions\/2633"}],"wp:attachment":[{"href":"https:\/\/estudiosdeldesarrollo.mx\/migracionydesarrollo\/wp-json\/wp\/v2\/media?parent=208"}],"curies":[{"name":"wp","href":"https:\/\/api.w.org\/{rel}","templated":true}]}}