{"id":1978,"date":"2022-09-05T16:40:13","date_gmt":"2022-09-05T16:40:13","guid":{"rendered":"https:\/\/estudiosdeldesarrollo.mx\/migracionydesarrollo\/?page_id=1978"},"modified":"2022-09-09T19:12:13","modified_gmt":"2022-09-09T19:12:13","slug":"numero-38-resumen-tf","status":"publish","type":"page","link":"https:\/\/estudiosdeldesarrollo.mx\/migracionydesarrollo\/numero-38-resumen-tf\/","title":{"rendered":"N\u00famero 38 resumen tf"},"content":{"rendered":"<div id=\"contenedor30\">\n<div style=\"float: left;\">\n<div>\n<p><a href=\"https:\/\/estudiosdeldesarrollo.mx\/migracionydesarrollo\/numero-38\/\"><img loading=\"lazy\" decoding=\"async\" class=\" wp-image-111 alignleft\" src=\"https:\/\/estudiosdeldesarrollo.mx\/migracionydesarrollo\/wp-content\/uploads\/2022\/09\/38portada.jpg\" alt=\"\" width=\"177\" height=\"246\" \/><\/a><\/p>\n<p><span style=\"color: #8181f7;\"><strong><em>Migraci\u00f3n y Desarrollo<\/em>, volumen 20, n\u00famero 38, primer semestre 2022<\/strong><\/span>, es una publicaci\u00f3n semestral editada por la Universidad Aut\u00f3noma de Zacatecas \u00abFrancisco Garc\u00eda Salinas\u00bb, a trav\u00e9s de la Unidad Acad\u00e9mica de Estudios del Desarrollo, Jard\u00edn Ju\u00e1rez 147, colonia Centro, Zacatecas, C.P. 98000, Tel. (01492) 922 91 09, www.uaz.edu.mx, www.estudiosdeldesarrollo.net, revistamyd@estudiosdeldesarrollo.net. Editor responsable: Ra\u00fal Delgado Wise. Reserva de Derechos al Uso Exclusivo V\u00eda Red C\u00f3mputo No. 04-2015-060212200400-203. ISSN: 2448-7783, ambos otorgados por el Instituto Nacional del Derecho de Autor. Responsable de \u00faltima actualizaci\u00f3n: Unidad Acad\u00e9mica de Estudios del Desarrollo, Maximino Gerardo Luna Estrada, Campus Universitario II, avenida Preparatoria s\/n, fraccionamiento Progreso, Zacatecas, C.P. 98065. Fecha de la \u00faltima modificaci\u00f3n, mayo de 2022.<\/p>\n<p>Las opiniones expresadas por los autores no necesariamente reflejan la postura del editor de la publicaci\u00f3n. Queda estrictamente prohibida la reproducci\u00f3n total o parcial de los contenidos e im\u00e1genes de la publicaci\u00f3n sin previa autorizaci\u00f3n de la Universidad Aut\u00f3noma de Zacatecas \u00abFrancisco Garc\u00eda Salinas\u00bb a trav\u00e9s de la Unidad Acad\u00e9mica de Estudios del Desarrollo.<\/p>\n<p><a style=\"color: #999999;\" href=\"https:\/\/doi.org\/10.35533\/myd.numero38\" target=\"_blank\" rel=\"noopener noreferrer\"> https:\/\/doi.org\/10.35533\/myd.numero38<\/a><\/p>\n<\/div>\n<\/div>\n<div style=\"float: left; background-color: #f2f2f2; padding: 10px; width: 100%;\">\n<h4 style=\"color: #8181f7;\"><span style=\"color: #8181f7;\"><b><big>Art\u00edculos<\/big><\/b><\/span><\/h4>\n<p><span style=\"font-size: 19.2px; color: #000000;\">Contribuciones a la cr\u00edtica del discurso dominante sobre migraci\u00f3n y desarrollo<\/span><br \/><span style=\"color: #808080;\"><b>Alejandro I. Canales | Selene Gaspar Olvera<br \/><\/b><\/span><span style=\"color: #333333;\"><a style=\"color: #333333;\" href=\"https:\/\/doi.org\/10.35533\/myd.2038.aic.sgo\">https:\/\/doi.org\/10.35533\/myd.2038.aic.sgo<\/a><\/span><br \/><a href=\"https:\/\/estudiosdeldesarrollo.mx\/migracionydesarrollo\/numero-38-resumen-ac-sgo\/\"><span style=\"color: #808080;\"><span style=\"color: #0088c2;\">Resumen<\/span><\/span><\/a><span style=\"color: #0088c2;\"> | <a style=\"color: #0088c2;\" href=\"https:\/\/estudiosdeldesarrollo.mx\/migracionydesarrollo\/numero-38-texto-completo-ac-sgo\/\">Texto <span style=\"color: #0088c2;\">completo<\/span><\/a> | <a style=\"color: #0088c2;\" href=\"https:\/\/estudiosdeldesarrollo.mx\/migracionydesarrollo\/wp-content\/uploads\/2022\/09\/38-1.pdf\" target=\"_blank\" rel=\"noopener\">PDF<\/a><\/span><\/p>\n<p><span style=\"color: #000000;\"><span style=\"font-size: 19.2px;\">M\u00e9todos transfronterizos: el desaf\u00edo del nacionalismo metodol\u00f3gico y las perspectivas de la metodolog\u00eda transnacional<\/span><\/span><br \/><span style=\"color: #808080;\"><strong>Thomas Faist<br \/><\/strong><\/span><span style=\"color: #333333;\"><a style=\"color: #333333;\" href=\"https:\/\/doi.org\/10.35533\/myd.2038.tf\">https:\/\/doi.org\/10.35533\/myd.2038.tf<\/a><\/span><br \/><a href=\"https:\/\/estudiosdeldesarrollo.mx\/migracionydesarrollo\/numero-38\/\"><span style=\"color: #808080;\"><span style=\"color: #0088c2;\">Resumen<\/span><\/span><\/a><span style=\"color: #0088c2;\"> | <a style=\"color: #0088c2;\" href=\"https:\/\/estudiosdeldesarrollo.mx\/migracionydesarrollo\/numero-38-texto-completo-tf\">Texto <span style=\"color: #0088c2;\">completo<\/span><\/a> | <a style=\"color: #0088c2;\" href=\"https:\/\/estudiosdeldesarrollo.mx\/migracionydesarrollo\/wp-content\/uploads\/2022\/09\/38-2.pdf\" target=\"_blank\" rel=\"noopener\">PDF<\/a><\/span><\/p>\n<p class=\"p1\" style=\"padding-left: 40px;\">La perspectiva transnacional de la migraci\u00f3n transfronteriza y sus consecuencias trasciende m\u00e1s all\u00e1 de los pa\u00edses de inmigraci\u00f3n. Abarca todos aquellos lugares surcados por los lazos de personas, grupos y organizaciones, as\u00ed como las estructuras sociales que los conectan. Basado en un amplio espectro de conocimientos generados por la perspectiva transnacional en el \u00e1mbito de la migraci\u00f3n, este art\u00edculo explora la manera en la que es posible examinar las formaciones sociales transfronterizas y sus consecuencias. Avanzar hacia una metodolog\u00eda transnacional exige afrontar tres desaf\u00edos: el nacionalismo metodol\u00f3gico, el esencialismo grupal y la posicionalidad de los investigadores. Con el prop\u00f3sito de abordar dichos aspectos, el presente estudio ofrece un panorama general de las herramientas metodol\u00f3gicas para analizar la transnacionalidad y los espacios sociales transnacionales. A partir de una selecci\u00f3n de ejemplos, esta visi\u00f3n incluye tambi\u00e9n un debate sobre c\u00f3mo se aplican las t\u00e9cnicas de investigaci\u00f3n pertinentes.<\/p>\n<p><span style=\"color: #000000;\"><span style=\"font-size: 19.2px;\">Desenmascarando la migraci\u00f3n irregular a Estados Unidos<\/span><\/span><br \/><span style=\"color: #808080;\"><strong>Jorge Durand | Douglas S. Massey<br \/><\/strong><\/span><span style=\"color: #333333;\"><a style=\"color: #333333;\" href=\"https:\/\/doi.org\/10.35533\/myd.2038.jd.dsm\">https:\/\/doi.org\/10.35533\/myd.2038.jd.dsm<\/a><\/span><br \/><a href=\"https:\/\/estudiosdeldesarrollo.mx\/migracionydesarrollo\/numero-38-resumen-jd\/\"><span style=\"color: #808080;\"><span style=\"color: #0088c2;\">Resumen<\/span><\/span><\/a><span style=\"color: #0088c2;\"> | <a style=\"color: #0088c2;\" href=\"https:\/\/estudiosdeldesarrollo.mx\/migracionydesarrollo\/numero-38-texto-completo-jd\/\">Texto <span style=\"color: #0088c2;\">completo<\/span><\/a> | <a style=\"color: #0088c2;\" href=\"https:\/\/estudiosdeldesarrollo.mx\/migracionydesarrollo\/wp-content\/uploads\/2022\/09\/38-3.pdf\" target=\"_blank\" rel=\"noopener\">PDF<\/a><\/span><\/p>\n<p><span style=\"color: #000000;\"><span style=\"font-size: 19.2px;\">Desenmascarando la migraci\u00f3n y el desarrollo. Un enfoque basado en los estudios sobre desposesi\u00f3n y desplazamiento<\/span><\/span><br \/><span style=\"color: #808080;\"><strong>Nina Glick Schiller<br \/><\/strong><\/span><span style=\"color: #333333;\"><a style=\"color: #333333;\" href=\"https:\/\/doi.org\/10.35533\/myd.2038.ngs\">https:\/\/doi.org\/10.35533\/myd.2038.ngs<\/a><\/span><br \/><a href=\"https:\/\/estudiosdeldesarrollo.mx\/migracionydesarrollo\/numero-38-resumen-ngs\/\"><span style=\"color: #808080;\"><span style=\"color: #0088c2;\">Resumen<\/span><\/span><\/a><span style=\"color: #0088c2;\"> | <a style=\"color: #0088c2;\" href=\"https:\/\/estudiosdeldesarrollo.mx\/migracionydesarrollo\/numero-38-texto-completo-ngs\/\">Texto completo<\/a> | <a style=\"color: #0088c2;\" href=\"https:\/\/estudiosdeldesarrollo.mx\/migracionydesarrollo\/wp-content\/uploads\/2022\/09\/38-4.pdf\" target=\"_blank\" rel=\"noopener\">PDF<\/a><\/span><\/p>\n<p><span style=\"color: #000000;\"><span style=\"font-size: 19.2px;\">Migraci\u00f3n, desarrollo y despolitizaci\u00f3n en el Pacto Mundial para la Migraci\u00f3n Segura, Ordenada y Regular<\/span><\/span><br \/><span style=\"color: #808080;\"><strong>Antoine P\u00e9coud<br \/><\/strong><\/span><span style=\"color: #333333;\"><a style=\"color: #333333;\" href=\"https:\/\/doi.org\/10.35533\/myd.2038.ap\">https:\/\/doi.org\/10.35533\/myd.2038.ap<\/a><\/span><br \/><a href=\"https:\/\/estudiosdeldesarrollo.mx\/migracionydesarrollo\/numero-38-resumen-ap\/\"><span style=\"color: #808080;\"><span style=\"color: #0088c2;\">Resumen<\/span><\/span><\/a><span style=\"color: #0088c2;\"> | <a style=\"color: #0088c2;\" href=\"https:\/\/estudiosdeldesarrollo.mx\/migracionydesarrollo\/numero-38-texto-completo-ap\/\">Texto <span style=\"color: #0088c2;\">completo<\/span><\/a> | <a style=\"color: #0088c2;\" href=\"https:\/\/estudiosdeldesarrollo.mx\/migracionydesarrollo\/wp-content\/uploads\/2022\/09\/38-5.pdf\" target=\"_blank\" rel=\"noopener\">PDF<\/a><\/span><\/p>\n<h4 style=\"color: #8181f7;\"><span style=\"color: #8181f7;\"><b><big>Coyuntura y debate<\/big><\/b><\/span><\/h4>\n<p><span style=\"font-size: 19.2px; color: #000000;\">Resiliencia de las remesas durante la pandemia de covid-19: una motivaci\u00f3n para el regreso de las pol\u00edticas utilitaristas<\/span><br \/><span style=\"color: #808080;\"><b>Fernando Lozano-Ascencio | Marcos Valdivia-L\u00f3pez | Miguel \u00c1ngel Mendoza<br \/><\/b><\/span><span style=\"color: #333333;\"><a style=\"color: #333333;\" href=\"https:\/\/doi.org\/10.35533\/myd.2038.fla.mvl.mam\">https:\/\/doi.org\/10.35533\/myd.2038.fla.mvl.mam<\/a><\/span><br \/><a href=\"https:\/\/estudiosdeldesarrollo.mx\/migracionydesarrollo\/numero-38-resumen-fl\/\"><span style=\"color: #808080;\"><span style=\"color: #0088c2;\">Resumen<\/span><\/span><\/a><span style=\"color: #0088c2;\"> | <a style=\"color: #0088c2;\" href=\"https:\/\/estudiosdeldesarrollo.mx\/migracionydesarrollo\/numero-38-texto-completo-fl\/\">Texto <span style=\"color: #0088c2;\">completo<\/span><\/a> | <a style=\"color: #0088c2;\" href=\"https:\/\/estudiosdeldesarrollo.mx\/migracionydesarrollo\/wp-content\/uploads\/2022\/09\/38-6.pdf\" target=\"_blank\" rel=\"noopener\">PDF<\/a><\/span><\/p>\n<h4 style=\"color: #8181f7;\"><span style=\"color: #8181f7;\"><b><big>La voz de los actores<\/big><\/b><\/span><\/h4>\n<p><span style=\"font-size: 19.2px; color: #000000;\">Asociaci\u00f3n Rumi\u00f1ahui: 25 a\u00f1os de lucha en favor de las migraciones<\/span><br \/><span style=\"color: #808080;\"><b>Vladimir Paspuel Revelo<br \/><\/b><\/span><span style=\"color: #333333;\"><a style=\"color: #333333;\" href=\"https:\/\/doi.org\/10.35533\/myd.2038.vpr\">https:\/\/doi.org\/10.35533\/myd.2038.vpr<\/a><\/span><br \/><a style=\"color: #0088c2;\" href=\"https:\/\/estudiosdeldesarrollo.mx\/migracionydesarrollo\/numero-38-texto-completo-vpr\/\">Texto <span style=\"color: #0088c2;\">completo<\/span><\/a> | <a style=\"color: #0088c2;\" href=\"https:\/\/estudiosdeldesarrollo.mx\/migracionydesarrollo\/wp-content\/uploads\/2022\/09\/38-7.pdf\" target=\"_blank\" rel=\"noopener\">PDF<\/a><\/p>\n<h4 style=\"color: #730057;\"><a href=\"https:\/\/estudiosdeldesarrollo.mx\/migracionydesarrollo\/wp-content\/uploads\/2022\/09\/38-s.pdf\" target=\"_blank\" rel=\"noopener\"><span style=\"color: #8181f7;\"><b><big>Semblanzas<\/big><\/b><\/span><\/a><\/h4>\n<h4 style=\"color: #730057;\"><a style=\"font-size: 16px; background-color: #ffffff;\" href=\"http:\/\/creativecommons.org\/licenses\/by-nc-nd\/4.0\/\" rel=\"license\"><img decoding=\"async\" style=\"border-width: 0;\" src=\"https:\/\/i.creativecommons.org\/l\/by-nc-nd\/4.0\/88x31.png\" alt=\"Licencia de Creative Commons\" \/><\/a><\/h4>\n<\/div>\n<\/div>\n<p><span style=\"color: #808080;\">Este obra est\u00e1 bajo una <a style=\"color: #808080;\" href=\"http:\/\/creativecommons.org\/licenses\/by-nc-nd\/4.0\/\" rel=\"license\">licencia de Creative Commons Reconocimiento-NoComercial-SinObraDerivada 4.0 Internacional<\/a>.<\/span><\/p>\n\n\n<p><\/p>\n","protected":false},"excerpt":{"rendered":"<p>Migraci\u00f3n y Desarrollo, volumen 20, n\u00famero 38, primer semestre 2022, es una publicaci\u00f3n semestral editada por la Universidad Aut\u00f3noma de Zacatecas \u00abFrancisco Garc\u00eda Salinas\u00bb, a trav\u00e9s de la Unidad Acad\u00e9mica de Estudios del Desarrollo, Jard\u00edn Ju\u00e1rez 147, colonia Centro, Zacatecas,<\/p>\n","protected":false},"author":2,"featured_media":0,"parent":0,"menu_order":0,"comment_status":"closed","ping_status":"closed","template":"","meta":{"footnotes":""},"class_list":["post-1978","page","type-page","status-publish","hentry"],"_links":{"self":[{"href":"https:\/\/estudiosdeldesarrollo.mx\/migracionydesarrollo\/wp-json\/wp\/v2\/pages\/1978","targetHints":{"allow":["GET"]}}],"collection":[{"href":"https:\/\/estudiosdeldesarrollo.mx\/migracionydesarrollo\/wp-json\/wp\/v2\/pages"}],"about":[{"href":"https:\/\/estudiosdeldesarrollo.mx\/migracionydesarrollo\/wp-json\/wp\/v2\/types\/page"}],"author":[{"embeddable":true,"href":"https:\/\/estudiosdeldesarrollo.mx\/migracionydesarrollo\/wp-json\/wp\/v2\/users\/2"}],"replies":[{"embeddable":true,"href":"https:\/\/estudiosdeldesarrollo.mx\/migracionydesarrollo\/wp-json\/wp\/v2\/comments?post=1978"}],"version-history":[{"count":5,"href":"https:\/\/estudiosdeldesarrollo.mx\/migracionydesarrollo\/wp-json\/wp\/v2\/pages\/1978\/revisions"}],"predecessor-version":[{"id":2053,"href":"https:\/\/estudiosdeldesarrollo.mx\/migracionydesarrollo\/wp-json\/wp\/v2\/pages\/1978\/revisions\/2053"}],"wp:attachment":[{"href":"https:\/\/estudiosdeldesarrollo.mx\/migracionydesarrollo\/wp-json\/wp\/v2\/media?parent=1978"}],"curies":[{"name":"wp","href":"https:\/\/api.w.org\/{rel}","templated":true}]}}