{"id":1794,"date":"2022-01-28T20:57:17","date_gmt":"2022-01-28T20:57:17","guid":{"rendered":"https:\/\/estudiosdeldesarrollo.mx\/migracionydesarrollo\/?page_id=1794"},"modified":"2022-04-07T15:29:45","modified_gmt":"2022-04-07T15:29:45","slug":"numero-37-resumen-sgo","status":"publish","type":"page","link":"https:\/\/estudiosdeldesarrollo.mx\/migracionydesarrollo\/numero-37-resumen-sgo\/","title":{"rendered":"N\u00famero 37 resumen sgo"},"content":{"rendered":"<div id=\"contenedor30\">\n<div style=\"float: left;\">\n<div>\n<p><a href=\"https:\/\/estudiosdeldesarrollo.mx\/migracionydesarrollo\/numero-37\/\"><img loading=\"lazy\" decoding=\"async\" class=\" wp-image-111 alignleft\" src=\"https:\/\/estudiosdeldesarrollo.mx\/migracionydesarrollo\/wp-content\/uploads\/2022\/01\/forros-MyD-37b.jpg\" alt=\"\" width=\"177\" height=\"246\" \/><\/a><\/p>\n<p><span style=\"color: #730057;\"><strong><em>Migraci\u00f3n y Desarrollo<\/em>, volumen 19, n\u00famero 37, segundo semestre 2021<\/strong><\/span>, es una publicaci\u00f3n semestral editada por la Universidad Aut\u00f3noma de Zacatecas \u00abFrancisco Garc\u00eda Salinas\u00bb, a trav\u00e9s de la Unidad Acad\u00e9mica de Estudios del Desarrollo, Jard\u00edn Ju\u00e1rez 147, colonia Centro, Zacatecas, C.P. 98000, Tel. (01492) 922 91 09, www.uaz.edu.mx, www.estudiosdeldesarrollo.net, revistamyd@estudiosdeldesarrollo.net. Editor responsable: Ra\u00fal Delgado Wise. Reserva de Derechos al Uso Exclusivo V\u00eda Red C\u00f3mputo No. 04-2015-060212200400-203. ISSN: 2448-7783, ambos otorgados por el Instituto Nacional del Derecho de Autor. Responsable de \u00faltima actualizaci\u00f3n: Unidad Acad\u00e9mica de Estudios del Desarrollo, Maximino Gerardo Luna Estrada, Campus Universitario II, avenida Preparatoria s\/n, fraccionamiento Progreso, Zacatecas, C.P. 98065. Fecha de la \u00faltima modificaci\u00f3n, diciembre de 2021.<\/p>\n<p>Las opiniones expresadas por los autores no necesariamente reflejan la postura del editor de la publicaci\u00f3n. Queda estrictamente prohibida la reproducci\u00f3n total o parcial de los contenidos e im\u00e1genes de la publicaci\u00f3n sin previa autorizaci\u00f3n de la Universidad Aut\u00f3noma de Zacatecas \u00abFrancisco Garc\u00eda Salinas\u00bb a trav\u00e9s de la Unidad Acad\u00e9mica de Estudios del Desarrollo.<\/p>\n<p><a style=\"color: #999999;\" href=\"https:\/\/doi.org\/10.35533\/myd.numero37\" target=\"_blank\" rel=\"noopener noreferrer\"> https:\/\/doi.org\/10.35533\/myd.numero37<\/a><\/p>\n<\/div>\n<\/div>\n<div style=\"float: left; background-color: #f2f2f2; padding: 10px; width: 100%;\">\n<h4 style=\"color: #730057;\"><span style=\"color: #730057;\"><b><big>Art\u00edculos<\/big><\/b><\/span><\/h4>\n<p><span style=\"font-size: 19.2px; color: #000000;\">Poder hegem\u00f3nico en las patentes: concentraci\u00f3n del conocimiento en el Norte y exclusi\u00f3n de los innovadores del Sur<\/span><br \/><span style=\"color: #808080;\"><b>Selene Gaspar Olvera | Francisco Javier Caballero Anguiano<br \/><\/b><\/span><span style=\"color: #333333;\"><a style=\"color: #333333;\" href=\"https:\/\/doi.org\/10.35533\/myd.1937.sgo.fjca\">https:\/\/doi.org\/10.35533\/myd.1937.sgo.fjca<\/a><\/span><br \/><a href=\"https:\/\/estudiosdeldesarrollo.mx\/migracionydesarrollo\/numero-37\"><span style=\"color: #808080;\"><span style=\"color: #0088c2;\">Resumen<\/span><\/span><\/a><span style=\"color: #0088c2;\"> | <a style=\"color: #0088c2;\" href=\"https:\/\/estudiosdeldesarrollo.mx\/migracionydesarrollo\/numero-37-texto-completo-sgo\/\">Texto <span style=\"color: #0088c2;\">completo<\/span><\/a> | <a style=\"color: #0088c2;\" href=\"https:\/\/estudiosdeldesarrollo.mx\/migracionydesarrollo\/wp-content\/uploads\/2022\/01\/37-1.pdf\" target=\"_blank\" rel=\"noopener\">PDF<\/a><\/span><\/p>\n<p class=\"p1\" style=\"padding-left: 40px;\">Los pa\u00edses centrales en lo general y Estados Unidos en lo particular han consolidado su posici\u00f3n dominante en la generaci\u00f3n y explotaci\u00f3n de patentes, particularmente desde la d\u00e9cada de 1990. Esta condici\u00f3n es excluyente para los pa\u00edses perif\u00e9ricos, los que adem\u00e1s de transferir recursos por el pago de licencias y regal\u00edas, lo hacen tambi\u00e9n a trav\u00e9s de la mano de obra altamente calificada que trabaja dentro de las fronteras de los pa\u00edses centrales propietarios de patentes o por medio de las redes globales de colaboraci\u00f3n virtual donde se genera la innovaci\u00f3n, y cuyo costo de formaci\u00f3n ha sido asimilado por los pa\u00edses de origen. La salida de recursos financieros, las personas altamente calificadas y los conocimientos, forman una nueva tr\u00edada de \u00abmigraci\u00f3n sin retorno\u00bb, que define el papel actual de la periferia. El prop\u00f3sito de este art\u00edculo es determinar la contribuci\u00f3n de tecn\u00f3logos y cient\u00edficos originarios de pa\u00edses distintos al de los propietarios de patentes y, al analizar en la evoluci\u00f3n de las ganancias derivadas de la propiedad de patentes, perfilar los t\u00e9rminos de la condici\u00f3n hegem\u00f3nica de Estados Unidos en cuanto a la innovaci\u00f3n y al control de la propiedad intelectual.<\/p>\n<p><span style=\"color: #000000;\"><span style=\"font-size: 19.2px;\">Desarrollo desigual en el complejo automotriz M\u00e9xico-Estados Unidos: control monop\u00f3lico del conocimiento y migraci\u00f3n altamente calificada<\/span><\/span><br \/><span style=\"color: #808080;\"><strong>Mateo Crossa Niell | Ra\u00fal Delgado Wise<br \/><\/strong><\/span><span style=\"color: #333333;\"><a style=\"color: #333333;\" href=\"https:\/\/doi.org\/10.35533\/myd.1937.mcn.rdw\">https:\/\/doi.org\/10.35533\/myd.1937.mcn.rdw<\/a><\/span><br \/><a href=\"https:\/\/estudiosdeldesarrollo.mx\/migracionydesarrollo\/numero-37-resumen-rdw\/\"><span style=\"color: #808080;\"><span style=\"color: #0088c2;\">Resumen<\/span><\/span><\/a><span style=\"color: #0088c2;\"> | <a style=\"color: #0088c2;\" href=\"https:\/\/estudiosdeldesarrollo.mx\/migracionydesarrollo\/numero-37-texto-completo-rdw\/\">Texto <span style=\"color: #0088c2;\">completo<\/span><\/a> | <a style=\"color: #0088c2;\" href=\"https:\/\/estudiosdeldesarrollo.mx\/migracionydesarrollo\/wp-content\/uploads\/2022\/01\/37-2.pdf\" target=\"_blank\" rel=\"noopener\">PDF<\/a><\/span><\/p>\n<p><span style=\"color: #000000;\"><span style=\"font-size: 19.2px;\">Migraci\u00f3n internacional y solidaridad: los albergues y las casas de migrantes en M\u00e9xico<\/span><\/span><br \/><span style=\"color: #808080;\"><strong>Rodolfo Casillas<br \/><\/strong><\/span><span style=\"color: #333333;\"><a style=\"color: #333333;\" href=\"https:\/\/doi.org\/10.35533\/myd.1937.rcr\">https:\/\/doi.org\/10.35533\/myd.1937.rcr<\/a><\/span><br \/><a href=\"https:\/\/estudiosdeldesarrollo.mx\/migracionydesarrollo\/numero-37-resumen-rc\/\"><span style=\"color: #808080;\"><span style=\"color: #0088c2;\">Resumen<\/span><\/span><\/a><span style=\"color: #0088c2;\"> | <a style=\"color: #0088c2;\" href=\"https:\/\/estudiosdeldesarrollo.mx\/migracionydesarrollo\/numero-37-texto-completo-rc\/\">Texto completo<\/a> | <a style=\"color: #0088c2;\" href=\"https:\/\/estudiosdeldesarrollo.mx\/migracionydesarrollo\/wp-content\/uploads\/2022\/01\/37-3.pdf\" target=\"_blank\" rel=\"noopener\">PDF<\/a><\/span><\/p>\n<p><span style=\"color: #000000;\"><span style=\"font-size: 19.2px;\">El problema migratorio en el capitalismo global: s\u00edntoma del desarrollo desigual y la crisis civilizadora<\/span><\/span><br \/><span style=\"color: #808080;\"><strong>Humberto M\u00e1rquez Covarrubias<br \/><\/strong><\/span><span style=\"color: #333333;\"><a style=\"color: #333333;\" href=\"https:\/\/doi.org\/10.35533\/myd.1937.hmc\">https:\/\/doi.org\/10.35533\/myd.1937.hmc<\/a><\/span><br \/><a href=\"https:\/\/estudiosdeldesarrollo.mx\/migracionydesarrollo\/numero-37-resumen-hmc\/\"><span style=\"color: #808080;\"><span style=\"color: #0088c2;\">Resumen<\/span><\/span><\/a><span style=\"color: #0088c2;\"> | <a style=\"color: #0088c2;\" href=\"https:\/\/estudiosdeldesarrollo.mx\/migracionydesarrollo\/numero-37-texto-completo-hmc\/\">Texto completo<\/a> | <a style=\"color: #0088c2;\" href=\"https:\/\/estudiosdeldesarrollo.mx\/migracionydesarrollo\/wp-content\/uploads\/2022\/03\/37-4.pdf\" target=\"_blank\" rel=\"noopener\">PDF<\/a><\/span><\/p>\n<p><span style=\"color: #000000;\"><span style=\"font-size: 19.2px;\">Honduras, una m\u00e1quina expulsora de personas: \u00bfqu\u00e9 pas\u00f3 antes y despu\u00e9s de las caravanas migrantes?<\/span><\/span><br \/><span style=\"color: #808080;\"><strong>Vladimir L\u00f3pez Recinos<br \/><\/strong><\/span><span style=\"color: #333333;\"><a style=\"color: #333333;\" href=\"https:\/\/doi.org\/10.35533\/myd.1937.vlr\">https:\/\/doi.org\/10.35533\/myd.1937.vlr<\/a><\/span><br \/><a href=\"https:\/\/estudiosdeldesarrollo.mx\/migracionydesarrollo\/numero-37-resumen-vlr\/\"><span style=\"color: #808080;\"><span style=\"color: #0088c2;\">Resumen<\/span><\/span><\/a><span style=\"color: #0088c2;\"> | <a style=\"color: #0088c2;\" href=\"https:\/\/estudiosdeldesarrollo.mx\/migracionydesarrollo\/numero-37-texto-completo-vlr\/\">Texto completo<\/a> | <a style=\"color: #0088c2;\" href=\"https:\/\/estudiosdeldesarrollo.mx\/migracionydesarrollo\/wp-content\/uploads\/2022\/03\/37-5.pdf\" target=\"_blank\" rel=\"noopener\">PDF<\/a><\/span><\/p>\n<h4 style=\"color: #730057;\"><span style=\"color: #730057;\"><b><big>Coyuntura y debate<\/big><\/b><\/span><\/h4>\n<p><span style=\"font-size: 19.2px; color: #000000;\">Nadie est\u00e1 contento con la pol\u00edtica migratoria<\/span><br \/><span style=\"color: #808080;\"><b>Leticia Calder\u00f3n Chelius<br \/><\/b><\/span><span style=\"color: #333333;\"><a style=\"color: #333333;\" href=\"https:\/\/doi.org\/10.35533\/myd.1937.lcc\">https:\/\/doi.org\/10.35533\/myd.1937.lcc<\/a><\/span><br \/><a href=\"https:\/\/estudiosdeldesarrollo.mx\/migracionydesarrollo\/numero-37-resumen-lcc\/\"><span style=\"color: #808080;\"><span style=\"color: #0088c2;\">Resumen<\/span><\/span><\/a><span style=\"color: #0088c2;\"> | <a style=\"color: #0088c2;\" href=\"https:\/\/estudiosdeldesarrollo.mx\/migracionydesarrollo\/numero-37-texto-completo-lcc\/\">Texto completo<\/a> | <a style=\"color: #0088c2;\" href=\"https:\/\/estudiosdeldesarrollo.mx\/migracionydesarrollo\/wp-content\/uploads\/2022\/03\/37-6.pdf\" target=\"_blank\" rel=\"noopener\">PDF<\/a><\/span><\/p>\n<h4 style=\"color: #730057;\"><span style=\"color: #730057;\"><b><big>La voz de los actores<\/big><\/b><\/span><\/h4>\n<p><span style=\"font-size: 19.2px; color: #000000;\">El Foro Mundial de las Migraciones: el derecho a migrar y migrar con derechos<\/span><br \/><span style=\"color: #808080;\"><b>Patricia Gainza | Paulo Illes<br \/><\/b><\/span><span style=\"color: #333333;\"><a style=\"color: #333333;\" href=\"https:\/\/doi.org\/10.35533\/myd.1937.pg.pi\">https:\/\/doi.org\/10.35533\/myd.1937.pg.pi<\/a><\/span><br \/><a style=\"color: #0088c2;\" href=\"https:\/\/estudiosdeldesarrollo.mx\/migracionydesarrollo\/numero-37-texto-completo-pg\/\">Texto <span style=\"color: #0088c2;\">completo<\/span><\/a> | <a style=\"color: #0088c2;\" href=\"https:\/\/estudiosdeldesarrollo.mx\/migracionydesarrollo\/wp-content\/uploads\/2022\/03\/37-7.pdf\" target=\"_blank\" rel=\"noopener\">PDF<\/a><\/p>\n<h4 style=\"color: #730057;\"><a href=\"https:\/\/estudiosdeldesarrollo.mx\/migracionydesarrollo\/wp-content\/uploads\/2022\/04\/37-s.pdf\" target=\"_blank\" rel=\"noopener\"><span style=\"color: #730057;\"><b><big>Semblanzas<\/big><\/b><\/span><\/a><\/h4>\n<h4 style=\"color: #730057;\"><a style=\"font-size: 16px; background-color: #ffffff;\" href=\"http:\/\/creativecommons.org\/licenses\/by-nc-nd\/4.0\/\" rel=\"license\"><img decoding=\"async\" style=\"border-width: 0;\" src=\"https:\/\/i.creativecommons.org\/l\/by-nc-nd\/4.0\/88x31.png\" alt=\"Licencia de Creative Commons\" \/><\/a><\/h4>\n<\/div>\n<\/div>\n<p><span style=\"color: #808080;\">Este obra est\u00e1 bajo una <a style=\"color: #808080;\" href=\"http:\/\/creativecommons.org\/licenses\/by-nc-nd\/4.0\/\" rel=\"license\">licencia de Creative Commons Reconocimiento-NoComercial-SinObraDerivada 4.0 Internacional<\/a>.<\/span><\/p>\n\n\n<p><\/p>\n","protected":false},"excerpt":{"rendered":"<p>Migraci\u00f3n y Desarrollo, volumen 19, n\u00famero 37, segundo semestre 2021, es una publicaci\u00f3n semestral editada por la Universidad Aut\u00f3noma de Zacatecas \u00abFrancisco Garc\u00eda Salinas\u00bb, a trav\u00e9s de la Unidad Acad\u00e9mica de Estudios del Desarrollo, Jard\u00edn Ju\u00e1rez 147, colonia Centro, Zacatecas,<\/p>\n","protected":false},"author":2,"featured_media":0,"parent":0,"menu_order":0,"comment_status":"closed","ping_status":"closed","template":"","meta":{"footnotes":""},"class_list":["post-1794","page","type-page","status-publish","hentry"],"_links":{"self":[{"href":"https:\/\/estudiosdeldesarrollo.mx\/migracionydesarrollo\/wp-json\/wp\/v2\/pages\/1794","targetHints":{"allow":["GET"]}}],"collection":[{"href":"https:\/\/estudiosdeldesarrollo.mx\/migracionydesarrollo\/wp-json\/wp\/v2\/pages"}],"about":[{"href":"https:\/\/estudiosdeldesarrollo.mx\/migracionydesarrollo\/wp-json\/wp\/v2\/types\/page"}],"author":[{"embeddable":true,"href":"https:\/\/estudiosdeldesarrollo.mx\/migracionydesarrollo\/wp-json\/wp\/v2\/users\/2"}],"replies":[{"embeddable":true,"href":"https:\/\/estudiosdeldesarrollo.mx\/migracionydesarrollo\/wp-json\/wp\/v2\/comments?post=1794"}],"version-history":[{"count":5,"href":"https:\/\/estudiosdeldesarrollo.mx\/migracionydesarrollo\/wp-json\/wp\/v2\/pages\/1794\/revisions"}],"predecessor-version":[{"id":1948,"href":"https:\/\/estudiosdeldesarrollo.mx\/migracionydesarrollo\/wp-json\/wp\/v2\/pages\/1794\/revisions\/1948"}],"wp:attachment":[{"href":"https:\/\/estudiosdeldesarrollo.mx\/migracionydesarrollo\/wp-json\/wp\/v2\/media?parent=1794"}],"curies":[{"name":"wp","href":"https:\/\/api.w.org\/{rel}","templated":true}]}}