{"id":1752,"date":"2021-08-24T16:58:35","date_gmt":"2021-08-24T16:58:35","guid":{"rendered":"https:\/\/estudiosdeldesarrollo.mx\/migracionydesarrollo\/?page_id=1752"},"modified":"2025-08-12T17:39:57","modified_gmt":"2025-08-12T17:39:57","slug":"numero-36-resumen-sgo","status":"publish","type":"page","link":"https:\/\/estudiosdeldesarrollo.mx\/migracionydesarrollo\/numero-36-resumen-sgo\/","title":{"rendered":"N\u00famero 36 Resumen SGO"},"content":{"rendered":"<div id=\"contenedor30\">\n<div style=\"float: left;\">\n<div>\n<p><img loading=\"lazy\" decoding=\"async\" class=\" wp-image-111 alignleft\" src=\"https:\/\/estudiosdeldesarrollo.mx\/migracionydesarrollo\/wp-content\/uploads\/2021\/07\/MyD36b.jpg\" alt=\"\" width=\"177\" height=\"246\" \/><\/p>\n<p><span style=\"color: #5dad2f;\"><strong><em>Migraci\u00f3n y Desarrollo<\/em>, volumen 19, n\u00famero 36, primer semestre 2021<\/strong><\/span>, es una publicaci\u00f3n semestral editada por la Universidad Aut\u00f3noma de Zacatecas \u00abFrancisco Garc\u00eda Salinas\u00bb, a trav\u00e9s de la Unidad Acad\u00e9mica de Estudios del Desarrollo, Jard\u00edn Ju\u00e1rez 147, colonia Centro, Zacatecas, C.P. 98000, Tel. (01492) 922 91 09, www.uaz.edu.mx, www.estudiosdeldesarrollo.net, revistamyd@estudiosdeldesarrollo.net. Editor responsable: Ra\u00fal Delgado Wise. Reserva de Derechos al Uso Exclusivo V\u00eda Red C\u00f3mputo No. 04-2015-060212200400-203. ISSN: 2448-7783, ambos otorgados por el Instituto Nacional del Derecho de Autor. Responsable de \u00faltima actualizaci\u00f3n: Unidad Acad\u00e9mica de Estudios del Desarrollo, Maximino Gerardo Luna Estrada, Campus Universitario II, avenida Preparatoria s\/n, fraccionamiento Progreso, Zacatecas, C.P. 98065. Fecha de la \u00faltima modificaci\u00f3n, julio de 2021.<\/p>\n<p>Las opiniones expresadas por los autores no necesariamente reflejan la postura del editor de la publicaci\u00f3n. Queda estrictamente prohibida la reproducci\u00f3n total o parcial de los contenidos e im\u00e1genes de la publicaci\u00f3n sin previa autorizaci\u00f3n de la Universidad Aut\u00f3noma de Zacatecas \u00abFrancisco Garc\u00eda Salinas\u00bb a trav\u00e9s de la Unidad Acad\u00e9mica de Estudios del Desarrollo.<\/p>\n<p><a style=\"color: #999999;\" href=\"https:\/\/doi.org\/10.35533\/myd.numero36\" target=\"_blank\" rel=\"noopener noreferrer\"> https:\/\/doi.org\/10.35533\/myd.numero36<\/a><\/p>\n<\/div>\n<\/div>\n<div style=\"float: left; background-color: #f2f2f2; padding: 10px; width: 100%;\">\n<h4 style=\"color: #5dad2f;\"><span style=\"color: #5dad2f;\"><b><big>Art\u00edculos<\/big><\/b><\/span><\/h4>\n<p><span style=\"font-size: 19.2px; color: #000000;\">\u00bfC\u00f3mo negociar la pol\u00edtica migratoria de M\u00e9xico?: pr\u00e1cticas, logros, errores y opciones<\/span><br \/><span style=\"color: #808080;\"><b>Rodolfo Casillas R.<br \/><\/b><\/span>https:\/\/doi.org\/10.35533\/myd.1936.rcr<br \/><a href=\"https:\/\/estudiosdeldesarrollo.mx\/migracionydesarrollo\/numero-36-resumen-rcr\/\"><span style=\"color: #808080;\"><span style=\"color: #0088c2;\">Resumen<\/span><\/span><\/a><span style=\"color: #0088c2;\"> | <a style=\"color: #0088c2;\" href=\"https:\/\/estudiosdeldesarrollo.mx\/migracionydesarrollo\/numero-36-texto-completo-rcr\/\">Texto <span style=\"color: #0088c2;\">completo<\/span><\/a> | <a style=\"color: #0088c2;\" href=\"https:\/\/estudiosdeldesarrollo.mx\/migracionydesarrollo\/wp-content\/uploads\/2021\/07\/36-1.pdf\" target=\"_blank\" rel=\"noopener\">PDF<\/a><\/span><\/p>\n<p><span style=\"color: #000000;\"><span style=\"font-size: 19.2px;\">Legislaci\u00f3n migratoria chilena: tres momentos hist\u00f3ricos entendidos como dispositivos discursivos<\/span><\/span><br \/><span style=\"color: #808080;\"><strong>Jorge Brower Beltramin<br \/><\/strong><\/span>https:\/\/doi.org\/10.35533\/myd.1936.jbb<br \/><a href=\"https:\/\/estudiosdeldesarrollo.mx\/migracionydesarrollo\/numero-36-resumen-jbb\/\"><span style=\"color: #808080;\"><span style=\"color: #0088c2;\">Resumen<\/span><\/span><\/a><span style=\"color: #0088c2;\"> | <a style=\"color: #0088c2;\" href=\"https:\/\/estudiosdeldesarrollo.mx\/migracionydesarrollo\/numero-36-texto-completo-jbb\/\">Texto <span style=\"color: #0088c2;\">completo<\/span><\/a> | <a style=\"color: #0088c2;\" href=\"https:\/\/estudiosdeldesarrollo.mx\/migracionydesarrollo\/wp-content\/uploads\/2021\/07\/36-2.pdf\" target=\"_blank\" rel=\"noopener\">PDF<\/a><\/span><\/p>\n<p><span style=\"color: #000000;\"><span style=\"font-size: 19.2px;\">Los trabajadores agr\u00edcolas temporales mexicanos en Canad\u00e1 y la covid-19<\/span><\/span><br \/><span style=\"color: #808080;\"><strong>Rosa Mar\u00eda Vanegas Garc\u00eda | Juan Manuel Sandoval Palacios<br \/><\/strong><\/span>https:\/\/doi.org\/10.35533\/myd.1936.rmvg<br \/><a href=\"https:\/\/estudiosdeldesarrollo.mx\/migracionydesarrollo\/numero-36-resumen-rmvg\/\"><span style=\"color: #808080;\"><span style=\"color: #0088c2;\">Resumen<\/span><\/span><\/a><span style=\"color: #0088c2;\"> | <a style=\"color: #0088c2;\" href=\"https:\/\/estudiosdeldesarrollo.mx\/migracionydesarrollo\/numero-36-texto-completo-rmvg\/\">Texto <span style=\"color: #0088c2;\">completo<\/span><\/a> | <a style=\"color: #0088c2;\" href=\"https:\/\/estudiosdeldesarrollo.mx\/migracionydesarrollo\/wp-content\/uploads\/2021\/07\/36-3.pdf\" target=\"_blank\" rel=\"noopener\">PDF<\/a><\/span><\/p>\n<p><span style=\"color: #000000;\"><span style=\"font-size: 19.2px;\">Ciudades santuario y solidarias en Am\u00e9rica Latina: una revisi\u00f3n de literatura<\/span><\/span><br \/><span style=\"color: #808080;\"><strong>Margaret Godoy | Harald Bauder<br \/><\/strong><\/span>https:\/\/doi.org\/10.35533\/myd.1936.mg.hb<br \/><a href=\"https:\/\/estudiosdeldesarrollo.mx\/migracionydesarrollo\/numero-36-resumen-mg\/\"><span style=\"color: #808080;\"><span style=\"color: #0088c2;\">Resumen<\/span><\/span><\/a><span style=\"color: #0088c2;\"> | <a style=\"color: #0088c2;\" href=\"https:\/\/estudiosdeldesarrollo.mx\/migracionydesarrollo\/numero-36-texto-completo-mg\/\">Texto <span style=\"color: #0088c2;\">completo<\/span><\/a> | <a style=\"color: #0088c2;\" href=\"https:\/\/estudiosdeldesarrollo.mx\/migracionydesarrollo\/wp-content\/uploads\/2021\/07\/36-4.pdf\" target=\"_blank\" rel=\"noopener\">PDF<\/a><\/span><\/p>\n<p><span style=\"color: #000000;\"><span style=\"font-size: 19.2px;\">Refugio y remesas: un an\u00e1lisis basado en \u00abEl perfil socioecon\u00f3mico de refugiados en Brasil. Subsidios para el desarrollo de pol\u00edticas\u00bb<\/span><\/span><br \/><span style=\"color: #808080;\"><strong>M\u00e1rcio de Oliveira<br \/><\/strong><\/span>https:\/\/doi.org\/10.35533\/myd.1936.mo<br \/><a href=\"https:\/\/estudiosdeldesarrollo.mx\/migracionydesarrollo\/numero-36-resumen-mo\/\"><span style=\"color: #808080;\"><span style=\"color: #0088c2;\">Resumen<\/span><\/span><\/a><span style=\"color: #0088c2;\"> | <a style=\"color: #0088c2;\" href=\"https:\/\/estudiosdeldesarrollo.mx\/migracionydesarrollo\/numero-36-texto-completo-mo\/\">Texto <span style=\"color: #0088c2;\">completo<\/span><\/a> | <a style=\"color: #0088c2;\" href=\"https:\/\/estudiosdeldesarrollo.mx\/migracionydesarrollo\/wp-content\/uploads\/2021\/08\/36-5.pdf\" target=\"_blank\" rel=\"noopener\">PDF<\/a><\/span><\/p>\n<h4 style=\"color: #5dad2f;\"><span style=\"color: #5dad2f;\"><b>Coyuntura y debate<\/b><\/span><\/h4>\n<p><span style=\"color: #000000;\"><span style=\"font-size: 19.2px;\">Paradojas de la innovaci\u00f3n y la migraci\u00f3n calificada en el contexto neoliberal: reflexiones en torno al caso de M\u00e9xico<\/span><br \/><\/span><span style=\"color: #808080;\"><strong>Selene Gaspar Olvera<br \/><\/strong><\/span>https:\/\/doi.org\/10.35533\/myd.1936.sgo<br \/><a href=\"https:\/\/estudiosdeldesarrollo.mx\/migracionydesarrollo\/numero-36\/\"><span style=\"color: #808080;\"><span style=\"color: #0088c2;\">Resumen<\/span><\/span><\/a><span style=\"color: #0088c2;\"> | <a style=\"color: #0088c2;\" href=\"https:\/\/estudiosdeldesarrollo.mx\/migracionydesarrollo\/numero-36-texto-completo-sgo\/\">Texto <span style=\"color: #0088c2;\">completo<\/span><\/a> | <a style=\"color: #0088c2;\" href=\"https:\/\/estudiosdeldesarrollo.mx\/migracionydesarrollo\/wp-content\/uploads\/2021\/08\/36-6.pdf\" target=\"_blank\" rel=\"noopener\">PDF<\/a><\/span><\/p>\n<p class=\"p1\" style=\"padding-left: 40px;\">El nexo entre desarrollo cient\u00edfico y tecnol\u00f3gico e innovaci\u00f3n es indiscutible en el mundo contempor\u00e1neo; igual de relevante es la relaci\u00f3n entre el gasto p\u00fablico y privado y el grado de patentamiento. En el periodo neoliberal, que data de hace casi 40 a\u00f1os, la sostenida reducci\u00f3n del gasto p\u00fablico en los pa\u00edses perif\u00e9ricos en general y en M\u00e9xico en lo particular explica el por qu\u00e9 la innovaci\u00f3n y el patentamiento se han reducido de manera sostenida para afianzar el proceso de acumulaci\u00f3n en los pa\u00edses centrales. El prop\u00f3sito de la presente investigaci\u00f3n es evidenciar la forma en la que al amparo de los procesos de recesi\u00f3n y crisis permanente, la migraci\u00f3n altamente calificada alimenta los procesos de acumulaci\u00f3n en el Centro y genera una din\u00e1mica profundamente parad\u00f3jica: la fuerza de trabajo altamente calificada en la figura de los inventores de la periferia nutre las innovaciones de los pa\u00edses centrales que la venden o licencian, por la v\u00eda de las patentes, a los creadores de las ideas, hecho que propicia una din\u00e1mica de intercambio desigual que se agudiza y retroalimenta..<\/p>\n<h4 style=\"color: #5dad2f;\"><span style=\"color: #5dad2f;\"><b>La voz de los actores<\/b><\/span><\/h4>\n<p><big><span style=\"color: #000000;\"><span style=\"font-size: 19.2px;\">El liderazgo visionario del papa Francisco sobre las personas en movimiento<\/span><\/span><\/big><br \/><span style=\"color: #808080;\"><strong>Diego Car\u00e1mbula | Amaya Valc\u00e1rcel<\/strong><\/span><br \/><a style=\"color: #0088c2;\" href=\"https:\/\/estudiosdeldesarrollo.mx\/migracionydesarrollo\/numero-36-texto-completo-dc\/\">Texto <span style=\"color: #0088c2;\">completo<\/span><\/a> | <a style=\"color: #0088c2;\" href=\"https:\/\/estudiosdeldesarrollo.mx\/migracionydesarrollo\/wp-content\/uploads\/2021\/07\/36-7.pdf\" target=\"_blank\" rel=\"noopener\">PDF<\/a><\/p>\n<h4 style=\"color: #5dad2f;\"><a href=\"https:\/\/estudiosdeldesarrollo.mx\/migracionydesarrollo\/wp-content\/uploads\/2021\/07\/36-s.pdf\" target=\"_blank\" rel=\"noopener noreferrer\"><span style=\"color: #5dad2f;\"><span style=\"color: #5dad2f;\">Semblanzas<\/span><\/span><\/a><\/h4>\n<\/div>\n<\/div>\n<p><a href=\"http:\/\/creativecommons.org\/licenses\/by-nc-nd\/4.0\/\" rel=\"license\"><img decoding=\"async\" style=\"border-width: 0;\" src=\"https:\/\/i.creativecommons.org\/l\/by-nc-nd\/4.0\/88x31.png\" alt=\"Licencia de Creative Commons\" \/><\/a><br \/><span style=\"color: #808080;\">Este obra est\u00e1 bajo una <a style=\"color: #808080;\" href=\"http:\/\/creativecommons.org\/licenses\/by-nc-nd\/4.0\/\" rel=\"license\">licencia de Creative Commons Reconocimiento-NoComercial-SinObraDerivada 4.0 Internacional<\/a>.<\/span><\/p>\n\n\n<p><\/p>\n","protected":false},"excerpt":{"rendered":"<p>Migraci\u00f3n y Desarrollo, volumen 19, n\u00famero 36, primer semestre 2021, es una publicaci\u00f3n semestral editada por la Universidad Aut\u00f3noma de Zacatecas \u00abFrancisco Garc\u00eda Salinas\u00bb, a trav\u00e9s de la Unidad Acad\u00e9mica de Estudios del Desarrollo, Jard\u00edn Ju\u00e1rez 147, colonia Centro, Zacatecas,<\/p>\n","protected":false},"author":2,"featured_media":0,"parent":0,"menu_order":0,"comment_status":"closed","ping_status":"closed","template":"","meta":{"footnotes":""},"class_list":["post-1752","page","type-page","status-publish","hentry"],"_links":{"self":[{"href":"https:\/\/estudiosdeldesarrollo.mx\/migracionydesarrollo\/wp-json\/wp\/v2\/pages\/1752","targetHints":{"allow":["GET"]}}],"collection":[{"href":"https:\/\/estudiosdeldesarrollo.mx\/migracionydesarrollo\/wp-json\/wp\/v2\/pages"}],"about":[{"href":"https:\/\/estudiosdeldesarrollo.mx\/migracionydesarrollo\/wp-json\/wp\/v2\/types\/page"}],"author":[{"embeddable":true,"href":"https:\/\/estudiosdeldesarrollo.mx\/migracionydesarrollo\/wp-json\/wp\/v2\/users\/2"}],"replies":[{"embeddable":true,"href":"https:\/\/estudiosdeldesarrollo.mx\/migracionydesarrollo\/wp-json\/wp\/v2\/comments?post=1752"}],"version-history":[{"count":4,"href":"https:\/\/estudiosdeldesarrollo.mx\/migracionydesarrollo\/wp-json\/wp\/v2\/pages\/1752\/revisions"}],"predecessor-version":[{"id":2453,"href":"https:\/\/estudiosdeldesarrollo.mx\/migracionydesarrollo\/wp-json\/wp\/v2\/pages\/1752\/revisions\/2453"}],"wp:attachment":[{"href":"https:\/\/estudiosdeldesarrollo.mx\/migracionydesarrollo\/wp-json\/wp\/v2\/media?parent=1752"}],"curies":[{"name":"wp","href":"https:\/\/api.w.org\/{rel}","templated":true}]}}