{"id":1331,"date":"2020-09-08T18:26:38","date_gmt":"2020-09-08T18:26:38","guid":{"rendered":"https:\/\/estudiosdeldesarrollo.mx\/migracionydesarrollo\/?page_id=1331"},"modified":"2020-09-08T19:36:34","modified_gmt":"2020-09-08T19:36:34","slug":"otros","status":"publish","type":"page","link":"https:\/\/estudiosdeldesarrollo.mx\/migracionydesarrollo\/otros\/","title":{"rendered":"Otros"},"content":{"rendered":"<p><img loading=\"lazy\" decoding=\"async\" class=\"size-medium wp-image-1333 aligncenter\" src=\"https:\/\/estudiosdeldesarrollo.mx\/migracionydesarrollo\/wp-content\/uploads\/2020\/09\/rdwisebyn-193x300.png\" alt=\"\" width=\"193\" height=\"300\" srcset=\"https:\/\/estudiosdeldesarrollo.mx\/migracionydesarrollo\/wp-content\/uploads\/2020\/09\/rdwisebyn-193x300.png 193w, https:\/\/estudiosdeldesarrollo.mx\/migracionydesarrollo\/wp-content\/uploads\/2020\/09\/rdwisebyn.png 300w\" sizes=\"auto, (max-width: 193px) 100vw, 193px\" \/><\/p>\n<div style=\"float: left; align: center;\"><a href=\"https:\/\/estudiosdeldesarrollo.mx\/migracionydesarrollo\/personal-2\"><img decoding=\"async\" class=\"alignnone wp-image-111 size-medium\" src=\"https:\/\/estudiosdeldesarrollo.mx\/migracionydesarrollo\/wp-content\/uploads\/2020\/08\/btnpersonal.jpg\" alt=\"\"><\/a><p><\/p>\n<\/div>\n<div style=\"float: left; align: center;\"><a href=\"https:\/\/estudiosdeldesarrollo.mx\/migracionydesarrollo\/posicionesacademicas\"><img decoding=\"async\" class=\"alignnone wp-image-111 size-medium\" src=\"https:\/\/estudiosdeldesarrollo.mx\/migracionydesarrollo\/wp-content\/uploads\/2020\/08\/btnposicionesa.jpg\" alt=\"\"><\/a><p><\/p>\n<\/div>\n<div style=\"float: left; align: center;\"><a href=\"https:\/\/estudiosdeldesarrollo.mx\/migracionydesarrollo\/posicioneshonorarias\"><img decoding=\"async\" class=\"alignnone wp-image-111 size-medium\" src=\"https:\/\/estudiosdeldesarrollo.mx\/migracionydesarrollo\/wp-content\/uploads\/2020\/08\/btnposicionesh.jpg\" alt=\"\"><\/a><p><\/p>\n<\/div>\n<div style=\"float: left; align: center;\"><a href=\"https:\/\/estudiosdeldesarrollo.mx\/migracionydesarrollo\/formacion-2\"><img decoding=\"async\" class=\"alignnone wp-image-111 size-medium\" src=\"https:\/\/estudiosdeldesarrollo.mx\/migracionydesarrollo\/wp-content\/uploads\/2020\/08\/btnformacion.jpg\" alt=\"\"><\/a><p><\/p>\n<\/div>\n<div style=\"float: left; align: center;\"><a href=\"https:\/\/estudiosdeldesarrollo.mx\/migracionydesarrollo\/distinciones\"><img decoding=\"async\" class=\"alignnone wp-image-111 size-medium\" src=\"https:\/\/estudiosdeldesarrollo.mx\/migracionydesarrollo\/wp-content\/uploads\/2020\/08\/btndistinciones.jpg\" alt=\"\"><\/a><p><\/p>\n<\/div>\n<div style=\"float: left; align: center;\"><a href=\"https:\/\/estudiosdeldesarrollo.mx\/migracionydesarrollo\/sni\"><img decoding=\"async\" class=\"alignnone wp-image-111 size-medium\" src=\"https:\/\/estudiosdeldesarrollo.mx\/migracionydesarrollo\/wp-content\/uploads\/2020\/08\/btnsni.jpg\" alt=\"\"><\/a><p><\/p>\n<\/div>\n<div style=\"float: left; align: center;\"><a href=\"https:\/\/estudiosdeldesarrollo.mx\/migracionydesarrollo\/tesis\"><img decoding=\"async\" class=\"alignnone wp-image-111 size-medium\" src=\"https:\/\/estudiosdeldesarrollo.mx\/migracionydesarrollo\/wp-content\/uploads\/2020\/08\/btntesis.jpg\" alt=\"\"><\/a><p><\/p>\n<\/div>\n<div style=\"float: left; align: center;\"><a href=\"https:\/\/estudiosdeldesarrollo.mx\/migracionydesarrollo\/publicaciones\"><img decoding=\"async\" class=\"alignnone wp-image-111 size-medium\" src=\"https:\/\/estudiosdeldesarrollo.mx\/migracionydesarrollo\/wp-content\/uploads\/2020\/08\/btnpublicaciones.jpg\" alt=\"\"><\/a><p><\/p>\n<\/div>\n<div style=\"float: left; align: center;\"><a href=\"https:\/\/estudiosdeldesarrollo.mx\/migracionydesarrollo\/proyectos\"><img decoding=\"async\" class=\"alignnone wp-image-111 size-medium\" src=\"https:\/\/estudiosdeldesarrollo.mx\/migracionydesarrollo\/wp-content\/uploads\/2020\/08\/btnproyectos.jpg\" alt=\"\"><\/a><p><\/p>\n<\/div>\n<div style=\"float: left; align: center;\"><a href=\"https:\/\/estudiosdeldesarrollo.mx\/migracionydesarrollo\/presentaciones\"><img decoding=\"async\" class=\"alignnone wp-image-111 size-medium\" src=\"https:\/\/estudiosdeldesarrollo.mx\/migracionydesarrollo\/wp-content\/uploads\/2020\/08\/btnpresentaciones.jpg\" alt=\"\"><\/a><p><\/p>\n<\/div>\n<div style=\"float: left; align: center;\"><a href=\"https:\/\/estudiosdeldesarrollo.mx\/migracionydesarrollo\/estancias\"><img decoding=\"async\" class=\"alignnone wp-image-111 size-medium\" src=\"https:\/\/estudiosdeldesarrollo.mx\/migracionydesarrollo\/wp-content\/uploads\/2020\/08\/btnestancias.jpg\" alt=\"\"><\/a><p><\/p>\n<\/div>\n<div style=\"float: left; align: center;\"><a href=\"https:\/\/estudiosdeldesarrollo.mx\/migracionydesarrollo\/otros\"><img decoding=\"async\" class=\"alignnone wp-image-111 size-medium\" src=\"https:\/\/estudiosdeldesarrollo.mx\/migracionydesarrollo\/wp-content\/uploads\/2020\/08\/btnotros2.jpg\" alt=\"\"><\/a><p><\/p>\n<\/div>\n<div style=\"float: left; align: center;\"><a href=\"https:\/\/estudiosdeldesarrollo.mx\/migracionydesarrollo\/becas\"><img decoding=\"async\" class=\"alignnone wp-image-111 size-medium\" src=\"https:\/\/estudiosdeldesarrollo.mx\/migracionydesarrollo\/wp-content\/uploads\/2020\/08\/btnbecas.jpg\" alt=\"\"><\/a><p><\/p>\n<\/div>\n<div style=\"float: left; align: center;\">1998-1999: Comisionado por el Gobierno del Estado de Zacatecas para coordinar la elaboraci\u00f3n del Plan Estatal de Desarrollo 1999-2004<p><\/p>\n<p>2004-2005: Comisionado por el Gobierno del Estado&nbsp;de Zacatecas para coordinar la elaboraci\u00f3n del Plan Estatal de Desarrollo 2005-2010<\/p>\n<p>Miembro Fundador de la asociaci\u00f3n para la Unidad de Nuestra Am\u00e9rica (AUNA)<\/p>\n<p>Miembro del Comit\u00e9 Editorial de las revistas: <em>Canadian Journal of Development | Studies, Sociological Perspectives | Latin American Perspectives | Canadian Journal of Latin American and Caribbean Studies |<\/em><br><em>Investigaci\u00f3n Econ\u00f3mica | Estudios Demogr\u00e1ficos y Urbanos<\/em>.<\/p>\n<p>Miembro del Comit\u00e9 de selecci\u00f3n ANUIES, CONACYT<\/p>\n<p>Presidentge del consejo Directivo del Insttuto Estatal de Migraci\u00f3n, Zacatecas Office, 2005-2010<\/p>\n<p>Menci\u00f3n Honor\u00edfica Premio Nacional Forestal. M\u00e9xico, 1979.<\/p>\n<p>Miembro del Consejo Directivo Comisi\u00f3n Estatal de derechos Humanos, Zacatecas, 1993-1999.<\/p>\n<p>Miembro Individual Red Eurolatinoamericana de Estudios del Desarrollo Econ\u00f3mico Celso Furtado<\/p>\n<p>Miembro Individual de la Union for Radical Political Economics<\/p>\n<p>Miembro Individual de la Canadian Association of Studies in International Development<\/p>\n<p>Miembro Individual de la Red Latinoamericana de Estudios Prospectivos<\/p>\n<h5>Becas<\/h5>\n<p>ITESM 1966-1968<br>Instituto de Ingenier\u00eda 1970-1971<br>Ford Foundation 1972<br>CONACYT 1973-1974 and 1974-1976<br>Deutcher Akademischer Austausch Dienst 2003<\/p>\n<\/div>\n\n\n<p><\/p>\n","protected":false},"excerpt":{"rendered":"<p>1998-1999: Comisionado por el Gobierno del Estado de Zacatecas para coordinar la elaboraci\u00f3n del Plan Estatal de Desarrollo 1999-2004 2004-2005: Comisionado por el Gobierno del Estado&nbsp;de Zacatecas para coordinar la elaboraci\u00f3n del Plan Estatal de Desarrollo 2005-2010 Miembro Fundador de<\/p>\n","protected":false},"author":2,"featured_media":0,"parent":0,"menu_order":0,"comment_status":"closed","ping_status":"closed","template":"","meta":{"footnotes":""},"class_list":["post-1331","page","type-page","status-publish","hentry"],"_links":{"self":[{"href":"https:\/\/estudiosdeldesarrollo.mx\/migracionydesarrollo\/wp-json\/wp\/v2\/pages\/1331","targetHints":{"allow":["GET"]}}],"collection":[{"href":"https:\/\/estudiosdeldesarrollo.mx\/migracionydesarrollo\/wp-json\/wp\/v2\/pages"}],"about":[{"href":"https:\/\/estudiosdeldesarrollo.mx\/migracionydesarrollo\/wp-json\/wp\/v2\/types\/page"}],"author":[{"embeddable":true,"href":"https:\/\/estudiosdeldesarrollo.mx\/migracionydesarrollo\/wp-json\/wp\/v2\/users\/2"}],"replies":[{"embeddable":true,"href":"https:\/\/estudiosdeldesarrollo.mx\/migracionydesarrollo\/wp-json\/wp\/v2\/comments?post=1331"}],"version-history":[{"count":2,"href":"https:\/\/estudiosdeldesarrollo.mx\/migracionydesarrollo\/wp-json\/wp\/v2\/pages\/1331\/revisions"}],"predecessor-version":[{"id":1349,"href":"https:\/\/estudiosdeldesarrollo.mx\/migracionydesarrollo\/wp-json\/wp\/v2\/pages\/1331\/revisions\/1349"}],"wp:attachment":[{"href":"https:\/\/estudiosdeldesarrollo.mx\/migracionydesarrollo\/wp-json\/wp\/v2\/media?parent=1331"}],"curies":[{"name":"wp","href":"https:\/\/api.w.org\/{rel}","templated":true}]}}